{"id":233215,"date":"2024-09-01T16:25:23","date_gmt":"2024-09-01T20:25:23","guid":{"rendered":"https:\/\/mendomedical.ca\/product\/twisters-pre-roll-sour-citrus\/"},"modified":"2025-07-26T22:14:38","modified_gmt":"2025-07-27T02:14:38","slug":"sun-cloud-twisters-pre-roll-2x05g","status":"publish","type":"product","link":"https:\/\/mendomedical.ca\/fr\/produit\/sun-cloud-twisters-pre-roll-2x05g\/","title":{"rendered":"Sour Citrus - Pre-Rolls 2&#215;0.5g"},"content":{"rendered":"","protected":false},"excerpt":{"rendered":"<p><strong>Le pack de 2 TWISTERS de Sun &amp; Clouds reprend l&rsquo;\u00e9nergie acidul\u00e9e du Sour Citrus dans un format simple et rapide. Avec 30,86 % de THC et un profil aromatique fruit\u00e9 et prononc\u00e9, ce pack est con\u00e7u pour une \u00e9nergie d\u00e9bordante et une clart\u00e9 d&rsquo;esprit d\u00e8s le d\u00e9but de la journ\u00e9e, sans fioritures.<\/strong><\/p>\n<p>&nbsp;<\/p>\n<h5>Aspect visuel\u00a0:<\/h5>\n<p>Des fleurs uniform\u00e9ment moulues issues de t\u00eates riches en THC offrent un pr\u00e9-roul\u00e9 qui se consume uniform\u00e9ment et procure une intensit\u00e9 constante. Ces c\u00f4nes de 0,5\u00a0g offrent une saveur premium et une performance douce, jamais agressive ni s\u00e8che.<\/p>\n<p>&nbsp;<\/p>\n<h5>Profil aromatique et gustatif\u00a0:<\/h5>\n<p>D\u00e9vissez le tube et vous serez envahi par des notes d&rsquo;\u00e9corce de pamplemousse, de zeste de citron et de diesel v\u00e9g\u00e9tal. L&rsquo;inspiration est acidul\u00e9e et franche, tandis que l&rsquo;expiration offre une finale douce et \u00e9pic\u00e9e. Agrumes intenses en attaque, sativa onctueuse en arri\u00e8re-go\u00fbt.<\/p>\n<h5><\/h5>\n<h5>Profil cannabino\u00efde et terp\u00e9nique\u00a0:<\/h5>\n<p>Terp\u00e8nes totaux\u00a0: 2,2\u20132,6\u00a0%<\/p>\n<p>Limon\u00e8ne\u00a0: 0,6\u20130,9\u00a0% Ar\u00f4me vif et limpide aux notes d\u2019agrumes<br \/>\nTerpinol\u00e8ne\u00a0: 0,4\u20130,6\u00a0% Notes fruit\u00e9es et florales<br \/>\nMyrc\u00e8ne\u00a0: 0,3\u20130,5\u00a0% Apporte une douceur herbac\u00e9e et une profondeur corporelle<br \/>\nCaryophyll\u00e8ne\u00a0: 0,2\u20130,3\u00a0% Notes \u00e9pic\u00e9es et r\u00e9confortantes<br \/>\nOcim\u00e8ne\u00a0: 0,1\u20130,2\u00a0% Note de t\u00eate tropicale\u00a0; ajoute une touche sucr\u00e9e aux agrumes<\/p>\n<h5><\/h5>\n<h5>Effets constat\u00e9s\u00a0:<\/h5>\n<p>Attendez-vous \u00e0 une sensation mentale intense, une humeur positive et une \u00e9nergie concentr\u00e9e sans stimulation excessive. Id\u00e9al pour les activit\u00e9s cr\u00e9atives, les courses ou les promenades au soleil.<\/p>\n<h5>Avis des consommateurs\u00a0:<\/h5>\n<p>Sour Citrus fait effet rapidement et sans exc\u00e8s. Ce format de 2 packs le rend id\u00e9al pour les consommateurs actifs qui souhaitent un remontant rapide qui offre r\u00e9ellement : saveur, concentration et clart\u00e9 \u00e0 spectre complet.<\/p>\n","protected":false},"featured_media":233012,"comment_status":"closed","ping_status":"closed","template":"","meta":{"_acf_changed":false,"site-sidebar-layout":"default","site-content-layout":"","ast-site-content-layout":"default","site-content-style":"default","site-sidebar-style":"default","ast-global-header-display":"","ast-banner-title-visibility":"","ast-main-header-display":"","ast-hfb-above-header-display":"","ast-hfb-below-header-display":"","ast-hfb-mobile-header-display":"","site-post-title":"","ast-breadcrumbs-content":"","ast-featured-img":"","footer-sml-layout":"","ast-disable-related-posts":"","theme-transparent-header-meta":"default","adv-header-id-meta":"","stick-header-meta":"","header-above-stick-meta":"","header-main-stick-meta":"","header-below-stick-meta":"","astra-migrate-meta-layouts":"set","ast-page-background-enabled":"default","ast-page-background-meta":{"desktop":{"background-color":"var(--ast-global-color-4)","background-image":"","background-repeat":"repeat","background-position":"center center","background-size":"auto","background-attachment":"scroll","background-type":"","background-media":"","overlay-type":"","overlay-color":"","overlay-opacity":"","overlay-gradient":""},"tablet":{"background-color":"","background-image":"","background-repeat":"repeat","background-position":"center center","background-size":"auto","background-attachment":"scroll","background-type":"","background-media":"","overlay-type":"","overlay-color":"","overlay-opacity":"","overlay-gradient":""},"mobile":{"background-color":"","background-image":"","background-repeat":"repeat","background-position":"center center","background-size":"auto","background-attachment":"scroll","background-type":"","background-media":"","overlay-type":"","overlay-color":"","overlay-opacity":"","overlay-gradient":""}},"ast-content-background-meta":{"desktop":{"background-color":"var(--ast-global-color-5)","background-image":"","background-repeat":"repeat","background-position":"center center","background-size":"auto","background-attachment":"scroll","background-type":"","background-media":"","overlay-type":"","overlay-color":"","overlay-opacity":"","overlay-gradient":""},"tablet":{"background-color":"var(--ast-global-color-5)","background-image":"","background-repeat":"repeat","background-position":"center center","background-size":"auto","background-attachment":"scroll","background-type":"","background-media":"","overlay-type":"","overlay-color":"","overlay-opacity":"","overlay-gradient":""},"mobile":{"background-color":"var(--ast-global-color-5)","background-image":"","background-repeat":"repeat","background-position":"center center","background-size":"auto","background-attachment":"scroll","background-type":"","background-media":"","overlay-type":"","overlay-color":"","overlay-opacity":"","overlay-gradient":""}}},"product_brand":[],"product_cat":[4803,1144],"product_tag":[5833],"product_format_filter":[],"class_list":{"0":"post-233215","1":"product","2":"type-product","3":"status-publish","4":"has-post-thumbnail","6":"product_cat-pre-rolls-non-infuses","7":"product_cat-pre-roules","8":"product_tag-uniquement-pour-les-veterans","9":"pa_format-2x05g","10":"pa_intensity-thc-eleve","11":"pa_marques-soleil-et-nuages","12":"pa_origin-manitoba-fr","13":"pa_thc-30-9-fr","14":"pa_type-de-plante-sativa-fr","15":"desktop-align-left","16":"tablet-align-left","17":"mobile-align-left","19":"first","20":"outofstock","21":"taxable","22":"shipping-taxable","23":"purchasable","24":"product-type-simple"},"group_of_quantity":0,"min_quantity":0,"max_quantity":"","exclude_order_quantity_value_rules":"no","exclude_category_quantity_rules":"no","combine_variations":"no","acf":[],"_links":{"self":[{"href":"https:\/\/mendomedical.ca\/fr\/wp-json\/wp\/v2\/product\/233215","targetHints":{"allow":["GET"]}}],"collection":[{"href":"https:\/\/mendomedical.ca\/fr\/wp-json\/wp\/v2\/product"}],"about":[{"href":"https:\/\/mendomedical.ca\/fr\/wp-json\/wp\/v2\/types\/product"}],"replies":[{"embeddable":true,"href":"https:\/\/mendomedical.ca\/fr\/wp-json\/wp\/v2\/comments?post=233215"}],"wp:featuredmedia":[{"embeddable":true,"href":"https:\/\/mendomedical.ca\/fr\/wp-json\/wp\/v2\/media\/233012"}],"wp:attachment":[{"href":"https:\/\/mendomedical.ca\/fr\/wp-json\/wp\/v2\/media?parent=233215"}],"wp:term":[{"taxonomy":"product_brand","embeddable":true,"href":"https:\/\/mendomedical.ca\/fr\/wp-json\/wp\/v2\/product_brand?post=233215"},{"taxonomy":"product_cat","embeddable":true,"href":"https:\/\/mendomedical.ca\/fr\/wp-json\/wp\/v2\/product_cat?post=233215"},{"taxonomy":"product_tag","embeddable":true,"href":"https:\/\/mendomedical.ca\/fr\/wp-json\/wp\/v2\/product_tag?post=233215"},{"taxonomy":"product_format_filter","embeddable":true,"href":"https:\/\/mendomedical.ca\/fr\/wp-json\/wp\/v2\/product_format_filter?post=233215"}],"curies":[{"name":"wp","href":"https:\/\/api.w.org\/{rel}","templated":true}]}}