{"id":233205,"date":"2024-09-01T16:55:04","date_gmt":"2024-09-01T20:55:04","guid":{"rendered":"https:\/\/mendomedical.ca\/?post_type=product&#038;p=233205"},"modified":"2025-07-23T12:17:53","modified_gmt":"2025-07-23T16:17:53","slug":"tobas-indica-pre-roll-5x05-grape-cream-cake","status":"publish","type":"product","link":"https:\/\/mendomedical.ca\/fr\/produit\/tobas-indica-pre-roll-5x05-grape-cream-cake\/","title":{"rendered":"G\u00e2teau \u00e0 la cr\u00e8me aux raisins - Pr\u00e9-rouleaux 5&#215;0.5g"},"content":{"rendered":"","protected":false},"excerpt":{"rendered":"<p><strong>Le paquet de cinq TOBIES INDICA PR5X0.5G de TobaGrown offre une saveur riche, semblable \u00e0 celle d&rsquo;un dessert, avec une force \u00e0 couper le souffle. Mettant en vedette le bien-aim\u00e9 Grape Cream Cake, chaque joint d&rsquo;un demi-gramme est rempli de fleurs enti\u00e8res test\u00e9es \u00e0 34,40 % de THC, offrant aux consommateurs une fum\u00e9e douce et sucr\u00e9e ainsi qu&rsquo;une exp\u00e9rience indica cors\u00e9e. <\/strong><\/p>\n<p>&nbsp;<\/p>\n<h5>Aspect Visuel:<\/h5>\n<p>Fabriqu\u00e9 \u00e0 partir de bourgeons enrob\u00e9s de r\u00e9sine et conditionn\u00e9 dans des c\u00f4nes \u00e0 combustion propre, ce paquet de cinq offre une pr\u00e9sentation de premier ordre et une saveur fiable \u00e0 chaque bouff\u00e9e.<\/p>\n<h5>Ar\u00f4me et saveur :<\/h5>\n<p>Raisin sucr\u00e9 \u00e0 l&rsquo;avant, avec des couches de cr\u00e8me \u00e0 la vanille, de kush \u00e0 base d&rsquo;herbes et de diesel \u00e9pic\u00e9. A l&rsquo;inhalation, attendez-vous \u00e0 un profil fruit\u00e9, semblable \u00e0 celui d&rsquo;un bonbon. L&rsquo;expiration se termine par une profondeur terreuse et un poivre subtil.  <\/p>\n<h5>Profil des cannabino\u00efdes et des terp\u00e8nes :<\/h5>\n<p>Limonene 0,60% Une pointe d&rsquo;agrume brillante qui rel\u00e8ve la douceur.<br \/>\nCaryophyll\u00e8ne 0,50% \u00c9pices terreuses, tonalit\u00e9 relaxante<br \/>\nLinalool 0,40% Lavande-douceur florale<br \/>\nMyrc\u00e8ne 0,40% Poids doux des plantes ; favorise le calme du corps<br \/>\nFarnesene 0,30 % Apporte de l&rsquo;acuit\u00e9 fruit\u00e9e et de la rondeur \u00e0 l&rsquo;ar\u00f4me du raisin.<\/p>\n<h5>Effets :<\/h5>\n<p>Connu pour ses effets puissants et doux, Grape Cream Cake frappe d&rsquo;abord le corps avec une fonte lente, souvent suivie d&rsquo;un high calme et introspectif. Id\u00e9al pour les soir\u00e9es, la r\u00e9cup\u00e9ration ou la relaxation profonde. <\/p>\n<h5>Ce que disent les consommateurs :<\/h5>\n<p>Les consommateurs appr\u00e9cient ce format pour son \u00e9quilibre : suffisamment de joints \u00e0 partager - ou \u00e0 \u00e9tirer sur toute la semaine - sans sacrifier la fra\u00eecheur ou la force. Pleine fleur. Pleine saveur. Enti\u00e8rement empil\u00e9.   <\/p>\n","protected":false},"featured_media":233008,"comment_status":"closed","ping_status":"closed","template":"","meta":{"_acf_changed":false,"site-sidebar-layout":"default","site-content-layout":"","ast-site-content-layout":"default","site-content-style":"default","site-sidebar-style":"default","ast-global-header-display":"","ast-banner-title-visibility":"","ast-main-header-display":"","ast-hfb-above-header-display":"","ast-hfb-below-header-display":"","ast-hfb-mobile-header-display":"","site-post-title":"","ast-breadcrumbs-content":"","ast-featured-img":"","footer-sml-layout":"","ast-disable-related-posts":"","theme-transparent-header-meta":"default","adv-header-id-meta":"","stick-header-meta":"","header-above-stick-meta":"","header-main-stick-meta":"","header-below-stick-meta":"","astra-migrate-meta-layouts":"set","ast-page-background-enabled":"default","ast-page-background-meta":{"desktop":{"background-color":"var(--ast-global-color-4)","background-image":"","background-repeat":"repeat","background-position":"center center","background-size":"auto","background-attachment":"scroll","background-type":"","background-media":"","overlay-type":"","overlay-color":"","overlay-opacity":"","overlay-gradient":""},"tablet":{"background-color":"","background-image":"","background-repeat":"repeat","background-position":"center center","background-size":"auto","background-attachment":"scroll","background-type":"","background-media":"","overlay-type":"","overlay-color":"","overlay-opacity":"","overlay-gradient":""},"mobile":{"background-color":"","background-image":"","background-repeat":"repeat","background-position":"center center","background-size":"auto","background-attachment":"scroll","background-type":"","background-media":"","overlay-type":"","overlay-color":"","overlay-opacity":"","overlay-gradient":""}},"ast-content-background-meta":{"desktop":{"background-color":"var(--ast-global-color-5)","background-image":"","background-repeat":"repeat","background-position":"center center","background-size":"auto","background-attachment":"scroll","background-type":"","background-media":"","overlay-type":"","overlay-color":"","overlay-opacity":"","overlay-gradient":""},"tablet":{"background-color":"var(--ast-global-color-5)","background-image":"","background-repeat":"repeat","background-position":"center center","background-size":"auto","background-attachment":"scroll","background-type":"","background-media":"","overlay-type":"","overlay-color":"","overlay-opacity":"","overlay-gradient":""},"mobile":{"background-color":"var(--ast-global-color-5)","background-image":"","background-repeat":"repeat","background-position":"center center","background-size":"auto","background-attachment":"scroll","background-type":"","background-media":"","overlay-type":"","overlay-color":"","overlay-opacity":"","overlay-gradient":""}}},"product_brand":[],"product_cat":[4803,1144],"product_tag":[5833],"product_format_filter":[],"class_list":{"0":"post-233205","1":"product","2":"type-product","3":"status-publish","4":"has-post-thumbnail","6":"product_cat-pre-rolls-non-infuses","7":"product_cat-pre-roules","8":"product_tag-uniquement-pour-les-veterans","9":"pa_format-5x05g","10":"pa_intensity-thc-eleve","11":"pa_marques-tobagrown-fr","12":"pa_origin-manitoba-fr","13":"pa_thc-34-4","14":"pa_type-de-plante-indica-fr","15":"desktop-align-left","16":"tablet-align-left","17":"mobile-align-left","19":"first","20":"outofstock","21":"taxable","22":"shipping-taxable","23":"purchasable","24":"product-type-simple"},"group_of_quantity":0,"min_quantity":0,"max_quantity":"","exclude_order_quantity_value_rules":"no","exclude_category_quantity_rules":"no","combine_variations":"no","acf":[],"_links":{"self":[{"href":"https:\/\/mendomedical.ca\/fr\/wp-json\/wp\/v2\/product\/233205","targetHints":{"allow":["GET"]}}],"collection":[{"href":"https:\/\/mendomedical.ca\/fr\/wp-json\/wp\/v2\/product"}],"about":[{"href":"https:\/\/mendomedical.ca\/fr\/wp-json\/wp\/v2\/types\/product"}],"replies":[{"embeddable":true,"href":"https:\/\/mendomedical.ca\/fr\/wp-json\/wp\/v2\/comments?post=233205"}],"wp:featuredmedia":[{"embeddable":true,"href":"https:\/\/mendomedical.ca\/fr\/wp-json\/wp\/v2\/media\/233008"}],"wp:attachment":[{"href":"https:\/\/mendomedical.ca\/fr\/wp-json\/wp\/v2\/media?parent=233205"}],"wp:term":[{"taxonomy":"product_brand","embeddable":true,"href":"https:\/\/mendomedical.ca\/fr\/wp-json\/wp\/v2\/product_brand?post=233205"},{"taxonomy":"product_cat","embeddable":true,"href":"https:\/\/mendomedical.ca\/fr\/wp-json\/wp\/v2\/product_cat?post=233205"},{"taxonomy":"product_tag","embeddable":true,"href":"https:\/\/mendomedical.ca\/fr\/wp-json\/wp\/v2\/product_tag?post=233205"},{"taxonomy":"product_format_filter","embeddable":true,"href":"https:\/\/mendomedical.ca\/fr\/wp-json\/wp\/v2\/product_format_filter?post=233205"}],"curies":[{"name":"wp","href":"https:\/\/api.w.org\/{rel}","templated":true}]}}