{"id":233032,"date":"2024-09-01T16:45:04","date_gmt":"2024-09-01T20:45:04","guid":{"rendered":"https:\/\/mendomedical.ca\/?post_type=product&#038;p=233032"},"modified":"2025-10-14T10:34:51","modified_gmt":"2025-10-14T14:34:51","slug":"tobas-hybrid-pre-roll-2x1g","status":"publish","type":"product","link":"https:\/\/mendomedical.ca\/fr\/produit\/tobas-hybrid-pre-roll-2x1g\/","title":{"rendered":"Rubber Tire Fire - Pr\u00e9-rolls 2x1g"},"content":{"rendered":"","protected":false},"excerpt":{"rendered":"<div class=\"ExternalClassB5693534808A442C99DD21BF6B22DC31\">\n<h3>Rubber Tire Fire - Pr\u00e9-rolls 2x1g<\/h3>\n<p>D\u00e9couvrez l&rsquo;intensit\u00e9 audacieuse de la Rubber Tire Fire de TobaGrown dans un format pratique de Pr\u00e9-rolls. Ces Pr\u00e9-rolls hybrides de qualit\u00e9 sup\u00e9rieure offrent une puissance exceptionnelle de 30% de THC avec 2,32% de terp\u00e8nes totaux, fabriqu\u00e9s exclusivement \u00e0 partir de fleurs enti\u00e8res sans filtre ni agent de remplissage. Chaque paquet contient deux joints de 1 gramme parfaitement roul\u00e9s qui br\u00fblent en douceur et de mani\u00e8re uniforme, offrant le profil diesel incomparable qui a donn\u00e9 \u00e0 cette vari\u00e9t\u00e9 son nom m\u00e9morable.  <\/p>\n<h4>Caract\u00e9ristiques principales<\/h4>\n<ul>\n<li>Pr\u00e9-rolls de fleurs enti\u00e8res de qualit\u00e9 sup\u00e9rieure avec 30 % de THC et 2,32 % de terp\u00e8nes totaux.<\/li>\n<li>Deux joints de 1 gramme par paquet pour un dosage pratique et r\u00e9gulier<\/li>\n<li>Profil terp\u00e9nique riche en caryophyll\u00e8ne, myrc\u00e8ne et limon\u00e8ne<\/li>\n<li>Pas de filtre ni de produit de remplissage - uniquement des fleurs pures, riches en trichomes.<\/li>\n<li>Effets hybrides lourds id\u00e9aux pour la relaxation du soir et le soulagement du stress<\/li>\n<\/ul>\n<h4>Profil aromatique et terp\u00e9nique<\/h4>\n<p>Rubber Tire Fire offre une exp\u00e9rience piquante sans \u00e9quivoque, avec des notes de diesel, de caoutchouc et de skunk terreuse qui dominent le profil. L&rsquo;inhalation apporte des saveurs audacieuses et funky, tandis que l&rsquo;exhalation laisse un final sec et \u00e9pic\u00e9 avec des notes herbac\u00e9es persistantes. <\/p>\n<p><strong>R\u00e9partition des terp\u00e8nes :<\/strong><\/p>\n<ul>\n<li>Caryophyll\u00e8ne (0,75 %) - Funk \u00e9pic\u00e9 avec une chaleur de carburant<\/li>\n<li>Myrc\u00e8ne (0,41%) - Base terreuse qui renforce les effets sur le corps.<\/li>\n<li>Limonene (0,37%) - Agrumes subtils \u00e9quilibrant les notes de diesel.<\/li>\n<li>Farnesene (0.21%) - Pomme verte et couches de carburant<\/li>\n<li>\u03b1-Humul\u00e8ne (0,17%) - La s\u00e9cheresse du bois renforce l&rsquo;ossature du carburant.<\/li>\n<li>Linalol (0,08%) - Refroidissement floral au milieu d&rsquo;ar\u00f4mes puissants<\/li>\n<li>\u03b1\/\u03b2-Pin\u00e8ne (0,106%) - Piquant l\u00e9ger du pin \u00e9quilibrant la combustion.<\/li>\n<\/ul>\n<h4>Pourquoi choisir les pr\u00e9-rolls ?<\/h4>\n<p>Les Pr\u00e9-rolls offrent aux consommateurs de cannabis m\u00e9dical un dosage pr\u00e9cis et coh\u00e9rent sans qu&rsquo;il soit n\u00e9cessaire de les broyer ou de les rouler. Parfaits pour ceux qui ont peu de dext\u00e9rit\u00e9 ou de temps, ces formats pr\u00eats \u00e0 l&#8217;emploi vous permettent de b\u00e9n\u00e9ficier pleinement des bienfaits th\u00e9rapeutiques du puissant profil de cannabino\u00efdes et de terp\u00e8nes de Rubber Tire Fire. <\/p>\n<h4>Exp\u00e9dition dans tout le Canada<\/h4>\n<p>Les Pr\u00e9-rolls Rubber Tire Fire sont exp\u00e9di\u00e9s rapidement \u00e0 travers le Canada. Nous offrons une livraison gratuite pour toutes les commandes de plus de 150 $, ce qui garantit que votre cannabis m\u00e9dical vous parviendra rapidement et discr\u00e8tement. <\/p>\n<h4>Avantages et couverture pour les anciens combattants<\/h4>\n<p>Les Pr\u00e9-rolls en caoutchouc sont admissibles \u00e0 la couverture d&rsquo;ACC (Anciens Combattants Canada) avec facturation directe par l&rsquo;entremise de la Croix Bleue, ce qui signifie qu&rsquo;il n&rsquo;y a pas de frais \u00e0 d\u00e9bourser pour les anciens combattants admissibles. Si vous n&rsquo;avez pas encore votre ordonnance de cannabis m\u00e9dical, obtenez votre carte m\u00e9dicale gratuite rapidement et facilement \u00e0 l&rsquo;<a href=\"https:\/\/mendomedical.ca\/fr\/carte-medicale\/\">adresse https:\/\/mendomedical.ca\/medical-card\/.<\/a> <\/p>\n<\/div>\n","protected":false},"featured_media":233010,"comment_status":"closed","ping_status":"closed","template":"","meta":{"_acf_changed":false,"site-sidebar-layout":"default","site-content-layout":"","ast-site-content-layout":"default","site-content-style":"default","site-sidebar-style":"default","ast-global-header-display":"","ast-banner-title-visibility":"","ast-main-header-display":"","ast-hfb-above-header-display":"","ast-hfb-below-header-display":"","ast-hfb-mobile-header-display":"","site-post-title":"","ast-breadcrumbs-content":"","ast-featured-img":"","footer-sml-layout":"","ast-disable-related-posts":"","theme-transparent-header-meta":"default","adv-header-id-meta":"","stick-header-meta":"","header-above-stick-meta":"","header-main-stick-meta":"","header-below-stick-meta":"","astra-migrate-meta-layouts":"set","ast-page-background-enabled":"default","ast-page-background-meta":{"desktop":{"background-color":"var(--ast-global-color-4)","background-image":"","background-repeat":"repeat","background-position":"center center","background-size":"auto","background-attachment":"scroll","background-type":"","background-media":"","overlay-type":"","overlay-color":"","overlay-opacity":"","overlay-gradient":""},"tablet":{"background-color":"","background-image":"","background-repeat":"repeat","background-position":"center center","background-size":"auto","background-attachment":"scroll","background-type":"","background-media":"","overlay-type":"","overlay-color":"","overlay-opacity":"","overlay-gradient":""},"mobile":{"background-color":"","background-image":"","background-repeat":"repeat","background-position":"center center","background-size":"auto","background-attachment":"scroll","background-type":"","background-media":"","overlay-type":"","overlay-color":"","overlay-opacity":"","overlay-gradient":""}},"ast-content-background-meta":{"desktop":{"background-color":"var(--ast-global-color-5)","background-image":"","background-repeat":"repeat","background-position":"center center","background-size":"auto","background-attachment":"scroll","background-type":"","background-media":"","overlay-type":"","overlay-color":"","overlay-opacity":"","overlay-gradient":""},"tablet":{"background-color":"var(--ast-global-color-5)","background-image":"","background-repeat":"repeat","background-position":"center center","background-size":"auto","background-attachment":"scroll","background-type":"","background-media":"","overlay-type":"","overlay-color":"","overlay-opacity":"","overlay-gradient":""},"mobile":{"background-color":"var(--ast-global-color-5)","background-image":"","background-repeat":"repeat","background-position":"center center","background-size":"auto","background-attachment":"scroll","background-type":"","background-media":"","overlay-type":"","overlay-color":"","overlay-opacity":"","overlay-gradient":""}}},"product_brand":[],"product_cat":[4803,1144],"product_tag":[5833],"product_format_filter":[6369],"class_list":{"0":"post-233032","1":"product","2":"type-product","3":"status-publish","4":"has-post-thumbnail","6":"product_cat-pre-rolls-non-infuses","7":"product_cat-pre-roules","8":"product_tag-uniquement-pour-les-veterans","9":"pa_flavours-gaz","10":"pa_flavours-a-base-de-plantes","11":"pa_flavours-pin","12":"pa_flavours-doux","13":"pa_flavours-terreux","14":"pa_format-2x1g-fr","15":"pa_intensity-thc-eleve","16":"pa_marques-tobagrown-fr","17":"pa_origin-manitoba-fr","18":"pa_thc-30-fr","19":"pa_type-de-plante-hybride-fr-2","20":"product_format_filter-1g","21":"desktop-align-left","22":"tablet-align-left","23":"mobile-align-left","25":"first","26":"outofstock","27":"taxable","28":"shipping-taxable","29":"purchasable","30":"product-type-simple"},"group_of_quantity":0,"min_quantity":0,"max_quantity":"","exclude_order_quantity_value_rules":"no","exclude_category_quantity_rules":"no","combine_variations":"no","acf":[],"_links":{"self":[{"href":"https:\/\/mendomedical.ca\/fr\/wp-json\/wp\/v2\/product\/233032","targetHints":{"allow":["GET"]}}],"collection":[{"href":"https:\/\/mendomedical.ca\/fr\/wp-json\/wp\/v2\/product"}],"about":[{"href":"https:\/\/mendomedical.ca\/fr\/wp-json\/wp\/v2\/types\/product"}],"replies":[{"embeddable":true,"href":"https:\/\/mendomedical.ca\/fr\/wp-json\/wp\/v2\/comments?post=233032"}],"wp:featuredmedia":[{"embeddable":true,"href":"https:\/\/mendomedical.ca\/fr\/wp-json\/wp\/v2\/media\/233010"}],"wp:attachment":[{"href":"https:\/\/mendomedical.ca\/fr\/wp-json\/wp\/v2\/media?parent=233032"}],"wp:term":[{"taxonomy":"product_brand","embeddable":true,"href":"https:\/\/mendomedical.ca\/fr\/wp-json\/wp\/v2\/product_brand?post=233032"},{"taxonomy":"product_cat","embeddable":true,"href":"https:\/\/mendomedical.ca\/fr\/wp-json\/wp\/v2\/product_cat?post=233032"},{"taxonomy":"product_tag","embeddable":true,"href":"https:\/\/mendomedical.ca\/fr\/wp-json\/wp\/v2\/product_tag?post=233032"},{"taxonomy":"product_format_filter","embeddable":true,"href":"https:\/\/mendomedical.ca\/fr\/wp-json\/wp\/v2\/product_format_filter?post=233032"}],"curies":[{"name":"wp","href":"https:\/\/api.w.org\/{rel}","templated":true}]}}