{"id":232827,"date":"2024-09-01T18:30:10","date_gmt":"2024-09-01T22:30:10","guid":{"rendered":"https:\/\/mendomedical.ca\/product\/blackberry-thcv-slim-stix-pre-rolls\/"},"modified":"2026-04-16T14:08:12","modified_gmt":"2026-04-16T18:08:12","slug":"blackberry-thcv-slim-stix-pre-rolls","status":"publish","type":"product","link":"https:\/\/mendomedical.ca\/fr\/produit\/blackberry-thcv-slim-stix-pre-rolls\/","title":{"rendered":"Blackberry THCv Slim Stix Pre Rolls"},"content":{"rendered":"","protected":false},"excerpt":{"rendered":"<div class=\"ExternalClassA065249A75A24219B9EC59842A9240E1\">\n<h3>Blackberry THCv Slim Stix Pre Rolls<\/h3>\n<p>D\u00e9couvrez un profil de cannabis unique avec les Pr\u00e9-rolls Orchard&rsquo;s Blackberry THCv Slim Stix. Ce multipack de 7\u00d70,5g pr\u00e9sente un rare ratio de 2:1 entre le THC et le THCv, offrant une exp\u00e9rience concentr\u00e9e et \u00e9nergisante contrairement aux Pr\u00e9-rolls typiques. Cultiv\u00e9s sous le soleil de Saanichton selon des m\u00e9thodes biologiques et avec la certification GACP, ces Pr\u00e9-rolls de fleurs enti\u00e8res offrent une puissance de THC plus l\u00e9g\u00e8re (10-13%) combin\u00e9e \u00e0 une concentration de THCv exceptionnelle (3-5%), ce qui les rend adapt\u00e9s \u00e0 une utilisation diurne et \u00e0 diverses activit\u00e9s.  <\/p>\n<h4>Caract\u00e9ristiques principales<\/h4>\n<ul>\n<li>Profil cannabique rare avec 3-5% de THCv et jusqu&rsquo;\u00e0 1% de CBG pour une clart\u00e9 et une motivation accrues.<\/li>\n<li>7 Pr\u00e9-rolls de 0,5g fabriqu\u00e9s par des experts \u00e0 partir de fleurs enti\u00e8res.<\/li>\n<li>Cultiv\u00e9 biologiquement sous certification GACP en Colombie-Britannique<\/li>\n<li>Vari\u00e9t\u00e9 \u00e0 dominante sativa avec des effets stimulants et concentr\u00e9s, parfaite pour un usage diurne.<\/li>\n<li>Belle fleur de couleur pourpre, allant du pourpre royal profond au marron riche.<\/li>\n<\/ul>\n<h4>Profil aromatique et terp\u00e9nique<\/h4>\n<p>Ces Pr\u00e9-rolls offrent une exp\u00e9rience sensorielle d\u00e9licieuse avec des ar\u00f4mes de m\u00fbres m\u00fbres, d&rsquo;agrumes frais et de pin. Le profil de saveur se caract\u00e9rise par une l\u00e9g\u00e8re douceur suivie d&rsquo;une d\u00e9licate finale herbac\u00e9e. Les terp\u00e8nes dominants comprennent le \u03b2-caryophyll\u00e8ne, le \u03b2-myrc\u00e8ne et le farn\u00e9s\u00e8ne, cr\u00e9ant des notes de m\u00fbre sucr\u00e9e et de pin citronn\u00e9 qui compl\u00e8tent le m\u00e9lange unique de cannabino\u00efdes.  <\/p>\n<h4>Pourquoi choisir les pr\u00e9-rolls ?<\/h4>\n<p>Les Pr\u00e9-rolls offrent aux utilisateurs m\u00e9dicaux la commodit\u00e9 et un dosage coh\u00e9rent sans avoir besoin de broyer ou de rouler. La teneur unique en THCv des Blackberry THCv Slim Stix peut aider \u00e0 soutenir la concentration et l&rsquo;\u00e9nergie, ce qui en fait un excellent choix pour les patients qui recherchent un soulagement de jour avec clart\u00e9. <\/p>\n<h4>Exp\u00e9dition dans tout le Canada<\/h4>\n<p>Blackberry THCv Slim Stix Pr\u00e9-rolls est exp\u00e9di\u00e9 rapidement \u00e0 travers le Canada. Nous offrons une livraison gratuite pour les commandes de plus de 150 $, ce qui garantit que votre cannabis m\u00e9dical vous parviendra rapidement et discr\u00e8tement. <\/p>\n<h4>Avantages et couverture pour les anciens combattants<\/h4>\n<p>Blackberry THCv Slim Stix Pr\u00e9-rolls sont admissibles \u00e0 la couverture d&rsquo;ACC (Anciens Combattants Canada) avec facturation directe par l&rsquo;entremise de la Croix Bleue, ce qui signifie que les anciens combattants admissibles n&rsquo;ont rien \u00e0 d\u00e9bourser. Si vous n&rsquo;avez pas encore votre carte m\u00e9dicale, obtenez-la gratuitement, rapidement et facilement, \u00e0 l&rsquo;<a href=\"https:\/\/mendomedical.ca\/fr\/carte-medicale\/\">adresse https:\/\/mendomedical.ca\/medical-card\/.<\/a> <\/p>\n<\/div>\n","protected":false},"featured_media":232815,"comment_status":"closed","ping_status":"closed","template":"","meta":{"_acf_changed":false,"site-sidebar-layout":"default","site-content-layout":"","ast-site-content-layout":"default","site-content-style":"default","site-sidebar-style":"default","ast-global-header-display":"","ast-banner-title-visibility":"","ast-main-header-display":"","ast-hfb-above-header-display":"","ast-hfb-below-header-display":"","ast-hfb-mobile-header-display":"","site-post-title":"","ast-breadcrumbs-content":"","ast-featured-img":"","footer-sml-layout":"","ast-disable-related-posts":"","theme-transparent-header-meta":"default","adv-header-id-meta":"","stick-header-meta":"","header-above-stick-meta":"","header-main-stick-meta":"","header-below-stick-meta":"","astra-migrate-meta-layouts":"set","ast-page-background-enabled":"default","ast-page-background-meta":{"desktop":{"background-color":"var(--ast-global-color-4)","background-image":"","background-repeat":"repeat","background-position":"center center","background-size":"auto","background-attachment":"scroll","background-type":"","background-media":"","overlay-type":"","overlay-color":"","overlay-opacity":"","overlay-gradient":""},"tablet":{"background-color":"","background-image":"","background-repeat":"repeat","background-position":"center center","background-size":"auto","background-attachment":"scroll","background-type":"","background-media":"","overlay-type":"","overlay-color":"","overlay-opacity":"","overlay-gradient":""},"mobile":{"background-color":"","background-image":"","background-repeat":"repeat","background-position":"center center","background-size":"auto","background-attachment":"scroll","background-type":"","background-media":"","overlay-type":"","overlay-color":"","overlay-opacity":"","overlay-gradient":""}},"ast-content-background-meta":{"desktop":{"background-color":"var(--ast-global-color-5)","background-image":"","background-repeat":"repeat","background-position":"center center","background-size":"auto","background-attachment":"scroll","background-type":"","background-media":"","overlay-type":"","overlay-color":"","overlay-opacity":"","overlay-gradient":""},"tablet":{"background-color":"var(--ast-global-color-5)","background-image":"","background-repeat":"repeat","background-position":"center center","background-size":"auto","background-attachment":"scroll","background-type":"","background-media":"","overlay-type":"","overlay-color":"","overlay-opacity":"","overlay-gradient":""},"mobile":{"background-color":"var(--ast-global-color-5)","background-image":"","background-repeat":"repeat","background-position":"center center","background-size":"auto","background-attachment":"scroll","background-type":"","background-media":"","overlay-type":"","overlay-color":"","overlay-opacity":"","overlay-gradient":""}}},"product_brand":[],"product_cat":[1144],"product_tag":[],"product_format_filter":[6374],"class_list":{"0":"post-232827","1":"product","2":"type-product","3":"status-publish","4":"has-post-thumbnail","6":"product_cat-pre-roules","7":"pa_flavours-agrume","8":"pa_flavours-baies","9":"pa_flavours-fruite","10":"pa_flavours-pin","11":"pa_flavours-doux","12":"pa_format-7x05g","13":"pa_intensity-low-thcv-fr","14":"pa_intensity-thc-moyen","15":"pa_marques-orchard-fr","16":"pa_origin-colombie-britannique-fr","17":"pa_profil-terpene-caryophyllene","18":"pa_profil-terpene-farnesene-fr","19":"pa_profil-terpene-myrcene","20":"pa_thc-11-3-fr-2","21":"pa_thcv-3-8","22":"pa_type-de-plante-hybride-fr","23":"product_format_filter-0-5g","24":"desktop-align-left","25":"tablet-align-left","26":"mobile-align-left","28":"first","29":"instock","30":"taxable","31":"shipping-taxable","32":"purchasable","33":"product-type-simple"},"group_of_quantity":0,"min_quantity":0,"max_quantity":"","exclude_order_quantity_value_rules":"no","exclude_category_quantity_rules":"no","combine_variations":"no","acf":[],"_links":{"self":[{"href":"https:\/\/mendomedical.ca\/fr\/wp-json\/wp\/v2\/product\/232827","targetHints":{"allow":["GET"]}}],"collection":[{"href":"https:\/\/mendomedical.ca\/fr\/wp-json\/wp\/v2\/product"}],"about":[{"href":"https:\/\/mendomedical.ca\/fr\/wp-json\/wp\/v2\/types\/product"}],"replies":[{"embeddable":true,"href":"https:\/\/mendomedical.ca\/fr\/wp-json\/wp\/v2\/comments?post=232827"}],"wp:featuredmedia":[{"embeddable":true,"href":"https:\/\/mendomedical.ca\/fr\/wp-json\/wp\/v2\/media\/232815"}],"wp:attachment":[{"href":"https:\/\/mendomedical.ca\/fr\/wp-json\/wp\/v2\/media?parent=232827"}],"wp:term":[{"taxonomy":"product_brand","embeddable":true,"href":"https:\/\/mendomedical.ca\/fr\/wp-json\/wp\/v2\/product_brand?post=232827"},{"taxonomy":"product_cat","embeddable":true,"href":"https:\/\/mendomedical.ca\/fr\/wp-json\/wp\/v2\/product_cat?post=232827"},{"taxonomy":"product_tag","embeddable":true,"href":"https:\/\/mendomedical.ca\/fr\/wp-json\/wp\/v2\/product_tag?post=232827"},{"taxonomy":"product_format_filter","embeddable":true,"href":"https:\/\/mendomedical.ca\/fr\/wp-json\/wp\/v2\/product_format_filter?post=232827"}],"curies":[{"name":"wp","href":"https:\/\/api.w.org\/{rel}","templated":true}]}}