{"id":232687,"date":"2025-09-07T01:05:53","date_gmt":"2025-09-07T05:05:53","guid":{"rendered":"https:\/\/mendomedical.ca\/?post_type=product&#038;p=232687"},"modified":"2026-04-16T10:14:04","modified_gmt":"2026-04-16T14:14:04","slug":"bretzel-stix-au-beurre-de-cacahuetes","status":"publish","type":"product","link":"https:\/\/mendomedical.ca\/fr\/produit\/bretzel-stix-au-beurre-de-cacahuetes\/","title":{"rendered":"Bretzel Stix au beurre de cacahu\u00e8tes"},"content":{"rendered":"","protected":false},"excerpt":{"rendered":"<div class=\"ExternalClass33EFFD77E9784088970F24E564AA9814\">\n<h3>Bretzel Stix au beurre de cacahu\u00e8te par Rosin Heads<\/h3>\n<p>Faites l&rsquo;exp\u00e9rience de la gourmandise ultime avec les Peanut Butter Pretzel Stix de Rosin Heads, une barre de chocolat infus\u00e9e au cannabis de premi\u00e8re qualit\u00e9 qui combine magistralement le beurre de cacahu\u00e8te cr\u00e9meux, les bretzels croustillants et le chocolat au lait belge onctueux. Chaque barre de taille normale est fabriqu\u00e9e de mani\u00e8re experte avec 10mg de Twisted Helix Live Rosin, offrant une exp\u00e9rience comestible parfaitement \u00e9quilibr\u00e9e avec des lignes de rupture pratiques pour un partage facile et un dosage pr\u00e9cis. <\/p>\n<h4>Caract\u00e9ristiques principales<\/h4>\n<ul>\n<li>Coquille de chocolat au lait belge de premi\u00e8re qualit\u00e9 remplie de beurre de cacahu\u00e8te succulent et de morceaux de bretzel croquants.<\/li>\n<li>Infus\u00e9 avec 10mg de Twisted Helix Live Rosin sp\u00e9cifique \u00e0 la souche pour des effets constants et fiables.<\/li>\n<li>Barre \u00e0 partager de grande taille avec des lignes de rupture pratiques pour un dosage contr\u00f4l\u00e9<\/li>\n<li>Ingr\u00e9dients de qualit\u00e9 artisanale, dont des cacahu\u00e8tes grill\u00e9es s\u00e9lectionn\u00e9es et des bretzels \u00e0 la farine de bl\u00e9 enrichie.<\/li>\n<li>Un \u00e9quilibre parfait entre les saveurs sucr\u00e9es, sal\u00e9es et savoureuses dans chaque bouch\u00e9e.<\/li>\n<\/ul>\n<h4>Profil d&rsquo;ar\u00f4me et effets<\/h4>\n<p>Cette d\u00e9licieuse g\u00e2terie offre de riches notes de chocolat au lait parfaitement compl\u00e9t\u00e9es par du beurre de cacahu\u00e8te cr\u00e9meux et le croquant satisfaisant des bretzels sal\u00e9s. L&rsquo;infusion de Live Rosin de Twisted Helix procure un effet relaxant dont les patients ne cessent de faire l&rsquo;\u00e9loge, l&rsquo;un d&rsquo;entre eux l&rsquo;ayant m\u00eame qualifi\u00e9e de \u00ab\u00a0meilleure barre de tous les temps !\u00a0\u00bb La combinaison de chocolat de qualit\u00e9 sup\u00e9rieure, de beurre de cacahu\u00e8te et de bretzel cr\u00e9e une exp\u00e9rience gustative harmonieuse qui masque tout go\u00fbt de cannabis tout en procurant des bienfaits th\u00e9rapeutiques.  <\/p>\n<h4>Pourquoi choisir les produits de boulangerie<\/h4>\n<p>Les produits de boulangerie et les chocolats infus\u00e9s au cannabis offrent aux utilisateurs m\u00e9dicaux une alternative discr\u00e8te et durable \u00e0 la cigarette ou \u00e0 la vaporisation. Ces produits comestibles procurent un soulagement durable qui peut contribuer \u00e0 la relaxation et au bien-\u00eatre g\u00e9n\u00e9ral, ce qui les rend id\u00e9aux pour les patients qui recherchent des doses r\u00e9guli\u00e8res et mesur\u00e9es tout au long de la journ\u00e9e. <\/p>\n<h4>Exp\u00e9dition dans tout le Canada<\/h4>\n<p>Les Bretzel Stix au beurre d&rsquo;arachide sont exp\u00e9di\u00e9s rapidement partout au Canada, et la livraison est gratuite pour toutes les commandes de plus de 150 $. Veuillez noter que les produits contenant du chocolat peuvent fondre pendant l&rsquo;exp\u00e9dition durant les mois d&rsquo;\u00e9t\u00e9.  Nous vous recommandons d&rsquo;\u00eatre conscient de ce probl\u00e8me potentiel lorsque vous passez votre commande. Malheureusement, nous ne pouvons pas offrir de remboursement ou de remplacement pour les produits qui fondent pendant le transport. Nous vous remercions de votre compr\u00e9hension.<\/p>\n<h4>Avantages et couverture pour les anciens combattants<\/h4>\n<p>Peanut Butter Pretzel Stix est admissible \u00e0 la couverture d&rsquo;ACC (Anciens Combattants Canada) avec facturation directe par l&rsquo;entremise de la Croix Bleue, ce qui signifie que les anciens combattants admissibles n&rsquo;ont rien \u00e0 d\u00e9bourser. Si vous n&rsquo;avez pas encore d&rsquo;ordonnance de cannabis m\u00e9dical, vous pouvez obtenir votre carte m\u00e9dicale gratuite rapidement et facilement \u00e0 l&rsquo;<a href=\"https:\/\/mendomedical.ca\/fr\/carte-medicale\/\">adresse https:\/\/mendomedical.ca\/medical-card\/.<\/a> <\/p>\n<p><strong>Ingr\u00e9dients :<\/strong> Chocolat au lait belge (sucre, beurre de cacao, lait entier en poudre, chocolat non sucr\u00e9, l\u00e9cithine de soja, ar\u00f4me naturel de vanille), beurre de cacahu\u00e8tes (cacahu\u00e8tes grill\u00e9es s\u00e9lectionn\u00e9es, huile de soja, sucres (maltodextrine de ma\u00efs, sucre), huile v\u00e9g\u00e9tale hydrog\u00e9n\u00e9e (huiles de coton et de colza), sel, mono- et diglyc\u00e9rides), bretzel (farine de bl\u00e9 enrichie, sucres (sirop de ma\u00efs, extrait de malt d&rsquo;orge), sel, hydroxyde de potassium, hydroxyde de sodium, bicarbonate d&rsquo;ammonium), beurre de cacao, rosin de cendres.<\/p>\n<p><strong>Contient :<\/strong> LAIT, ARACHIDES, SOJA, FRUITS \u00c0 COQUE, BL\u00c9 ET TRITICALE<\/p>\n<\/div>\n","protected":false},"featured_media":232695,"comment_status":"closed","ping_status":"closed","template":"","meta":{"_acf_changed":false,"site-sidebar-layout":"default","site-content-layout":"","ast-site-content-layout":"default","site-content-style":"default","site-sidebar-style":"default","ast-global-header-display":"","ast-banner-title-visibility":"","ast-main-header-display":"","ast-hfb-above-header-display":"","ast-hfb-below-header-display":"","ast-hfb-mobile-header-display":"","site-post-title":"","ast-breadcrumbs-content":"","ast-featured-img":"","footer-sml-layout":"","ast-disable-related-posts":"","theme-transparent-header-meta":"default","adv-header-id-meta":"","stick-header-meta":"","header-above-stick-meta":"","header-main-stick-meta":"","header-below-stick-meta":"","astra-migrate-meta-layouts":"set","ast-page-background-enabled":"default","ast-page-background-meta":{"desktop":{"background-color":"var(--ast-global-color-4)","background-image":"","background-repeat":"repeat","background-position":"center center","background-size":"auto","background-attachment":"scroll","background-type":"","background-media":"","overlay-type":"","overlay-color":"","overlay-opacity":"","overlay-gradient":""},"tablet":{"background-color":"","background-image":"","background-repeat":"repeat","background-position":"center center","background-size":"auto","background-attachment":"scroll","background-type":"","background-media":"","overlay-type":"","overlay-color":"","overlay-opacity":"","overlay-gradient":""},"mobile":{"background-color":"","background-image":"","background-repeat":"repeat","background-position":"center center","background-size":"auto","background-attachment":"scroll","background-type":"","background-media":"","overlay-type":"","overlay-color":"","overlay-opacity":"","overlay-gradient":""}},"ast-content-background-meta":{"desktop":{"background-color":"var(--ast-global-color-5)","background-image":"","background-repeat":"repeat","background-position":"center center","background-size":"auto","background-attachment":"scroll","background-type":"","background-media":"","overlay-type":"","overlay-color":"","overlay-opacity":"","overlay-gradient":""},"tablet":{"background-color":"var(--ast-global-color-5)","background-image":"","background-repeat":"repeat","background-position":"center center","background-size":"auto","background-attachment":"scroll","background-type":"","background-media":"","overlay-type":"","overlay-color":"","overlay-opacity":"","overlay-gradient":""},"mobile":{"background-color":"var(--ast-global-color-5)","background-image":"","background-repeat":"repeat","background-position":"center center","background-size":"auto","background-attachment":"scroll","background-type":"","background-media":"","overlay-type":"","overlay-color":"","overlay-opacity":"","overlay-gradient":""}}},"product_brand":[],"product_cat":[1129,1511,1128],"product_tag":[3638],"product_format_filter":[6366],"class_list":{"0":"post-232687","1":"product","2":"type-product","3":"status-publish","4":"has-post-thumbnail","6":"product_cat-patisseries","7":"product_cat-full-spectrum-fr","8":"product_cat-comestibles","9":"product_tag-rosin-heads-fr","10":"pa_flavours-peanut-butter-fr","11":"pa_flavours-bretzel-fr","12":"pa_flavours-chocolate-fr","13":"pa_format-1-unit-fr","14":"pa_intensity-thc-moyen","15":"pa_marques-rosin-heads-fr","16":"pa_origin-ontario-fr","17":"pa_thc-10mg-fr","18":"pa_type-de-plante-hybride-fr","19":"product_format_filter-1units","20":"desktop-align-left","21":"tablet-align-left","22":"mobile-align-left","24":"first","25":"outofstock","26":"taxable","27":"shipping-taxable","28":"purchasable","29":"product-type-simple"},"group_of_quantity":0,"min_quantity":0,"max_quantity":"","exclude_order_quantity_value_rules":"no","exclude_category_quantity_rules":"no","combine_variations":"no","acf":[],"_links":{"self":[{"href":"https:\/\/mendomedical.ca\/fr\/wp-json\/wp\/v2\/product\/232687","targetHints":{"allow":["GET"]}}],"collection":[{"href":"https:\/\/mendomedical.ca\/fr\/wp-json\/wp\/v2\/product"}],"about":[{"href":"https:\/\/mendomedical.ca\/fr\/wp-json\/wp\/v2\/types\/product"}],"replies":[{"embeddable":true,"href":"https:\/\/mendomedical.ca\/fr\/wp-json\/wp\/v2\/comments?post=232687"}],"wp:featuredmedia":[{"embeddable":true,"href":"https:\/\/mendomedical.ca\/fr\/wp-json\/wp\/v2\/media\/232695"}],"wp:attachment":[{"href":"https:\/\/mendomedical.ca\/fr\/wp-json\/wp\/v2\/media?parent=232687"}],"wp:term":[{"taxonomy":"product_brand","embeddable":true,"href":"https:\/\/mendomedical.ca\/fr\/wp-json\/wp\/v2\/product_brand?post=232687"},{"taxonomy":"product_cat","embeddable":true,"href":"https:\/\/mendomedical.ca\/fr\/wp-json\/wp\/v2\/product_cat?post=232687"},{"taxonomy":"product_tag","embeddable":true,"href":"https:\/\/mendomedical.ca\/fr\/wp-json\/wp\/v2\/product_tag?post=232687"},{"taxonomy":"product_format_filter","embeddable":true,"href":"https:\/\/mendomedical.ca\/fr\/wp-json\/wp\/v2\/product_format_filter?post=232687"}],"curies":[{"name":"wp","href":"https:\/\/api.w.org\/{rel}","templated":true}]}}