{"id":232643,"date":"2025-09-15T20:44:09","date_gmt":"2025-09-16T00:44:09","guid":{"rendered":"https:\/\/mendomedical.ca\/?post_type=product&#038;p=232643"},"modified":"2026-03-20T11:26:57","modified_gmt":"2026-03-20T15:26:57","slug":"nightmare-runtz","status":"publish","type":"product","link":"https:\/\/mendomedical.ca\/fr\/produit\/nightmare-runtz\/","title":{"rendered":"Nightmare Runtz"},"content":{"rendered":"","protected":false},"excerpt":{"rendered":"<div class=\"ExternalClassD7586D65C48E4A37825C1F1210A08B72\">\n<h3>Nightmare Runtz par Ostara M\u00e9dical<\/h3>\n<h4>Terp\u00e8nes totaux : 2,58%.<\/h4>\n<p>D\u00e9couvrez l&rsquo;exceptionnelle Nightmare Runtz, une vari\u00e9t\u00e9 hybride haut de gamme \u00e9labor\u00e9e par Ostara M\u00e9dical en collaboration avec Sin City Seeds. Cette fleur remarquable combine les g\u00e9n\u00e9tiques de Nightmare Runtz et de White Nightmare pour offrir une exp\u00e9rience puissante et \u00e9quilibr\u00e9e avec environ 30 % de THC. Connue pour ses Cocottes vibrantes et color\u00e9es et son d\u00e9licieux ar\u00f4me de bonbon sucr\u00e9, Nightmare Runtz offre un voyage sensoriel unique qui peut am\u00e9liorer la cr\u00e9ativit\u00e9 tout en favorisant la relaxation. Avec 2,58 % de terp\u00e8nes totaux, cette vari\u00e9t\u00e9 offre un profil de saveur riche, parfait pour les r\u00e9unions sociales et le plaisir personnel.<\/p>\n<h4>Caract\u00e9ristiques principales<\/h4>\n<ul>\n<li>Vari\u00e9t\u00e9 hybride de qualit\u00e9 sup\u00e9rieure avec une teneur en THC d&rsquo;environ 30 %.<\/li>\n<li>2,58 % de Terp\u00e8nes totaux pour une saveur et un ar\u00f4me renforc\u00e9s<\/li>\n<li>Des cocottes de taille moyenne \u00e0 grande, aux couleurs \u00e9clatantes, qui se remarquent visuellement.<\/li>\n<li>Effets \u00e9quilibr\u00e9s qui peuvent stimuler la cr\u00e9ativit\u00e9 et favoriser la relaxation<\/li>\n<li>D\u00e9velopp\u00e9e par la c\u00e9l\u00e8bre Sin City Seeds (Runtz X White Nightmare)<\/li>\n<\/ul>\n<h4>Profil aromatique et gustatif<\/h4>\n<p>Nightmare Runtz ravit les sens avec son profil aromatique complexe comprenant des notes de bonbons sucr\u00e9s m\u00e9lang\u00e9es \u00e0 des fruits tropicaux, du pin terreux et des nuances subtiles d&rsquo;agrumes. Lors de l&rsquo;inhalation, la vari\u00e9t\u00e9 r\u00e9v\u00e8le ses ar\u00f4mes caract\u00e9ristiques de bonbons et de fraises, cr\u00e9ant une exp\u00e9rience particuli\u00e8rement agr\u00e9able pour ceux qui appr\u00e9cient les vari\u00e9t\u00e9s de cannabis fruit\u00e9es et sucr\u00e9es. Ce riche profil terp\u00e9nique de 2,58% contribue \u00e0 la fois au go\u00fbt distinctif de la vari\u00e9t\u00e9 et \u00e0 ses propri\u00e9t\u00e9s th\u00e9rapeutiques potentielles.<\/p>\n<h4>Pourquoi choisir All Flower<\/h4>\n<p>La fleur de cannabis offre aux utilisateurs m\u00e9dicaux la m\u00e9thode de consommation la plus naturelle et la plus polyvalente, permettant un dosage pr\u00e9cis et des effets imm\u00e9diats. Le format de fleur de premi\u00e8re qualit\u00e9 de Nightmare Runtz pr\u00e9serve tous les cannabino\u00efdes et terp\u00e8nes naturels, offrant potentiellement des avantages th\u00e9rapeutiques accrus gr\u00e2ce \u00e0 l&rsquo;effet d&rsquo;entourage.<\/p>\n<h4>Exp\u00e9dition dans tout le Canada<\/h4>\n<p>Nightmare Runtz exp\u00e9die rapidement \u00e0 travers le Canada, assurant la livraison de produits frais \u00e0 votre porte. Nous offrons la livraison gratuite pour toutes les commandes de plus de 150 $. Notre emballage s\u00e9curis\u00e9 prot\u00e8ge votre fleur pendant le transport tout en pr\u00e9servant la discr\u00e9tion et la qualit\u00e9 du produit.<\/p>\n<h4>Avantages et couverture pour les anciens combattants<\/h4>\n<p>Nightmare Runtz est admissible \u00e0 la couverture d&rsquo;ACC (Anciens Combattants Canada) et \u00e0 la facturation directe par l&rsquo;entremise de la Croix Bleue, ce qui signifie qu&rsquo;il n&rsquo;y a pas de frais \u00e0 d\u00e9bourser pour les anciens combattants admissibles. Si vous n&rsquo;avez pas encore votre ordonnance de cannabis m\u00e9dical, obtenez votre carte m\u00e9dicale gratuite rapidement et facilement sur <a href=\"https:\/\/mendomedical.ca\/fr\/carte-medicale\/\">https:\/\/mendomedical.ca\/medical-card\/.<\/a><\/p>\n<\/div>\n","protected":false},"featured_media":265346,"comment_status":"closed","ping_status":"closed","template":"","meta":{"_acf_changed":false,"site-sidebar-layout":"default","site-content-layout":"","ast-site-content-layout":"default","site-content-style":"default","site-sidebar-style":"default","ast-global-header-display":"","ast-banner-title-visibility":"","ast-main-header-display":"","ast-hfb-above-header-display":"","ast-hfb-below-header-display":"","ast-hfb-mobile-header-display":"","site-post-title":"","ast-breadcrumbs-content":"","ast-featured-img":"","footer-sml-layout":"","ast-disable-related-posts":"","theme-transparent-header-meta":"default","adv-header-id-meta":"","stick-header-meta":"","header-above-stick-meta":"","header-main-stick-meta":"","header-below-stick-meta":"","astra-migrate-meta-layouts":"set","ast-page-background-enabled":"default","ast-page-background-meta":{"desktop":{"background-color":"var(--ast-global-color-4)","background-image":"","background-repeat":"repeat","background-position":"center center","background-size":"auto","background-attachment":"scroll","background-type":"","background-media":"","overlay-type":"","overlay-color":"","overlay-opacity":"","overlay-gradient":""},"tablet":{"background-color":"","background-image":"","background-repeat":"repeat","background-position":"center center","background-size":"auto","background-attachment":"scroll","background-type":"","background-media":"","overlay-type":"","overlay-color":"","overlay-opacity":"","overlay-gradient":""},"mobile":{"background-color":"","background-image":"","background-repeat":"repeat","background-position":"center center","background-size":"auto","background-attachment":"scroll","background-type":"","background-media":"","overlay-type":"","overlay-color":"","overlay-opacity":"","overlay-gradient":""}},"ast-content-background-meta":{"desktop":{"background-color":"var(--ast-global-color-5)","background-image":"","background-repeat":"repeat","background-position":"center center","background-size":"auto","background-attachment":"scroll","background-type":"","background-media":"","overlay-type":"","overlay-color":"","overlay-opacity":"","overlay-gradient":""},"tablet":{"background-color":"var(--ast-global-color-5)","background-image":"","background-repeat":"repeat","background-position":"center center","background-size":"auto","background-attachment":"scroll","background-type":"","background-media":"","overlay-type":"","overlay-color":"","overlay-opacity":"","overlay-gradient":""},"mobile":{"background-color":"var(--ast-global-color-5)","background-image":"","background-repeat":"repeat","background-position":"center center","background-size":"auto","background-attachment":"scroll","background-type":"","background-media":"","overlay-type":"","overlay-color":"","overlay-opacity":"","overlay-gradient":""}}},"product_brand":[4449],"product_cat":[1137],"product_tag":[2515],"product_format_filter":[6373],"class_list":{"0":"post-232643","1":"product","2":"type-product","3":"status-publish","4":"has-post-thumbnail","6":"product_brand-ostara-medical","7":"product_cat-fleur","8":"product_tag-ostara-medical-fr","9":"pa_flavours-aigre","10":"pa_flavours-fruite","11":"pa_flavours-doux","12":"pa_intensity-thc-eleve","13":"pa_marques-ostara-medical-fr","14":"pa_origin-quebec-fr","15":"pa_packaging-date-12-16-2025","16":"pa_prix-par-gramme-9-28-fr","17":"pa_profil-terpene-caryophyllene","18":"pa_profil-terpene-farnesene-fr","19":"pa_profil-terpene-limonene-fr","20":"pa_profil-terpene-myrcene","21":"pa_type-de-plante-hybride-fr","22":"product_format_filter-7g","23":"desktop-align-left","24":"tablet-align-left","25":"mobile-align-left","27":"first","28":"outofstock","29":"taxable","30":"shipping-taxable","31":"purchasable","32":"product-type-simple"},"group_of_quantity":0,"min_quantity":0,"max_quantity":"","exclude_order_quantity_value_rules":"no","exclude_category_quantity_rules":"no","combine_variations":"no","acf":[],"_links":{"self":[{"href":"https:\/\/mendomedical.ca\/fr\/wp-json\/wp\/v2\/product\/232643","targetHints":{"allow":["GET"]}}],"collection":[{"href":"https:\/\/mendomedical.ca\/fr\/wp-json\/wp\/v2\/product"}],"about":[{"href":"https:\/\/mendomedical.ca\/fr\/wp-json\/wp\/v2\/types\/product"}],"replies":[{"embeddable":true,"href":"https:\/\/mendomedical.ca\/fr\/wp-json\/wp\/v2\/comments?post=232643"}],"wp:featuredmedia":[{"embeddable":true,"href":"https:\/\/mendomedical.ca\/fr\/wp-json\/wp\/v2\/media\/265346"}],"wp:attachment":[{"href":"https:\/\/mendomedical.ca\/fr\/wp-json\/wp\/v2\/media?parent=232643"}],"wp:term":[{"taxonomy":"product_brand","embeddable":true,"href":"https:\/\/mendomedical.ca\/fr\/wp-json\/wp\/v2\/product_brand?post=232643"},{"taxonomy":"product_cat","embeddable":true,"href":"https:\/\/mendomedical.ca\/fr\/wp-json\/wp\/v2\/product_cat?post=232643"},{"taxonomy":"product_tag","embeddable":true,"href":"https:\/\/mendomedical.ca\/fr\/wp-json\/wp\/v2\/product_tag?post=232643"},{"taxonomy":"product_format_filter","embeddable":true,"href":"https:\/\/mendomedical.ca\/fr\/wp-json\/wp\/v2\/product_format_filter?post=232643"}],"curies":[{"name":"wp","href":"https:\/\/api.w.org\/{rel}","templated":true}]}}