{"id":232271,"date":"2025-08-24T02:35:29","date_gmt":"2025-08-24T06:35:29","guid":{"rendered":"https:\/\/mendomedical.ca\/product\/sels-de-bain-deep-forest\/"},"modified":"2026-04-16T16:52:54","modified_gmt":"2026-04-16T20:52:54","slug":"sels-de-bain-deep-forest-fr","status":"publish","type":"product","link":"https:\/\/mendomedical.ca\/fr\/produit\/sels-de-bain-deep-forest-fr\/","title":{"rendered":"Sels de bain Deep Forest"},"content":{"rendered":"","protected":false},"excerpt":{"rendered":"<div class=\"ExternalClass958332EF879C4A99B4BE0D239AAAB94B\">\n<h3>Sels de bain Deep Forest<\/h3>\n<p>Transformez votre bain en une retraite foresti\u00e8re th\u00e9rapeutique avec les sels de bain Deep Forest de Fauna. Ce m\u00e9lange topique artisanal associe un distillat de THC de premi\u00e8re qualit\u00e9 \u00e0 un quatuor d&rsquo;huiles essentielles d&rsquo;inspiration foresti\u00e8re soigneusement s\u00e9lectionn\u00e9es, cr\u00e9ant ainsi une exp\u00e9rience de bain apaisante con\u00e7ue pour soulager l&rsquo;inconfort physique sans effets psychoactifs. Chaque lot est m\u00e9ticuleusement produit \u00e0 partir d&rsquo;ingr\u00e9dients naturels, notamment des sels d&rsquo;Epsom, de l&rsquo;huile de noix de coco et des plantes aromatiques, afin de soulager de mani\u00e8re cibl\u00e9e les muscles et les articulations endoloris tout en favorisant une relaxation profonde.  <\/p>\n<p><strong>Utilisation topique uniquement<\/strong><\/p>\n<p><strong>NE PAS MANGER LES SELS DE BAIN \/ LES DISSOUDRE DANS L&rsquo;EAU AVANT DE LES IMMERGER \/ NE PAS UTILISER SUR DES PLAIES OUVERTES.<\/strong><\/p>\n<p><strong><em>Mode d&#8217;emploi du sel de bain :<\/em><\/strong><br \/>\n<strong>Pour garantir un bain s\u00fbr et agr\u00e9able, nous vous recommandons d&rsquo;utiliser jusqu&rsquo;\u00e0 la moiti\u00e9 du sachet, ce qui est suffisant pour trois bains. Commencez par une petite quantit\u00e9, environ 1\/4 \u00e0 1\/2 du sachet, et ajoutez-en selon vos pr\u00e9f\u00e9rences. Cela vous permettra de profiter pleinement des bienfaits des sels tout en \u00e9vitant les d\u00e9rapages.  <\/strong><\/p>\n<h4>Caract\u00e9ristiques principales<\/h4>\n<ul>\n<li>Sels de bain infus\u00e9s au THC formul\u00e9s pour apporter un soulagement localis\u00e9 sans effets c\u00e9r\u00e9braux<\/li>\n<li>M\u00e9lange d&rsquo;huiles essentielles d&rsquo;inspiration foresti\u00e8re \u00e0 base d&rsquo;\u00e9pic\u00e9a, de c\u00e8dre, de sapin baumier et de baume de Copaiba.<\/li>\n<li>Fabriqu\u00e9 \u00e0 la main en petites quantit\u00e9s avec des ingr\u00e9dients naturels, notamment des sels d&rsquo;Epsom et de l&rsquo;huile de noix de coco.<\/li>\n<li>Peut aider \u00e0 soulager la tension musculaire, l&rsquo;inconfort articulaire et l&rsquo;inflammation.<\/li>\n<li>Emball\u00e9 dans des sachets verts bois\u00e9s respectueux de l&rsquo;environnement<\/li>\n<\/ul>\n<h4>Profil des ar\u00f4mes et des effets<\/h4>\n<p>Les sels de bain Deep Forest enveloppent vos sens d&rsquo;une atmosph\u00e8re foresti\u00e8re authentique gr\u00e2ce \u00e0 leur symphonie d&rsquo;huiles essentielles de conif\u00e8res. Le distillat de THC agit en synergie avec le m\u00e9lange botanique pour potentiellement apaiser l&rsquo;inconfort physique et promouvoir un \u00e9tat de calme profond. Les utilisateurs rapportent que cette formulation sp\u00e9cifique peut aider \u00e0 soulager la douleur et l&rsquo;inflammation tout en favorisant un sommeil r\u00e9parateur.  <\/p>\n<h4>Pourquoi choisir les sels de bain au cannabis<\/h4>\n<p>Les sels de bain infus\u00e9s au cannabis offrent aux utilisateurs m\u00e9dicaux une m\u00e9thode douce et non invasive pour exp\u00e9rimenter les b\u00e9n\u00e9fices th\u00e9rapeutiques potentiels par absorption transdermique. Cette approche topique permet un soulagement cibl\u00e9 sans effets syst\u00e9miques, ce qui la rend id\u00e9ale pour ceux qui recherchent un confort et une relaxation localis\u00e9s. <\/p>\n<h4>Exp\u00e9dition dans tout le Canada<\/h4>\n<p>Les sels de bain Deep Forest sont exp\u00e9di\u00e9s rapidement partout au Canada. Nous offrons la livraison gratuite pour les commandes de plus de 150 $, ce qui garantit que vos produits de bain th\u00e9rapeutiques arriveront rapidement \u00e0 votre porte. <\/p>\n<h4>Avantages et couverture pour les anciens combattants<\/h4>\n<p>Les sels de bain Deep Forest sont admissibles \u00e0 la couverture d&rsquo;ACC (Anciens Combattants Canada) avec facturation directe par l&rsquo;entremise de la Croix Bleue, ce qui signifie que les anciens combattants admissibles n&rsquo;ont pas \u00e0 d\u00e9bourser d&rsquo;argent. Si vous n&rsquo;avez pas encore d&rsquo;ordonnance de cannabis m\u00e9dical, vous pouvez <a href=\"https:\/\/mendomedical.ca\/fr\/carte-medicale\/\">obtenir votre carte m\u00e9dicale gratuite rapidement et facilement<\/a>. <\/p>\n<p><strong>Ingr\u00e9dients :<\/strong> Sels d&rsquo;Epsom, f\u00e9cule de pomme de terre, bicarbonate de soude, huile de coco, huiles essentielles d&rsquo;\u00e9pic\u00e9a, de c\u00e8dre, de sapin baumier et de baume de Copaiba, distillat de cannabis.<\/p>\n<\/div>\n","protected":false},"featured_media":232269,"comment_status":"closed","ping_status":"closed","template":"","meta":{"_acf_changed":false,"site-sidebar-layout":"default","site-content-layout":"","ast-site-content-layout":"default","site-content-style":"default","site-sidebar-style":"default","ast-global-header-display":"","ast-banner-title-visibility":"","ast-main-header-display":"","ast-hfb-above-header-display":"","ast-hfb-below-header-display":"","ast-hfb-mobile-header-display":"","site-post-title":"","ast-breadcrumbs-content":"","ast-featured-img":"","footer-sml-layout":"","ast-disable-related-posts":"","theme-transparent-header-meta":"default","adv-header-id-meta":"","stick-header-meta":"","header-above-stick-meta":"","header-main-stick-meta":"","header-below-stick-meta":"","astra-migrate-meta-layouts":"set","ast-page-background-enabled":"default","ast-page-background-meta":{"desktop":{"background-color":"var(--ast-global-color-4)","background-image":"","background-repeat":"repeat","background-position":"center center","background-size":"auto","background-attachment":"scroll","background-type":"","background-media":"","overlay-type":"","overlay-color":"","overlay-opacity":"","overlay-gradient":""},"tablet":{"background-color":"","background-image":"","background-repeat":"repeat","background-position":"center center","background-size":"auto","background-attachment":"scroll","background-type":"","background-media":"","overlay-type":"","overlay-color":"","overlay-opacity":"","overlay-gradient":""},"mobile":{"background-color":"","background-image":"","background-repeat":"repeat","background-position":"center center","background-size":"auto","background-attachment":"scroll","background-type":"","background-media":"","overlay-type":"","overlay-color":"","overlay-opacity":"","overlay-gradient":""}},"ast-content-background-meta":{"desktop":{"background-color":"var(--ast-global-color-5)","background-image":"","background-repeat":"repeat","background-position":"center center","background-size":"auto","background-attachment":"scroll","background-type":"","background-media":"","overlay-type":"","overlay-color":"","overlay-opacity":"","overlay-gradient":""},"tablet":{"background-color":"var(--ast-global-color-5)","background-image":"","background-repeat":"repeat","background-position":"center center","background-size":"auto","background-attachment":"scroll","background-type":"","background-media":"","overlay-type":"","overlay-color":"","overlay-opacity":"","overlay-gradient":""},"mobile":{"background-color":"var(--ast-global-color-5)","background-image":"","background-repeat":"repeat","background-position":"center center","background-size":"auto","background-attachment":"scroll","background-type":"","background-media":"","overlay-type":"","overlay-color":"","overlay-opacity":"","overlay-gradient":""}}},"product_brand":[],"product_cat":[1152,1150],"product_tag":[],"product_format_filter":[6646],"class_list":{"0":"post-232271","1":"product","2":"type-product","3":"status-publish","4":"has-post-thumbnail","6":"product_cat-bains","7":"product_cat-topiques","8":"pa_format-225g-fr","9":"pa_intensity-thc-moyen","10":"pa_marques-fauna-fr","11":"pa_origin-quebec-fr","12":"pa_thc-200mg-fr","13":"pa_type-de-plante-thc-fr","14":"product_format_filter-225g","15":"desktop-align-left","16":"tablet-align-left","17":"mobile-align-left","19":"first","20":"instock","21":"taxable","22":"shipping-taxable","23":"purchasable","24":"product-type-simple"},"group_of_quantity":0,"min_quantity":0,"max_quantity":"","exclude_order_quantity_value_rules":"no","exclude_category_quantity_rules":"no","combine_variations":"no","acf":[],"_links":{"self":[{"href":"https:\/\/mendomedical.ca\/fr\/wp-json\/wp\/v2\/product\/232271","targetHints":{"allow":["GET"]}}],"collection":[{"href":"https:\/\/mendomedical.ca\/fr\/wp-json\/wp\/v2\/product"}],"about":[{"href":"https:\/\/mendomedical.ca\/fr\/wp-json\/wp\/v2\/types\/product"}],"replies":[{"embeddable":true,"href":"https:\/\/mendomedical.ca\/fr\/wp-json\/wp\/v2\/comments?post=232271"}],"wp:featuredmedia":[{"embeddable":true,"href":"https:\/\/mendomedical.ca\/fr\/wp-json\/wp\/v2\/media\/232269"}],"wp:attachment":[{"href":"https:\/\/mendomedical.ca\/fr\/wp-json\/wp\/v2\/media?parent=232271"}],"wp:term":[{"taxonomy":"product_brand","embeddable":true,"href":"https:\/\/mendomedical.ca\/fr\/wp-json\/wp\/v2\/product_brand?post=232271"},{"taxonomy":"product_cat","embeddable":true,"href":"https:\/\/mendomedical.ca\/fr\/wp-json\/wp\/v2\/product_cat?post=232271"},{"taxonomy":"product_tag","embeddable":true,"href":"https:\/\/mendomedical.ca\/fr\/wp-json\/wp\/v2\/product_tag?post=232271"},{"taxonomy":"product_format_filter","embeddable":true,"href":"https:\/\/mendomedical.ca\/fr\/wp-json\/wp\/v2\/product_format_filter?post=232271"}],"curies":[{"name":"wp","href":"https:\/\/api.w.org\/{rel}","templated":true}]}}