{"id":232262,"date":"2025-08-24T02:50:19","date_gmt":"2025-08-24T06:50:19","guid":{"rendered":"https:\/\/mendomedical.ca\/product\/bombe-de-bain-three-sisters-3-pack\/"},"modified":"2026-03-24T09:22:14","modified_gmt":"2026-03-24T13:22:14","slug":"bombe-de-bain-three-sisters-3-pack","status":"publish","type":"product","link":"https:\/\/mendomedical.ca\/fr\/produit\/bombe-de-bain-three-sisters-3-pack\/","title":{"rendered":"Bombe de bain des Trois S\u0153urs ( 3 unit\u00e9s )"},"content":{"rendered":"","protected":false},"excerpt":{"rendered":"<div class=\"ExternalClass2F5D888853EF4226A4DC8DF69DF7E4AB\">\n<h3>Bombe de bain \u00ab\u00a0Three Sisters\u00a0\u00bb (paquet de 3) par Fauna<\/h3>\n<p>Transformez votre bain en une retraite th\u00e9rapeutique avec les bombes de bain Three Sisters de Fauna. Ces bombes de bain fabriqu\u00e9es \u00e0 la main combinent les bienfaits du CBD et du CBG avec des huiles essentielles soigneusement s\u00e9lectionn\u00e9es pour cr\u00e9er une exp\u00e9rience de bain profond\u00e9ment relaxante. Chaque bombe comprim\u00e9e est recouverte de fleurs de lavande s\u00e9ch\u00e9es et lib\u00e8re un ar\u00f4me floral doux et bois\u00e9 qui aide \u00e0 soulager le stress de la vie moderne.  <\/p>\n<h4>Caract\u00e9ristiques principales<\/h4>\n<ul>\n<li>Bombes de bain artisanales infus\u00e9es avec une teneur \u00e9lev\u00e9e en CBD, un CBG mod\u00e9r\u00e9 et un THC \u00e9quilibr\u00e9 pour l&rsquo;effet d&rsquo;entourage.<\/li>\n<li>Enrichi en huiles essentielles de lavande et de bergamote pour les bienfaits de l&rsquo;aromath\u00e9rapie<\/li>\n<li>La forme comprim\u00e9e du palet assure une dispersion optimale dans l&rsquo;eau du bain.<\/li>\n<li>Fabriqu\u00e9 \u00e0 partir d&rsquo;ingr\u00e9dients naturels, notamment des sels d&rsquo;Epsom, de l&rsquo;huile de coco et des extraits botaniques.<\/li>\n<li>Particuli\u00e8rement appr\u00e9ci\u00e9 par les v\u00e9t\u00e9rans pour ses qualit\u00e9s r\u00e9paratrices.<\/li>\n<\/ul>\n<h4>Ar\u00f4me et profil cannabique<\/h4>\n<p>Chaque bombe de bain emball\u00e9e sous film r\u00e9tractable lib\u00e8re un doux parfum floral bois\u00e9 d\u00e8s son ouverture. Le profil cannabino\u00efde pr\u00e9sente une teneur \u00e9lev\u00e9e en CBD associ\u00e9e \u00e0 des niveaux mod\u00e9r\u00e9s de CBG et \u00e0 un THC soigneusement mesur\u00e9 pour engager tout le spectre des bienfaits du cannabis. Cette combinaison topique offre une exp\u00e9rience bien \u00e9quilibr\u00e9e con\u00e7ue pour d\u00e9tendre profond\u00e9ment l&rsquo;utilisateur et peut aider \u00e0 apaiser les douleurs et l&rsquo;inconfort accumul\u00e9s tout au long de la journ\u00e9e.  <\/p>\n<h4>Pourquoi choisir les bombes de bain au cannabis<\/h4>\n<p>Les bombes de bain infus\u00e9es au cannabis offrent aux utilisateurs m\u00e9dicaux une m\u00e9thode douce d&rsquo;application topique sur l&rsquo;ensemble du corps. L&rsquo;eau chaude du bain aide \u00e0 ouvrir les pores, ce qui permet une meilleure absorption, tandis que les \u00e9l\u00e9ments d&rsquo;aromath\u00e9rapie favorisent la relaxation et le soulagement du stress. <\/p>\n<h4>Exp\u00e9dition dans tout le Canada<\/h4>\n<p>Les bombes de bain Three Sisters (paquet de 3) sont exp\u00e9di\u00e9es rapidement au Canada. Nous offrons la livraison gratuite pour les commandes de plus de 150 $, ce qui garantit que vos produits de bien-\u00eatre arriveront rapidement \u00e0 votre porte. <\/p>\n<h4>Avantages et couverture pour les anciens combattants<\/h4>\n<p>Les bombes de bain Three Sisters (paquet de 3) sont admissibles \u00e0 la couverture d&rsquo;ACC (Anciens Combattants Canada) avec facturation directe par l&rsquo;entremise de la Croix Bleue, ce qui signifie que les anciens combattants admissibles n&rsquo;ont pas \u00e0 d\u00e9bourser d&rsquo;argent. Si vous n&rsquo;avez pas encore de carte m\u00e9dicale, <a href=\"https:\/\/mendomedical.ca\/fr\/carte-medicale\/\">obtenez votre carte m\u00e9dicale gratuite rapidement et facilement<\/a>. <\/p>\n<p><strong>Ingr\u00e9dients :<\/strong> Bicarbonate de soude, sels d&rsquo;Epsom, acide citrique, f\u00e9cule de pomme de terre, argile, huile de coco, eau distill\u00e9e, huiles essentielles de lavande et de bergamote, distillat de cannabis.<\/p>\n<\/div>\n","protected":false},"featured_media":266235,"comment_status":"closed","ping_status":"closed","template":"","meta":{"_acf_changed":false,"site-sidebar-layout":"default","site-content-layout":"","ast-site-content-layout":"default","site-content-style":"default","site-sidebar-style":"default","ast-global-header-display":"","ast-banner-title-visibility":"","ast-main-header-display":"","ast-hfb-above-header-display":"","ast-hfb-below-header-display":"","ast-hfb-mobile-header-display":"","site-post-title":"","ast-breadcrumbs-content":"","ast-featured-img":"","footer-sml-layout":"","ast-disable-related-posts":"","theme-transparent-header-meta":"default","adv-header-id-meta":"","stick-header-meta":"","header-above-stick-meta":"","header-main-stick-meta":"","header-below-stick-meta":"","astra-migrate-meta-layouts":"set","ast-page-background-enabled":"default","ast-page-background-meta":{"desktop":{"background-color":"var(--ast-global-color-4)","background-image":"","background-repeat":"repeat","background-position":"center center","background-size":"auto","background-attachment":"scroll","background-type":"","background-media":"","overlay-type":"","overlay-color":"","overlay-opacity":"","overlay-gradient":""},"tablet":{"background-color":"","background-image":"","background-repeat":"repeat","background-position":"center center","background-size":"auto","background-attachment":"scroll","background-type":"","background-media":"","overlay-type":"","overlay-color":"","overlay-opacity":"","overlay-gradient":""},"mobile":{"background-color":"","background-image":"","background-repeat":"repeat","background-position":"center center","background-size":"auto","background-attachment":"scroll","background-type":"","background-media":"","overlay-type":"","overlay-color":"","overlay-opacity":"","overlay-gradient":""}},"ast-content-background-meta":{"desktop":{"background-color":"var(--ast-global-color-5)","background-image":"","background-repeat":"repeat","background-position":"center center","background-size":"auto","background-attachment":"scroll","background-type":"","background-media":"","overlay-type":"","overlay-color":"","overlay-opacity":"","overlay-gradient":""},"tablet":{"background-color":"var(--ast-global-color-5)","background-image":"","background-repeat":"repeat","background-position":"center center","background-size":"auto","background-attachment":"scroll","background-type":"","background-media":"","overlay-type":"","overlay-color":"","overlay-opacity":"","overlay-gradient":""},"mobile":{"background-color":"var(--ast-global-color-5)","background-image":"","background-repeat":"repeat","background-position":"center center","background-size":"auto","background-attachment":"scroll","background-type":"","background-media":"","overlay-type":"","overlay-color":"","overlay-opacity":"","overlay-gradient":""}}},"product_brand":[],"product_cat":[1152,1150],"product_tag":[],"product_format_filter":[],"class_list":{"0":"post-232262","1":"product","2":"type-product","3":"status-publish","4":"has-post-thumbnail","6":"product_cat-bains","7":"product_cat-topiques","8":"pa_cbd-400mg-fr","9":"pa_format-3-units-fr","10":"pa_intensity-cbd-moyen","11":"pa_marques-fauna-fr","12":"pa_origin-ontario-fr","13":"pa_type-de-plante-cbd-fr","14":"desktop-align-left","15":"tablet-align-left","16":"mobile-align-left","18":"first","19":"outofstock","20":"taxable","21":"shipping-taxable","22":"purchasable","23":"product-type-simple"},"group_of_quantity":0,"min_quantity":0,"max_quantity":"","exclude_order_quantity_value_rules":"no","exclude_category_quantity_rules":"no","combine_variations":"no","acf":[],"_links":{"self":[{"href":"https:\/\/mendomedical.ca\/fr\/wp-json\/wp\/v2\/product\/232262","targetHints":{"allow":["GET"]}}],"collection":[{"href":"https:\/\/mendomedical.ca\/fr\/wp-json\/wp\/v2\/product"}],"about":[{"href":"https:\/\/mendomedical.ca\/fr\/wp-json\/wp\/v2\/types\/product"}],"replies":[{"embeddable":true,"href":"https:\/\/mendomedical.ca\/fr\/wp-json\/wp\/v2\/comments?post=232262"}],"wp:featuredmedia":[{"embeddable":true,"href":"https:\/\/mendomedical.ca\/fr\/wp-json\/wp\/v2\/media\/266235"}],"wp:attachment":[{"href":"https:\/\/mendomedical.ca\/fr\/wp-json\/wp\/v2\/media?parent=232262"}],"wp:term":[{"taxonomy":"product_brand","embeddable":true,"href":"https:\/\/mendomedical.ca\/fr\/wp-json\/wp\/v2\/product_brand?post=232262"},{"taxonomy":"product_cat","embeddable":true,"href":"https:\/\/mendomedical.ca\/fr\/wp-json\/wp\/v2\/product_cat?post=232262"},{"taxonomy":"product_tag","embeddable":true,"href":"https:\/\/mendomedical.ca\/fr\/wp-json\/wp\/v2\/product_tag?post=232262"},{"taxonomy":"product_format_filter","embeddable":true,"href":"https:\/\/mendomedical.ca\/fr\/wp-json\/wp\/v2\/product_format_filter?post=232262"}],"curies":[{"name":"wp","href":"https:\/\/api.w.org\/{rel}","templated":true}]}}