{"id":232082,"date":"2024-07-01T21:00:31","date_gmt":"2024-07-02T01:00:31","guid":{"rendered":"https:\/\/mendomedical.ca\/product\/nettoyant-quotidien-pour-le-visage-et-le-corps-a-base-de-cbd\/"},"modified":"2026-04-28T13:01:22","modified_gmt":"2026-04-28T17:01:22","slug":"nettoyant-quotidien-cbd-pour-le-visage-et-le-corps","status":"publish","type":"product","link":"https:\/\/mendomedical.ca\/fr\/produit\/nettoyant-quotidien-cbd-pour-le-visage-et-le-corps\/","title":{"rendered":"Nettoyant quotidien pour le visage et le corps \u00e0 base de CBD"},"content":{"rendered":"","protected":false},"excerpt":{"rendered":"<div class=\"ExternalClass178309DA2A184D0F9D81F15A5314354B\">\n<h3>Nettoyant quotidien pour le visage et le corps au CBD par Proofly<\/h3>\n<p>Transformez votre routine de nettoyage quotidienne avec le nettoyant quotidien pour le visage et le corps au CBD de Proofly, un m\u00e9lange luxueux de 500 mg d&rsquo;isolat de CBD pur et d&rsquo;ingr\u00e9dients v\u00e9g\u00e9taliens de premi\u00e8re qualit\u00e9. Cette formule sans THC associe les bienfaits potentiels du CBD \u00e0 des huiles v\u00e9g\u00e9tales nourrissantes, notamment les huiles d&rsquo;olive, de babassu, de moringa et d&rsquo;argan, pour hydrater et nettoyer votre peau en profondeur. Le nettoyant translucide cr\u00e9e une mousse douce qui peut favoriser la relaxation tout en laissant sur la peau une sensation d&rsquo;\u00e9quilibre, de fra\u00eecheur et de nettoyage en profondeur.  <\/p>\n<h4>Caract\u00e9ristiques principales<\/h4>\n<ul>\n<li>500mg d&rsquo;isolat de CBD pur par bouteille avec 0,00% de THC pour une exp\u00e9rience cannabique cibl\u00e9e<\/li>\n<li>Enrichi en huiles v\u00e9g\u00e9tales v\u00e9g\u00e9taliennes : huile d&rsquo;olive, huile de babassu, huile de moringa et huile d&rsquo;argan pour une hydratation en profondeur.<\/li>\n<li>Ar\u00f4me d&rsquo;agrumes et de plantes revitalisant, avec des notes lumineuses de limon\u00e8ne et des notes florales douces de coumarine.<\/li>\n<li>Formule douce pour le visage et le corps, id\u00e9ale pour un usage quotidien<\/li>\n<li>Peut contribuer \u00e0 l&rsquo;\u00e9quilibre de la peau et apporter des b\u00e9n\u00e9fices anti-inflammatoires potentiels.<\/li>\n<\/ul>\n<h4>Profil sensoriel<\/h4>\n<p><strong>Ar\u00f4me :<\/strong> D\u00e9couvrez un m\u00e9lange d&rsquo;agrumes et de plantes revitalisant, enrichi d&rsquo;une chaleur botanique. Les notes de t\u00eate vives de limon\u00e8ne zest\u00e9 et de coumarine florale douce cr\u00e9ent une premi\u00e8re impression stimulante, tandis que les notes subtiles de vanille et de benzoate de benzyle doux ajoutent de la profondeur. Les nuances terreuses de l&rsquo;isolat de CBD et des huiles nourrissantes apportent un fini soyeux.  <\/p>\n<p><strong>Profil des cannabino\u00efdes :<\/strong> Cette formule pr\u00e9sente un profil net et pr\u00e9cis centr\u00e9 sur 500 mg d&rsquo;isolat de CBD pur avec 0,00 % de THC, offrant tous les bienfaits apaisants et r\u00e9parateurs potentiels du CBD tout en restant totalement d\u00e9pourvu de THC. L&rsquo;ar\u00f4me est subtilement rehauss\u00e9 par des notes d&rsquo;inspiration naturelle comme le limon\u00e8ne et la coumarine. <\/p>\n<h4>Pourquoi choisir les produits topiques au CBD<\/h4>\n<p>Les produits topiques infus\u00e9s au CBD offrent aux utilisateurs m\u00e9dicaux une approche douce et cibl\u00e9e des soins de la peau, tout en favorisant potentiellement la relaxation et l&rsquo;\u00e9quilibre de la peau. Ce nettoyant pour le visage et le corps est un moyen facile d&rsquo;int\u00e9grer le CBD dans votre routine quotidienne sans THC. <\/p>\n<h4>Exp\u00e9dition dans tout le Canada<\/h4>\n<p>Le nettoyant pour le visage et le corps Daily CBD est exp\u00e9di\u00e9 rapidement au Canada. Profitez de la livraison gratuite pour les commandes de plus de 150 $. <\/p>\n<h4>Avantages et couverture pour les anciens combattants<\/h4>\n<p>Le nettoyant pour le visage et le corps Daily CBD est admissible \u00e0 la couverture d&rsquo;ACC (Anciens Combattants Canada) et \u00e0 la facturation directe par l&rsquo;entremise de la Croix Bleue, sans frais. Si vous n&rsquo;avez pas encore de carte m\u00e9dicale, <a href=\"https:\/\/mendomedical.ca\/fr\/carte-medicale\/\">obtenez votre carte m\u00e9dicale gratuite rapidement et facilement<\/a>. <\/p>\n<div>\n<p><b>Ingr\u00e9dients<\/b><\/p>\n<p>Aqua\/Water\/Eau, Cocamidopropyl Betaine, Sodium C14-16 Olefin Sulfonate, PEG-7 Glyceryl Cocoate, Acrylates Copolymer, Sodium Chloride, Glycerin, Cannabis Sativa Extract, Benzyl Benzoate, Sodium Sulfate, Sodium Hydroxide, Parfum, BHT, acide benzo\u00efque, polyquaternium-7, coumarine, acide citrique, huile de noyau d&rsquo;Argania Spinosa, huile de fruit d&rsquo;Olea Europaea (olive), huile de graine d&rsquo;Orbignya Oleifera, huile de graine de Moringa Oleifera, m\u00e9thylchloroisothiazolinone, m\u00e9thylisothiazolinone, tocoph\u00e9rol.<\/p>\n<\/div>\n<\/div>\n","protected":false},"featured_media":232089,"comment_status":"closed","ping_status":"closed","template":"","meta":{"_acf_changed":false,"site-sidebar-layout":"default","site-content-layout":"","ast-site-content-layout":"default","site-content-style":"default","site-sidebar-style":"default","ast-global-header-display":"","ast-banner-title-visibility":"","ast-main-header-display":"","ast-hfb-above-header-display":"","ast-hfb-below-header-display":"","ast-hfb-mobile-header-display":"","site-post-title":"","ast-breadcrumbs-content":"","ast-featured-img":"","footer-sml-layout":"","ast-disable-related-posts":"","theme-transparent-header-meta":"default","adv-header-id-meta":"","stick-header-meta":"","header-above-stick-meta":"","header-main-stick-meta":"","header-below-stick-meta":"","astra-migrate-meta-layouts":"set","ast-page-background-enabled":"default","ast-page-background-meta":{"desktop":{"background-color":"var(--ast-global-color-4)","background-image":"","background-repeat":"repeat","background-position":"center center","background-size":"auto","background-attachment":"scroll","background-type":"","background-media":"","overlay-type":"","overlay-color":"","overlay-opacity":"","overlay-gradient":""},"tablet":{"background-color":"","background-image":"","background-repeat":"repeat","background-position":"center center","background-size":"auto","background-attachment":"scroll","background-type":"","background-media":"","overlay-type":"","overlay-color":"","overlay-opacity":"","overlay-gradient":""},"mobile":{"background-color":"","background-image":"","background-repeat":"repeat","background-position":"center center","background-size":"auto","background-attachment":"scroll","background-type":"","background-media":"","overlay-type":"","overlay-color":"","overlay-opacity":"","overlay-gradient":""}},"ast-content-background-meta":{"desktop":{"background-color":"var(--ast-global-color-5)","background-image":"","background-repeat":"repeat","background-position":"center center","background-size":"auto","background-attachment":"scroll","background-type":"","background-media":"","overlay-type":"","overlay-color":"","overlay-opacity":"","overlay-gradient":""},"tablet":{"background-color":"var(--ast-global-color-5)","background-image":"","background-repeat":"repeat","background-position":"center center","background-size":"auto","background-attachment":"scroll","background-type":"","background-media":"","overlay-type":"","overlay-color":"","overlay-opacity":"","overlay-gradient":""},"mobile":{"background-color":"var(--ast-global-color-5)","background-image":"","background-repeat":"repeat","background-position":"center center","background-size":"auto","background-attachment":"scroll","background-type":"","background-media":"","overlay-type":"","overlay-color":"","overlay-opacity":"","overlay-gradient":""}}},"product_brand":[],"product_cat":[1152,1150],"product_tag":[],"product_format_filter":[],"class_list":{"0":"post-232082","1":"product","2":"type-product","3":"status-publish","4":"has-post-thumbnail","6":"product_cat-bains","7":"product_cat-topiques","8":"pa_cbd-500mg","9":"pa_format-250g-fr","10":"pa_intensity-cbd-moyen","11":"pa_marques-a-lepreuve","12":"pa_origin-ontario-fr","13":"pa_type-de-plante-cbd-fr","14":"desktop-align-left","15":"tablet-align-left","16":"mobile-align-left","18":"first","19":"instock","20":"taxable","21":"shipping-taxable","22":"purchasable","23":"product-type-simple"},"group_of_quantity":0,"min_quantity":0,"max_quantity":"","exclude_order_quantity_value_rules":"no","exclude_category_quantity_rules":"no","combine_variations":"no","acf":[],"_links":{"self":[{"href":"https:\/\/mendomedical.ca\/fr\/wp-json\/wp\/v2\/product\/232082","targetHints":{"allow":["GET"]}}],"collection":[{"href":"https:\/\/mendomedical.ca\/fr\/wp-json\/wp\/v2\/product"}],"about":[{"href":"https:\/\/mendomedical.ca\/fr\/wp-json\/wp\/v2\/types\/product"}],"replies":[{"embeddable":true,"href":"https:\/\/mendomedical.ca\/fr\/wp-json\/wp\/v2\/comments?post=232082"}],"wp:featuredmedia":[{"embeddable":true,"href":"https:\/\/mendomedical.ca\/fr\/wp-json\/wp\/v2\/media\/232089"}],"wp:attachment":[{"href":"https:\/\/mendomedical.ca\/fr\/wp-json\/wp\/v2\/media?parent=232082"}],"wp:term":[{"taxonomy":"product_brand","embeddable":true,"href":"https:\/\/mendomedical.ca\/fr\/wp-json\/wp\/v2\/product_brand?post=232082"},{"taxonomy":"product_cat","embeddable":true,"href":"https:\/\/mendomedical.ca\/fr\/wp-json\/wp\/v2\/product_cat?post=232082"},{"taxonomy":"product_tag","embeddable":true,"href":"https:\/\/mendomedical.ca\/fr\/wp-json\/wp\/v2\/product_tag?post=232082"},{"taxonomy":"product_format_filter","embeddable":true,"href":"https:\/\/mendomedical.ca\/fr\/wp-json\/wp\/v2\/product_format_filter?post=232082"}],"curies":[{"name":"wp","href":"https:\/\/api.w.org\/{rel}","templated":true}]}}