{"id":231913,"date":"2024-07-01T20:26:26","date_gmt":"2024-07-02T00:26:26","guid":{"rendered":"https:\/\/mendomedical.ca\/?post_type=product&#038;p=231913"},"modified":"2025-12-30T16:27:54","modified_gmt":"2025-12-30T21:27:54","slug":"bravo-zulu-rouse-gel-intime-a-laloes-et-au-menthol-copy","status":"publish","type":"product","link":"https:\/\/mendomedical.ca\/fr\/produit\/bravo-zulu-rouse-gel-intime-a-laloes-et-au-menthol-copy\/","title":{"rendered":"Peacekeeper - THC:CBD:CBG:CBN Pommade apaisante au cannabis"},"content":{"rendered":"","protected":false},"excerpt":{"rendered":"<div class=\"ExternalClass4B64F5B35D214826B1EADE0AD46C12EE\">\n<h3>Peacekeeper - Pommade apaisante au cannabis THC:CBD:CBG:CBN<\/h3>\n<p>Faites l&rsquo;exp\u00e9rience d&rsquo;un soulagement cibl\u00e9 avec Peacekeeper, une pommade sophistiqu\u00e9e infus\u00e9e au cannabis de Fortitude Farms. Ce topique soigneusement formul\u00e9 associe un m\u00e9lange de cannabino\u00efdes \u00e0 spectre complet \u00e0 des ingr\u00e9dients apaisants pour la peau qui ont fait leurs preuves, comme l&rsquo;avoine collo\u00efdale et le magn\u00e9sium. Con\u00e7ue pour les peaux sensibles, irrit\u00e9es ou s\u00e8ches - en particulier pour les probl\u00e8mes de peau li\u00e9s \u00e0 la m\u00e9nopause - Peacekeeper est une solution l\u00e9g\u00e8re, sans parfum, qui p\u00e9n\u00e8tre rapidement sans laisser de r\u00e9sidus.  <\/p>\n<h4>Caract\u00e9ristiques principales<\/h4>\n<ul>\n<li>Profil cannabino\u00efde \u00e0 spectre complet : 75 mg de THC, 55 mg de CBD, 50 mg de CBG et 100 mg de CBN par unit\u00e9.<\/li>\n<li>Enrichi en avoine collo\u00efdale pour un soutien anti-inflammatoire et une restauration de l&rsquo;hydratation.<\/li>\n<li>Formule non parfum\u00e9e et non grasse, id\u00e9ale pour les peaux sensibles ou hormonales.<\/li>\n<li>Lotion \u00e0 absorption rapide contenant des huiles v\u00e9g\u00e9tales nourrissantes, notamment d&rsquo;avocat, de p\u00e9pins de raisin et de jojoba.<\/li>\n<li>Formulation propre, sans colorants, sans parfums et sans produits chimiques agressifs<\/li>\n<\/ul>\n<h4>Ar\u00f4me et profil cannabique<\/h4>\n<p>Peacekeeper est dot\u00e9 d&rsquo;un parfum neutre, \u00e0 peine perceptible, d\u00e9riv\u00e9 naturellement de ses ingr\u00e9dients botaniques tels que l&rsquo;avoine, le beurre de karit\u00e9 et l&rsquo;alo\u00e8s. L&rsquo;ar\u00f4me subtil se dissipe rapidement, ce qui le rend parfait pour un usage quotidien ou pour les personnes sensibles aux parfums. Chaque unit\u00e9 contient un puissant m\u00e9lange de cannabino\u00efdes de 75 mg de THC, 55 mg de CBD, 50 mg de CBG et 100 mg de CBN, infus\u00e9 dans une base d&rsquo;huiles hydratantes et d&rsquo;\u00e9mulsifiants \u00e0 base de plantes. Ce profil cannabino\u00efde complet, associ\u00e9 au magn\u00e9sium et \u00e0 l&rsquo;avoine collo\u00efdale, cr\u00e9e une formule \u00e9quilibr\u00e9e qui peut aider \u00e0 soutenir le confort et la restauration de la peau.   <\/p>\n<h4>Pourquoi choisir les produits topiques \u00e0 base de cannabis ?<\/h4>\n<p>Les produits topiques \u00e0 base de cannabis offrent un soutien localis\u00e9 sans effets syst\u00e9miques, ce qui en fait un excellent choix pour les utilisateurs m\u00e9dicaux \u00e0 la recherche d&rsquo;un soulagement cibl\u00e9. Les cannabino\u00efdes contenus dans les pr\u00e9parations topiques interagissent avec les r\u00e9cepteurs de la peau, ce qui peut aider \u00e0 g\u00e9rer l&rsquo;inconfort et \u00e0 soutenir la sant\u00e9 de la peau sans effets psychoactifs. <\/p>\n<h4>Exp\u00e9dition dans tout le Canada<\/h4>\n<p>Peacekeeper est exp\u00e9di\u00e9 rapidement \u00e0 travers le Canada avec une livraison gratuite pour les commandes de plus de 150 $. Nous veillons \u00e0 ce que vos produits topiques arrivent rapidement et en toute s\u00e9curit\u00e9, en maintenant leur qualit\u00e9 tout au long du transport. <\/p>\n<h4>Avantages et couverture pour les anciens combattants<\/h4>\n<p>Peacekeeper est admissible \u00e0 la couverture d&rsquo;ACC (Anciens Combattants Canada) avec facturation directe par l&rsquo;entremise de la Croix Bleue, ce qui signifie que les anciens combattants admissibles n&rsquo;ont pas \u00e0 d\u00e9bourser d&rsquo;argent. Si vous n&rsquo;avez pas encore d&rsquo;ordonnance de cannabis m\u00e9dical, obtenez votre carte m\u00e9dicale gratuite rapidement et facilement sur <a href=\"https:\/\/mendomedical.ca\/fr\/carte-medicale\/\">https:\/\/mendomedical.ca\/medical-card\/.<\/a> <\/p>\n<\/div>\n","protected":false},"featured_media":231915,"comment_status":"closed","ping_status":"closed","template":"","meta":{"_acf_changed":false,"site-sidebar-layout":"default","site-content-layout":"","ast-site-content-layout":"default","site-content-style":"default","site-sidebar-style":"default","ast-global-header-display":"","ast-banner-title-visibility":"","ast-main-header-display":"","ast-hfb-above-header-display":"","ast-hfb-below-header-display":"","ast-hfb-mobile-header-display":"","site-post-title":"","ast-breadcrumbs-content":"","ast-featured-img":"","footer-sml-layout":"","ast-disable-related-posts":"","theme-transparent-header-meta":"default","adv-header-id-meta":"","stick-header-meta":"","header-above-stick-meta":"","header-main-stick-meta":"","header-below-stick-meta":"","astra-migrate-meta-layouts":"set","ast-page-background-enabled":"default","ast-page-background-meta":{"desktop":{"background-color":"var(--ast-global-color-4)","background-image":"","background-repeat":"repeat","background-position":"center center","background-size":"auto","background-attachment":"scroll","background-type":"","background-media":"","overlay-type":"","overlay-color":"","overlay-opacity":"","overlay-gradient":""},"tablet":{"background-color":"","background-image":"","background-repeat":"repeat","background-position":"center center","background-size":"auto","background-attachment":"scroll","background-type":"","background-media":"","overlay-type":"","overlay-color":"","overlay-opacity":"","overlay-gradient":""},"mobile":{"background-color":"","background-image":"","background-repeat":"repeat","background-position":"center center","background-size":"auto","background-attachment":"scroll","background-type":"","background-media":"","overlay-type":"","overlay-color":"","overlay-opacity":"","overlay-gradient":""}},"ast-content-background-meta":{"desktop":{"background-color":"var(--ast-global-color-5)","background-image":"","background-repeat":"repeat","background-position":"center center","background-size":"auto","background-attachment":"scroll","background-type":"","background-media":"","overlay-type":"","overlay-color":"","overlay-opacity":"","overlay-gradient":""},"tablet":{"background-color":"var(--ast-global-color-5)","background-image":"","background-repeat":"repeat","background-position":"center center","background-size":"auto","background-attachment":"scroll","background-type":"","background-media":"","overlay-type":"","overlay-color":"","overlay-opacity":"","overlay-gradient":""},"mobile":{"background-color":"var(--ast-global-color-5)","background-image":"","background-repeat":"repeat","background-position":"center center","background-size":"auto","background-attachment":"scroll","background-type":"","background-media":"","overlay-type":"","overlay-color":"","overlay-opacity":"","overlay-gradient":""}}},"product_brand":[],"product_cat":[1153,1150],"product_tag":[],"product_format_filter":[],"class_list":{"0":"post-231913","1":"product","2":"type-product","3":"status-publish","4":"has-post-thumbnail","6":"product_cat-cremes","7":"product_cat-topiques","8":"pa_cbd-55mg","9":"pa_cbg-50mg","10":"pa_cbn-100mg-fr","11":"pa_format-60ml-fr","12":"pa_intensity-faible-cbd","13":"pa_intensity-low-cbg-fr","14":"pa_intensity-low-cbn-fr","15":"pa_intensity-thc-moyen","16":"pa_marques-fortitude-farms-fr","17":"pa_origin-ontario-fr","18":"pa_thc-75-mg","19":"pa_type-de-plante-cbd-fr","20":"pa_type-de-plante-cbg-fr","21":"pa_type-de-plante-cbn-fr","22":"pa_type-de-plante-thc-fr","23":"desktop-align-left","24":"tablet-align-left","25":"mobile-align-left","27":"first","28":"outofstock","29":"taxable","30":"shipping-taxable","31":"purchasable","32":"product-type-simple"},"group_of_quantity":0,"min_quantity":0,"max_quantity":"","exclude_order_quantity_value_rules":"no","exclude_category_quantity_rules":"no","combine_variations":"no","acf":[],"_links":{"self":[{"href":"https:\/\/mendomedical.ca\/fr\/wp-json\/wp\/v2\/product\/231913","targetHints":{"allow":["GET"]}}],"collection":[{"href":"https:\/\/mendomedical.ca\/fr\/wp-json\/wp\/v2\/product"}],"about":[{"href":"https:\/\/mendomedical.ca\/fr\/wp-json\/wp\/v2\/types\/product"}],"replies":[{"embeddable":true,"href":"https:\/\/mendomedical.ca\/fr\/wp-json\/wp\/v2\/comments?post=231913"}],"wp:featuredmedia":[{"embeddable":true,"href":"https:\/\/mendomedical.ca\/fr\/wp-json\/wp\/v2\/media\/231915"}],"wp:attachment":[{"href":"https:\/\/mendomedical.ca\/fr\/wp-json\/wp\/v2\/media?parent=231913"}],"wp:term":[{"taxonomy":"product_brand","embeddable":true,"href":"https:\/\/mendomedical.ca\/fr\/wp-json\/wp\/v2\/product_brand?post=231913"},{"taxonomy":"product_cat","embeddable":true,"href":"https:\/\/mendomedical.ca\/fr\/wp-json\/wp\/v2\/product_cat?post=231913"},{"taxonomy":"product_tag","embeddable":true,"href":"https:\/\/mendomedical.ca\/fr\/wp-json\/wp\/v2\/product_tag?post=231913"},{"taxonomy":"product_format_filter","embeddable":true,"href":"https:\/\/mendomedical.ca\/fr\/wp-json\/wp\/v2\/product_format_filter?post=231913"}],"curies":[{"name":"wp","href":"https:\/\/api.w.org\/{rel}","templated":true}]}}