{"id":231909,"date":"2024-07-01T20:24:06","date_gmt":"2024-07-02T00:24:06","guid":{"rendered":"https:\/\/mendomedical.ca\/?post_type=product&#038;p=231909"},"modified":"2025-09-02T20:43:02","modified_gmt":"2025-09-03T00:43:02","slug":"cease-fire-pommade-au-cannabis-contre-la-douleur-copy","status":"publish","type":"product","link":"https:\/\/mendomedical.ca\/fr\/produit\/cease-fire-pommade-au-cannabis-contre-la-douleur-copy\/","title":{"rendered":"Bravo Zulu Rouse \u2013 THC:CBD:CBG:CBN Aloe &#038; Menthol"},"content":{"rendered":"","protected":false},"excerpt":{"rendered":"<div class=\"Qr7Oae\" role=\"listitem\">\n<div class=\"OxAavc NVbRL\" data-item-id=\"1198376709\">\n<div class=\"xMZTse Ih4Dzb\">\n<p><em>Stimuler votre exp\u00e9rience.<\/em><\/p>\n<p><strong><em>Pour activer le produit, il suffit de pomper quelques fois jusqu&rsquo;\u00e0 ce qu&rsquo;il apparaisse. Ne pas ouvrir le flacon et \u00e9viter de l&rsquo;agiter trop vigoureusement.<\/em><\/strong><\/p>\n<p><strong>Bravo Zulu Rouse<\/strong> est un gel de cannabis \u00e0 <strong>base d&rsquo;alo\u00e8s et infus\u00e9 de menthol<\/strong>, con\u00e7u pour <strong>am\u00e9liorer l&rsquo;intimit\u00e9<\/strong> par un <strong>toucher rafra\u00eechissant<\/strong> et une stimulation subtile. Sa formule <strong>\u00e0 base d&rsquo;eau<\/strong> et <strong>non parfum\u00e9e<\/strong> est simple, efficace et <strong>sans danger pour le corps<\/strong>.<\/p>\n<p>Formul\u00e9 pour <strong>favoriser la circulation sanguine<\/strong>, <strong>accro\u00eetre la sensibilit\u00e9<\/strong> et soulager les tensions, Bravo Zulu Rouse favorise le confort, la confiance et le plaisir au moment le plus important. Que vous souhaitiez profiter de l&rsquo;instant pr\u00e9sent ou l&rsquo;intensifier, ce gel vous apporte une pr\u00e9sence constante et rafra\u00eechissante.<\/p>\n<p><strong>Caract\u00e9ristiques principales :<\/strong><\/p>\n<ul>\n<li>Alo\u00e8s et menthol pour une stimulation rafra\u00eechissante et apaisante<\/li>\n<li>Infusion de cannabis pour une sensation et une relaxation accrues<\/li>\n<li>A base d&rsquo;eau, non parfum\u00e9 et compatible avec les pr\u00e9servatifs et les jouets<\/li>\n<li>Formule non grasse et non collante<\/li>\n<\/ul>\n<p>Rehausser la mission. <strong>Bravo Zulu Rouse.<\/strong><\/p>\n<p><strong>Bravo Zulu Rouse est un gel \u00e0 base d&rsquo;alo\u00e8s, l\u00e9ger et \u00e0 absorption rapide, infus\u00e9 avec 100 mg de THC, 50 mg de CBD, 50 mg de CBG et 50 mg de CBN, con\u00e7u pour offrir un soulagement propre et rafra\u00eechissant sans parfum ni colorant ajout\u00e9s. Le menthol procure une sensation vive et rafra\u00eechissante, tandis que le format gel garantit une absorption sans r\u00e9sidu. <\/strong><\/p>\n<p>&nbsp;<\/p>\n<\/div>\n<h5>Aspect Visuel:<\/h5>\n<div class=\"xMZTse Ih4Dzb\">\n<p>Ce gel a une consistance claire, l\u00e9g\u00e8re comme de l&rsquo;eau, avec une brillance naturelle subtile. Pr\u00e9sent\u00e9 dans un format minimal et sans fioritures, Bravo Zulu Rouse est synonyme d&rsquo;utilit\u00e9 et de simplicit\u00e9. Le gel s&rsquo;\u00e9tale sans effort et dispara\u00eet dans la peau sans coller ni former de film visible, ce qui le rend id\u00e9al pour une application cibl\u00e9e ou g\u00e9n\u00e9rale.<\/p>\n<p>&nbsp;<\/p>\n<\/div>\n<h5>Ar\u00f4me :<\/h5>\n<p>Sans parfum de par sa formulation, la seule odeur provient de son infusion de menthol - brillante, croustillante et rafra\u00eechissante. Elle est imm\u00e9diatement perceptible \u00e0 l&rsquo;application mais s&rsquo;estompe rapidement, laissant derri\u00e8re elle un fini propre et neutre. Aucun parfum ni huile essentielle n&rsquo;a \u00e9t\u00e9 ajout\u00e9, ce qui permet de conserver une exp\u00e9rience sensorielle nette et cibl\u00e9e.<\/p>\n<p>&nbsp;<\/p>\n<h5>Profil des cannabino\u00efdes et des terp\u00e8nes :<\/h5>\n<p>Formul\u00e9 avec un total de 250 mg de cannabino\u00efdes - 100 mg de THC, 50 mg de CBD, 50 mg de CBG et 50 mg de CBN - Bravo Zulu Rouse se distingue en tant que topique multicannabino\u00efde. Associ\u00e9 au menthol et \u00e0 une base d&rsquo;aloe vera, il offre une solution \u00e0 base de plantes pour les utilisateurs qui recherchent une application l\u00e9g\u00e8re et non grasse avec une absorption rapide par la peau. Bien qu&rsquo;il ne soit pas con\u00e7u pour avoir des effets syst\u00e9miques, le m\u00e9lange de cannabino\u00efdes apporte un soutien significatif d\u00e9riv\u00e9 des plantes.<\/p>\n<p>&nbsp;<\/p>\n<h5>Effets :<\/h5>\n<p>Les utilisateurs d\u00e9crivent ce produit comme instantan\u00e9ment rafra\u00eechissant, avec une sensation de propret\u00e9 et de fra\u00eecheur qui s&rsquo;installe rapidement dans la peau. La combinaison d&rsquo;alo\u00e8s et de menthol procure une hydratation apaisante et un soulagement superficiel, tandis que la teneur en cannabino\u00efdes soutient ceux qui recherchent un confort sans poids ni r\u00e9sidu. C&rsquo;est un produit de choix pour les applications post-activit\u00e9 ou les routines par temps chaud.<\/p>\n<p>&nbsp;<\/p>\n<\/div>\n<h5>Ce que les patients disent de ce produit :<\/h5>\n<p>Bravo Zulu Rouse est constamment lou\u00e9 pour sa texture et sa fonction, en particulier par les personnes qui recherchent une alternative aux cr\u00e8mes lourdes. Il est souvent d\u00e9crit comme \u00ab\u00a0propre\u00a0\u00bb, \u00ab\u00a0net\u00a0\u00bb et \u00ab\u00a0efficace\u00a0\u00bb, avec des notes \u00e9lev\u00e9es pour sa facilit\u00e9 d&rsquo;utilisation et sa capacit\u00e9 d&rsquo;absorption. L&rsquo;\u00e9l\u00e9ment menthol\u00e9 est un favori parmi les utilisateurs actifs, tandis que le profil cannabino\u00efde attire ceux qui recherchent un soutien doux mais significatif \u00e0 base de plantes.<\/p>\n<\/div>\n","protected":false},"featured_media":231911,"comment_status":"closed","ping_status":"closed","template":"","meta":{"_acf_changed":false,"site-sidebar-layout":"default","site-content-layout":"","ast-site-content-layout":"default","site-content-style":"default","site-sidebar-style":"default","ast-global-header-display":"","ast-banner-title-visibility":"","ast-main-header-display":"","ast-hfb-above-header-display":"","ast-hfb-below-header-display":"","ast-hfb-mobile-header-display":"","site-post-title":"","ast-breadcrumbs-content":"","ast-featured-img":"","footer-sml-layout":"","ast-disable-related-posts":"","theme-transparent-header-meta":"default","adv-header-id-meta":"","stick-header-meta":"","header-above-stick-meta":"","header-main-stick-meta":"","header-below-stick-meta":"","astra-migrate-meta-layouts":"set","ast-page-background-enabled":"default","ast-page-background-meta":{"desktop":{"background-color":"var(--ast-global-color-4)","background-image":"","background-repeat":"repeat","background-position":"center center","background-size":"auto","background-attachment":"scroll","background-type":"","background-media":"","overlay-type":"","overlay-color":"","overlay-opacity":"","overlay-gradient":""},"tablet":{"background-color":"","background-image":"","background-repeat":"repeat","background-position":"center center","background-size":"auto","background-attachment":"scroll","background-type":"","background-media":"","overlay-type":"","overlay-color":"","overlay-opacity":"","overlay-gradient":""},"mobile":{"background-color":"","background-image":"","background-repeat":"repeat","background-position":"center center","background-size":"auto","background-attachment":"scroll","background-type":"","background-media":"","overlay-type":"","overlay-color":"","overlay-opacity":"","overlay-gradient":""}},"ast-content-background-meta":{"desktop":{"background-color":"var(--ast-global-color-5)","background-image":"","background-repeat":"repeat","background-position":"center center","background-size":"auto","background-attachment":"scroll","background-type":"","background-media":"","overlay-type":"","overlay-color":"","overlay-opacity":"","overlay-gradient":""},"tablet":{"background-color":"var(--ast-global-color-5)","background-image":"","background-repeat":"repeat","background-position":"center center","background-size":"auto","background-attachment":"scroll","background-type":"","background-media":"","overlay-type":"","overlay-color":"","overlay-opacity":"","overlay-gradient":""},"mobile":{"background-color":"var(--ast-global-color-5)","background-image":"","background-repeat":"repeat","background-position":"center center","background-size":"auto","background-attachment":"scroll","background-type":"","background-media":"","overlay-type":"","overlay-color":"","overlay-opacity":"","overlay-gradient":""}}},"product_brand":[4399],"product_cat":[1154,1150],"product_tag":[],"product_format_filter":[],"class_list":{"0":"post-231909","1":"product","2":"type-product","3":"status-publish","4":"has-post-thumbnail","6":"product_brand-1above","7":"product_cat-gels-fr","8":"product_cat-topiques","9":"pa_cbd-50mg-fr","10":"pa_cbg-50mg","11":"pa_cbn-50mg-fr","12":"pa_format-60ml-fr","13":"pa_intensity-faible-cbd","14":"pa_intensity-low-cbg-fr","15":"pa_intensity-low-cbn-fr","16":"pa_intensity-thc-moyen","17":"pa_marques-fortitude-farms-fr","18":"pa_origin-ontario-fr","19":"pa_thc-100mg-fr","20":"pa_type-de-plante-cbd-fr","21":"pa_type-de-plante-cbg-fr","22":"pa_type-de-plante-cbn-fr","23":"pa_type-de-plante-thc-fr","24":"desktop-align-left","25":"tablet-align-left","26":"mobile-align-left","28":"first","29":"outofstock","30":"taxable","31":"shipping-taxable","32":"purchasable","33":"product-type-simple"},"group_of_quantity":0,"min_quantity":0,"max_quantity":"","exclude_order_quantity_value_rules":"no","exclude_category_quantity_rules":"no","combine_variations":"no","acf":[],"_links":{"self":[{"href":"https:\/\/mendomedical.ca\/fr\/wp-json\/wp\/v2\/product\/231909","targetHints":{"allow":["GET"]}}],"collection":[{"href":"https:\/\/mendomedical.ca\/fr\/wp-json\/wp\/v2\/product"}],"about":[{"href":"https:\/\/mendomedical.ca\/fr\/wp-json\/wp\/v2\/types\/product"}],"replies":[{"embeddable":true,"href":"https:\/\/mendomedical.ca\/fr\/wp-json\/wp\/v2\/comments?post=231909"}],"wp:featuredmedia":[{"embeddable":true,"href":"https:\/\/mendomedical.ca\/fr\/wp-json\/wp\/v2\/media\/231911"}],"wp:attachment":[{"href":"https:\/\/mendomedical.ca\/fr\/wp-json\/wp\/v2\/media?parent=231909"}],"wp:term":[{"taxonomy":"product_brand","embeddable":true,"href":"https:\/\/mendomedical.ca\/fr\/wp-json\/wp\/v2\/product_brand?post=231909"},{"taxonomy":"product_cat","embeddable":true,"href":"https:\/\/mendomedical.ca\/fr\/wp-json\/wp\/v2\/product_cat?post=231909"},{"taxonomy":"product_tag","embeddable":true,"href":"https:\/\/mendomedical.ca\/fr\/wp-json\/wp\/v2\/product_tag?post=231909"},{"taxonomy":"product_format_filter","embeddable":true,"href":"https:\/\/mendomedical.ca\/fr\/wp-json\/wp\/v2\/product_format_filter?post=231909"}],"curies":[{"name":"wp","href":"https:\/\/api.w.org\/{rel}","templated":true}]}}