{"id":231771,"date":"2025-01-01T17:00:20","date_gmt":"2025-01-01T22:00:20","guid":{"rendered":"https:\/\/mendomedical.ca\/?post_type=product&#038;p=231771"},"modified":"2025-05-16T11:19:55","modified_gmt":"2025-05-16T15:19:55","slug":"farmers-market-pure-live-resin-infused-pre-rolls-copy","status":"publish","type":"product","link":"https:\/\/mendomedical.ca\/fr\/produit\/farmers-market-pure-live-resin-infused-pre-rolls-copy\/","title":{"rendered":"Peanut Butter Breath Milled Flower"},"content":{"rendered":"","protected":false},"excerpt":{"rendered":"<div class=\"Qr7Oae\" role=\"listitem\">\n<div class=\"OxAavc NVbRL\" data-item-id=\"1198376709\">\n<div class=\"xMZTse Ih4Dzb\">\n<h3 tabindex=\"0\" role=\"textbox\" aria-describedby=\"c28653\" aria-label=\"Strain &amp; Lineage (if applicable)\" aria-disabled=\"true\">Total des terp\u00e8nes : 2.89%<\/h3>\n<h5 class=\"Mh5jwe JqSWld yqQS1\" tabindex=\"0\" role=\"textbox\" aria-describedby=\"c28653\" aria-label=\"Strain &amp; Lineage (if applicable)\" aria-disabled=\"true\">Peanut Butter Breath<\/h5>\n<\/div>\n<\/div>\n<\/div>\n<div class=\"Qr7Oae\" role=\"listitem\">\n<div class=\"OxAavc\" data-required=\"true\" data-other-input=\"qSV85\" data-other-hidden=\"MfYA1e\" data-item-id=\"2093781535\">\n<div class=\"pYfr3c\">\n<div class=\"prOLdf\">\n<div class=\"g53bl\">\n<div id=\"c28656\" class=\"cTDvob D1wxyf RjsPE\" role=\"heading\" aria-level=\"3\" aria-describedby=\"i.desc.2093781535 c28699\"><\/div>\n<\/div>\n<\/div>\n<\/div>\n<\/div>\n<\/div>\n<p><strong>Les offres rotatives de Lune Rise Farms Farmers&rsquo; Market Milled Flower sont issues d&rsquo;une seule souche, r\u00e9colt\u00e9es \u00e0 la main, s\u00e9ch\u00e9es en suspension et trait\u00e9es pour pr\u00e9server le profil cannabino\u00efde et terp\u00e9nique unique de chaque souche. Les fleurs moulues du march\u00e9 fermier pr\u00e9sentent une s\u00e9lection de nos vari\u00e9t\u00e9s saisonni\u00e8res. Soigneusement moulue, elle offre la commodit\u00e9 d&rsquo;une fleur d\u00e9chiquet\u00e9e de haute qualit\u00e9, sans tiges ni coupes. Peanut Butter Breath est un cultivar tr\u00e8s \u00e9pais et r\u00e9sineux, r\u00e9put\u00e9 pour ses effets relaxants. Appr\u00e9ciez les doux ar\u00f4mes de gaz de noix avec une touche d&rsquo;eucalyptol \u00e0 l&rsquo;expiration. La rotation des d\u00e9p\u00f4ts sera communiqu\u00e9e tout au long de l&rsquo;ann\u00e9e \u00e0 l&rsquo;adresse suivante : www.lunerisefarms.com.<\/strong><br \/>\n<strong>Chez Lune Rise Farms, nous nous engageons \u00e0 appliquer \u00e0 la culture du cannabis les traditions et pratiques ancestrales de l&rsquo;agriculture r\u00e9g\u00e9n\u00e9ratrice. Nous cultivons et r\u00e9coltons ; nous ne fabriquons pas.<\/strong><\/p>\n<p>&nbsp;<\/p>\n<h5>Aspect Visuel:<\/h5>\n<p>Soigneusement moulu pour offrir la commodit\u00e9 d&rsquo;une fleur d\u00e9chiquet\u00e9e de haute qualit\u00e9, sans tiges ni garnitures.<\/p>\n<p>&nbsp;<\/p>\n<h5>Profil aromatique et gustatif :<\/h5>\n<p>Appr\u00e9ciez les doux ar\u00f4mes de gaz de noix avec une touche d&rsquo;eucalyptol \u00e0 l&rsquo;expiration.<\/p>\n<p>&nbsp;<\/p>\n<h5>Profil des cannabino\u00efdes et des terp\u00e8nes :<\/h5>\n<p>Total THC : 28,9%, Total CBD : 0,1%, Total Cannabino\u00efdes : 35%<\/p>\n<p>Terp\u00e8nes totaux (3,6%)<br \/>\n1 - Trans-Caryophyll\u00e8ne 2 - Farnes\u00e8ne<br \/>\n3 - Alpha-Humul\u00e8ne<br \/>\n4 - Limon\u00e8ne<br \/>\n5 - Alpha-Bisabolol<\/p>\n<p>&nbsp;<\/p>\n<h5>Effets :<\/h5>\n<p>Les patients rapportent que Peanut Butter Breath procure une exp\u00e9rience profond\u00e9ment calmante, souvent d\u00e9crite comme ancr\u00e9e et physiquement relaxante. Son profil \u00e0 dominante indica la rend bien adapt\u00e9e \u00e0 l&rsquo;usage en soir\u00e9e ou aux p\u00e9riodes de repos, en particulier pour les patients qui recherchent un soutien en cas de tension, d&rsquo;agitation ou de stress.<br \/>\nLa saveur est riche et terreuse, avec des notes de noix et d&rsquo;herbes superpos\u00e9es \u00e0 une douceur subtile - offrant une exp\u00e9rience douce et aromatique du d\u00e9but \u00e0 la fin. La consistance finement moulue permet une utilisation facile tout en maintenant l&rsquo;int\u00e9grit\u00e9 du cultivar original.<\/p>\n<h5><\/h5>\n<h5><b>Ce que les patients disent de ce produit :<\/b><\/h5>\n<p>Les patients d\u00e9crivent r\u00e9guli\u00e8rement Peanut Butter Breath comme une option de choix pour se d\u00e9tendre. Beaucoup rapportent une sensation de lourdeur dans le corps, une r\u00e9duction du bavardage mental et un sentiment g\u00e9n\u00e9ral d&rsquo;aisance peu de temps apr\u00e8s l&rsquo;utilisation. Il est souvent choisi pour une utilisation en fin de journ\u00e9e, aidant les patients \u00e0 passer \u00e0 un \u00e9tat plus reposant.<br \/>\nL&rsquo;ar\u00f4me de noix et de musc et le go\u00fbt terreux sont souvent lou\u00e9s pour leur profondeur et leur douceur. Plusieurs utilisateurs notent que le format broy\u00e9 est pratique sans sacrifier la saveur ou l&rsquo;effet th\u00e9rapeutique, ce qui le rend facile \u00e0 utiliser avec des vaporisateurs, des pipes ou pour rouler.<\/p>\n","protected":false},"featured_media":231773,"comment_status":"closed","ping_status":"closed","template":"","meta":{"_acf_changed":false,"site-sidebar-layout":"default","site-content-layout":"","ast-site-content-layout":"default","site-content-style":"default","site-sidebar-style":"default","ast-global-header-display":"","ast-banner-title-visibility":"","ast-main-header-display":"","ast-hfb-above-header-display":"","ast-hfb-below-header-display":"","ast-hfb-mobile-header-display":"","site-post-title":"","ast-breadcrumbs-content":"","ast-featured-img":"","footer-sml-layout":"","ast-disable-related-posts":"","theme-transparent-header-meta":"default","adv-header-id-meta":"","stick-header-meta":"","header-above-stick-meta":"","header-main-stick-meta":"","header-below-stick-meta":"","astra-migrate-meta-layouts":"set","ast-page-background-enabled":"default","ast-page-background-meta":{"desktop":{"background-color":"var(--ast-global-color-4)","background-image":"","background-repeat":"repeat","background-position":"center center","background-size":"auto","background-attachment":"scroll","background-type":"","background-media":"","overlay-type":"","overlay-color":"","overlay-opacity":"","overlay-gradient":""},"tablet":{"background-color":"","background-image":"","background-repeat":"repeat","background-position":"center center","background-size":"auto","background-attachment":"scroll","background-type":"","background-media":"","overlay-type":"","overlay-color":"","overlay-opacity":"","overlay-gradient":""},"mobile":{"background-color":"","background-image":"","background-repeat":"repeat","background-position":"center center","background-size":"auto","background-attachment":"scroll","background-type":"","background-media":"","overlay-type":"","overlay-color":"","overlay-opacity":"","overlay-gradient":""}},"ast-content-background-meta":{"desktop":{"background-color":"var(--ast-global-color-5)","background-image":"","background-repeat":"repeat","background-position":"center center","background-size":"auto","background-attachment":"scroll","background-type":"","background-media":"","overlay-type":"","overlay-color":"","overlay-opacity":"","overlay-gradient":""},"tablet":{"background-color":"var(--ast-global-color-5)","background-image":"","background-repeat":"repeat","background-position":"center center","background-size":"auto","background-attachment":"scroll","background-type":"","background-media":"","overlay-type":"","overlay-color":"","overlay-opacity":"","overlay-gradient":""},"mobile":{"background-color":"var(--ast-global-color-5)","background-image":"","background-repeat":"repeat","background-position":"center center","background-size":"auto","background-attachment":"scroll","background-type":"","background-media":"","overlay-type":"","overlay-color":"","overlay-opacity":"","overlay-gradient":""}}},"product_brand":[4399],"product_cat":[1139,1137],"product_tag":[],"product_format_filter":[],"class_list":{"0":"post-231771","1":"product","2":"type-product","3":"status-publish","4":"has-post-thumbnail","6":"product_brand-1above","7":"product_cat-moulu","8":"product_cat-fleur","9":"pa_flavours-gazeux-diesel","10":"pa_flavours-eucalyptyus-fr","11":"pa_flavours-herbes-aux-noisettes","12":"pa_flavours-doux","13":"pa_format-7g-fr","14":"pa_intensity-thc-eleve","15":"pa_marques-ferme-lune-rise-fr","16":"pa_origin-ontario-fr","17":"pa_packaging-date-04-01-2025-fr","18":"pa_profil-terpene-bisabolol-fr","19":"pa_profil-terpene-caryophyllene","20":"pa_profil-terpene-farnesene-fr","21":"pa_profil-terpene-humulene-fr","22":"pa_profil-terpene-limonene-fr","23":"pa_thc-25-8-fr","24":"pa_type-de-plante-hybride-indica-fr-2","25":"desktop-align-left","26":"tablet-align-left","27":"mobile-align-left","29":"first","30":"outofstock","31":"taxable","32":"shipping-taxable","33":"purchasable","34":"product-type-simple"},"group_of_quantity":0,"min_quantity":0,"max_quantity":"","exclude_order_quantity_value_rules":"no","exclude_category_quantity_rules":"no","combine_variations":"no","acf":[],"_links":{"self":[{"href":"https:\/\/mendomedical.ca\/fr\/wp-json\/wp\/v2\/product\/231771","targetHints":{"allow":["GET"]}}],"collection":[{"href":"https:\/\/mendomedical.ca\/fr\/wp-json\/wp\/v2\/product"}],"about":[{"href":"https:\/\/mendomedical.ca\/fr\/wp-json\/wp\/v2\/types\/product"}],"replies":[{"embeddable":true,"href":"https:\/\/mendomedical.ca\/fr\/wp-json\/wp\/v2\/comments?post=231771"}],"wp:featuredmedia":[{"embeddable":true,"href":"https:\/\/mendomedical.ca\/fr\/wp-json\/wp\/v2\/media\/231773"}],"wp:attachment":[{"href":"https:\/\/mendomedical.ca\/fr\/wp-json\/wp\/v2\/media?parent=231771"}],"wp:term":[{"taxonomy":"product_brand","embeddable":true,"href":"https:\/\/mendomedical.ca\/fr\/wp-json\/wp\/v2\/product_brand?post=231771"},{"taxonomy":"product_cat","embeddable":true,"href":"https:\/\/mendomedical.ca\/fr\/wp-json\/wp\/v2\/product_cat?post=231771"},{"taxonomy":"product_tag","embeddable":true,"href":"https:\/\/mendomedical.ca\/fr\/wp-json\/wp\/v2\/product_tag?post=231771"},{"taxonomy":"product_format_filter","embeddable":true,"href":"https:\/\/mendomedical.ca\/fr\/wp-json\/wp\/v2\/product_format_filter?post=231771"}],"curies":[{"name":"wp","href":"https:\/\/api.w.org\/{rel}","templated":true}]}}