{"id":231737,"date":"2024-09-01T16:00:37","date_gmt":"2024-09-01T20:00:37","guid":{"rendered":"https:\/\/mendomedical.ca\/?post_type=product&#038;p=231737"},"modified":"2025-07-18T12:37:30","modified_gmt":"2025-07-18T16:37:30","slug":"blueberry-basket-combine-enhancer-vape-cart-copy","status":"publish","type":"product","link":"https:\/\/mendomedical.ca\/fr\/produit\/blueberry-basket-combine-enhancer-vape-cart-copy\/","title":{"rendered":"PB Breath Pure Live Resin Infused Pre-rolls"},"content":{"rendered":"","protected":false},"excerpt":{"rendered":"<div class=\"Qr7Oae\" role=\"listitem\">\n<div class=\"OxAavc NVbRL\" data-item-id=\"1198376709\">\n<div class=\"xMZTse Ih4Dzb\">\n<h3 tabindex=\"0\" role=\"textbox\" aria-describedby=\"c28653\" aria-label=\"Strain &amp; Lineage (if applicable)\" aria-disabled=\"true\">Total des terp\u00e8nes : 6.33%<\/h3>\n<h5 class=\"Mh5jwe JqSWld yqQS1\" tabindex=\"0\" role=\"textbox\" aria-describedby=\"c28653\" aria-label=\"Strain &amp; Lineage (if applicable)\" aria-disabled=\"true\"><em>Peanut Butter Breath<\/em><\/h5>\n<\/div>\n<\/div>\n<\/div>\n<div class=\"Qr7Oae\" role=\"listitem\">\n<div class=\"OxAavc\" data-required=\"true\" data-other-input=\"qSV85\" data-other-hidden=\"MfYA1e\" data-item-id=\"2093781535\">\n<div class=\"pYfr3c\">\n<div class=\"prOLdf\">\n<div class=\"g53bl\">\n<div id=\"c28656\" class=\"cTDvob D1wxyf RjsPE\" role=\"heading\" aria-level=\"3\" aria-describedby=\"i.desc.2093781535 c28699\"><\/div>\n<\/div>\n<\/div>\n<\/div>\n<\/div>\n<\/div>\n<p><strong>Les pre-rolls Lune Rise Farms Farmers&rsquo; Market Pure Live Resin Infused sont fabriqu\u00e9s \u00e0 partir de fleurs enti\u00e8res cultiv\u00e9es au soleil et d&rsquo;une seule souche, infus\u00e9es avec de la r\u00e9sine pure et vivante provenant du m\u00eame cultivar. <\/strong><br \/>\n<strong>Chaque pre-roll de Farmers&rsquo; Market Pure Live Resin Infused pr\u00e9sente une s\u00e9lection de nos vari\u00e9t\u00e9s saisonni\u00e8res, r\u00e9colt\u00e9es \u00e0 la main pour pr\u00e9server le profil cannabino\u00efde et terp\u00e9nique unique de la vari\u00e9t\u00e9. Peanut Butter Breath est un cultivar tr\u00e8s \u00e9pais et r\u00e9sineux, r\u00e9put\u00e9 pour ses effets relaxants. Appr\u00e9ciez les doux ar\u00f4mes de gaz de noix avec une touche d&rsquo;eucalyptol sur l&rsquo;expiration. Des nouveaut\u00e9es en rotation seront communiqu\u00e9es tout au long de l&rsquo;ann\u00e9e sur www.lunerisefarms.com. <\/strong><br \/>\n<strong>Chez Lune Rise Farms, nous nous engageons \u00e0 appliquer \u00e0 la culture du cannabis les traditions et pratiques ancestrales de l&rsquo;agriculture r\u00e9g\u00e9n\u00e9ratrice. Nous croyons sinc\u00e8rement que les produits naturels sont mieux soign\u00e9s par les artisans de la terre, les agriculteurs. <\/strong><br \/>\n<strong>Nous cultivons et r\u00e9coltons ; nous ne fabriquons pas.<\/strong><\/p>\n<p>&nbsp;<\/p>\n<h5>Profil aromatique et gustatif :<\/h5>\n<p>Appr\u00e9ciez les doux ar\u00f4mes de gaz de noix avec une touche d&rsquo;eucalyptol \u00e0 l&rsquo;expiration.<\/p>\n<p>&nbsp;<\/p>\n<h5>Profil des cannabino\u00efdes et des terp\u00e8nes :<\/h5>\n<p>Total THC : 42%, Total CBD : &lt;0,6%, Total Cannabino\u00efdes : 45.95%<\/p>\n<p>Terp\u00e8nes totaux (6,33%)<br \/>\n1 - Trans-Caryophyll\u00e8ne 2 - Farnes\u00e8ne<br \/>\n3 - Limon\u00e8ne<br \/>\n4 - Alpha-Humul\u00e8ne<br \/>\n5 - B\u00eata-Myrc\u00e8ne<\/p>\n<p>&nbsp;<\/p>\n<h5>Effets :<\/h5>\n<p>Les patients rapportent que ces pre-rolls infus\u00e9s de r\u00e9sine vivante pure offrent une exp\u00e9rience profond\u00e9ment calmante avec une sensation notable de relaxation \u00e0 la fois mentale et physique. La combinaison de fleurs cultiv\u00e9es au soleil et de r\u00e9sine vivante assortie produit un effet riche et complet qui favorise la d\u00e9tente \u00e0 la fin de la journ\u00e9e.<br \/>\nCe produit peut convenir aux patients qui recherchent un soutien des sympt\u00f4mes li\u00e9s au stress, \u00e0 la tension ou \u00e0 l&rsquo;agitation, en particulier pendant la soir\u00e9e. La saveur est constamment d\u00e9crite comme douce, sp\u00e9cifique \u00e0 la vari\u00e9t\u00e9, et ax\u00e9e sur les terp\u00e8nes - avec des notes comme le gaz de noix et de subtiles nuances d&rsquo;herbes.<\/p>\n<h5><\/h5>\n<h5><b>Ce que les patients disent de ce produit :<\/b><\/h5>\n<p>Les patients d\u00e9crivent ces pre-rolls infus\u00e9s de r\u00e9sine vivante pure comme offrant une exp\u00e9rience forte mais \u00e9quilibr\u00e9e qui favorise le repos et le soulagement du stress. Beaucoup soulignent un sentiment de calme qui se d\u00e9veloppe en quelques minutes, ce qui le rend appropri\u00e9 pour les soir\u00e9es tranquilles ou les p\u00e9riodes de r\u00e9cup\u00e9ration.<br \/>\nLa saveur et l&rsquo;ar\u00f4me - en particulier dans les vari\u00e9t\u00e9s comme Peanut Butter Breath - sont souvent d\u00e9crits comme doux, terreux et satisfaisants, sans aucune duret\u00e9. Plusieurs patients font \u00e9tat d&rsquo;une relaxation accrue par rapport \u00e0 la fleur traditionnelle, notant que l&rsquo;infusion de r\u00e9sine vivante pure leur permet d&rsquo;atteindre l&rsquo;effet d\u00e9sir\u00e9 avec moins d&rsquo;inhalations.<\/p>\n","protected":false},"featured_media":231741,"comment_status":"closed","ping_status":"closed","template":"","meta":{"_acf_changed":false,"site-sidebar-layout":"default","site-content-layout":"","ast-site-content-layout":"default","site-content-style":"default","site-sidebar-style":"default","ast-global-header-display":"","ast-banner-title-visibility":"","ast-main-header-display":"","ast-hfb-above-header-display":"","ast-hfb-below-header-display":"","ast-hfb-mobile-header-display":"","site-post-title":"","ast-breadcrumbs-content":"","ast-featured-img":"","footer-sml-layout":"","ast-disable-related-posts":"","theme-transparent-header-meta":"default","adv-header-id-meta":"","stick-header-meta":"","header-above-stick-meta":"","header-main-stick-meta":"","header-below-stick-meta":"","astra-migrate-meta-layouts":"set","ast-page-background-enabled":"default","ast-page-background-meta":{"desktop":{"background-color":"var(--ast-global-color-4)","background-image":"","background-repeat":"repeat","background-position":"center center","background-size":"auto","background-attachment":"scroll","background-type":"","background-media":"","overlay-type":"","overlay-color":"","overlay-opacity":"","overlay-gradient":""},"tablet":{"background-color":"","background-image":"","background-repeat":"repeat","background-position":"center center","background-size":"auto","background-attachment":"scroll","background-type":"","background-media":"","overlay-type":"","overlay-color":"","overlay-opacity":"","overlay-gradient":""},"mobile":{"background-color":"","background-image":"","background-repeat":"repeat","background-position":"center center","background-size":"auto","background-attachment":"scroll","background-type":"","background-media":"","overlay-type":"","overlay-color":"","overlay-opacity":"","overlay-gradient":""}},"ast-content-background-meta":{"desktop":{"background-color":"var(--ast-global-color-5)","background-image":"","background-repeat":"repeat","background-position":"center center","background-size":"auto","background-attachment":"scroll","background-type":"","background-media":"","overlay-type":"","overlay-color":"","overlay-opacity":"","overlay-gradient":""},"tablet":{"background-color":"var(--ast-global-color-5)","background-image":"","background-repeat":"repeat","background-position":"center center","background-size":"auto","background-attachment":"scroll","background-type":"","background-media":"","overlay-type":"","overlay-color":"","overlay-opacity":"","overlay-gradient":""},"mobile":{"background-color":"var(--ast-global-color-5)","background-image":"","background-repeat":"repeat","background-position":"center center","background-size":"auto","background-attachment":"scroll","background-type":"","background-media":"","overlay-type":"","overlay-color":"","overlay-opacity":"","overlay-gradient":""}}},"product_brand":[4399],"product_cat":[1147,1144],"product_tag":[],"product_format_filter":[],"class_list":{"0":"post-231737","1":"product","2":"type-product","3":"status-publish","4":"has-post-thumbnail","6":"product_brand-1above","7":"product_cat-pre-roules-infuses","8":"product_cat-pre-roules","9":"pa_flavours-gazeux-diesel","10":"pa_flavours-eucalyptyus-fr","11":"pa_flavours-herbes-aux-noisettes","12":"pa_flavours-doux","13":"pa_format-0-5g-x-3-2-fr","14":"pa_intensity-thc-eleve","15":"pa_marques-ferme-lune-rise-fr","16":"pa_origin-ontario-fr","17":"pa_profil-terpene-caryophyllene","18":"pa_profil-terpene-farnesene-fr","19":"pa_profil-terpene-humulene-fr","20":"pa_profil-terpene-limonene-fr","21":"pa_profil-terpene-myrcene","22":"pa_thc-42-fr","23":"pa_type-de-plante-hybride-indica-fr","24":"desktop-align-left","25":"tablet-align-left","26":"mobile-align-left","28":"first","29":"outofstock","30":"taxable","31":"shipping-taxable","32":"purchasable","33":"product-type-simple"},"group_of_quantity":0,"min_quantity":0,"max_quantity":"","exclude_order_quantity_value_rules":"no","exclude_category_quantity_rules":"no","combine_variations":"no","acf":[],"_links":{"self":[{"href":"https:\/\/mendomedical.ca\/fr\/wp-json\/wp\/v2\/product\/231737","targetHints":{"allow":["GET"]}}],"collection":[{"href":"https:\/\/mendomedical.ca\/fr\/wp-json\/wp\/v2\/product"}],"about":[{"href":"https:\/\/mendomedical.ca\/fr\/wp-json\/wp\/v2\/types\/product"}],"replies":[{"embeddable":true,"href":"https:\/\/mendomedical.ca\/fr\/wp-json\/wp\/v2\/comments?post=231737"}],"wp:featuredmedia":[{"embeddable":true,"href":"https:\/\/mendomedical.ca\/fr\/wp-json\/wp\/v2\/media\/231741"}],"wp:attachment":[{"href":"https:\/\/mendomedical.ca\/fr\/wp-json\/wp\/v2\/media?parent=231737"}],"wp:term":[{"taxonomy":"product_brand","embeddable":true,"href":"https:\/\/mendomedical.ca\/fr\/wp-json\/wp\/v2\/product_brand?post=231737"},{"taxonomy":"product_cat","embeddable":true,"href":"https:\/\/mendomedical.ca\/fr\/wp-json\/wp\/v2\/product_cat?post=231737"},{"taxonomy":"product_tag","embeddable":true,"href":"https:\/\/mendomedical.ca\/fr\/wp-json\/wp\/v2\/product_tag?post=231737"},{"taxonomy":"product_format_filter","embeddable":true,"href":"https:\/\/mendomedical.ca\/fr\/wp-json\/wp\/v2\/product_format_filter?post=231737"}],"curies":[{"name":"wp","href":"https:\/\/api.w.org\/{rel}","templated":true}]}}