{"id":231656,"date":"2024-02-02T11:50:45","date_gmt":"2024-02-02T16:50:45","guid":{"rendered":"https:\/\/mendomedical.ca\/?post_type=product&#038;p=231656"},"modified":"2025-11-05T10:32:55","modified_gmt":"2025-11-05T15:32:55","slug":"greasy-pink-full-spectrum-solventless-soft-chews-copy","status":"publish","type":"product","link":"https:\/\/mendomedical.ca\/fr\/produit\/greasy-pink-full-spectrum-solventless-soft-chews-copy\/","title":{"rendered":"Jolly Hashers Full Spectrum Solventless Blueberry Soft Chews (en anglais)"},"content":{"rendered":"","protected":false},"excerpt":{"rendered":"<div class=\"Qr7Oae\" role=\"listitem\">\n<div class=\"OxAavc NVbRL\" data-item-id=\"1198376709\">\n<div class=\"xMZTse Ih4Dzb\">\n<h5 class=\"Mh5jwe JqSWld yqQS1\" tabindex=\"0\" role=\"textbox\" aria-describedby=\"c28653\" aria-label=\"Strain &amp; Lineage (if applicable)\" aria-disabled=\"true\"><em>Biscuits \u00e0 la mandarine<\/em><\/h5>\n<\/div>\n<\/div>\n<\/div>\n<div class=\"Qr7Oae\" role=\"listitem\">\n<div class=\"OxAavc\" data-required=\"true\" data-other-input=\"qSV85\" data-other-hidden=\"MfYA1e\" data-item-id=\"2093781535\">\n<div class=\"pYfr3c\">\n<div class=\"prOLdf\">\n<div class=\"g53bl\">\n<div id=\"c28656\" class=\"cTDvob D1wxyf RjsPE\" role=\"heading\" aria-level=\"3\" aria-describedby=\"i.desc.2093781535 c28699\"><\/div>\n<\/div>\n<\/div>\n<\/div>\n<\/div>\n<\/div>\n<p><strong>Port Norths Jolly Hashers Soft Chew en Blueberry offre une option savoureuse et accessible aux patients de cannabis m\u00e9dical qui recherchent un soulagement sans solvant et \u00e0 spectre complet. Chaque bonbon \u00e0 m\u00e2cher est infus\u00e9 avec 5 mg de THC provenant d&rsquo;une souche sp\u00e9cifique de Ice water hash, extraite sans solvants pour pr\u00e9server un large spectre de cannabino\u00efdes et de terp\u00e8nes. L&rsquo;ar\u00f4me de myrtille rend l&rsquo;exp\u00e9rience agr\u00e9able avec un go\u00fbt minimal de cannabis, tandis que le dosage constant permet une titration facile.  <\/strong><\/p>\n<p>&nbsp;<\/p>\n<h5>Aspect Visuel:<\/h5>\n<p>Les Jolly Hashers se distinguent imm\u00e9diatement par leur couleur bleu \u00e9lectrique, audacieuse et accrocheuse. Chaque morceau est proprement d\u00e9coup\u00e9 en un cube uniforme, ce qui donne une impression de pr\u00e9cision et de soin dans la production. La l\u00e9g\u00e8re couche de sucre ajoute un \u00e9clat subtil, sugg\u00e9rant \u00e0 la fois une texture satisfaisante et une bouch\u00e9e sucr\u00e9e.  <\/p>\n<p>&nbsp;<\/p>\n<h5>Profil de saveur :<\/h5>\n<p>Les Jolly Hashers offrent une saveur de myrtille audacieuse, juteuse, sucr\u00e9e et l\u00e9g\u00e8rement acidul\u00e9e, qui rappelle les bonbons classiques \u00e0 la framboise bleue. La texture est lisse avec une l\u00e9g\u00e8re couche de sucre, offrant une mastication satisfaisante. Les patients appr\u00e9cieront le fait que, malgr\u00e9 l&rsquo;infusion de haschisch \u00e0 spectre complet, il n&rsquo;y a pas d&rsquo;arri\u00e8re-go\u00fbt de cannabis perceptible. La saveur reste constante tout au long du produit, ce qui en fait une option discr\u00e8te et agr\u00e9able pour ceux qui recherchent \u00e0 la fois l&rsquo;efficacit\u00e9 et le go\u00fbt.   <\/p>\n<p>&nbsp;<\/p>\n<h5>Effets :<\/h5>\n<p>Infus\u00e9e avec du hasch sans solvant \u00e0 spectre complet, la Jolly Hashers peut offrir des effets \u00e9quilibr\u00e9s, \u00e0 la fois stimulants et apaisants. Des patients ont rapport\u00e9 que ce cultivar peut aider \u00e0 soulager les sympt\u00f4mes li\u00e9s au stress, \u00e0 l&rsquo;anxi\u00e9t\u00e9 l\u00e9g\u00e8re et \u00e0 la tension physique, tout en permettant la clart\u00e9 mentale et la concentration. Les effets peuvent se d\u00e9velopper progressivement, offrant une sensation corporelle d\u00e9tendue sans s\u00e9dation lourde, ce qui permet de l&rsquo;utiliser pendant la journ\u00e9e ou le soir, en fonction de la tol\u00e9rance et des besoins de chacun.  <\/p>\n<h5><\/h5>\n<h5><b>Ce que les patients disent de ce produit :<\/b><\/h5>\n<p>Les patients rapportent que les Jolly Hashers offrent une exp\u00e9rience douce et g\u00e9rable, avec des effets calmants qui peuvent aider \u00e0 r\u00e9duire le stress l\u00e9ger et \u00e0 soutenir l&rsquo;\u00e9quilibre de l&rsquo;humeur. Beaucoup appr\u00e9cient l&rsquo;absence d&rsquo;arri\u00e8re-go\u00fbt de cannabis et la saveur de myrtille constante et accessible. L&rsquo;infusion de haschisch \u00e0 spectre complet est r\u00e9put\u00e9e pour produire des effets naturels et r\u00e9guliers, ce qui fait de ces produits \u00e0 m\u00e2cher une option fiable pour ceux qui g\u00e8rent les sympt\u00f4mes quotidiens sans psycho-activit\u00e9 excessive.  <\/p>\n<p>&nbsp;<\/p>\n<h4>Ingr\u00e9dients<\/h4>\n<p>Sucres (sucre cristallis\u00e9, sirop de glucose), eau, g\u00e9latine, pectine, ar\u00f4mes naturels et artificiels, acide citrique, citrate trisodique, huile MCT, extrait de cannabis, bleu brillant FCF, huile de canola.<\/p>\n","protected":false},"featured_media":231715,"comment_status":"closed","ping_status":"closed","template":"","meta":{"_acf_changed":false,"site-sidebar-layout":"default","site-content-layout":"","ast-site-content-layout":"default","site-content-style":"default","site-sidebar-style":"default","ast-global-header-display":"","ast-banner-title-visibility":"","ast-main-header-display":"","ast-hfb-above-header-display":"","ast-hfb-below-header-display":"","ast-hfb-mobile-header-display":"","site-post-title":"","ast-breadcrumbs-content":"","ast-featured-img":"","footer-sml-layout":"","ast-disable-related-posts":"","theme-transparent-header-meta":"default","adv-header-id-meta":"","stick-header-meta":"","header-above-stick-meta":"","header-main-stick-meta":"","header-below-stick-meta":"","astra-migrate-meta-layouts":"set","ast-page-background-enabled":"default","ast-page-background-meta":{"desktop":{"background-color":"var(--ast-global-color-4)","background-image":"","background-repeat":"repeat","background-position":"center center","background-size":"auto","background-attachment":"scroll","background-type":"","background-media":"","overlay-type":"","overlay-color":"","overlay-opacity":"","overlay-gradient":""},"tablet":{"background-color":"","background-image":"","background-repeat":"repeat","background-position":"center center","background-size":"auto","background-attachment":"scroll","background-type":"","background-media":"","overlay-type":"","overlay-color":"","overlay-opacity":"","overlay-gradient":""},"mobile":{"background-color":"","background-image":"","background-repeat":"repeat","background-position":"center center","background-size":"auto","background-attachment":"scroll","background-type":"","background-media":"","overlay-type":"","overlay-color":"","overlay-opacity":"","overlay-gradient":""}},"ast-content-background-meta":{"desktop":{"background-color":"var(--ast-global-color-5)","background-image":"","background-repeat":"repeat","background-position":"center center","background-size":"auto","background-attachment":"scroll","background-type":"","background-media":"","overlay-type":"","overlay-color":"","overlay-opacity":"","overlay-gradient":""},"tablet":{"background-color":"var(--ast-global-color-5)","background-image":"","background-repeat":"repeat","background-position":"center center","background-size":"auto","background-attachment":"scroll","background-type":"","background-media":"","overlay-type":"","overlay-color":"","overlay-opacity":"","overlay-gradient":""},"mobile":{"background-color":"var(--ast-global-color-5)","background-image":"","background-repeat":"repeat","background-position":"center center","background-size":"auto","background-attachment":"scroll","background-type":"","background-media":"","overlay-type":"","overlay-color":"","overlay-opacity":"","overlay-gradient":""}}},"product_brand":[4399],"product_cat":[1132,1511,1128],"product_tag":[],"product_format_filter":[6498],"class_list":{"0":"post-231656","1":"product","2":"type-product","3":"status-publish","4":"has-post-thumbnail","6":"product_brand-1above","7":"product_cat-bonbons","8":"product_cat-full-spectrum-fr","9":"product_cat-comestibles","10":"pa_flavours-watermelon-fr","11":"pa_format-2-unites","12":"pa_intensity-thc-moyen","13":"pa_marques-port-nord","14":"pa_origin-ontario-fr","15":"pa_thc-10mg-fr","16":"pa_type-de-plante-hybride-fr","17":"product_format_filter-2units","18":"desktop-align-left","19":"tablet-align-left","20":"mobile-align-left","22":"first","23":"outofstock","24":"taxable","25":"shipping-taxable","26":"purchasable","27":"product-type-simple"},"group_of_quantity":0,"min_quantity":0,"max_quantity":"","exclude_order_quantity_value_rules":"no","exclude_category_quantity_rules":"no","combine_variations":"no","acf":[],"_links":{"self":[{"href":"https:\/\/mendomedical.ca\/fr\/wp-json\/wp\/v2\/product\/231656","targetHints":{"allow":["GET"]}}],"collection":[{"href":"https:\/\/mendomedical.ca\/fr\/wp-json\/wp\/v2\/product"}],"about":[{"href":"https:\/\/mendomedical.ca\/fr\/wp-json\/wp\/v2\/types\/product"}],"replies":[{"embeddable":true,"href":"https:\/\/mendomedical.ca\/fr\/wp-json\/wp\/v2\/comments?post=231656"}],"wp:featuredmedia":[{"embeddable":true,"href":"https:\/\/mendomedical.ca\/fr\/wp-json\/wp\/v2\/media\/231715"}],"wp:attachment":[{"href":"https:\/\/mendomedical.ca\/fr\/wp-json\/wp\/v2\/media?parent=231656"}],"wp:term":[{"taxonomy":"product_brand","embeddable":true,"href":"https:\/\/mendomedical.ca\/fr\/wp-json\/wp\/v2\/product_brand?post=231656"},{"taxonomy":"product_cat","embeddable":true,"href":"https:\/\/mendomedical.ca\/fr\/wp-json\/wp\/v2\/product_cat?post=231656"},{"taxonomy":"product_tag","embeddable":true,"href":"https:\/\/mendomedical.ca\/fr\/wp-json\/wp\/v2\/product_tag?post=231656"},{"taxonomy":"product_format_filter","embeddable":true,"href":"https:\/\/mendomedical.ca\/fr\/wp-json\/wp\/v2\/product_format_filter?post=231656"}],"curies":[{"name":"wp","href":"https:\/\/api.w.org\/{rel}","templated":true}]}}