{"id":231642,"date":"2024-02-02T11:55:00","date_gmt":"2024-02-02T16:55:00","guid":{"rendered":"https:\/\/mendomedical.ca\/?post_type=product&#038;p=231642"},"modified":"2026-01-28T13:37:36","modified_gmt":"2026-01-28T18:37:36","slug":"face-off-og-full-spectrum-live-rosin-syrup-copy-2","status":"publish","type":"product","link":"https:\/\/mendomedical.ca\/fr\/produit\/face-off-og-full-spectrum-live-rosin-syrup-copy-2\/","title":{"rendered":"Greasy Pink Full Spectrum Solventless Watermelon Soft Chews (en anglais)"},"content":{"rendered":"","protected":false},"excerpt":{"rendered":"<div class=\"ExternalClassE841E84DA80F482292D4F09B71AF4269\">\n<h3>Greasy Pink Full Spectrum Solventless Watermelon Soft Chews (en anglais)<\/h3>\n<p>Les Soft Chews Full Spectrum Live Rosin de Port North offrent une exp\u00e9rience de cannabis de premi\u00e8re qualit\u00e9 gr\u00e2ce \u00e0 une technologie d&rsquo;extraction sans solvant. Chaque produit \u00e0 m\u00e2cher, pr\u00e9cis\u00e9ment dos\u00e9 \u00e0 10 mg de THC, pr\u00e9sente un authentique go\u00fbt de past\u00e8que avec un minimum de go\u00fbt de cannabis, fabriqu\u00e9 \u00e0 partir de la Live Rosin de la souche Greasy Pink \u00e0 dominance indica. Ces produits \u00e0 m\u00e2cher roses dor\u00e9s offrent un dosage coh\u00e9rent et une consommation discr\u00e8te pour les patients de cannabis m\u00e9dical qui recherchent une relaxation nocturne et un soutien au repos.  <\/p>\n<h4>Caract\u00e9ristiques principales<\/h4>\n<ul>\n<li>10 mg de THC par comprim\u00e9 pour un dosage pr\u00e9cis et coh\u00e9rent<\/li>\n<li>L&rsquo;extraction de la Live Rosin sans solvant pr\u00e9serve l&rsquo;int\u00e9gralit\u00e9 des cannabino\u00efdes.<\/li>\n<li>L&rsquo;ar\u00f4me sucr\u00e9 de past\u00e8que masque le go\u00fbt du cannabis<\/li>\n<li>La vari\u00e9t\u00e9 Greasy Pink \u00e0 dominance indica pour des effets apaisants sur l&rsquo;ensemble du corps.<\/li>\n<li>Texture douce saupoudr\u00e9e de sucre pour une consommation facile<\/li>\n<\/ul>\n<h4>Profil aromatique et gustatif<\/h4>\n<p>Ces produits \u00e0 m\u00e2cher doux m\u00e9langent des notes de past\u00e8que sucr\u00e9e et juteuse avec des nuances terreuses subtiles provenant de la souche Greasy Pink. L&rsquo;ar\u00f4me se pr\u00e9sente sous la forme d&rsquo;une past\u00e8que fruit\u00e9e pr\u00e9dominante, avec pratiquement aucun parfum de cannabis d\u00e9tectable. La m\u00e9thode d&rsquo;extraction sans solvant \u00e0 base de Live Rosin pr\u00e9serve le profil terp\u00e9nique naturel de la vari\u00e9t\u00e9 tout en offrant une exp\u00e9rience gustative \u00e9quilibr\u00e9e qui associe la douceur fruit\u00e9e \u00e0 de douces notes d&rsquo;herbes.  <\/p>\n<h4>Pourquoi choisir les Soft Chews au cannabis<\/h4>\n<p>Les produits \u00e0 m\u00e2cher offrent aux patients du cannabis m\u00e9dical des options de dosage discr\u00e8tes et portables qui ne n\u00e9cessitent ni pr\u00e9paration ni \u00e9quipement. La teneur constante de 10 mg de THC permet une gestion pr\u00e9cise des sympt\u00f4mes, tandis que la nature \u00e0 lib\u00e9ration prolong\u00e9e des edibles peut apporter un soulagement plus durable que les m\u00e9thodes d&rsquo;inhalation. <\/p>\n<h4>Exp\u00e9dition dans tout le Canada<\/h4>\n<p>Les mastications molles au melon d&rsquo;eau Greasy Pink Full Spectrum sans solvant sont exp\u00e9di\u00e9es rapidement \u00e0 travers le Canada avec une livraison gratuite pour les commandes de plus de 150 $. Veuillez noter que les produits contenant de la g\u00e9latine peuvent fondre pendant l&rsquo;exp\u00e9dition durant les mois d&rsquo;\u00e9t\u00e9. Nous vous recommandons de tenir compte de ce probl\u00e8me potentiel lorsque vous passez votre commande.   Malheureusement, nous ne pouvons pas offrir de remboursement ou de remplacement pour les produits qui fondent pendant le transport. Nous vous remercions de votre compr\u00e9hension.<\/p>\n<h4>Avantages et couverture pour les anciens combattants<\/h4>\n<p>Greasy Pink Full Spectrum Solventless Watermelon Soft Chews est admissible \u00e0 la couverture d&rsquo;ACC (Anciens Combattants Canada) avec facturation directe par la Croix Bleue, ce qui signifie que les anciens combattants admissibles n&rsquo;ont pas \u00e0 d\u00e9bourser d&rsquo;argent. Si vous n&rsquo;avez pas encore de carte de cannabis m\u00e9dical, <a href=\"https:\/\/mendomedical.ca\/fr\/carte-medicale\/\">obtenez votre carte m\u00e9dicale gratuite rapidement et facilement<\/a>. <\/p>\n<p><strong>Ingr\u00e9dients :<\/strong> Sucre (sucre, sirop de ma\u00efs), eau, g\u00e9latine, acide citrique, ar\u00f4me naturel et artificiel, pectine, huile MCT, extrait de cannabis, Sunset Yellow FCF, huile de canola.<\/p>\n<\/div>\n","protected":false},"featured_media":231644,"comment_status":"closed","ping_status":"closed","template":"","meta":{"_acf_changed":false,"site-sidebar-layout":"default","site-content-layout":"","ast-site-content-layout":"default","site-content-style":"default","site-sidebar-style":"default","ast-global-header-display":"","ast-banner-title-visibility":"","ast-main-header-display":"","ast-hfb-above-header-display":"","ast-hfb-below-header-display":"","ast-hfb-mobile-header-display":"","site-post-title":"","ast-breadcrumbs-content":"","ast-featured-img":"","footer-sml-layout":"","ast-disable-related-posts":"","theme-transparent-header-meta":"default","adv-header-id-meta":"","stick-header-meta":"","header-above-stick-meta":"","header-main-stick-meta":"","header-below-stick-meta":"","astra-migrate-meta-layouts":"set","ast-page-background-enabled":"default","ast-page-background-meta":{"desktop":{"background-color":"var(--ast-global-color-4)","background-image":"","background-repeat":"repeat","background-position":"center center","background-size":"auto","background-attachment":"scroll","background-type":"","background-media":"","overlay-type":"","overlay-color":"","overlay-opacity":"","overlay-gradient":""},"tablet":{"background-color":"","background-image":"","background-repeat":"repeat","background-position":"center center","background-size":"auto","background-attachment":"scroll","background-type":"","background-media":"","overlay-type":"","overlay-color":"","overlay-opacity":"","overlay-gradient":""},"mobile":{"background-color":"","background-image":"","background-repeat":"repeat","background-position":"center center","background-size":"auto","background-attachment":"scroll","background-type":"","background-media":"","overlay-type":"","overlay-color":"","overlay-opacity":"","overlay-gradient":""}},"ast-content-background-meta":{"desktop":{"background-color":"var(--ast-global-color-5)","background-image":"","background-repeat":"repeat","background-position":"center center","background-size":"auto","background-attachment":"scroll","background-type":"","background-media":"","overlay-type":"","overlay-color":"","overlay-opacity":"","overlay-gradient":""},"tablet":{"background-color":"var(--ast-global-color-5)","background-image":"","background-repeat":"repeat","background-position":"center center","background-size":"auto","background-attachment":"scroll","background-type":"","background-media":"","overlay-type":"","overlay-color":"","overlay-opacity":"","overlay-gradient":""},"mobile":{"background-color":"var(--ast-global-color-5)","background-image":"","background-repeat":"repeat","background-position":"center center","background-size":"auto","background-attachment":"scroll","background-type":"","background-media":"","overlay-type":"","overlay-color":"","overlay-opacity":"","overlay-gradient":""}}},"product_brand":[4399],"product_cat":[1132,1511,1128],"product_tag":[],"product_format_filter":[6498],"class_list":{"0":"post-231642","1":"product","2":"type-product","3":"status-publish","4":"has-post-thumbnail","6":"product_brand-1above","7":"product_cat-bonbons","8":"product_cat-full-spectrum-fr","9":"product_cat-comestibles","10":"pa_flavours-watermelon-fr","11":"pa_format-2-unites","12":"pa_intensity-thc-moyen","13":"pa_marques-port-nord","14":"pa_origin-ontario-fr","15":"pa_thc-10mg-fr","16":"pa_type-de-plante-indica-fr","17":"product_format_filter-2units","18":"desktop-align-left","19":"tablet-align-left","20":"mobile-align-left","22":"first","23":"outofstock","24":"taxable","25":"shipping-taxable","26":"purchasable","27":"product-type-simple"},"group_of_quantity":0,"min_quantity":0,"max_quantity":"","exclude_order_quantity_value_rules":"no","exclude_category_quantity_rules":"no","combine_variations":"no","acf":[],"_links":{"self":[{"href":"https:\/\/mendomedical.ca\/fr\/wp-json\/wp\/v2\/product\/231642","targetHints":{"allow":["GET"]}}],"collection":[{"href":"https:\/\/mendomedical.ca\/fr\/wp-json\/wp\/v2\/product"}],"about":[{"href":"https:\/\/mendomedical.ca\/fr\/wp-json\/wp\/v2\/types\/product"}],"replies":[{"embeddable":true,"href":"https:\/\/mendomedical.ca\/fr\/wp-json\/wp\/v2\/comments?post=231642"}],"wp:featuredmedia":[{"embeddable":true,"href":"https:\/\/mendomedical.ca\/fr\/wp-json\/wp\/v2\/media\/231644"}],"wp:attachment":[{"href":"https:\/\/mendomedical.ca\/fr\/wp-json\/wp\/v2\/media?parent=231642"}],"wp:term":[{"taxonomy":"product_brand","embeddable":true,"href":"https:\/\/mendomedical.ca\/fr\/wp-json\/wp\/v2\/product_brand?post=231642"},{"taxonomy":"product_cat","embeddable":true,"href":"https:\/\/mendomedical.ca\/fr\/wp-json\/wp\/v2\/product_cat?post=231642"},{"taxonomy":"product_tag","embeddable":true,"href":"https:\/\/mendomedical.ca\/fr\/wp-json\/wp\/v2\/product_tag?post=231642"},{"taxonomy":"product_format_filter","embeddable":true,"href":"https:\/\/mendomedical.ca\/fr\/wp-json\/wp\/v2\/product_format_filter?post=231642"}],"curies":[{"name":"wp","href":"https:\/\/api.w.org\/{rel}","templated":true}]}}