{"id":231550,"date":"2024-07-01T23:14:09","date_gmt":"2024-07-02T03:14:09","guid":{"rendered":"https:\/\/mendomedical.ca\/?post_type=product&#038;p=231550"},"modified":"2026-04-26T03:05:35","modified_gmt":"2026-04-26T07:05:35","slug":"cbd-extra-strength-relief-stick-copy-2","status":"publish","type":"product","link":"https:\/\/mendomedical.ca\/fr\/produit\/cbd-extra-strength-relief-stick-copy-2\/","title":{"rendered":"B\u00e2ton de sport CBD"},"content":{"rendered":"","protected":false},"excerpt":{"rendered":"<div class=\"ExternalClassD16A0D98C9B1424AA3430C224C80624D\">\n<h3>B\u00e2ton de sport CBD de Wildflower<\/h3>\n<p>Le Wildflower CBD Sports Stick procure un soulagement cibl\u00e9 gr\u00e2ce \u00e0 un applicateur pratique. Ce topique sp\u00e9cialement formul\u00e9 contient 400 mg de CBD combin\u00e9s \u00e0 des ingr\u00e9dients naturels con\u00e7us pour offrir une exp\u00e9rience unique de double sensation. Le m\u00e9lange d&rsquo;huiles de camphre et de menthe poivr\u00e9e cr\u00e9e un effet de refroidissement initial, suivi d&rsquo;une douce chaleur due \u00e0 l&rsquo;huile de chili, ce qui en fait un produit id\u00e9al pour une application localis\u00e9e sur les muscles et les articulations.  <\/p>\n<h4>Caract\u00e9ristiques principales<\/h4>\n<ul>\n<li>Concentration de 400 mg de CBD pour un soutien topique puissant<\/li>\n<li>La formule \u00e0 double action procure une sensation de fra\u00eecheur suivie d&rsquo;une sensation de chaleur.<\/li>\n<li>L&rsquo;applicateur en b\u00e2tonnet, qui ne fait pas de d\u00e9g\u00e2ts, permet une application pr\u00e9cise et cibl\u00e9e.<\/li>\n<li>Enrichi en huile de coco et en beurre de karit\u00e9 pour nourrir la peau.<\/li>\n<li>Le m\u00e9lange d&rsquo;huiles essentielles comprend du camphre, de la menthe poivr\u00e9e et de l&rsquo;huile de chili.<\/li>\n<\/ul>\n<h4>Pourquoi choisir les produits topiques en roll-on ?<\/h4>\n<p>Les topiques en rouleau offrent aux consommateurs de cannabis m\u00e9dical une m\u00e9thode pratique et discr\u00e8te pour une application cibl\u00e9e. Le format b\u00e2ton \u00e9limine le d\u00e9sordre et permet un contr\u00f4le pr\u00e9cis des zones d&rsquo;application, ce qui le rend particuli\u00e8rement adapt\u00e9 au soulagement en d\u00e9placement et au confort localis\u00e9. <\/p>\n<h4>Exp\u00e9dition dans tout le Canada<\/h4>\n<p>Le CBD Sports Stick est exp\u00e9di\u00e9 rapidement dans tout le Canada. Nous offrons une livraison gratuite pour toutes les commandes de plus de 150 $, ce qui vous assure de recevoir vos produits de bien-\u00eatre rapidement et \u00e0 un prix abordable. <\/p>\n<h4>Avantages et couverture pour les anciens combattants<\/h4>\n<p>Le b\u00e2ton de sport CBD est admissible \u00e0 la couverture d&rsquo;ACC (Anciens Combattants Canada) et \u00e0 la facturation directe par l&rsquo;entremise de la Croix Bleue, ce qui signifie que les anciens combattants admissibles n&rsquo;ont rien \u00e0 d\u00e9bourser. Si vous n&rsquo;avez pas encore de carte m\u00e9dicale, vous pouvez <a href=\"https:\/\/mendomedical.ca\/fr\/carte-medicale\/\">l&rsquo;obtenir rapidement et facilement<\/a> gr\u00e2ce \u00e0 notre processus simplifi\u00e9. <\/p>\n<\/div>\n","protected":false},"featured_media":231525,"comment_status":"closed","ping_status":"closed","template":"","meta":{"_acf_changed":false,"site-sidebar-layout":"default","site-content-layout":"","ast-site-content-layout":"default","site-content-style":"default","site-sidebar-style":"default","ast-global-header-display":"","ast-banner-title-visibility":"","ast-main-header-display":"","ast-hfb-above-header-display":"","ast-hfb-below-header-display":"","ast-hfb-mobile-header-display":"","site-post-title":"","ast-breadcrumbs-content":"","ast-featured-img":"","footer-sml-layout":"","ast-disable-related-posts":"","theme-transparent-header-meta":"default","adv-header-id-meta":"","stick-header-meta":"","header-above-stick-meta":"","header-main-stick-meta":"","header-below-stick-meta":"","astra-migrate-meta-layouts":"set","ast-page-background-enabled":"default","ast-page-background-meta":{"desktop":{"background-color":"var(--ast-global-color-4)","background-image":"","background-repeat":"repeat","background-position":"center center","background-size":"auto","background-attachment":"scroll","background-type":"","background-media":"","overlay-type":"","overlay-color":"","overlay-opacity":"","overlay-gradient":""},"tablet":{"background-color":"","background-image":"","background-repeat":"repeat","background-position":"center center","background-size":"auto","background-attachment":"scroll","background-type":"","background-media":"","overlay-type":"","overlay-color":"","overlay-opacity":"","overlay-gradient":""},"mobile":{"background-color":"","background-image":"","background-repeat":"repeat","background-position":"center center","background-size":"auto","background-attachment":"scroll","background-type":"","background-media":"","overlay-type":"","overlay-color":"","overlay-opacity":"","overlay-gradient":""}},"ast-content-background-meta":{"desktop":{"background-color":"var(--ast-global-color-5)","background-image":"","background-repeat":"repeat","background-position":"center center","background-size":"auto","background-attachment":"scroll","background-type":"","background-media":"","overlay-type":"","overlay-color":"","overlay-opacity":"","overlay-gradient":""},"tablet":{"background-color":"var(--ast-global-color-5)","background-image":"","background-repeat":"repeat","background-position":"center center","background-size":"auto","background-attachment":"scroll","background-type":"","background-media":"","overlay-type":"","overlay-color":"","overlay-opacity":"","overlay-gradient":""},"mobile":{"background-color":"var(--ast-global-color-5)","background-image":"","background-repeat":"repeat","background-position":"center center","background-size":"auto","background-attachment":"scroll","background-type":"","background-media":"","overlay-type":"","overlay-color":"","overlay-opacity":"","overlay-gradient":""}}},"product_brand":[4521],"product_cat":[1155,1150],"product_tag":[4526],"product_format_filter":[],"class_list":{"0":"post-231550","1":"product","2":"type-product","3":"status-publish","4":"has-post-thumbnail","6":"product_brand-wildflower","7":"product_cat-rouleaux","8":"product_cat-topiques","9":"product_tag-wildflower-fr","10":"pa_cbd-400mg-fr","11":"pa_format-30g-fr","12":"pa_intensity-eleve-en-cbd","13":"pa_marques-wildflower-fr","14":"pa_origin-colombie-britannique-fr","15":"pa_type-de-plante-cbd-fr","16":"desktop-align-left","17":"tablet-align-left","18":"mobile-align-left","20":"first","21":"instock","22":"taxable","23":"shipping-taxable","24":"purchasable","25":"product-type-simple"},"group_of_quantity":0,"min_quantity":0,"max_quantity":"","exclude_order_quantity_value_rules":"no","exclude_category_quantity_rules":"no","combine_variations":"no","acf":[],"_links":{"self":[{"href":"https:\/\/mendomedical.ca\/fr\/wp-json\/wp\/v2\/product\/231550","targetHints":{"allow":["GET"]}}],"collection":[{"href":"https:\/\/mendomedical.ca\/fr\/wp-json\/wp\/v2\/product"}],"about":[{"href":"https:\/\/mendomedical.ca\/fr\/wp-json\/wp\/v2\/types\/product"}],"replies":[{"embeddable":true,"href":"https:\/\/mendomedical.ca\/fr\/wp-json\/wp\/v2\/comments?post=231550"}],"wp:featuredmedia":[{"embeddable":true,"href":"https:\/\/mendomedical.ca\/fr\/wp-json\/wp\/v2\/media\/231525"}],"wp:attachment":[{"href":"https:\/\/mendomedical.ca\/fr\/wp-json\/wp\/v2\/media?parent=231550"}],"wp:term":[{"taxonomy":"product_brand","embeddable":true,"href":"https:\/\/mendomedical.ca\/fr\/wp-json\/wp\/v2\/product_brand?post=231550"},{"taxonomy":"product_cat","embeddable":true,"href":"https:\/\/mendomedical.ca\/fr\/wp-json\/wp\/v2\/product_cat?post=231550"},{"taxonomy":"product_tag","embeddable":true,"href":"https:\/\/mendomedical.ca\/fr\/wp-json\/wp\/v2\/product_tag?post=231550"},{"taxonomy":"product_format_filter","embeddable":true,"href":"https:\/\/mendomedical.ca\/fr\/wp-json\/wp\/v2\/product_format_filter?post=231550"}],"curies":[{"name":"wp","href":"https:\/\/api.w.org\/{rel}","templated":true}]}}