{"id":230855,"date":"2025-09-18T14:55:57","date_gmt":"2025-09-18T18:55:57","guid":{"rendered":"https:\/\/mendomedical.ca\/?post_type=product&#038;p=230855"},"modified":"2026-04-23T10:30:56","modified_gmt":"2026-04-23T14:30:56","slug":"vangyptian-traditional-hash-copy","status":"publish","type":"product","link":"https:\/\/mendomedical.ca\/fr\/produit\/vangyptian-traditional-hash-copy\/","title":{"rendered":"2:1 CBD\/THC Lemon Zest Balanced Bubble Hash"},"content":{"rendered":"","protected":false},"excerpt":{"rendered":"<div class=\"ExternalClass06A4930000AA46D897A31480FB69B2D5\">\n<h3>2:1 CBD\/THC Lemon Zest Balanced Bubble Hash de Lune Rise Farms<\/h3>\n<p>Faites l&rsquo;exp\u00e9rience d&rsquo;une extraction sans solvant de premi\u00e8re qualit\u00e9 avec le Lemon Zest Balanced Bubble Hash 2:1 CBD\/THC de Lune Rise Farms. Ce concentr\u00e9 \u00e0 dominante CBD offre un m\u00e9lange harmonieux de cannabino\u00efdes avec 26,7 % de CBD et 18,6 % de THC, fabriqu\u00e9 \u00e0 partir d&rsquo;une source unique, le cultivar Lemon Kush, cultiv\u00e9 au soleil. Fra\u00eechement congel\u00e9 \u00e0 la r\u00e9colte et trait\u00e9 par extraction \u00e0 l&rsquo;eau froide, ce bubble hash pr\u00e9serve le profil terp\u00e9nique naturel de la plante pour une exp\u00e9rience authentique et stimulante du cannabis.  <\/p>\n<h4>Caract\u00e9ristiques principales<\/h4>\n<ul>\n<li>Rapport \u00e9quilibr\u00e9 de 2:1 entre le CBD et le THC pour une exp\u00e9rience douce et contr\u00f4l\u00e9e.<\/li>\n<li>L&rsquo;extraction \u00e0 l&rsquo;eau froide sans solvant pr\u00e9serve les compos\u00e9s naturels<\/li>\n<li>Fleur de premi\u00e8re qualit\u00e9 cultiv\u00e9e au soleil, fra\u00eechement congel\u00e9e au moment de la r\u00e9colte<\/li>\n<li>55,7 % de cannabino\u00efdes totaux et 5,68 % de terp\u00e8nes totaux.<\/li>\n<li>Cultivar de Lemon Kush d&rsquo;origine unique pour plus de coh\u00e9rence et de qualit\u00e9<\/li>\n<\/ul>\n<h4>Profil aromatique et terp\u00e9nique<\/h4>\n<p>Ce concentr\u00e9 pr\u00e9sente de subtils ar\u00f4mes de citron associ\u00e9s \u00e0 un fini net et croquant qui d\u00e9finit le cultivar Lemon Kush, domin\u00e9 par le CBD. Le profil d&rsquo;agrumes doux provient d&rsquo;un m\u00e9lange de terp\u00e8nes robustes men\u00e9 par le b\u00eata-myrc\u00e8ne, le b\u00eata-caryophyll\u00e8ne et le limon\u00e8ne, compl\u00e9t\u00e9s par l&rsquo;alpha-humul\u00e8ne et l&rsquo;alpha-bisabolol. Avec 5,68 % de terp\u00e8nes totaux, cette bubble hash offre des saveurs douces et subtiles de citron qui peuvent procurer une exp\u00e9rience stimulante et \u00e9quilibr\u00e9e.  <\/p>\n<h4>Pourquoi choisir les concentr\u00e9s ?<\/h4>\n<p>Les concentr\u00e9s comme le bubble hash offrent aux consommateurs de cannabis m\u00e9dical un dosage pr\u00e9cis et des effets puissants en plus petites quantit\u00e9s. Le rapport CBD\/THC de 2:1 rend ce produit particuli\u00e8rement adapt\u00e9 \u00e0 ceux qui recherchent les avantages th\u00e9rapeutiques potentiels du CBD avec des effets mod\u00e9r\u00e9s du THC. <\/p>\n<h4>Exp\u00e9dition dans tout le Canada<\/h4>\n<p>2:1 CBD\/THC Lemon Zest Balanced Bubble Hash est exp\u00e9di\u00e9 rapidement \u00e0 travers le Canada. Nous offrons une livraison gratuite pour les commandes de plus de 150 $, ce qui garantit que vos produits de cannabis m\u00e9dical arrivent en toute s\u00e9curit\u00e9 et en toute discr\u00e9tion \u00e0 votre porte. <\/p>\n<h4>Avantages et couverture pour les anciens combattants<\/h4>\n<p>2:1 CBD\/THC Lemon Zest Balanced Bubble Hash est admissible \u00e0 la couverture d&rsquo;ACC (Anciens Combattants Canada) avec facturation directe par l&rsquo;interm\u00e9diaire de Blue Cross, ce qui signifie qu&rsquo;il n&rsquo;y a pas de frais \u00e0 d\u00e9bourser pour les anciens combattants admissibles. Si vous n&rsquo;avez pas encore votre carte de cannabis m\u00e9dical, <a href=\"https:\/\/mendomedical.ca\/fr\/carte-medicale\/\">obtenez votre carte m\u00e9dicale gratuite rapidement et facilement<\/a> pour acc\u00e9der \u00e0 ces avantages. <\/p>\n<\/div>\n","protected":false},"featured_media":230859,"comment_status":"closed","ping_status":"closed","template":"","meta":{"_acf_changed":false,"site-sidebar-layout":"default","site-content-layout":"","ast-site-content-layout":"default","site-content-style":"default","site-sidebar-style":"default","ast-global-header-display":"","ast-banner-title-visibility":"","ast-main-header-display":"","ast-hfb-above-header-display":"","ast-hfb-below-header-display":"","ast-hfb-mobile-header-display":"","site-post-title":"","ast-breadcrumbs-content":"","ast-featured-img":"","footer-sml-layout":"","ast-disable-related-posts":"","theme-transparent-header-meta":"default","adv-header-id-meta":"","stick-header-meta":"","header-above-stick-meta":"","header-main-stick-meta":"","header-below-stick-meta":"","astra-migrate-meta-layouts":"set","ast-page-background-enabled":"default","ast-page-background-meta":{"desktop":{"background-color":"var(--ast-global-color-4)","background-image":"","background-repeat":"repeat","background-position":"center center","background-size":"auto","background-attachment":"scroll","background-type":"","background-media":"","overlay-type":"","overlay-color":"","overlay-opacity":"","overlay-gradient":""},"tablet":{"background-color":"","background-image":"","background-repeat":"repeat","background-position":"center center","background-size":"auto","background-attachment":"scroll","background-type":"","background-media":"","overlay-type":"","overlay-color":"","overlay-opacity":"","overlay-gradient":""},"mobile":{"background-color":"","background-image":"","background-repeat":"repeat","background-position":"center center","background-size":"auto","background-attachment":"scroll","background-type":"","background-media":"","overlay-type":"","overlay-color":"","overlay-opacity":"","overlay-gradient":""}},"ast-content-background-meta":{"desktop":{"background-color":"var(--ast-global-color-5)","background-image":"","background-repeat":"repeat","background-position":"center center","background-size":"auto","background-attachment":"scroll","background-type":"","background-media":"","overlay-type":"","overlay-color":"","overlay-opacity":"","overlay-gradient":""},"tablet":{"background-color":"var(--ast-global-color-5)","background-image":"","background-repeat":"repeat","background-position":"center center","background-size":"auto","background-attachment":"scroll","background-type":"","background-media":"","overlay-type":"","overlay-color":"","overlay-opacity":"","overlay-gradient":""},"mobile":{"background-color":"var(--ast-global-color-5)","background-image":"","background-repeat":"repeat","background-position":"center center","background-size":"auto","background-attachment":"scroll","background-type":"","background-media":"","overlay-type":"","overlay-color":"","overlay-opacity":"","overlay-gradient":""}}},"product_brand":[],"product_cat":[3926,1121,1122,1118,1119],"product_tag":[],"product_format_filter":[],"class_list":{"0":"post-230855","1":"product","2":"type-product","3":"status-publish","4":"has-post-thumbnail","6":"product_cat-cbd-minors-2-fr","7":"product_cat-haschisch","8":"product_cat-riche-en-cbd","9":"product_cat-concentres","10":"product_cat-tout-sans-solvant","11":"pa_cbd-26-7","12":"pa_flavours-agrume","13":"pa_flavours-citron","14":"pa_flavours-doux","15":"pa_format-3g-fr","16":"pa_intensity-eleve-en-cbd","17":"pa_intensity-thc-moyen","18":"pa_marques-ferme-lune-rise-fr","19":"pa_origin-ontario-fr","20":"pa_profil-terpene-bisabolol-fr","21":"pa_profil-terpene-caryophyllene","22":"pa_profil-terpene-humulene-fr","23":"pa_profil-terpene-limonene-fr","24":"pa_profil-terpene-myrcene","25":"pa_thc-18-6","26":"pa_type-de-plante-cbd-fr","27":"pa_type-de-plante-hybride-fr","28":"desktop-align-left","29":"tablet-align-left","30":"mobile-align-left","32":"first","33":"instock","34":"taxable","35":"shipping-taxable","36":"purchasable","37":"product-type-simple"},"group_of_quantity":0,"min_quantity":0,"max_quantity":"","exclude_order_quantity_value_rules":"no","exclude_category_quantity_rules":"no","combine_variations":"no","acf":[],"_links":{"self":[{"href":"https:\/\/mendomedical.ca\/fr\/wp-json\/wp\/v2\/product\/230855","targetHints":{"allow":["GET"]}}],"collection":[{"href":"https:\/\/mendomedical.ca\/fr\/wp-json\/wp\/v2\/product"}],"about":[{"href":"https:\/\/mendomedical.ca\/fr\/wp-json\/wp\/v2\/types\/product"}],"replies":[{"embeddable":true,"href":"https:\/\/mendomedical.ca\/fr\/wp-json\/wp\/v2\/comments?post=230855"}],"wp:featuredmedia":[{"embeddable":true,"href":"https:\/\/mendomedical.ca\/fr\/wp-json\/wp\/v2\/media\/230859"}],"wp:attachment":[{"href":"https:\/\/mendomedical.ca\/fr\/wp-json\/wp\/v2\/media?parent=230855"}],"wp:term":[{"taxonomy":"product_brand","embeddable":true,"href":"https:\/\/mendomedical.ca\/fr\/wp-json\/wp\/v2\/product_brand?post=230855"},{"taxonomy":"product_cat","embeddable":true,"href":"https:\/\/mendomedical.ca\/fr\/wp-json\/wp\/v2\/product_cat?post=230855"},{"taxonomy":"product_tag","embeddable":true,"href":"https:\/\/mendomedical.ca\/fr\/wp-json\/wp\/v2\/product_tag?post=230855"},{"taxonomy":"product_format_filter","embeddable":true,"href":"https:\/\/mendomedical.ca\/fr\/wp-json\/wp\/v2\/product_format_filter?post=230855"}],"curies":[{"name":"wp","href":"https:\/\/api.w.org\/{rel}","templated":true}]}}