{"id":230525,"date":"2023-08-01T14:00:30","date_gmt":"2023-08-01T18:00:30","guid":{"rendered":"https:\/\/mendomedical.ca\/?post_type=product&#038;p=230525"},"modified":"2026-01-09T12:20:27","modified_gmt":"2026-01-09T17:20:27","slug":"rso-full-spectrum-55-capsules-molles-copy","status":"publish","type":"product","link":"https:\/\/mendomedical.ca\/fr\/produit\/rso-full-spectrum-55-capsules-molles-copy\/","title":{"rendered":"Atmosph\u00e8re CBG:THC 15:15 Oil Drops"},"content":{"rendered":"<div class=\"Qr7Oae\" role=\"listitem\">\n<div class=\"OxAavc NVbRL\" data-required=\"true\" data-item-id=\"1742065630\">\n<div class=\"xMZTse Ih4Dzb\">\n<div class=\"Mh5jwe JqSWld yqQS1\" tabindex=\"0\" role=\"textbox\" aria-describedby=\"c7540\" aria-label=\"Product Name\" aria-disabled=\"true\"><\/div>\n<\/div>\n<\/div>\n<\/div>\n<div class=\"Qr7Oae\" role=\"listitem\">\n<div class=\"OxAavc NVbRL\" data-required=\"true\" data-item-id=\"146278400\">\n<div class=\"pYfr3c\">\n<div class=\"prOLdf\">\n<div class=\"g53bl\">\n<div class=\"cTDvob D1wxyf RjsPE\" role=\"heading\" aria-level=\"3\" aria-describedby=\"i.desc.146278400 c7547\"><\/div>\n<\/div>\n<\/div>\n<\/div>\n<\/div>\n<\/div>\n","protected":false},"excerpt":{"rendered":"<div class=\"ExternalClass0C9A0CE23C514CCE83D4DCA05C6359ED\">\n<h3>Atmosph\u00e8re CBG:THC 15:15 Oil Drops<\/h3>\n<p>D\u00e9couvrez la synergie \u00e9quilibr\u00e9e des cannabino\u00efdes avec les gouttes d&rsquo;huile Atmosphere CBG:THC 15:15 de Glacial Gold. Cette teinture pr\u00e9cis\u00e9ment formul\u00e9e combine des parts \u00e9gales de CBG et de THC dans une base d&rsquo;huile de coco MCT biologique, offrant aux patients du cannabis m\u00e9dical un profil cannabino\u00efde unique qui peut r\u00e9pondre \u00e0 divers besoins th\u00e9rapeutiques. Chaque flacon de 35 ml permet un dosage constant et mesur\u00e9 gr\u00e2ce \u00e0 un applicateur innovant de type seringue click-dose.  <\/p>\n<h4>Caract\u00e9ristiques principales<\/h4>\n<ul>\n<li>Rapport parfaitement \u00e9quilibr\u00e9 de 15 mg\/g de CBG \u00e0 15 mg\/g de THC pour des effets compl\u00e9mentaires<\/li>\n<li>Contient 500 mg de CBG et 500 mg de THC au total par bouteille de 35 ml.<\/li>\n<li>Base d&rsquo;huile de noix de coco MCT biologique pour une absorption optimale et un go\u00fbt pur.<\/li>\n<li>Seringue de pr\u00e9cision pour un dosage pr\u00e9cis et constant<\/li>\n<li>La puret\u00e9 et l&rsquo;efficacit\u00e9 du produit ont \u00e9t\u00e9 test\u00e9es en laboratoire afin de garantir une qualit\u00e9 m\u00e9dicale.<\/li>\n<\/ul>\n<h4>Profil des cannabino\u00efdes<\/h4>\n<p>Cette huile pr\u00e9sente un rapport de 1:1 entre le CBG (cannabig\u00e9rol) et le THC (t\u00e9trahydrocannabinol), offrant ainsi une combinaison de cannabino\u00efdes distinctive. Le CBG est un cannabino\u00efde non intoxicant qui peut aider \u00e0 la concentration et au confort, tandis que le THC apporte ses propri\u00e9t\u00e9s th\u00e9rapeutiques bien connues. Cette formulation \u00e9quilibr\u00e9e permet aux patients de b\u00e9n\u00e9ficier des avantages potentiels des deux cannabino\u00efdes qui agissent en harmonie.  <\/p>\n<h4>Pourquoi choisir les huiles et teintures<\/h4>\n<p>Les huiles et les teintures de cannabis offrent aux patients m\u00e9dicaux un contr\u00f4le pr\u00e9cis du dosage et une administration discr\u00e8te. La m\u00e9thode d&rsquo;administration sublinguale permet une action plus rapide que les edibles, tandis que le format liquide permet d&rsquo;ajuster facilement les doses aux besoins individuels. <\/p>\n<h4>Exp\u00e9dition dans tout le Canada<\/h4>\n<p>Les gouttes d&rsquo;huile Atmosphere CBG:THC 15:15 sont exp\u00e9di\u00e9es rapidement \u00e0 travers le Canada. Nous offrons une livraison gratuite pour toutes les commandes de plus de 150 $, assurant un acc\u00e8s pratique \u00e0 vos produits de cannabis m\u00e9dical dans tout le pays. <\/p>\n<h4>Avantages et couverture pour les anciens combattants<\/h4>\n<p>Atmosphere CBG:THC 15:15 Oil Drops est admissible \u00e0 la couverture d&rsquo;ACC (Anciens Combattants Canada) et \u00e0 la facturation directe par la Croix Bleue, ce qui signifie que les anciens combattants admissibles n&rsquo;ont pas \u00e0 d\u00e9bourser d&rsquo;argent. Si vous n&rsquo;avez pas encore d&rsquo;ordonnance de cannabis m\u00e9dical, vous pouvez <a href=\"https:\/\/mendomedical.ca\/fr\/carte-medicale\/\">obtenir votre carte m\u00e9dicale gratuite rapidement et facilement<\/a>. <\/p>\n<div><b>Ingr\u00e9dients<\/b><br \/>\nHuile MCT biologique d\u00e9riv\u00e9e de la noix de coco, extrait de cannabis<\/div>\n<\/div>\n","protected":false},"featured_media":230528,"comment_status":"closed","ping_status":"closed","template":"","meta":{"_acf_changed":false,"site-sidebar-layout":"default","site-content-layout":"","ast-site-content-layout":"default","site-content-style":"default","site-sidebar-style":"default","ast-global-header-display":"","ast-banner-title-visibility":"","ast-main-header-display":"","ast-hfb-above-header-display":"","ast-hfb-below-header-display":"","ast-hfb-mobile-header-display":"","site-post-title":"","ast-breadcrumbs-content":"","ast-featured-img":"","footer-sml-layout":"","ast-disable-related-posts":"","theme-transparent-header-meta":"default","adv-header-id-meta":"","stick-header-meta":"","header-above-stick-meta":"","header-main-stick-meta":"","header-below-stick-meta":"","astra-migrate-meta-layouts":"set","ast-page-background-enabled":"default","ast-page-background-meta":{"desktop":{"background-color":"var(--ast-global-color-4)","background-image":"","background-repeat":"repeat","background-position":"center center","background-size":"auto","background-attachment":"scroll","background-type":"","background-media":"","overlay-type":"","overlay-color":"","overlay-opacity":"","overlay-gradient":""},"tablet":{"background-color":"","background-image":"","background-repeat":"repeat","background-position":"center center","background-size":"auto","background-attachment":"scroll","background-type":"","background-media":"","overlay-type":"","overlay-color":"","overlay-opacity":"","overlay-gradient":""},"mobile":{"background-color":"","background-image":"","background-repeat":"repeat","background-position":"center center","background-size":"auto","background-attachment":"scroll","background-type":"","background-media":"","overlay-type":"","overlay-color":"","overlay-opacity":"","overlay-gradient":""}},"ast-content-background-meta":{"desktop":{"background-color":"var(--ast-global-color-5)","background-image":"","background-repeat":"repeat","background-position":"center center","background-size":"auto","background-attachment":"scroll","background-type":"","background-media":"","overlay-type":"","overlay-color":"","overlay-opacity":"","overlay-gradient":""},"tablet":{"background-color":"var(--ast-global-color-5)","background-image":"","background-repeat":"repeat","background-position":"center center","background-size":"auto","background-attachment":"scroll","background-type":"","background-media":"","overlay-type":"","overlay-color":"","overlay-opacity":"","overlay-gradient":""},"mobile":{"background-color":"var(--ast-global-color-5)","background-image":"","background-repeat":"repeat","background-position":"center center","background-size":"auto","background-attachment":"scroll","background-type":"","background-media":"","overlay-type":"","overlay-color":"","overlay-opacity":"","overlay-gradient":""}}},"product_brand":[],"product_cat":[3837,1143],"product_tag":[2216],"product_format_filter":[],"class_list":{"0":"post-230525","1":"product","2":"type-product","3":"status-publish","4":"has-post-thumbnail","6":"product_cat-cbd-minors-4-fr","7":"product_cat-huiles-et-teintures","8":"product_tag-glacial-gold-fr","9":"pa_cbg-15mg-ml-fr","10":"pa_format-35ml-fr","11":"pa_intensity-faible-thc","12":"pa_intensity-low-cbg-fr","13":"pa_marques-glacial-gold-fr","14":"pa_origin-colombie-britannique-fr","15":"pa_thc-15mg-ml-fr","16":"pa_type-de-plante-cbg-fr","17":"pa_type-de-plante-thc-fr","18":"desktop-align-left","19":"tablet-align-left","20":"mobile-align-left","22":"first","23":"instock","24":"taxable","25":"shipping-taxable","26":"purchasable","27":"product-type-simple"},"group_of_quantity":0,"min_quantity":0,"max_quantity":"","exclude_order_quantity_value_rules":"no","exclude_category_quantity_rules":"no","combine_variations":"no","acf":[],"_links":{"self":[{"href":"https:\/\/mendomedical.ca\/fr\/wp-json\/wp\/v2\/product\/230525","targetHints":{"allow":["GET"]}}],"collection":[{"href":"https:\/\/mendomedical.ca\/fr\/wp-json\/wp\/v2\/product"}],"about":[{"href":"https:\/\/mendomedical.ca\/fr\/wp-json\/wp\/v2\/types\/product"}],"replies":[{"embeddable":true,"href":"https:\/\/mendomedical.ca\/fr\/wp-json\/wp\/v2\/comments?post=230525"}],"wp:featuredmedia":[{"embeddable":true,"href":"https:\/\/mendomedical.ca\/fr\/wp-json\/wp\/v2\/media\/230528"}],"wp:attachment":[{"href":"https:\/\/mendomedical.ca\/fr\/wp-json\/wp\/v2\/media?parent=230525"}],"wp:term":[{"taxonomy":"product_brand","embeddable":true,"href":"https:\/\/mendomedical.ca\/fr\/wp-json\/wp\/v2\/product_brand?post=230525"},{"taxonomy":"product_cat","embeddable":true,"href":"https:\/\/mendomedical.ca\/fr\/wp-json\/wp\/v2\/product_cat?post=230525"},{"taxonomy":"product_tag","embeddable":true,"href":"https:\/\/mendomedical.ca\/fr\/wp-json\/wp\/v2\/product_tag?post=230525"},{"taxonomy":"product_format_filter","embeddable":true,"href":"https:\/\/mendomedical.ca\/fr\/wp-json\/wp\/v2\/product_format_filter?post=230525"}],"curies":[{"name":"wp","href":"https:\/\/api.w.org\/{rel}","templated":true}]}}