{"id":230488,"date":"2023-06-01T16:06:43","date_gmt":"2023-06-01T20:06:43","guid":{"rendered":"https:\/\/mendomedical.ca\/?post_type=product&#038;p=230488"},"modified":"2025-09-19T11:15:30","modified_gmt":"2025-09-19T15:15:30","slug":"balanced-1010-softgels-copy-copy","status":"publish","type":"product","link":"https:\/\/mendomedical.ca\/fr\/produit\/balanced-1010-softgels-copy-copy\/","title":{"rendered":"G\u00e9lules CBD 50"},"content":{"rendered":"<div class=\"Qr7Oae\" role=\"listitem\">\n<div class=\"OxAavc NVbRL\" data-required=\"true\" data-item-id=\"1742065630\">\n<div class=\"xMZTse Ih4Dzb\">\n<div class=\"Mh5jwe JqSWld yqQS1\" tabindex=\"0\" role=\"textbox\" aria-describedby=\"c7540\" aria-label=\"Product Name\" aria-disabled=\"true\"><\/div>\n<\/div>\n<\/div>\n<\/div>\n<div class=\"Qr7Oae\" role=\"listitem\">\n<div class=\"OxAavc NVbRL\" data-required=\"true\" data-item-id=\"146278400\">\n<div class=\"pYfr3c\">\n<div class=\"prOLdf\">\n<div class=\"g53bl\">\n<div class=\"cTDvob D1wxyf RjsPE\" role=\"heading\" aria-level=\"3\" aria-describedby=\"i.desc.146278400 c7547\"><\/div>\n<\/div>\n<\/div>\n<\/div>\n<\/div>\n<\/div>\n","protected":false},"excerpt":{"rendered":"<div class=\"ExternalClass95CEB664BB704220A1A8AEE6B2AF42B7\">\n<h3>G\u00e9lules CBD 50<\/h3>\n<p>D\u00e9couvrez la commodit\u00e9 et la pr\u00e9cision de Haut en CBD 50 softgels, proposant un distillat de CBD de haute qualit\u00e9 dans un format facile \u00e0 prendre. Chaque softgel contient 50 mg de distillat de CBD pur de Nextleaf Labs, associ\u00e9 \u00e0 de l&rsquo;huile MCT certifi\u00e9e biologique d\u00e9riv\u00e9e de noix de coco. Cet emballage de valeur fournit 50 softgels avec un total de 2500mg de CBD, offrant un moyen efficace et rentable d&rsquo;incorporer le CBD dans votre routine quotidienne de bien-\u00eatre.  <\/p>\n<h4>Caract\u00e9ristiques principales<\/h4>\n<ul>\n<li>50mg de distillat de CBD de haute puret\u00e9 par softgel de Nextleaf Labs.<\/li>\n<li>Huile de noix de coco MCT certifi\u00e9e biologique pour une meilleure absorption<\/li>\n<li>Format avantageux : Paquet de 50 contenant 2500mg de CBD au total<\/li>\n<li>Format softgel pratique pour un dosage pr\u00e9cis et constant<\/li>\n<li>Ingr\u00e9dients enti\u00e8rement naturels : Huile de chanvre biologique, g\u00e9latine, eau, glyc\u00e9rine.<\/li>\n<\/ul>\n<h4>Pourquoi choisir les capsules molles de CBD<\/h4>\n<p>Les capsules molles de CBD offrent aux utilisateurs m\u00e9dicaux une m\u00e9thode de consommation discr\u00e8te, pr\u00e9cise et pratique. Les doses pr\u00e9mesur\u00e9es \u00e9liminent les conjectures, tandis que le format des capsules molles permet de les avaler facilement et d&rsquo;obtenir des effets constants, ce qui les rend id\u00e9ales pour ceux qui recherchent une suppl\u00e9mentation fiable en CBD. <\/p>\n<h4>Exp\u00e9dition dans tout le Canada<\/h4>\n<p>CBD 50 Softgels est exp\u00e9di\u00e9 rapidement \u00e0 travers le Canada, avec une livraison gratuite pour les commandes de plus de 150 $. Veuillez noter que les produits contenant de la g\u00e9latine peuvent fondre pendant l&rsquo;exp\u00e9dition en \u00e9t\u00e9. Nous vous recommandons de tenir compte de ce probl\u00e8me potentiel lorsque vous passez votre commande.   Malheureusement, nous ne pouvons pas offrir de remboursement ou de remplacement pour les produits qui fondent pendant le transport. Nous vous remercions de votre compr\u00e9hension.<\/p>\n<h4>Avantages et couverture pour les anciens combattants<\/h4>\n<p>CBD 50 Softgels est admissible \u00e0 la couverture d&rsquo;ACC (Anciens Combattants Canada) et \u00e0 la facturation directe par l&rsquo;entremise de la Croix Bleue, ce qui signifie que les anciens combattants admissibles n&rsquo;ont pas \u00e0 d\u00e9bourser d&rsquo;argent. Si vous n&rsquo;avez pas encore de carte m\u00e9dicale, vous pouvez <a href=\"https:\/\/mendomedical.ca\/fr\/carte-medicale\/\">obtenir votre carte m\u00e9dicale gratuite rapidement et facilement<\/a> pour acc\u00e9der \u00e0 ces avantages. <\/p>\n<div style=\"14px;14px\"><span><b>Ingr\u00e9dients<\/b><br \/><\/span><span>Huile de coco modifi\u00e9e biologique (triglyc\u00e9rides \u00e0 cha\u00eene moyenne), g\u00e9latine, eau, glyc\u00e9rine, extrait de cannabis.<\/span><\/div>\n<\/div>\n","protected":false},"featured_media":230492,"comment_status":"closed","ping_status":"closed","template":"","meta":{"_acf_changed":false,"site-sidebar-layout":"default","site-content-layout":"","ast-site-content-layout":"default","site-content-style":"default","site-sidebar-style":"default","ast-global-header-display":"","ast-banner-title-visibility":"","ast-main-header-display":"","ast-hfb-above-header-display":"","ast-hfb-below-header-display":"","ast-hfb-mobile-header-display":"","site-post-title":"","ast-breadcrumbs-content":"","ast-featured-img":"","footer-sml-layout":"","ast-disable-related-posts":"","theme-transparent-header-meta":"default","adv-header-id-meta":"","stick-header-meta":"","header-above-stick-meta":"","header-main-stick-meta":"","header-below-stick-meta":"","astra-migrate-meta-layouts":"set","ast-page-background-enabled":"default","ast-page-background-meta":{"desktop":{"background-color":"var(--ast-global-color-4)","background-image":"","background-repeat":"repeat","background-position":"center center","background-size":"auto","background-attachment":"scroll","background-type":"","background-media":"","overlay-type":"","overlay-color":"","overlay-opacity":"","overlay-gradient":""},"tablet":{"background-color":"","background-image":"","background-repeat":"repeat","background-position":"center center","background-size":"auto","background-attachment":"scroll","background-type":"","background-media":"","overlay-type":"","overlay-color":"","overlay-opacity":"","overlay-gradient":""},"mobile":{"background-color":"","background-image":"","background-repeat":"repeat","background-position":"center center","background-size":"auto","background-attachment":"scroll","background-type":"","background-media":"","overlay-type":"","overlay-color":"","overlay-opacity":"","overlay-gradient":""}},"ast-content-background-meta":{"desktop":{"background-color":"var(--ast-global-color-5)","background-image":"","background-repeat":"repeat","background-position":"center center","background-size":"auto","background-attachment":"scroll","background-type":"","background-media":"","overlay-type":"","overlay-color":"","overlay-opacity":"","overlay-gradient":""},"tablet":{"background-color":"var(--ast-global-color-5)","background-image":"","background-repeat":"repeat","background-position":"center center","background-size":"auto","background-attachment":"scroll","background-type":"","background-media":"","overlay-type":"","overlay-color":"","overlay-opacity":"","overlay-gradient":""},"mobile":{"background-color":"var(--ast-global-color-5)","background-image":"","background-repeat":"repeat","background-position":"center center","background-size":"auto","background-attachment":"scroll","background-type":"","background-media":"","overlay-type":"","overlay-color":"","overlay-opacity":"","overlay-gradient":""}}},"product_brand":[],"product_cat":[3853,1116,1114],"product_tag":[2216],"product_format_filter":[],"class_list":{"0":"post-230488","1":"product","2":"type-product","3":"status-publish","4":"has-post-thumbnail","6":"product_cat-cbd-minors-5-fr","7":"product_cat-gels-mous","8":"product_cat-gelules","9":"product_tag-glacial-gold-fr","10":"pa_cbd-50mg-fr","11":"pa_format-50-units-fr","12":"pa_intensity-cbd-moyen","13":"pa_marques-glacial-gold-fr","14":"pa_origin-colombie-britannique-fr","15":"pa_type-de-plante-cbd-fr","16":"desktop-align-left","17":"tablet-align-left","18":"mobile-align-left","20":"first","21":"outofstock","22":"taxable","23":"shipping-taxable","24":"purchasable","25":"product-type-simple"},"group_of_quantity":0,"min_quantity":0,"max_quantity":"","exclude_order_quantity_value_rules":"no","exclude_category_quantity_rules":"no","combine_variations":"no","acf":[],"_links":{"self":[{"href":"https:\/\/mendomedical.ca\/fr\/wp-json\/wp\/v2\/product\/230488","targetHints":{"allow":["GET"]}}],"collection":[{"href":"https:\/\/mendomedical.ca\/fr\/wp-json\/wp\/v2\/product"}],"about":[{"href":"https:\/\/mendomedical.ca\/fr\/wp-json\/wp\/v2\/types\/product"}],"replies":[{"embeddable":true,"href":"https:\/\/mendomedical.ca\/fr\/wp-json\/wp\/v2\/comments?post=230488"}],"wp:featuredmedia":[{"embeddable":true,"href":"https:\/\/mendomedical.ca\/fr\/wp-json\/wp\/v2\/media\/230492"}],"wp:attachment":[{"href":"https:\/\/mendomedical.ca\/fr\/wp-json\/wp\/v2\/media?parent=230488"}],"wp:term":[{"taxonomy":"product_brand","embeddable":true,"href":"https:\/\/mendomedical.ca\/fr\/wp-json\/wp\/v2\/product_brand?post=230488"},{"taxonomy":"product_cat","embeddable":true,"href":"https:\/\/mendomedical.ca\/fr\/wp-json\/wp\/v2\/product_cat?post=230488"},{"taxonomy":"product_tag","embeddable":true,"href":"https:\/\/mendomedical.ca\/fr\/wp-json\/wp\/v2\/product_tag?post=230488"},{"taxonomy":"product_format_filter","embeddable":true,"href":"https:\/\/mendomedical.ca\/fr\/wp-json\/wp\/v2\/product_format_filter?post=230488"}],"curies":[{"name":"wp","href":"https:\/\/api.w.org\/{rel}","templated":true}]}}