{"id":230465,"date":"2024-08-10T15:40:09","date_gmt":"2024-08-10T19:40:09","guid":{"rendered":"https:\/\/mendomedical.ca\/product\/atmosphere-cbgthc-melon-baller-chariot-de-vape\/"},"modified":"2025-07-29T09:03:39","modified_gmt":"2025-07-29T13:03:39","slug":"atmosphere-cbgthc-melon-baller-chariot-de-vape","status":"publish","type":"product","link":"https:\/\/mendomedical.ca\/fr\/produit\/atmosphere-cbgthc-melon-baller-chariot-de-vape\/","title":{"rendered":"Atmosphere CBG:THC Melon Baller - Vape Cart"},"content":{"rendered":"<div class=\"Qr7Oae\" role=\"listitem\">\n<div class=\"OxAavc NVbRL\" data-required=\"true\" data-item-id=\"1742065630\">\n<div class=\"xMZTse Ih4Dzb\">\n<div class=\"Mh5jwe JqSWld yqQS1\" tabindex=\"0\" role=\"textbox\" aria-describedby=\"c7540\" aria-label=\"Product Name\" aria-disabled=\"true\"><\/div>\n<\/div>\n<\/div>\n<\/div>\n<div class=\"Qr7Oae\" role=\"listitem\">\n<div class=\"OxAavc NVbRL\" data-required=\"true\" data-item-id=\"146278400\">\n<div class=\"pYfr3c\">\n<div class=\"prOLdf\">\n<div class=\"g53bl\">\n<div class=\"cTDvob D1wxyf RjsPE\" role=\"heading\" aria-level=\"3\" aria-describedby=\"i.desc.146278400 c7547\"><\/div>\n<\/div>\n<\/div>\n<\/div>\n<\/div>\n<\/div>\n","protected":false},"excerpt":{"rendered":"<p><strong>La cartouche Atmosphere CBG Melon Baller 1.2g offre une explosion sucr\u00e9e et juteuse de melon frais, d\u00e9livrant une saveur vibrante \u00e0 la fois rafra\u00eechissante et douce. Avec 60 % de THC et 30 % de CBG, elle procure une sensation d&rsquo;euphorie avec une clart\u00e9 nette et concentr\u00e9e. Fabriqu\u00e9e avec le distillat de haute puret\u00e9 de Nextleaf, des terp\u00e8nes botaniques, et associ\u00e9e \u00e0 du mat\u00e9riel CCELL de premi\u00e8re qualit\u00e9, cette cartouche assure des frappes douces et des nuages massifs pour une exp\u00e9rience \u00e9lev\u00e9e et pleine de saveur. <\/strong><\/p>\n","protected":false},"featured_media":230461,"comment_status":"closed","ping_status":"closed","template":"","meta":{"_acf_changed":false,"site-sidebar-layout":"default","site-content-layout":"","ast-site-content-layout":"default","site-content-style":"default","site-sidebar-style":"default","ast-global-header-display":"","ast-banner-title-visibility":"","ast-main-header-display":"","ast-hfb-above-header-display":"","ast-hfb-below-header-display":"","ast-hfb-mobile-header-display":"","site-post-title":"","ast-breadcrumbs-content":"","ast-featured-img":"","footer-sml-layout":"","ast-disable-related-posts":"","theme-transparent-header-meta":"default","adv-header-id-meta":"","stick-header-meta":"","header-above-stick-meta":"","header-main-stick-meta":"","header-below-stick-meta":"","astra-migrate-meta-layouts":"set","ast-page-background-enabled":"default","ast-page-background-meta":{"desktop":{"background-color":"var(--ast-global-color-4)","background-image":"","background-repeat":"repeat","background-position":"center center","background-size":"auto","background-attachment":"scroll","background-type":"","background-media":"","overlay-type":"","overlay-color":"","overlay-opacity":"","overlay-gradient":""},"tablet":{"background-color":"","background-image":"","background-repeat":"repeat","background-position":"center center","background-size":"auto","background-attachment":"scroll","background-type":"","background-media":"","overlay-type":"","overlay-color":"","overlay-opacity":"","overlay-gradient":""},"mobile":{"background-color":"","background-image":"","background-repeat":"repeat","background-position":"center center","background-size":"auto","background-attachment":"scroll","background-type":"","background-media":"","overlay-type":"","overlay-color":"","overlay-opacity":"","overlay-gradient":""}},"ast-content-background-meta":{"desktop":{"background-color":"var(--ast-global-color-5)","background-image":"","background-repeat":"repeat","background-position":"center center","background-size":"auto","background-attachment":"scroll","background-type":"","background-media":"","overlay-type":"","overlay-color":"","overlay-opacity":"","overlay-gradient":""},"tablet":{"background-color":"var(--ast-global-color-5)","background-image":"","background-repeat":"repeat","background-position":"center center","background-size":"auto","background-attachment":"scroll","background-type":"","background-media":"","overlay-type":"","overlay-color":"","overlay-opacity":"","overlay-gradient":""},"mobile":{"background-color":"var(--ast-global-color-5)","background-image":"","background-repeat":"repeat","background-position":"center center","background-size":"auto","background-attachment":"scroll","background-type":"","background-media":"","overlay-type":"","overlay-color":"","overlay-opacity":"","overlay-gradient":""}}},"product_brand":[],"product_cat":[1160,1162,1159],"product_tag":[2216],"product_format_filter":[],"class_list":{"0":"post-230465","1":"product","2":"type-product","3":"status-publish","4":"has-post-thumbnail","6":"product_cat-cart-fil-510","7":"product_cat-distillat","8":"product_cat-vapoteuses","9":"product_tag-glacial-gold-fr","10":"pa_cbg-4383","11":"pa_flavours-fruite","12":"pa_flavours-honeydew-fr","13":"pa_flavours-doux","14":"pa_format-1-2g","15":"pa_intensity-thc-eleve","16":"pa_intensity-med-cbn-fr","17":"pa_marques-glacial-gold-fr","18":"pa_origin-colombie-britannique-fr","19":"pa_thc-60-fr","20":"pa_type-de-plante-cbg-fr","21":"pa_type-de-plante-thc-fr","22":"desktop-align-left","23":"tablet-align-left","24":"mobile-align-left","26":"first","27":"outofstock","28":"taxable","29":"shipping-taxable","30":"purchasable","31":"product-type-simple"},"group_of_quantity":0,"min_quantity":0,"max_quantity":"","exclude_order_quantity_value_rules":"no","exclude_category_quantity_rules":"no","combine_variations":"no","acf":[],"_links":{"self":[{"href":"https:\/\/mendomedical.ca\/fr\/wp-json\/wp\/v2\/product\/230465","targetHints":{"allow":["GET"]}}],"collection":[{"href":"https:\/\/mendomedical.ca\/fr\/wp-json\/wp\/v2\/product"}],"about":[{"href":"https:\/\/mendomedical.ca\/fr\/wp-json\/wp\/v2\/types\/product"}],"replies":[{"embeddable":true,"href":"https:\/\/mendomedical.ca\/fr\/wp-json\/wp\/v2\/comments?post=230465"}],"wp:featuredmedia":[{"embeddable":true,"href":"https:\/\/mendomedical.ca\/fr\/wp-json\/wp\/v2\/media\/230461"}],"wp:attachment":[{"href":"https:\/\/mendomedical.ca\/fr\/wp-json\/wp\/v2\/media?parent=230465"}],"wp:term":[{"taxonomy":"product_brand","embeddable":true,"href":"https:\/\/mendomedical.ca\/fr\/wp-json\/wp\/v2\/product_brand?post=230465"},{"taxonomy":"product_cat","embeddable":true,"href":"https:\/\/mendomedical.ca\/fr\/wp-json\/wp\/v2\/product_cat?post=230465"},{"taxonomy":"product_tag","embeddable":true,"href":"https:\/\/mendomedical.ca\/fr\/wp-json\/wp\/v2\/product_tag?post=230465"},{"taxonomy":"product_format_filter","embeddable":true,"href":"https:\/\/mendomedical.ca\/fr\/wp-json\/wp\/v2\/product_format_filter?post=230465"}],"curies":[{"name":"wp","href":"https:\/\/api.w.org\/{rel}","templated":true}]}}