{"id":230455,"date":"2024-08-10T15:35:06","date_gmt":"2024-08-10T19:35:06","guid":{"rendered":"https:\/\/mendomedical.ca\/product\/atmosphere-cbnthc-tart-cherry-vape-cart\/"},"modified":"2025-09-22T10:31:05","modified_gmt":"2025-09-22T14:31:05","slug":"atmosphere-cbnthc-tart-cherry-vape-cart","status":"publish","type":"product","link":"https:\/\/mendomedical.ca\/fr\/produit\/atmosphere-cbnthc-tart-cherry-vape-cart\/","title":{"rendered":"Atmosphere CBN:THC Tart Cherry - Vape Cart"},"content":{"rendered":"<div class=\"Qr7Oae\" role=\"listitem\">\n<div class=\"OxAavc NVbRL\" data-required=\"true\" data-item-id=\"1742065630\">\n<div class=\"xMZTse Ih4Dzb\">\n<div class=\"Mh5jwe JqSWld yqQS1\" tabindex=\"0\" role=\"textbox\" aria-describedby=\"c7540\" aria-label=\"Product Name\" aria-disabled=\"true\"><\/div>\n<\/div>\n<\/div>\n<\/div>\n<div class=\"Qr7Oae\" role=\"listitem\">\n<div class=\"OxAavc NVbRL\" data-required=\"true\" data-item-id=\"146278400\">\n<div class=\"pYfr3c\">\n<div class=\"prOLdf\">\n<div class=\"g53bl\">\n<div class=\"cTDvob D1wxyf RjsPE\" role=\"heading\" aria-level=\"3\" aria-describedby=\"i.desc.146278400 c7547\"><\/div>\n<\/div>\n<\/div>\n<\/div>\n<\/div>\n<\/div>\n","protected":false},"excerpt":{"rendered":"<div class=\"ExternalClassDA97951C93284B089A618EC13007CD8E\">\n<h3>Atmosphere CBN:THC Tart Cherry - Vape Cart<\/h3>\n<p>D\u00e9couvrez l&rsquo;\u00e9quilibre parfait entre la relaxation et la saveur avec la cartouche de vapotage Atmosphere CBN:THC Tart Cherry de Glacial Gold. Cette cartouche de qualit\u00e9 sup\u00e9rieure \u00e0 filetage 510 combine 25 % de CBN et 50 % de THC dans un format g\u00e9n\u00e9reux de 1,2 g, d\u00e9livrant 300 mg de CBN et 600 mg de THC pour une synergie cannabino\u00efde distinctive. Le profil botanique terp\u00e9nique de la cerise acidul\u00e9e cr\u00e9e une d\u00e9licieuse fusion de notes sucr\u00e9es et acides qui rend chaque session \u00e0 la fois efficace et agr\u00e9able.  <\/p>\n<h4>Caract\u00e9ristiques principales<\/h4>\n<ul>\n<li>Cartouche g\u00e9n\u00e9reuse de 1,2 g avec 300 mg de CBN et 600 mg de THC<\/li>\n<li>Rapport \u00e9quilibr\u00e9 entre 25 % de CBN et 50 % de THC pour une relaxation accrue<\/li>\n<li>Compatible avec les piles standard \u00e0 filetage 510<\/li>\n<li>Production de vapeur douce et r\u00e9guli\u00e8re<\/li>\n<li>Fabriqu\u00e9 avec soin par Glacial Gold pour garantir la qualit\u00e9.<\/li>\n<\/ul>\n<h4>Profil aromatique et terp\u00e9nique<\/h4>\n<p>La vape Atmosphere CBN:THC contient un m\u00e9lange de terp\u00e8nes botaniques de cerise acidul\u00e9e soigneusement s\u00e9lectionn\u00e9 qui offre une exp\u00e9rience sensorielle revigorante. Chaque inhalation offre une combinaison rafra\u00eechissante de notes de cerises douces et acides, cr\u00e9ant une vapeur douce et savoureuse qui compl\u00e8te parfaitement les effets des cannabino\u00efdes. <\/p>\n<h4>Pourquoi choisir les chariots \u00e0 vape ?<\/h4>\n<p>Les cartouches de vaporisation offrent aux consommateurs de cannabis m\u00e9dical un dosage pr\u00e9cis, une action rapide et une portabilit\u00e9 pratique. La combinaison de CBN et de THC dans cette formulation peut contribuer \u00e0 la relaxation et \u00e0 un sommeil r\u00e9parateur, ce qui en fait un excellent choix pour une utilisation en soir\u00e9e. <\/p>\n<h4>Exp\u00e9dition dans tout le Canada<\/h4>\n<p>Le chariot de vaporisation Atmosphere CBN:THC Tartry Cherry est exp\u00e9di\u00e9 rapidement \u00e0 travers le Canada. Nous offrons une livraison gratuite pour toutes les commandes de plus de 150 $, ce qui vous assure de recevoir vos produits de cannabis m\u00e9dical rapidement et discr\u00e8tement. <\/p>\n<h4>Avantages et couverture pour les anciens combattants<\/h4>\n<p>Ce produit est admissible \u00e0 la couverture d&rsquo;ACC (Anciens Combattants Canada) avec facturation directe par l&rsquo;entremise de la Croix Bleue, ce qui signifie que les anciens combattants admissibles n&rsquo;ont pas \u00e0 d\u00e9bourser d&rsquo;argent. Si vous n&rsquo;avez pas encore d&rsquo;ordonnance de cannabis m\u00e9dical, <a href=\"https:\/\/mendomedical.ca\/fr\/carte-medicale\/\">obtenez votre carte m\u00e9dicale gratuite rapidement et facilement<\/a> pour acc\u00e9der aux avantages de la couverture. <\/p>\n<div><b>Ingr\u00e9dients<\/b><br \/>\nExtrait de cannabis, agent aromatisant botanique<\/div>\n<\/div>\n","protected":false},"featured_media":230454,"comment_status":"closed","ping_status":"closed","template":"","meta":{"_acf_changed":false,"site-sidebar-layout":"default","site-content-layout":"","ast-site-content-layout":"default","site-content-style":"default","site-sidebar-style":"default","ast-global-header-display":"","ast-banner-title-visibility":"","ast-main-header-display":"","ast-hfb-above-header-display":"","ast-hfb-below-header-display":"","ast-hfb-mobile-header-display":"","site-post-title":"","ast-breadcrumbs-content":"","ast-featured-img":"","footer-sml-layout":"","ast-disable-related-posts":"","theme-transparent-header-meta":"default","adv-header-id-meta":"","stick-header-meta":"","header-above-stick-meta":"","header-main-stick-meta":"","header-below-stick-meta":"","astra-migrate-meta-layouts":"set","ast-page-background-enabled":"default","ast-page-background-meta":{"desktop":{"background-color":"var(--ast-global-color-4)","background-image":"","background-repeat":"repeat","background-position":"center center","background-size":"auto","background-attachment":"scroll","background-type":"","background-media":"","overlay-type":"","overlay-color":"","overlay-opacity":"","overlay-gradient":""},"tablet":{"background-color":"","background-image":"","background-repeat":"repeat","background-position":"center center","background-size":"auto","background-attachment":"scroll","background-type":"","background-media":"","overlay-type":"","overlay-color":"","overlay-opacity":"","overlay-gradient":""},"mobile":{"background-color":"","background-image":"","background-repeat":"repeat","background-position":"center center","background-size":"auto","background-attachment":"scroll","background-type":"","background-media":"","overlay-type":"","overlay-color":"","overlay-opacity":"","overlay-gradient":""}},"ast-content-background-meta":{"desktop":{"background-color":"var(--ast-global-color-5)","background-image":"","background-repeat":"repeat","background-position":"center center","background-size":"auto","background-attachment":"scroll","background-type":"","background-media":"","overlay-type":"","overlay-color":"","overlay-opacity":"","overlay-gradient":""},"tablet":{"background-color":"var(--ast-global-color-5)","background-image":"","background-repeat":"repeat","background-position":"center center","background-size":"auto","background-attachment":"scroll","background-type":"","background-media":"","overlay-type":"","overlay-color":"","overlay-opacity":"","overlay-gradient":""},"mobile":{"background-color":"var(--ast-global-color-5)","background-image":"","background-repeat":"repeat","background-position":"center center","background-size":"auto","background-attachment":"scroll","background-type":"","background-media":"","overlay-type":"","overlay-color":"","overlay-opacity":"","overlay-gradient":""}}},"product_brand":[],"product_cat":[1160,1162,1159],"product_tag":[2216],"product_format_filter":[],"class_list":{"0":"post-230455","1":"product","2":"type-product","3":"status-publish","4":"has-post-thumbnail","6":"product_cat-cart-fil-510","7":"product_cat-distillat","8":"product_cat-vapoteuses","9":"product_tag-glacial-gold-fr","10":"pa_cbn-25-fr","11":"pa_flavours-cerise-acidulee","12":"pa_format-1-2g","13":"pa_intensity-thc-eleve","14":"pa_intensity-med-cbn-fr","15":"pa_marques-glacial-gold-fr","16":"pa_origin-colombie-britannique-fr","17":"pa_thc-50-fr","18":"pa_type-de-plante-cbn-fr","19":"pa_type-de-plante-thc-fr","20":"desktop-align-left","21":"tablet-align-left","22":"mobile-align-left","24":"first","25":"outofstock","26":"taxable","27":"shipping-taxable","28":"purchasable","29":"product-type-simple"},"group_of_quantity":0,"min_quantity":0,"max_quantity":"","exclude_order_quantity_value_rules":"no","exclude_category_quantity_rules":"no","combine_variations":"no","acf":[],"_links":{"self":[{"href":"https:\/\/mendomedical.ca\/fr\/wp-json\/wp\/v2\/product\/230455","targetHints":{"allow":["GET"]}}],"collection":[{"href":"https:\/\/mendomedical.ca\/fr\/wp-json\/wp\/v2\/product"}],"about":[{"href":"https:\/\/mendomedical.ca\/fr\/wp-json\/wp\/v2\/types\/product"}],"replies":[{"embeddable":true,"href":"https:\/\/mendomedical.ca\/fr\/wp-json\/wp\/v2\/comments?post=230455"}],"wp:featuredmedia":[{"embeddable":true,"href":"https:\/\/mendomedical.ca\/fr\/wp-json\/wp\/v2\/media\/230454"}],"wp:attachment":[{"href":"https:\/\/mendomedical.ca\/fr\/wp-json\/wp\/v2\/media?parent=230455"}],"wp:term":[{"taxonomy":"product_brand","embeddable":true,"href":"https:\/\/mendomedical.ca\/fr\/wp-json\/wp\/v2\/product_brand?post=230455"},{"taxonomy":"product_cat","embeddable":true,"href":"https:\/\/mendomedical.ca\/fr\/wp-json\/wp\/v2\/product_cat?post=230455"},{"taxonomy":"product_tag","embeddable":true,"href":"https:\/\/mendomedical.ca\/fr\/wp-json\/wp\/v2\/product_tag?post=230455"},{"taxonomy":"product_format_filter","embeddable":true,"href":"https:\/\/mendomedical.ca\/fr\/wp-json\/wp\/v2\/product_format_filter?post=230455"}],"curies":[{"name":"wp","href":"https:\/\/api.w.org\/{rel}","templated":true}]}}