{"id":230212,"date":"2025-08-28T19:00:12","date_gmt":"2025-08-28T23:00:12","guid":{"rendered":"https:\/\/mendomedical.ca\/?post_type=product&#038;p=230212"},"modified":"2026-05-01T01:33:09","modified_gmt":"2026-05-01T05:33:09","slug":"rozzie-stick-champaya-all-in-one-live-rosin-vape-pen","status":"publish","type":"product","link":"https:\/\/mendomedical.ca\/fr\/produit\/rozzie-stick-champaya-all-in-one-live-rosin-vape-pen\/","title":{"rendered":"Rozzie Stick - Champaya - Stylo \u00e0 Vape Live Rosin tout-en-un"},"content":{"rendered":"","protected":false},"excerpt":{"rendered":"<div class=\"ExternalClass4CC84F808BD94B07A93F5D3C2BA28755\">\n<h3>Terp\u00e8nes totaux: 12.62%<\/h3>\n<h3>Rozzie Stick - Champaya - Stylo \u00e0 Vape Live Rosin tout-en-un<\/h3>\n<p>Faites l&rsquo;exp\u00e9rience du vapotage sans solvant haut de gamme avec le PharmaBee Rozzie Stick - Champaya, un appareil tout-en-un de 1 g fabriqu\u00e9 avec de la rosine de haschisch vivante \u00e0 spectre complet provenant d&rsquo;une source unique et d&rsquo;un cannabis biologique cultiv\u00e9 au soleil. Cet hybride Papaya x Mimosa V6 combine une teneur exceptionnelle en terp\u00e8nes (12,62 %) avec un design durable, dans un bo\u00eetier en plastique de chanvre recycl\u00e9 avec une batterie rechargeable. Offrant des saveurs douces d&rsquo;agrumes et de pin et des effets \u00e9quilibr\u00e9s, ce stylo \u00e0 vape de qualit\u00e9 connaisseur offre \u00e0 la fois un potentiel th\u00e9rapeutique et une conscience environnementale.<\/p>\n<h4>Caract\u00e9ristiques principales<\/h4>\n<ul>\n<li>Live Rosin \u00e0 spectre complet, extrait de cannabis biologique cultiv\u00e9 au soleil.<\/li>\n<li>Teneur \u00e9lev\u00e9e en terp\u00e8nes (12,62 %) pour une saveur et des effets th\u00e9rapeutiques renforc\u00e9s<\/li>\n<li>Dispositif Urth-C\u2122 \u00e9cologique avec batterie lithium amovible et coque plastique en chanvre biod\u00e9gradable.<\/li>\n<li>Profil cannabino\u00efde puissant : 634,6 mg\/g de THC total, 38,9 mg\/g de CBG et 35,1 mg\/g de CBGA<\/li>\n<li>Effets hybrides \u00e9quilibr\u00e9s convenant \u00e0 la fois \u00e0 la journ\u00e9e et \u00e0 la soir\u00e9e<\/li>\n<\/ul>\n<h4>Profil aromatique et terp\u00e9nique<\/h4>\n<p><strong>Profil d&rsquo;ar\u00f4me :<\/strong> Commencez par des notes croustillantes d&rsquo;agrumes et de fruits du verger d\u00e9licats qui apportent une touche de fra\u00eecheur. L&rsquo;exp\u00e9rience se transforme en un m\u00e9lange apaisant d&rsquo;\u00e9pices douces et de camomille florale, qui se termine par une chaleur douce et terreuse et de subtiles notes bois\u00e9es th\u00e9rapeutiques.<\/p>\n<p><strong>Profil terp\u00e9nique :<\/strong> Le profil terp\u00e9nique diversifi\u00e9 totalise 12,63 %, avec des concentrations \u00e9lev\u00e9es de trans-caryophyll\u00e8ne (3,18 %), de limon\u00e8ne (2,54 %) et de farn\u00e9s\u00e8ne (2,46 %). Ce m\u00e9lange complexe peut avoir des effets anti-inflammatoires, stimulants et calmants, renforc\u00e9s par la pr\u00e9sence de bisabolol et d&rsquo;humul\u00e8ne.<\/p>\n<p><strong>Effets :<\/strong> Les utilisateurs font souvent \u00e9tat d&rsquo;une \u00e9l\u00e9vation initiale de l&rsquo;humeur et d&rsquo;une clart\u00e9 mentale, accompagn\u00e9es d&rsquo;une douce relaxation corporelle. La combinaison des principaux cannabino\u00efdes et des terp\u00e8nes calmants peut contribuer \u00e0 soulager le stress, la tension et l&rsquo;inflammation.<\/p>\n<h4>Pourquoi choisir All-In-One Vapes<\/h4>\n<p>Les stylos \u00e0 vaper tout-en-un offrent aux patients de cannabis m\u00e9dical une commodit\u00e9 in\u00e9gal\u00e9e et un dosage pr\u00e9cis. L&rsquo;extraction sans solvant du Rozzie Stick pr\u00e9serve le spectre complet des compos\u00e9s th\u00e9rapeutiques tout en \u00e9liminant le besoin de piles ou de cartouches s\u00e9par\u00e9es, ce qui le rend id\u00e9al pour les patients \u00e0 la recherche d&rsquo;un soulagement constant et portable.<\/p>\n<h4>Exp\u00e9dition dans tout le Canada<\/h4>\n<p>Le Rozzie Stick - Champaya - All-In-One Live Rosin Vape Pen est exp\u00e9di\u00e9 rapidement \u00e0 travers le Canada. Profitez de la livraison gratuite pour toutes les commandes de plus de 150 $, en vous assurant que vos produits de cannabis de qualit\u00e9 sup\u00e9rieure arrivent rapidement \u00e0 votre porte.<\/p>\n<h4>Avantages et couverture pour les anciens combattants<\/h4>\n<p>Le Rozzie Stick - Champaya - All-In-One Live Rosin Vape Pen est admissible \u00e0 la couverture d&rsquo;ACC (Anciens Combattants Canada) avec facturation directe par la Croix Bleue, ce qui signifie qu&rsquo;il n&rsquo;y a pas de frais \u00e0 d\u00e9bourser pour les anciens combattants admissibles. Si vous n&rsquo;avez pas encore de prescription m\u00e9dicale de cannabis, <a href=\"https:\/\/mendomedical.ca\/fr\/carte-medicale\/\">obtenez votre carte m\u00e9dicale gratuite rapidement et facilement<\/a> pour acc\u00e9der aux avantages de la couverture.<\/p>\n<\/div>\n","protected":false},"featured_media":230214,"comment_status":"closed","ping_status":"closed","template":"","meta":{"_acf_changed":false,"site-sidebar-layout":"default","site-content-layout":"","ast-site-content-layout":"default","site-content-style":"default","site-sidebar-style":"default","ast-global-header-display":"","ast-banner-title-visibility":"","ast-main-header-display":"","ast-hfb-above-header-display":"","ast-hfb-below-header-display":"","ast-hfb-mobile-header-display":"","site-post-title":"","ast-breadcrumbs-content":"","ast-featured-img":"","footer-sml-layout":"","ast-disable-related-posts":"","theme-transparent-header-meta":"default","adv-header-id-meta":"","stick-header-meta":"","header-above-stick-meta":"","header-main-stick-meta":"","header-below-stick-meta":"","astra-migrate-meta-layouts":"set","ast-page-background-enabled":"default","ast-page-background-meta":{"desktop":{"background-color":"var(--ast-global-color-4)","background-image":"","background-repeat":"repeat","background-position":"center center","background-size":"auto","background-attachment":"scroll","background-type":"","background-media":"","overlay-type":"","overlay-color":"","overlay-opacity":"","overlay-gradient":""},"tablet":{"background-color":"","background-image":"","background-repeat":"repeat","background-position":"center center","background-size":"auto","background-attachment":"scroll","background-type":"","background-media":"","overlay-type":"","overlay-color":"","overlay-opacity":"","overlay-gradient":""},"mobile":{"background-color":"","background-image":"","background-repeat":"repeat","background-position":"center center","background-size":"auto","background-attachment":"scroll","background-type":"","background-media":"","overlay-type":"","overlay-color":"","overlay-opacity":"","overlay-gradient":""}},"ast-content-background-meta":{"desktop":{"background-color":"var(--ast-global-color-5)","background-image":"","background-repeat":"repeat","background-position":"center center","background-size":"auto","background-attachment":"scroll","background-type":"","background-media":"","overlay-type":"","overlay-color":"","overlay-opacity":"","overlay-gradient":""},"tablet":{"background-color":"var(--ast-global-color-5)","background-image":"","background-repeat":"repeat","background-position":"center center","background-size":"auto","background-attachment":"scroll","background-type":"","background-media":"","overlay-type":"","overlay-color":"","overlay-opacity":"","overlay-gradient":""},"mobile":{"background-color":"var(--ast-global-color-5)","background-image":"","background-repeat":"repeat","background-position":"center center","background-size":"auto","background-attachment":"scroll","background-type":"","background-media":"","overlay-type":"","overlay-color":"","overlay-opacity":"","overlay-gradient":""}}},"product_brand":[],"product_cat":[1164,1530,1159,1161],"product_tag":[2297],"product_format_filter":[6369],"class_list":{"0":"post-230212","1":"product","2":"type-product","3":"status-publish","4":"has-post-thumbnail","6":"product_cat-cured-et-rosin-vivante-fr","7":"product_cat-spectre-complet1","8":"product_cat-vapoteuses","9":"product_cat-tout-en-un","10":"product_tag-pharmabee-fr","11":"pa_flavours-cremeux","12":"pa_flavours-doux","13":"pa_intensity-thc-eleve","14":"pa_intensity-low-cbg-fr","15":"pa_marques-pharmabee-fr","16":"pa_origin-quebec-fr","17":"pa_profil-terpene-bisabolol-fr","18":"pa_profil-terpene-caryophyllene","19":"pa_profil-terpene-farnesene-fr","20":"pa_profil-terpene-guaiol-fr","21":"pa_profil-terpene-humulene-fr","22":"pa_profil-terpene-limonene-fr","23":"pa_profil-terpene-linalol-fr","24":"pa_profil-terpene-pinene-fr","25":"pa_type-de-plante-hybride-fr","26":"product_format_filter-1g","27":"desktop-align-left","28":"tablet-align-left","29":"mobile-align-left","31":"first","32":"instock","33":"taxable","34":"shipping-taxable","35":"purchasable","36":"product-type-simple"},"group_of_quantity":0,"min_quantity":0,"max_quantity":"","exclude_order_quantity_value_rules":"no","exclude_category_quantity_rules":"no","combine_variations":"no","acf":[],"_links":{"self":[{"href":"https:\/\/mendomedical.ca\/fr\/wp-json\/wp\/v2\/product\/230212","targetHints":{"allow":["GET"]}}],"collection":[{"href":"https:\/\/mendomedical.ca\/fr\/wp-json\/wp\/v2\/product"}],"about":[{"href":"https:\/\/mendomedical.ca\/fr\/wp-json\/wp\/v2\/types\/product"}],"replies":[{"embeddable":true,"href":"https:\/\/mendomedical.ca\/fr\/wp-json\/wp\/v2\/comments?post=230212"}],"wp:featuredmedia":[{"embeddable":true,"href":"https:\/\/mendomedical.ca\/fr\/wp-json\/wp\/v2\/media\/230214"}],"wp:attachment":[{"href":"https:\/\/mendomedical.ca\/fr\/wp-json\/wp\/v2\/media?parent=230212"}],"wp:term":[{"taxonomy":"product_brand","embeddable":true,"href":"https:\/\/mendomedical.ca\/fr\/wp-json\/wp\/v2\/product_brand?post=230212"},{"taxonomy":"product_cat","embeddable":true,"href":"https:\/\/mendomedical.ca\/fr\/wp-json\/wp\/v2\/product_cat?post=230212"},{"taxonomy":"product_tag","embeddable":true,"href":"https:\/\/mendomedical.ca\/fr\/wp-json\/wp\/v2\/product_tag?post=230212"},{"taxonomy":"product_format_filter","embeddable":true,"href":"https:\/\/mendomedical.ca\/fr\/wp-json\/wp\/v2\/product_format_filter?post=230212"}],"curies":[{"name":"wp","href":"https:\/\/api.w.org\/{rel}","templated":true}]}}