{"id":230166,"date":"2024-09-01T06:50:44","date_gmt":"2024-09-01T10:50:44","guid":{"rendered":"https:\/\/mendomedical.ca\/?post_type=product&#038;p=230166"},"modified":"2026-01-20T09:13:12","modified_gmt":"2026-01-20T14:13:12","slug":"grapefruit-gift-resin-infused-pre-rolls","status":"publish","type":"product","link":"https:\/\/mendomedical.ca\/fr\/produit\/grapefruit-gift-resin-infused-pre-rolls\/","title":{"rendered":"Cadeau de pamplemousse Pr\u00e9-rouleaux infus\u00e9s \u00e0 la r\u00e9sine"},"content":{"rendered":"","protected":false},"excerpt":{"rendered":"<div class=\"ExternalClass6E347FCD5286452DA738F8DD65F56D85\">\n<h3>Cadeau de pamplemousse Pr\u00e9-rouleaux infus\u00e9s \u00e0 la r\u00e9sine<\/h3>\n<p>D\u00e9couvrez la puissance exceptionnelle des Pr\u00e9-rolls infus\u00e9s \u00e0 la r\u00e9sine Grapefruit Gift de Wildcard Extracts, \u00e9labor\u00e9s de mani\u00e8re experte avec des fleurs de premi\u00e8re qualit\u00e9 et rehauss\u00e9s de r\u00e9sine extraite de la m\u00eame souche. Cet hybride unique combine les g\u00e9n\u00e9tiques de Grapefruit Romulan et de God&rsquo;s Gift, cultiv\u00e9es par Rocky Mountain Cannabis, offrant un profil terp\u00e9nique total robuste de 2,34 % pour une saveur et une efficacit\u00e9 maximales. <\/p>\n<h4>Caract\u00e9ristiques principales<\/h4>\n<ul>\n<li>Pr\u00e9-rolls infus\u00e9s \u00e0 la r\u00e9sine et surcharg\u00e9s d&rsquo;extrait de la m\u00eame vari\u00e9t\u00e9 de fleur.<\/li>\n<li>G\u00e9n\u00e9tique de qualit\u00e9 sup\u00e9rieure croisant Pamplemousse Romulan \u00d7 God&rsquo;s Gift<\/li>\n<li>Teneur \u00e9lev\u00e9e en terp\u00e8nes (2,34 %) pour un potentiel th\u00e9rapeutique accru<\/li>\n<li>Roul\u00e9s de mani\u00e8re experte pour une combustion r\u00e9guli\u00e8re et un dosage optimal<\/li>\n<li>Effets puissants avec un profil aromatique exceptionnel<\/li>\n<\/ul>\n<h4>Profil aromatique et terp\u00e9nique<\/h4>\n<p><strong>Ar\u00f4me :<\/strong> Des notes d&rsquo;agrumes brillantes dominent le profil aromatique.<\/p>\n<p><strong>Profil d&rsquo;ar\u00f4me :<\/strong> Des couches complexes d&rsquo;\u00e9corce d&rsquo;agrumes se m\u00ealent \u00e0 des nuances terreuses, compl\u00e9t\u00e9es par des notes musqu\u00e9es et des accents acidul\u00e9s de diesel.<\/p>\n<p><strong>Profil terp\u00e9nique :<\/strong> Riche en caryophyll\u00e8ne, en farn\u00e9s\u00e8ne, en alpha-humul\u00e8ne et en limon\u00e8ne, contribuant \u00e0 la fois \u00e0 la saveur distinctive et aux bienfaits th\u00e9rapeutiques potentiels.<\/p>\n<h4>Pourquoi choisir les pr\u00e9-rolls ?<\/h4>\n<p>Les Pr\u00e9-rolls offrent aux patients de cannabis m\u00e9dical un dosage pratique et coh\u00e9rent sans qu&rsquo;il soit n\u00e9cessaire de les broyer ou de les rouler. Ces options infus\u00e9es offrent une puissance et des effets accrus, ce qui les rend id\u00e9ales pour les patients qui recherchent un soulagement plus fort tout en conservant un contr\u00f4le pr\u00e9cis des portions. <\/p>\n<h4>Exp\u00e9dition dans tout le Canada<\/h4>\n<p>Les Pr\u00e9-rolls infus\u00e9s \u00e0 la r\u00e9sine Grapefruit Gift sont exp\u00e9di\u00e9s rapidement \u00e0 travers le Canada avec une livraison gratuite pour les commandes de plus de 150 $. Votre commande sera soigneusement emball\u00e9e pour garantir sa fra\u00eecheur et sa qualit\u00e9 \u00e0 l&rsquo;arriv\u00e9e. <\/p>\n<h4>Avantages et couverture pour les anciens combattants<\/h4>\n<p>Les Pr\u00e9-rolls infus\u00e9s \u00e0 la r\u00e9sine de cadeau de pamplemousse sont admissibles \u00e0 la couverture d&rsquo;ACC (Anciens Combattants Canada) avec facturation directe par la Croix Bleue, ce qui signifie qu&rsquo;il n&rsquo;y a pas de frais \u00e0 d\u00e9bourser pour les anciens combattants admissibles. Si vous n&rsquo;avez pas encore votre ordonnance de cannabis m\u00e9dical, <a href=\"https:\/\/mendomedical.ca\/fr\/carte-medicale\/\">obtenez votre carte m\u00e9dicale gratuite rapidement et facilement<\/a> pour acc\u00e9der \u00e0 ces avantages. <\/p>\n<\/div>\n","protected":false},"featured_media":230173,"comment_status":"closed","ping_status":"closed","template":"","meta":{"_acf_changed":false,"site-sidebar-layout":"default","site-content-layout":"","ast-site-content-layout":"default","site-content-style":"default","site-sidebar-style":"default","ast-global-header-display":"","ast-banner-title-visibility":"","ast-main-header-display":"","ast-hfb-above-header-display":"","ast-hfb-below-header-display":"","ast-hfb-mobile-header-display":"","site-post-title":"","ast-breadcrumbs-content":"","ast-featured-img":"","footer-sml-layout":"","ast-disable-related-posts":"","theme-transparent-header-meta":"default","adv-header-id-meta":"","stick-header-meta":"","header-above-stick-meta":"","header-main-stick-meta":"","header-below-stick-meta":"","astra-migrate-meta-layouts":"set","ast-page-background-enabled":"default","ast-page-background-meta":{"desktop":{"background-color":"var(--ast-global-color-4)","background-image":"","background-repeat":"repeat","background-position":"center center","background-size":"auto","background-attachment":"scroll","background-type":"","background-media":"","overlay-type":"","overlay-color":"","overlay-opacity":"","overlay-gradient":""},"tablet":{"background-color":"","background-image":"","background-repeat":"repeat","background-position":"center center","background-size":"auto","background-attachment":"scroll","background-type":"","background-media":"","overlay-type":"","overlay-color":"","overlay-opacity":"","overlay-gradient":""},"mobile":{"background-color":"","background-image":"","background-repeat":"repeat","background-position":"center center","background-size":"auto","background-attachment":"scroll","background-type":"","background-media":"","overlay-type":"","overlay-color":"","overlay-opacity":"","overlay-gradient":""}},"ast-content-background-meta":{"desktop":{"background-color":"var(--ast-global-color-5)","background-image":"","background-repeat":"repeat","background-position":"center center","background-size":"auto","background-attachment":"scroll","background-type":"","background-media":"","overlay-type":"","overlay-color":"","overlay-opacity":"","overlay-gradient":""},"tablet":{"background-color":"var(--ast-global-color-5)","background-image":"","background-repeat":"repeat","background-position":"center center","background-size":"auto","background-attachment":"scroll","background-type":"","background-media":"","overlay-type":"","overlay-color":"","overlay-opacity":"","overlay-gradient":""},"mobile":{"background-color":"var(--ast-global-color-5)","background-image":"","background-repeat":"repeat","background-position":"center center","background-size":"auto","background-attachment":"scroll","background-type":"","background-media":"","overlay-type":"","overlay-color":"","overlay-opacity":"","overlay-gradient":""}}},"product_brand":[],"product_cat":[1147,1144],"product_tag":[],"product_format_filter":[6374],"class_list":{"0":"post-230166","1":"product","2":"type-product","3":"status-publish","4":"has-post-thumbnail","6":"product_cat-pre-roules-infuses","7":"product_cat-pre-roules","8":"pa_flavours-agrume","9":"pa_flavours-diesel-fr","10":"pa_flavours-musk-fr","11":"pa_flavours-piquant","12":"pa_flavours-terreux","13":"pa_format-0-5g-x-3-2-fr","14":"pa_intensity-thc-eleve","15":"pa_marques-wildcard-extracts-fr","16":"pa_origin-colombie-britannique-fr","17":"pa_profil-terpene-caryophyllene","18":"pa_profil-terpene-farnesene-fr","19":"pa_profil-terpene-guaiol-fr","20":"pa_profil-terpene-humulene-fr","21":"pa_profil-terpene-limonene-fr","22":"pa_thc-40-3-fr","23":"pa_type-de-plante-hybride-fr","24":"product_format_filter-0-5g","25":"desktop-align-left","26":"tablet-align-left","27":"mobile-align-left","29":"first","30":"outofstock","31":"taxable","32":"shipping-taxable","33":"purchasable","34":"product-type-simple"},"group_of_quantity":0,"min_quantity":0,"max_quantity":"","exclude_order_quantity_value_rules":"no","exclude_category_quantity_rules":"no","combine_variations":"no","acf":[],"_links":{"self":[{"href":"https:\/\/mendomedical.ca\/fr\/wp-json\/wp\/v2\/product\/230166","targetHints":{"allow":["GET"]}}],"collection":[{"href":"https:\/\/mendomedical.ca\/fr\/wp-json\/wp\/v2\/product"}],"about":[{"href":"https:\/\/mendomedical.ca\/fr\/wp-json\/wp\/v2\/types\/product"}],"replies":[{"embeddable":true,"href":"https:\/\/mendomedical.ca\/fr\/wp-json\/wp\/v2\/comments?post=230166"}],"wp:featuredmedia":[{"embeddable":true,"href":"https:\/\/mendomedical.ca\/fr\/wp-json\/wp\/v2\/media\/230173"}],"wp:attachment":[{"href":"https:\/\/mendomedical.ca\/fr\/wp-json\/wp\/v2\/media?parent=230166"}],"wp:term":[{"taxonomy":"product_brand","embeddable":true,"href":"https:\/\/mendomedical.ca\/fr\/wp-json\/wp\/v2\/product_brand?post=230166"},{"taxonomy":"product_cat","embeddable":true,"href":"https:\/\/mendomedical.ca\/fr\/wp-json\/wp\/v2\/product_cat?post=230166"},{"taxonomy":"product_tag","embeddable":true,"href":"https:\/\/mendomedical.ca\/fr\/wp-json\/wp\/v2\/product_tag?post=230166"},{"taxonomy":"product_format_filter","embeddable":true,"href":"https:\/\/mendomedical.ca\/fr\/wp-json\/wp\/v2\/product_format_filter?post=230166"}],"curies":[{"name":"wp","href":"https:\/\/api.w.org\/{rel}","templated":true}]}}