{"id":229399,"date":"2025-09-17T15:54:05","date_gmt":"2025-09-17T19:54:05","guid":{"rendered":"https:\/\/mendomedical.ca\/product\/gateau-la-kush\/"},"modified":"2026-04-04T21:06:56","modified_gmt":"2026-04-05T01:06:56","slug":"la-kush-cake-fr","status":"publish","type":"product","link":"https:\/\/mendomedical.ca\/fr\/produit\/la-kush-cake-fr\/","title":{"rendered":"LA Kush Cake"},"content":{"rendered":"","protected":false},"excerpt":{"rendered":"<div class=\"ExternalClassD2BC87208F0C43D7925C0A7D58E107FE\">\n<h3>LA Kush Cake by 1964 - Fleur de cannabis biologique de qualit\u00e9 sup\u00e9rieure<\/h3>\n<h3>Terp\u00e8nes totaux : 3,51%.<\/h3>\n<p>LA Kush Cake offre une qualit\u00e9 exceptionnelle en tant que fleur de cannabis \u00e0 dominance indica issue de la collection premium de 1964. Cette vari\u00e9t\u00e9 m\u00e9ticuleusement cultiv\u00e9e combine les g\u00e9n\u00e9tiques Wedding Cake et Kush Mints pour produire une fleur puissante contenant 26 \u00e0 30 % de THC et 3,88 % de Terp\u00e8nes totaux. Cultiv\u00e9e dans un sol vivant avec une certification biologique FVOPA, cette vari\u00e9t\u00e9 offre des cocottes denses et givr\u00e9es avec des saveurs cr\u00e9meuses et gazeuses distinctives que les consommateurs de cannabis exp\u00e9riment\u00e9s recherchent.  <\/p>\n<h4>Caract\u00e9ristiques principales<\/h4>\n<ul>\n<li>Souche puissante \u00e0 dominance indica avec une teneur en THC de 26-30%.<\/li>\n<li>Certifi\u00e9 biologique par l&rsquo;OSAV, cultiv\u00e9 dans un sol vivant sans irradiation<\/li>\n<li>R\u00e9colt\u00e9 \u00e0 la main et s\u00e9ch\u00e9 pendant 14 jours, suivi d&rsquo;un s\u00e9chage \u00e0 froid.<\/li>\n<li>Fleurs denses et givr\u00e9es contenant 3,88% de Terp\u00e8nes totaux.<\/li>\n<li>G\u00e2teau de mariage avec croisement de g\u00e8nes de premi\u00e8re qualit\u00e9 et menthes Kush<\/li>\n<\/ul>\n<h4>Profil aromatique et terp\u00e9nique<\/h4>\n<p>LA Kush Cake pr\u00e9sente une exp\u00e9rience sensorielle sophistiqu\u00e9e avec des saveurs cr\u00e9meuses, semblables \u00e0 celles de la p\u00e2te, \u00e9quilibr\u00e9es par des notes gazeuses prononc\u00e9es. Le profil terp\u00e9nique robuste de 3,88% de la vari\u00e9t\u00e9 pr\u00e9sente des terp\u00e8nes dominants tels que le b\u00eata-caryophyll\u00e8ne, le limon\u00e8ne et le trans-caryophyll\u00e8ne. Ces terp\u00e8nes contribuent \u00e0 la complexit\u00e9 aromatique de la vari\u00e9t\u00e9 tout en soutenant potentiellement l&rsquo;effet d&rsquo;entourage lorsqu&rsquo;ils sont combin\u00e9s \u00e0 sa teneur \u00e9lev\u00e9e en cannabino\u00efdes.  <\/p>\n<h4>Pourquoi choisir les fleurs de cannabis<\/h4>\n<p>La fleur de cannabis offre aux utilisateurs m\u00e9dicaux un contr\u00f4le pr\u00e9cis du dosage avec une apparition imm\u00e9diate des effets. La plante enti\u00e8re fournit le spectre complet des cannabino\u00efdes et des terp\u00e8nes, ce qui permet aux patients de ressentir les effets potentiels de l&rsquo;entourage. \u00c9tant donn\u00e9 la puissance \u00e9lev\u00e9e de LA Kush Cake, les utilisateurs m\u00e9dicaux devraient commencer par de petites quantit\u00e9s.  <\/p>\n<h4>Exp\u00e9dition dans tout le Canada<\/h4>\n<p>LA Kush Cake est exp\u00e9di\u00e9 rapidement \u00e0 travers le Canada gr\u00e2ce au r\u00e9seau de livraison fiable de Mendo Medical. Profitez de la livraison gratuite pour toutes les commandes de plus de 150 $, en vous assurant que votre fleur de cannabis de qualit\u00e9 sup\u00e9rieure arrive fra\u00eeche et pr\u00eate \u00e0 l&#8217;emploi. <\/p>\n<h4>Avantages et couverture pour les anciens combattants<\/h4>\n<p>LA Kush Cake est admissible \u00e0 la couverture d&rsquo;ACC (Anciens Combattants Canada), avec une facturation directe disponible par l&rsquo;interm\u00e9diaire de la Croix Bleue, sans frais \u00e0 d\u00e9bourser. Si vous n&rsquo;avez pas encore votre carte de cannabis m\u00e9dical, <a href=\"https:\/\/mendomedical.ca\/fr\/carte-medicale\/\">obtenez votre carte m\u00e9dicale gratuite rapidement et facilement<\/a> pour acc\u00e9der \u00e0 ces avantages et commencer votre voyage avec le cannabis m\u00e9dical. <\/p>\n<\/div>\n","protected":false},"featured_media":229405,"comment_status":"closed","ping_status":"closed","template":"","meta":{"_acf_changed":false,"site-sidebar-layout":"default","site-content-layout":"","ast-site-content-layout":"default","site-content-style":"default","site-sidebar-style":"default","ast-global-header-display":"","ast-banner-title-visibility":"","ast-main-header-display":"","ast-hfb-above-header-display":"","ast-hfb-below-header-display":"","ast-hfb-mobile-header-display":"","site-post-title":"","ast-breadcrumbs-content":"","ast-featured-img":"","footer-sml-layout":"","ast-disable-related-posts":"","theme-transparent-header-meta":"default","adv-header-id-meta":"","stick-header-meta":"","header-above-stick-meta":"","header-main-stick-meta":"","header-below-stick-meta":"","astra-migrate-meta-layouts":"set","ast-page-background-enabled":"default","ast-page-background-meta":{"desktop":{"background-color":"var(--ast-global-color-4)","background-image":"","background-repeat":"repeat","background-position":"center center","background-size":"auto","background-attachment":"scroll","background-type":"","background-media":"","overlay-type":"","overlay-color":"","overlay-opacity":"","overlay-gradient":""},"tablet":{"background-color":"","background-image":"","background-repeat":"repeat","background-position":"center center","background-size":"auto","background-attachment":"scroll","background-type":"","background-media":"","overlay-type":"","overlay-color":"","overlay-opacity":"","overlay-gradient":""},"mobile":{"background-color":"","background-image":"","background-repeat":"repeat","background-position":"center center","background-size":"auto","background-attachment":"scroll","background-type":"","background-media":"","overlay-type":"","overlay-color":"","overlay-opacity":"","overlay-gradient":""}},"ast-content-background-meta":{"desktop":{"background-color":"var(--ast-global-color-5)","background-image":"","background-repeat":"repeat","background-position":"center center","background-size":"auto","background-attachment":"scroll","background-type":"","background-media":"","overlay-type":"","overlay-color":"","overlay-opacity":"","overlay-gradient":""},"tablet":{"background-color":"var(--ast-global-color-5)","background-image":"","background-repeat":"repeat","background-position":"center center","background-size":"auto","background-attachment":"scroll","background-type":"","background-media":"","overlay-type":"","overlay-color":"","overlay-opacity":"","overlay-gradient":""},"mobile":{"background-color":"var(--ast-global-color-5)","background-image":"","background-repeat":"repeat","background-position":"center center","background-size":"auto","background-attachment":"scroll","background-type":"","background-media":"","overlay-type":"","overlay-color":"","overlay-opacity":"","overlay-gradient":""}}},"product_brand":[],"product_cat":[1137],"product_tag":[],"product_format_filter":[6373],"class_list":{"0":"post-229399","1":"product","2":"type-product","3":"status-publish","4":"has-post-thumbnail","6":"product_cat-fleur","7":"pa_flavours-cremeux","8":"pa_flavours-gaz","9":"pa_intensity-thc-eleve","10":"pa_marques-1964-fr","11":"pa_origin-colombie-britannique-fr","12":"pa_packaging-date-02-03-2026","13":"pa_prix-par-gramme-8-57-fr","14":"pa_profil-terpene-caryophyllene","15":"pa_profil-terpene-farnesene-fr","16":"pa_profil-terpene-humulene-fr","17":"pa_profil-terpene-limonene-fr","18":"pa_profil-terpene-linalol-fr","19":"pa_profil-terpene-myrcene","20":"pa_profil-terpene-pinene-fr","21":"pa_type-de-plante-indica-fr","22":"product_format_filter-7g","23":"desktop-align-left","24":"tablet-align-left","25":"mobile-align-left","27":"first","28":"outofstock","29":"taxable","30":"shipping-taxable","31":"purchasable","32":"product-type-simple"},"group_of_quantity":0,"min_quantity":0,"max_quantity":"","exclude_order_quantity_value_rules":"no","exclude_category_quantity_rules":"no","combine_variations":"no","acf":[],"_links":{"self":[{"href":"https:\/\/mendomedical.ca\/fr\/wp-json\/wp\/v2\/product\/229399","targetHints":{"allow":["GET"]}}],"collection":[{"href":"https:\/\/mendomedical.ca\/fr\/wp-json\/wp\/v2\/product"}],"about":[{"href":"https:\/\/mendomedical.ca\/fr\/wp-json\/wp\/v2\/types\/product"}],"replies":[{"embeddable":true,"href":"https:\/\/mendomedical.ca\/fr\/wp-json\/wp\/v2\/comments?post=229399"}],"wp:featuredmedia":[{"embeddable":true,"href":"https:\/\/mendomedical.ca\/fr\/wp-json\/wp\/v2\/media\/229405"}],"wp:attachment":[{"href":"https:\/\/mendomedical.ca\/fr\/wp-json\/wp\/v2\/media?parent=229399"}],"wp:term":[{"taxonomy":"product_brand","embeddable":true,"href":"https:\/\/mendomedical.ca\/fr\/wp-json\/wp\/v2\/product_brand?post=229399"},{"taxonomy":"product_cat","embeddable":true,"href":"https:\/\/mendomedical.ca\/fr\/wp-json\/wp\/v2\/product_cat?post=229399"},{"taxonomy":"product_tag","embeddable":true,"href":"https:\/\/mendomedical.ca\/fr\/wp-json\/wp\/v2\/product_tag?post=229399"},{"taxonomy":"product_format_filter","embeddable":true,"href":"https:\/\/mendomedical.ca\/fr\/wp-json\/wp\/v2\/product_format_filter?post=229399"}],"curies":[{"name":"wp","href":"https:\/\/api.w.org\/{rel}","templated":true}]}}