{"id":228623,"date":"2025-09-26T17:15:24","date_gmt":"2025-09-26T21:15:24","guid":{"rendered":"https:\/\/mendomedical.ca\/?post_type=product&#038;p=228623"},"modified":"2026-03-30T18:45:25","modified_gmt":"2026-03-30T22:45:25","slug":"french-cookies-fr","status":"publish","type":"product","link":"https:\/\/mendomedical.ca\/fr\/produit\/french-cookies-fr\/","title":{"rendered":"French Cookies"},"content":{"rendered":"","protected":false},"excerpt":{"rendered":"<div class=\"ExternalClass22E751A48EB9423EBCF6457BE0CF190E\">\n<h3>Biscuits fran\u00e7ais par Ritual Green<\/h3>\n<h3>Terp\u00e8nes totaux : 3,04%.<\/h3>\n<p>Faites l&rsquo;exp\u00e9rience de la puissance exceptionnelle et de la g\u00e9n\u00e9tique raffin\u00e9e de French Cookies, un hybride de premi\u00e8re qualit\u00e9 \u00e0 dominante sativa 60\/40 de Ritual Green. Ce ph\u00e9notype soigneusement s\u00e9lectionn\u00e9 d\u00e9livre un impressionnant 3,04 % de terp\u00e8nes totaux et se teste r\u00e9guli\u00e8rement au-dessus de 28 % de THC, ce qui en fait l&rsquo;une des offres les plus puissantes de notre collection de fleurs. D\u00e9riv\u00e9e du c\u00e9l\u00e8bre cultivar Platinum Cookies et invers\u00e9e de mani\u00e8re experte par TH Seeds, French Cookies combine le meilleur des effets sativa et indica pour une exp\u00e9rience vraiment \u00e9quilibr\u00e9e.<\/p>\n<h4>Caract\u00e9ristiques principales<\/h4>\n<ul>\n<li>Hybride de qualit\u00e9 sup\u00e9rieure \u00e0 dominante sativa (60\/40) avec une teneur en THC exceptionnellement \u00e9lev\u00e9e, sup\u00e9rieure \u00e0 28%.<\/li>\n<li>Profil terp\u00e9nique totaux de 3,04% pour une saveur et des effets renforc\u00e9s.<\/li>\n<li>Des cocottes en forme de pique aux teintes vertes menthol\u00e9es, des feuilles pourpres et bleues.<\/li>\n<li>Effets hybrides parfaits offrant concentration et relaxation sans s\u00e9dation excessive<\/li>\n<li>Tr\u00e8s appr\u00e9ci\u00e9 par les patients pour sa douceur de consommation et sa puissance constante.<\/li>\n<\/ul>\n<h4>Profil aromatique et gustatif<\/h4>\n<p>French Cookies offre une exp\u00e9rience sensorielle complexe qui commence par des notes prononc\u00e9es de gazole et de diesel, compl\u00e9t\u00e9es par des notes subtiles de fruits et de g\u00e2teau. Le profil de saveur pr\u00e9sente des notes d&rsquo;herbes \u00e0 l&rsquo;inhalation, qui se transforment en une douce finale gazeuse \u00e0 l&rsquo;exhalaison. Les notes fruit\u00e9es et kush dominantes cr\u00e9ent un go\u00fbt de biscuit sucr\u00e9 et cr\u00e9meux qui persiste agr\u00e9ablement. Avec une teneur \u00e9lev\u00e9e en terp\u00e8nes de 3,04%, cette vari\u00e9t\u00e9 offre une exp\u00e9rience exceptionnellement douce et savoureuse dont les patients ne cessent de faire l&rsquo;\u00e9loge.<\/p>\n<h4>Pourquoi choisir All Flower<\/h4>\n<p>Les produits \u00e0 base de fleurs enti\u00e8res comme les French Cookies offrent aux utilisateurs m\u00e9dicaux le spectre complet des cannabino\u00efdes et des terp\u00e8nes sous leur forme naturelle. Cela permet un contr\u00f4le pr\u00e9cis du dosage et la possibilit\u00e9 d&rsquo;exp\u00e9rimenter l&rsquo;effet d&rsquo;entourage complet, ce qui peut am\u00e9liorer les b\u00e9n\u00e9fices th\u00e9rapeutiques.<\/p>\n<h4>Exp\u00e9dition dans tout le Canada<\/h4>\n<p>French Cookies est exp\u00e9di\u00e9 rapidement \u00e0 travers le Canada gr\u00e2ce au r\u00e9seau de livraison fiable de Mendo Medical. Nous offrons une livraison gratuite pour toutes les commandes de plus de 150 $, ce qui vous assure de recevoir vos produits floraux de qualit\u00e9 sup\u00e9rieure de fa\u00e7on pratique et discr\u00e8te \u00e0 votre porte.<\/p>\n<h4>Avantages et couverture pour les anciens combattants<\/h4>\n<p>Les biscuits fran\u00e7ais sont admissibles \u00e0 la couverture d&rsquo;ACC (Anciens Combattants Canada) et \u00e0 la facturation directe par l&rsquo;entremise de la Croix Bleue, ce qui signifie que les anciens combattants admissibles n&rsquo;ont rien \u00e0 d\u00e9bourser. Si vous n&rsquo;avez pas encore votre carte m\u00e9dicale, vous pouvez l&rsquo;obtenir rapidement et facilement gr\u00e2ce \u00e0 <a href=\"https:\/\/mendomedical.ca\/fr\/carte-medicale\/\">notre processus de demande simplifi\u00e9<\/a>.<\/p>\n<\/div>\n","protected":false},"featured_media":272326,"comment_status":"closed","ping_status":"closed","template":"","meta":{"_acf_changed":false,"site-sidebar-layout":"default","site-content-layout":"","ast-site-content-layout":"default","site-content-style":"default","site-sidebar-style":"default","ast-global-header-display":"","ast-banner-title-visibility":"","ast-main-header-display":"","ast-hfb-above-header-display":"","ast-hfb-below-header-display":"","ast-hfb-mobile-header-display":"","site-post-title":"","ast-breadcrumbs-content":"","ast-featured-img":"","footer-sml-layout":"","ast-disable-related-posts":"","theme-transparent-header-meta":"default","adv-header-id-meta":"","stick-header-meta":"","header-above-stick-meta":"","header-main-stick-meta":"","header-below-stick-meta":"","astra-migrate-meta-layouts":"set","ast-page-background-enabled":"default","ast-page-background-meta":{"desktop":{"background-color":"var(--ast-global-color-4)","background-image":"","background-repeat":"repeat","background-position":"center center","background-size":"auto","background-attachment":"scroll","background-type":"","background-media":"","overlay-type":"","overlay-color":"","overlay-opacity":"","overlay-gradient":""},"tablet":{"background-color":"","background-image":"","background-repeat":"repeat","background-position":"center center","background-size":"auto","background-attachment":"scroll","background-type":"","background-media":"","overlay-type":"","overlay-color":"","overlay-opacity":"","overlay-gradient":""},"mobile":{"background-color":"","background-image":"","background-repeat":"repeat","background-position":"center center","background-size":"auto","background-attachment":"scroll","background-type":"","background-media":"","overlay-type":"","overlay-color":"","overlay-opacity":"","overlay-gradient":""}},"ast-content-background-meta":{"desktop":{"background-color":"var(--ast-global-color-5)","background-image":"","background-repeat":"repeat","background-position":"center center","background-size":"auto","background-attachment":"scroll","background-type":"","background-media":"","overlay-type":"","overlay-color":"","overlay-opacity":"","overlay-gradient":""},"tablet":{"background-color":"var(--ast-global-color-5)","background-image":"","background-repeat":"repeat","background-position":"center center","background-size":"auto","background-attachment":"scroll","background-type":"","background-media":"","overlay-type":"","overlay-color":"","overlay-opacity":"","overlay-gradient":""},"mobile":{"background-color":"var(--ast-global-color-5)","background-image":"","background-repeat":"repeat","background-position":"center center","background-size":"auto","background-attachment":"scroll","background-type":"","background-media":"","overlay-type":"","overlay-color":"","overlay-opacity":"","overlay-gradient":""}}},"product_brand":[],"product_cat":[1137],"product_tag":[],"product_format_filter":[6373],"class_list":{"0":"post-228623","1":"product","2":"type-product","3":"status-publish","4":"has-post-thumbnail","6":"product_cat-fleur","7":"pa_flavours-gazeux-diesel","8":"pa_flavours-fruite","9":"pa_flavours-kush","10":"pa_intensity-thc-eleve","11":"pa_marques-rituel-vert","12":"pa_origin-nouvelle-ecosse","13":"pa_packaging-date-12-08-2025","14":"pa_prix-par-gramme-8-57","15":"pa_profil-terpene-caryophyllene","16":"pa_profil-terpene-farnesene-fr","17":"pa_profil-terpene-humulene-fr","18":"pa_profil-terpene-limonene-fr","19":"pa_profil-terpene-myrcene","20":"pa_type-de-plante-hybride-sativa-fr","21":"product_format_filter-7g","22":"desktop-align-left","23":"tablet-align-left","24":"mobile-align-left","26":"first","27":"outofstock","28":"taxable","29":"shipping-taxable","30":"purchasable","31":"product-type-simple"},"group_of_quantity":0,"min_quantity":0,"max_quantity":"","exclude_order_quantity_value_rules":"no","exclude_category_quantity_rules":"no","combine_variations":"no","acf":[],"_links":{"self":[{"href":"https:\/\/mendomedical.ca\/fr\/wp-json\/wp\/v2\/product\/228623","targetHints":{"allow":["GET"]}}],"collection":[{"href":"https:\/\/mendomedical.ca\/fr\/wp-json\/wp\/v2\/product"}],"about":[{"href":"https:\/\/mendomedical.ca\/fr\/wp-json\/wp\/v2\/types\/product"}],"replies":[{"embeddable":true,"href":"https:\/\/mendomedical.ca\/fr\/wp-json\/wp\/v2\/comments?post=228623"}],"wp:featuredmedia":[{"embeddable":true,"href":"https:\/\/mendomedical.ca\/fr\/wp-json\/wp\/v2\/media\/272326"}],"wp:attachment":[{"href":"https:\/\/mendomedical.ca\/fr\/wp-json\/wp\/v2\/media?parent=228623"}],"wp:term":[{"taxonomy":"product_brand","embeddable":true,"href":"https:\/\/mendomedical.ca\/fr\/wp-json\/wp\/v2\/product_brand?post=228623"},{"taxonomy":"product_cat","embeddable":true,"href":"https:\/\/mendomedical.ca\/fr\/wp-json\/wp\/v2\/product_cat?post=228623"},{"taxonomy":"product_tag","embeddable":true,"href":"https:\/\/mendomedical.ca\/fr\/wp-json\/wp\/v2\/product_tag?post=228623"},{"taxonomy":"product_format_filter","embeddable":true,"href":"https:\/\/mendomedical.ca\/fr\/wp-json\/wp\/v2\/product_format_filter?post=228623"}],"curies":[{"name":"wp","href":"https:\/\/api.w.org\/{rel}","templated":true}]}}