{"id":228620,"date":"2025-09-22T21:55:34","date_gmt":"2025-09-23T01:55:34","guid":{"rendered":"https:\/\/mendomedical.ca\/?post_type=product&#038;p=228620"},"modified":"2026-03-29T16:37:16","modified_gmt":"2026-03-29T20:37:16","slug":"black-mamba-fr","status":"publish","type":"product","link":"https:\/\/mendomedical.ca\/fr\/produit\/black-mamba-fr\/","title":{"rendered":"Black Mamba"},"content":{"rendered":"","protected":false},"excerpt":{"rendered":"<div class=\"ExternalClassD0A94669E8254F42A990C7CF599CC426\">\n<h3>Black Mamba by Ritual Green - Hybride \u00e0 dominance indica de qualit\u00e9 sup\u00e9rieure<\/h3>\n<h3><strong data-start=\"34\" data-end=\"52\">Terp\u00e8nes totaux<\/strong>: 2,54%.<\/h3>\n<p>D\u00e9couvrez les effets puissants de Black Mamba, un hybride \u00e0 dominance indica tr\u00e8s puissant qui combine les g\u00e9n\u00e9tiques exceptionnelles de Mint Chocolate Chip et The Cube. Cette vari\u00e9t\u00e9 phare de Ritual Green est devenue l&rsquo;une des pr\u00e9f\u00e9r\u00e9es des patients et repr\u00e9sente plus de 60 % des ventes de la marque. Avec un profil terp\u00e9nique total robuste de 2,54 % et une composition \u00e0 dominante myrc\u00e8ne, Black Mamba offre une exp\u00e9rience puissante et relaxante, parfaite pour une utilisation en soir\u00e9e.  <\/p>\n<h4>Caract\u00e9ristiques principales<\/h4>\n<ul>\n<li>Croisement g\u00e9n\u00e9tique exotique des souches Mint Chocolate Chip X The Cube<\/li>\n<li>Cocottes denses, couvertes de trichomes, avec une coloration pourpre et verte frappante.<\/li>\n<li>Teneur \u00e9lev\u00e9e en myrc\u00e8ne, id\u00e9ale pour la d\u00e9tente en fin de journ\u00e9e<\/li>\n<li>2,54 % de terp\u00e8nes totaux pour des propri\u00e9t\u00e9s aromatiques et th\u00e9rapeutiques renforc\u00e9es.<\/li>\n<li>Profil \u00e0 dominante THC convenant aux utilisateurs exp\u00e9riment\u00e9s \u00e0 la recherche d&rsquo;effets puissants<\/li>\n<\/ul>\n<h4>Profil aromatique et gustatif<\/h4>\n<p>Black Mamba offre une exp\u00e9rience sensorielle complexe qui sollicite de multiples r\u00e9cepteurs gustatifs. La saveur initiale pr\u00e9sente des notes de mangue sucr\u00e9e et de poivre, suivies d&rsquo;une terre intense \u00e0 l&rsquo;expiration. L&rsquo;ar\u00f4me associe des notes de diesel cr\u00e9meux et gazeux \u00e0 des caract\u00e9ristiques terreuses de Kush, compl\u00e9t\u00e9es par des notes uniques de mangue m\u00fbre et de yaourt. Ce profil terp\u00e9nique sophistiqu\u00e9 cr\u00e9e une exp\u00e9rience \u00e0 plusieurs niveaux qui distingue Black Mamba des vari\u00e9t\u00e9s indica typiques.   <\/p>\n<h4>Pourquoi choisir Premium Flower<\/h4>\n<p>La fleur de cannabis de qualit\u00e9 sup\u00e9rieure offre aux utilisateurs m\u00e9dicaux la possibilit\u00e9 de personnaliser leurs m\u00e9thodes de dosage et de consommation. La fleur enti\u00e8re permet aux patients d&rsquo;exp\u00e9rimenter le spectre complet des cannabino\u00efdes et des terp\u00e8nes, ce qui peut am\u00e9liorer les b\u00e9n\u00e9fices th\u00e9rapeutiques gr\u00e2ce \u00e0 l&rsquo;effet d&rsquo;entourage. <\/p>\n<h4>Exp\u00e9dition dans tout le Canada<\/h4>\n<p>Black Mamba livre rapidement \u00e0 travers le Canada avec une livraison gratuite pour les commandes de plus de 150 $. Nous assurons un emballage discret et une livraison fiable aux patients dans tout le pays, rendant le cannabis m\u00e9dical de qualit\u00e9 sup\u00e9rieure accessible o\u00f9 que vous soyez. <\/p>\n<h4>Avantages et couverture pour les anciens combattants<\/h4>\n<p>Black Mamba est admissible \u00e0 la couverture d&rsquo;ACC (Anciens Combattants Canada) et \u00e0 la facturation directe par l&rsquo;entremise de la Croix Bleue, ce qui fait en sorte que les anciens combattants admissibles n&rsquo;ont pas \u00e0 d\u00e9bourser d&rsquo;argent. Si vous n&rsquo;avez pas encore votre ordonnance de cannabis m\u00e9dical, <a href=\"https:\/\/mendomedical.ca\/fr\/carte-medicale\/\">obtenez votre carte m\u00e9dicale gratuite rapidement et facilement<\/a> gr\u00e2ce \u00e0 notre processus simplifi\u00e9. <\/p>\n<\/div>\n","protected":false},"featured_media":228166,"comment_status":"closed","ping_status":"closed","template":"","meta":{"_acf_changed":false,"site-sidebar-layout":"default","site-content-layout":"","ast-site-content-layout":"default","site-content-style":"default","site-sidebar-style":"default","ast-global-header-display":"","ast-banner-title-visibility":"","ast-main-header-display":"","ast-hfb-above-header-display":"","ast-hfb-below-header-display":"","ast-hfb-mobile-header-display":"","site-post-title":"","ast-breadcrumbs-content":"","ast-featured-img":"","footer-sml-layout":"","ast-disable-related-posts":"","theme-transparent-header-meta":"default","adv-header-id-meta":"","stick-header-meta":"","header-above-stick-meta":"","header-main-stick-meta":"","header-below-stick-meta":"","astra-migrate-meta-layouts":"set","ast-page-background-enabled":"default","ast-page-background-meta":{"desktop":{"background-color":"var(--ast-global-color-4)","background-image":"","background-repeat":"repeat","background-position":"center center","background-size":"auto","background-attachment":"scroll","background-type":"","background-media":"","overlay-type":"","overlay-color":"","overlay-opacity":"","overlay-gradient":""},"tablet":{"background-color":"","background-image":"","background-repeat":"repeat","background-position":"center center","background-size":"auto","background-attachment":"scroll","background-type":"","background-media":"","overlay-type":"","overlay-color":"","overlay-opacity":"","overlay-gradient":""},"mobile":{"background-color":"","background-image":"","background-repeat":"repeat","background-position":"center center","background-size":"auto","background-attachment":"scroll","background-type":"","background-media":"","overlay-type":"","overlay-color":"","overlay-opacity":"","overlay-gradient":""}},"ast-content-background-meta":{"desktop":{"background-color":"var(--ast-global-color-5)","background-image":"","background-repeat":"repeat","background-position":"center center","background-size":"auto","background-attachment":"scroll","background-type":"","background-media":"","overlay-type":"","overlay-color":"","overlay-opacity":"","overlay-gradient":""},"tablet":{"background-color":"var(--ast-global-color-5)","background-image":"","background-repeat":"repeat","background-position":"center center","background-size":"auto","background-attachment":"scroll","background-type":"","background-media":"","overlay-type":"","overlay-color":"","overlay-opacity":"","overlay-gradient":""},"mobile":{"background-color":"var(--ast-global-color-5)","background-image":"","background-repeat":"repeat","background-position":"center center","background-size":"auto","background-attachment":"scroll","background-type":"","background-media":"","overlay-type":"","overlay-color":"","overlay-opacity":"","overlay-gradient":""}}},"product_brand":[],"product_cat":[1137],"product_tag":[],"product_format_filter":[6373],"class_list":{"0":"post-228620","1":"product","2":"type-product","3":"status-publish","4":"has-post-thumbnail","6":"product_cat-fleur","7":"pa_flavours-cremeux","8":"pa_flavours-gazeux-diesel","9":"pa_flavours-doux","10":"pa_flavours-terreux","11":"pa_intensity-thc-eleve","12":"pa_marques-rituel-vert","13":"pa_origin-nouvelle-ecosse","14":"pa_packaging-date-02-03-2026","15":"pa_prix-par-gramme-8-57","16":"pa_profil-terpene-caryophyllene","17":"pa_profil-terpene-humulene-fr","18":"pa_profil-terpene-limonene-fr","19":"pa_profil-terpene-myrcene","20":"pa_profil-terpene-selinadiene-fr","21":"pa_type-de-plante-indica-fr","22":"product_format_filter-7g","23":"desktop-align-left","24":"tablet-align-left","25":"mobile-align-left","27":"first","28":"outofstock","29":"taxable","30":"shipping-taxable","31":"purchasable","32":"product-type-simple"},"group_of_quantity":0,"min_quantity":0,"max_quantity":"","exclude_order_quantity_value_rules":"no","exclude_category_quantity_rules":"no","combine_variations":"no","acf":[],"_links":{"self":[{"href":"https:\/\/mendomedical.ca\/fr\/wp-json\/wp\/v2\/product\/228620","targetHints":{"allow":["GET"]}}],"collection":[{"href":"https:\/\/mendomedical.ca\/fr\/wp-json\/wp\/v2\/product"}],"about":[{"href":"https:\/\/mendomedical.ca\/fr\/wp-json\/wp\/v2\/types\/product"}],"replies":[{"embeddable":true,"href":"https:\/\/mendomedical.ca\/fr\/wp-json\/wp\/v2\/comments?post=228620"}],"wp:featuredmedia":[{"embeddable":true,"href":"https:\/\/mendomedical.ca\/fr\/wp-json\/wp\/v2\/media\/228166"}],"wp:attachment":[{"href":"https:\/\/mendomedical.ca\/fr\/wp-json\/wp\/v2\/media?parent=228620"}],"wp:term":[{"taxonomy":"product_brand","embeddable":true,"href":"https:\/\/mendomedical.ca\/fr\/wp-json\/wp\/v2\/product_brand?post=228620"},{"taxonomy":"product_cat","embeddable":true,"href":"https:\/\/mendomedical.ca\/fr\/wp-json\/wp\/v2\/product_cat?post=228620"},{"taxonomy":"product_tag","embeddable":true,"href":"https:\/\/mendomedical.ca\/fr\/wp-json\/wp\/v2\/product_tag?post=228620"},{"taxonomy":"product_format_filter","embeddable":true,"href":"https:\/\/mendomedical.ca\/fr\/wp-json\/wp\/v2\/product_format_filter?post=228620"}],"curies":[{"name":"wp","href":"https:\/\/api.w.org\/{rel}","templated":true}]}}