{"id":228618,"date":"2024-08-02T05:30:45","date_gmt":"2024-08-02T09:30:45","guid":{"rendered":"https:\/\/mendomedical.ca\/?post_type=product&#038;p=228618"},"modified":"2025-10-21T10:25:26","modified_gmt":"2025-10-21T14:25:26","slug":"high-octane-og-shatter","status":"publish","type":"product","link":"https:\/\/mendomedical.ca\/fr\/produit\/high-octane-og-shatter\/","title":{"rendered":"High Octane OG Shatter"},"content":{"rendered":"","protected":false},"excerpt":{"rendered":"<div class=\"ExternalClassB6F8B525754248CCA9E09955F66BB2BE\">\n<h3>TERP\u00c8NES TOTAUX : 2-4%.<\/h3>\n<h3>High Octane OG Shatter de ENDGAME<\/h3>\n<p>Faites l&rsquo;exp\u00e9rience d&rsquo;un concentr\u00e9 de cannabis de qualit\u00e9 sup\u00e9rieure avec High Octane OG Shatter d&rsquo;ENDGAME. Ce shatter vitreux et ambr\u00e9 offre une combinaison puissante d&rsquo;ar\u00f4mes de gaz et de diesel avec des nuances de pin et d&rsquo;aigre. Parfait pour les utilisateurs exp\u00e9riment\u00e9s \u00e0 la recherche d&rsquo;un concentr\u00e9 polyvalent, ce shatter peut \u00eatre d\u00e9gust\u00e9 seul ou utilis\u00e9 pour rehausser votre fleur pr\u00e9f\u00e9r\u00e9e. Avec 2 \u00e0 4 % de terp\u00e8nes totaux, High Octane OG offre un profil de saveur robuste qui fait vraiment honneur \u00e0 son nom.   <\/p>\n<h4>Caract\u00e9ristiques principales<\/h4>\n<ul>\n<li>Concentr\u00e9 de shatter de premi\u00e8re qualit\u00e9 \u00e0 l&rsquo;aspect vitreux et ambr\u00e9<\/li>\n<li>Utilisation polyvalente - Dabs directement ou m\u00e9langez avec des fleurs pour des effets renforc\u00e9s.<\/li>\n<li>2-4% de terp\u00e8nes totaux pour une saveur et un ar\u00f4me robustes<\/li>\n<li>Fabriqu\u00e9 par ENDGAME, connu pour ses concentr\u00e9s de cannabis de qualit\u00e9<\/li>\n<li>Id\u00e9al pour les amateurs de Dabs et ceux qui cherchent \u00e0 \u00e9lever leur exp\u00e9rience florale.<\/li>\n<\/ul>\n<h4>Profil aromatique et terp\u00e9nique<\/h4>\n<p>High Octane OG Shatter pr\u00e9sente un profil terp\u00e9nique distinctif allant de 2 \u00e0 4 %, offrant des notes prononc\u00e9es de diesel et d&rsquo;essence, compl\u00e9t\u00e9es par des notes fra\u00eeches de pin et des nuances acidul\u00e9es. Le concentr\u00e9 de couleur ambr\u00e9e offre une exp\u00e9rience propre et douce \u00e0 chaque utilisation, qu&rsquo;il soit tamponn\u00e9 seul ou m\u00e9lang\u00e9 \u00e0 de la fleur. <\/p>\n<h4>Pourquoi choisir Shatter ?<\/h4>\n<p>Les concentr\u00e9s de shatter offrent aux consommateurs de cannabis m\u00e9dical une option puissante et efficace avec des possibilit\u00e9s de dosage pr\u00e9cises. Le format concentr\u00e9 peut aider les utilisateurs \u00e0 obtenir les effets d\u00e9sir\u00e9s avec de plus petites quantit\u00e9s que la fleur traditionnelle, ce qui en fait un choix rentable pour les utilisateurs r\u00e9guliers. <\/p>\n<h4>Exp\u00e9dition dans tout le Canada<\/h4>\n<p>High Octane OG Shatter est exp\u00e9di\u00e9 rapidement \u00e0 travers le Canada. Nous offrons la livraison gratuite pour toutes les commandes de plus de 150 $, ce qui vous assure de recevoir vos concentr\u00e9s de qualit\u00e9 sup\u00e9rieure rapidement et discr\u00e8tement. <\/p>\n<h4>Avantages et couverture pour les anciens combattants<\/h4>\n<p>High Octane OG Shatter est admissible \u00e0 la couverture d&rsquo;ACC (Anciens Combattants Canada) avec facturation directe par l&rsquo;entremise de la Croix Bleue, ce qui signifie que les anciens combattants admissibles n&rsquo;ont pas \u00e0 d\u00e9bourser d&rsquo;argent. Si vous n&rsquo;avez pas encore votre carte de cannabis m\u00e9dical, <a href=\"https:\/\/mendomedical.ca\/fr\/carte-medicale\/\">obtenez votre carte m\u00e9dicale gratuite rapidement et facilement<\/a> pour acc\u00e9der \u00e0 ces avantages. <\/p>\n<\/div>\n","protected":false},"featured_media":228214,"comment_status":"closed","ping_status":"closed","template":"","meta":{"_acf_changed":false,"site-sidebar-layout":"default","site-content-layout":"","ast-site-content-layout":"default","site-content-style":"default","site-sidebar-style":"default","ast-global-header-display":"","ast-banner-title-visibility":"","ast-main-header-display":"","ast-hfb-above-header-display":"","ast-hfb-below-header-display":"","ast-hfb-mobile-header-display":"","site-post-title":"","ast-breadcrumbs-content":"","ast-featured-img":"","footer-sml-layout":"","ast-disable-related-posts":"","theme-transparent-header-meta":"default","adv-header-id-meta":"","stick-header-meta":"","header-above-stick-meta":"","header-main-stick-meta":"","header-below-stick-meta":"","astra-migrate-meta-layouts":"set","ast-page-background-enabled":"default","ast-page-background-meta":{"desktop":{"background-color":"var(--ast-global-color-4)","background-image":"","background-repeat":"repeat","background-position":"center center","background-size":"auto","background-attachment":"scroll","background-type":"","background-media":"","overlay-type":"","overlay-color":"","overlay-opacity":"","overlay-gradient":""},"tablet":{"background-color":"","background-image":"","background-repeat":"repeat","background-position":"center center","background-size":"auto","background-attachment":"scroll","background-type":"","background-media":"","overlay-type":"","overlay-color":"","overlay-opacity":"","overlay-gradient":""},"mobile":{"background-color":"","background-image":"","background-repeat":"repeat","background-position":"center center","background-size":"auto","background-attachment":"scroll","background-type":"","background-media":"","overlay-type":"","overlay-color":"","overlay-opacity":"","overlay-gradient":""}},"ast-content-background-meta":{"desktop":{"background-color":"var(--ast-global-color-5)","background-image":"","background-repeat":"repeat","background-position":"center center","background-size":"auto","background-attachment":"scroll","background-type":"","background-media":"","overlay-type":"","overlay-color":"","overlay-opacity":"","overlay-gradient":""},"tablet":{"background-color":"var(--ast-global-color-5)","background-image":"","background-repeat":"repeat","background-position":"center center","background-size":"auto","background-attachment":"scroll","background-type":"","background-media":"","overlay-type":"","overlay-color":"","overlay-opacity":"","overlay-gradient":""},"mobile":{"background-color":"var(--ast-global-color-5)","background-image":"","background-repeat":"repeat","background-position":"center center","background-size":"auto","background-attachment":"scroll","background-type":"","background-media":"","overlay-type":"","overlay-color":"","overlay-opacity":"","overlay-gradient":""}}},"product_brand":[],"product_cat":[1127,1118],"product_tag":[],"product_format_filter":[6369],"class_list":{"0":"post-228618","1":"product","2":"type-product","3":"status-publish","4":"has-post-thumbnail","6":"product_cat-shatter-fr","7":"product_cat-concentres","8":"pa_flavours-aigre","9":"pa_flavours-gazeux-diesel","10":"pa_flavours-pin","11":"pa_format-1g-2-fr","12":"pa_intensity-thc-eleve","13":"pa_marques-fin-du-jeu","14":"pa_origin-colombie-britannique-fr","15":"pa_profil-terpene-bisabolol-fr","16":"pa_profil-terpene-caryophyllene","17":"pa_profil-terpene-humulene-fr","18":"pa_profil-terpene-linalol-fr","19":"pa_thc-80-82-fr","20":"pa_type-de-plante-indica-fr","21":"product_format_filter-1g","22":"desktop-align-left","23":"tablet-align-left","24":"mobile-align-left","26":"first","27":"outofstock","28":"taxable","29":"shipping-taxable","30":"purchasable","31":"product-type-simple"},"group_of_quantity":0,"min_quantity":0,"max_quantity":"","exclude_order_quantity_value_rules":"no","exclude_category_quantity_rules":"no","combine_variations":"no","acf":[],"_links":{"self":[{"href":"https:\/\/mendomedical.ca\/fr\/wp-json\/wp\/v2\/product\/228618","targetHints":{"allow":["GET"]}}],"collection":[{"href":"https:\/\/mendomedical.ca\/fr\/wp-json\/wp\/v2\/product"}],"about":[{"href":"https:\/\/mendomedical.ca\/fr\/wp-json\/wp\/v2\/types\/product"}],"replies":[{"embeddable":true,"href":"https:\/\/mendomedical.ca\/fr\/wp-json\/wp\/v2\/comments?post=228618"}],"wp:featuredmedia":[{"embeddable":true,"href":"https:\/\/mendomedical.ca\/fr\/wp-json\/wp\/v2\/media\/228214"}],"wp:attachment":[{"href":"https:\/\/mendomedical.ca\/fr\/wp-json\/wp\/v2\/media?parent=228618"}],"wp:term":[{"taxonomy":"product_brand","embeddable":true,"href":"https:\/\/mendomedical.ca\/fr\/wp-json\/wp\/v2\/product_brand?post=228618"},{"taxonomy":"product_cat","embeddable":true,"href":"https:\/\/mendomedical.ca\/fr\/wp-json\/wp\/v2\/product_cat?post=228618"},{"taxonomy":"product_tag","embeddable":true,"href":"https:\/\/mendomedical.ca\/fr\/wp-json\/wp\/v2\/product_tag?post=228618"},{"taxonomy":"product_format_filter","embeddable":true,"href":"https:\/\/mendomedical.ca\/fr\/wp-json\/wp\/v2\/product_format_filter?post=228618"}],"curies":[{"name":"wp","href":"https:\/\/api.w.org\/{rel}","templated":true}]}}