{"id":228616,"date":"2025-10-06T17:00:32","date_gmt":"2025-10-06T21:00:32","guid":{"rendered":"https:\/\/mendomedical.ca\/?post_type=product&#038;p=228616"},"modified":"2026-04-27T12:06:14","modified_gmt":"2026-04-27T16:06:14","slug":"cement-shoes-live-rosin-vape-cart","status":"publish","type":"product","link":"https:\/\/mendomedical.ca\/fr\/produit\/cement-shoes-live-rosin-vape-cart\/","title":{"rendered":"Cement Shoes Live Rosin Vape Cart"},"content":{"rendered":"","protected":false},"excerpt":{"rendered":"<div class=\"ExternalClassC102EC936B884B658C0DA93737D4659F\">\n<h3>Ritual Gold Cement Rosin Live Rosin Vape Cart<\/h3>\n<h4>Terp\u00e8nes totaux : 8,54%.<\/h4>\n<p>D\u00e9couvrez le summum de l&rsquo;extraction sans solvant avec le Cement Shoes Live Rosin Vape Cart de Ritual Gold. Cette cartouche premium \u00e0 filetage 510 offre une exp\u00e9rience de cannabis puissante et \u00e0 spectre complet, avec 8,54 % de terp\u00e8nes totaux. Fabriqu\u00e9 \u00e0 partir des g\u00e9n\u00e9tiques puissantes d&rsquo;Animal Cookies X OGKB X Wet Rosin, ce concentr\u00e9 de live rosin pur offre des effets profond\u00e9ment relaxants sans terp\u00e8nes ni agents de coupe ajout\u00e9s.<\/p>\n<h3>Caract\u00e9ristiques principales<\/h3>\n<ul>\n<li>Live Rosin pure et sans solvant, sans additifs ni agents de coupe.<\/li>\n<li>Une riche couleur dor\u00e9e et une texture lisse et onctueuse<\/li>\n<li>Une teneur \u00e9lev\u00e9e en terp\u00e8nes (8,54 %) pour une saveur et des effets renforc\u00e9s<\/li>\n<li>Compatibilit\u00e9 avec le filetage 510 pour une utilisation avec des batteries de vape standard<\/li>\n<li>Id\u00e9al pour une utilisation en soir\u00e9e et une relaxation profonde<\/li>\n<\/ul>\n<h3>Profil aromatique et d\u00e9tails des terp\u00e8nes<\/h3>\n<p>Cement Shoes offre une exp\u00e9rience sensorielle complexe avec des ar\u00f4mes de terre, de noix et d&rsquo;agrumes, compl\u00e9t\u00e9s par des saveurs douces de noix et d&rsquo;agrumes en bouche. Le profil terp\u00e9nique est domin\u00e9 par le limon\u00e8ne, le caryophyll\u00e8ne, l&rsquo;humul\u00e8ne et le myrc\u00e8ne, cr\u00e9ant un profil d&rsquo;effet bien \u00e9quilibr\u00e9. Le myrc\u00e8ne contribue aux propri\u00e9t\u00e9s s\u00e9datives et relaxantes pour les muscles, tandis que le caryophyll\u00e8ne peut aider \u00e0 r\u00e9duire l&rsquo;anxi\u00e9t\u00e9 et le stress. Le limon\u00e8ne ajoute des notes exaltantes qui peuvent favoriser la clart\u00e9 mentale et le soulagement du stress. Ce concentr\u00e9 \u00e0 dominante THC contient \u00e9galement des cannabino\u00efdes mineurs comme le CBN et le CBG qui renforcent les effets calmants g\u00e9n\u00e9raux.<\/p>\n<h3>Pourquoi choisir les carts \u00e0 fils 510<\/h3>\n<p>Les cartouches \u00e0 filetage 510 offrent aux patients de cannabis m\u00e9dical un dosage pratique et discret avec un contr\u00f4le pr\u00e9cis de la temp\u00e9rature. Ce format permet d&rsquo;obtenir des effets constants et d&rsquo;\u00eatre facilement transportable, ce qui le rend id\u00e9al pour g\u00e9rer les sympt\u00f4mes tout au long de la journ\u00e9e.<\/p>\n<h3>Exp\u00e9dition dans tout le Canada<\/h3>\n<p>Cement Shoes Live Rosin Vape Cart est exp\u00e9di\u00e9 rapidement \u00e0 travers le Canada. Nous offrons une livraison gratuite pour toutes les commandes de plus de 150 $, ce qui vous assure de recevoir vos produits de cannabis m\u00e9dical rapidement et discr\u00e8tement.<\/p>\n<h3>Avantages et couverture pour les anciens combattants<\/h3>\n<p>Cement Shoes Rosin Vape Cart est admissible \u00e0 la couverture d&rsquo;ACC (Anciens Combattants Canada) avec facturation directe par la Croix Bleue, ce qui signifie qu&rsquo;il n&rsquo;y a pas de frais \u00e0 d\u00e9bourser pour les anciens combattants admissibles. Si vous n&rsquo;avez pas encore votre carte de cannabis m\u00e9dical, vous pouvez l&rsquo;obtenir rapidement et facilement sur <a href=\"https:\/\/mendomedical.ca\/fr\/carte-medicale\/\">https:\/\/mendomedical.ca\/medical-card\/.<\/a><\/p>\n<\/div>\n","protected":false},"featured_media":228125,"comment_status":"closed","ping_status":"closed","template":"","meta":{"_acf_changed":false,"site-sidebar-layout":"default","site-content-layout":"","ast-site-content-layout":"default","site-content-style":"default","site-sidebar-style":"default","ast-global-header-display":"","ast-banner-title-visibility":"","ast-main-header-display":"","ast-hfb-above-header-display":"","ast-hfb-below-header-display":"","ast-hfb-mobile-header-display":"","site-post-title":"","ast-breadcrumbs-content":"","ast-featured-img":"","footer-sml-layout":"","ast-disable-related-posts":"","theme-transparent-header-meta":"default","adv-header-id-meta":"","stick-header-meta":"","header-above-stick-meta":"","header-main-stick-meta":"","header-below-stick-meta":"","astra-migrate-meta-layouts":"set","ast-page-background-enabled":"default","ast-page-background-meta":{"desktop":{"background-color":"var(--ast-global-color-4)","background-image":"","background-repeat":"repeat","background-position":"center center","background-size":"auto","background-attachment":"scroll","background-type":"","background-media":"","overlay-type":"","overlay-color":"","overlay-opacity":"","overlay-gradient":""},"tablet":{"background-color":"","background-image":"","background-repeat":"repeat","background-position":"center center","background-size":"auto","background-attachment":"scroll","background-type":"","background-media":"","overlay-type":"","overlay-color":"","overlay-opacity":"","overlay-gradient":""},"mobile":{"background-color":"","background-image":"","background-repeat":"repeat","background-position":"center center","background-size":"auto","background-attachment":"scroll","background-type":"","background-media":"","overlay-type":"","overlay-color":"","overlay-opacity":"","overlay-gradient":""}},"ast-content-background-meta":{"desktop":{"background-color":"var(--ast-global-color-5)","background-image":"","background-repeat":"repeat","background-position":"center center","background-size":"auto","background-attachment":"scroll","background-type":"","background-media":"","overlay-type":"","overlay-color":"","overlay-opacity":"","overlay-gradient":""},"tablet":{"background-color":"var(--ast-global-color-5)","background-image":"","background-repeat":"repeat","background-position":"center center","background-size":"auto","background-attachment":"scroll","background-type":"","background-media":"","overlay-type":"","overlay-color":"","overlay-opacity":"","overlay-gradient":""},"mobile":{"background-color":"var(--ast-global-color-5)","background-image":"","background-repeat":"repeat","background-position":"center center","background-size":"auto","background-attachment":"scroll","background-type":"","background-media":"","overlay-type":"","overlay-color":"","overlay-opacity":"","overlay-gradient":""}}},"product_brand":[],"product_cat":[1160,1164,1159],"product_tag":[],"product_format_filter":[6369],"class_list":{"0":"post-228616","1":"product","2":"type-product","3":"status-publish","4":"has-post-thumbnail","6":"product_cat-cart-fil-510","7":"product_cat-cured-et-rosin-vivante-fr","8":"product_cat-vapoteuses","9":"pa_flavours-agrume","10":"pa_flavours-gazeux-diesel","11":"pa_flavours-terreux","12":"pa_intensity-thc-eleve","13":"pa_marques-or-rituel","14":"pa_origin-nouvelle-ecosse","15":"pa_profil-terpene-bisabolol-fr","16":"pa_profil-terpene-caryophyllene","17":"pa_profil-terpene-humulene-fr","18":"pa_profil-terpene-limonene-fr","19":"pa_profil-terpene-myrcene","20":"pa_type-de-plante-indica-fr","21":"product_format_filter-1g","22":"desktop-align-left","23":"tablet-align-left","24":"mobile-align-left","26":"first","27":"outofstock","28":"taxable","29":"shipping-taxable","30":"product-type-simple"},"group_of_quantity":0,"min_quantity":0,"max_quantity":"","exclude_order_quantity_value_rules":"no","exclude_category_quantity_rules":"no","combine_variations":"no","acf":[],"_links":{"self":[{"href":"https:\/\/mendomedical.ca\/fr\/wp-json\/wp\/v2\/product\/228616","targetHints":{"allow":["GET"]}}],"collection":[{"href":"https:\/\/mendomedical.ca\/fr\/wp-json\/wp\/v2\/product"}],"about":[{"href":"https:\/\/mendomedical.ca\/fr\/wp-json\/wp\/v2\/types\/product"}],"replies":[{"embeddable":true,"href":"https:\/\/mendomedical.ca\/fr\/wp-json\/wp\/v2\/comments?post=228616"}],"wp:featuredmedia":[{"embeddable":true,"href":"https:\/\/mendomedical.ca\/fr\/wp-json\/wp\/v2\/media\/228125"}],"wp:attachment":[{"href":"https:\/\/mendomedical.ca\/fr\/wp-json\/wp\/v2\/media?parent=228616"}],"wp:term":[{"taxonomy":"product_brand","embeddable":true,"href":"https:\/\/mendomedical.ca\/fr\/wp-json\/wp\/v2\/product_brand?post=228616"},{"taxonomy":"product_cat","embeddable":true,"href":"https:\/\/mendomedical.ca\/fr\/wp-json\/wp\/v2\/product_cat?post=228616"},{"taxonomy":"product_tag","embeddable":true,"href":"https:\/\/mendomedical.ca\/fr\/wp-json\/wp\/v2\/product_tag?post=228616"},{"taxonomy":"product_format_filter","embeddable":true,"href":"https:\/\/mendomedical.ca\/fr\/wp-json\/wp\/v2\/product_format_filter?post=228616"}],"curies":[{"name":"wp","href":"https:\/\/api.w.org\/{rel}","templated":true}]}}