{"id":228615,"date":"2025-09-24T20:45:35","date_gmt":"2025-09-25T00:45:35","guid":{"rendered":"https:\/\/mendomedical.ca\/?post_type=product&#038;p=228615"},"modified":"2026-04-02T15:41:54","modified_gmt":"2026-04-02T19:41:54","slug":"mac-1-2","status":"publish","type":"product","link":"https:\/\/mendomedical.ca\/fr\/produit\/mac-1-2\/","title":{"rendered":"MAC-1"},"content":{"rendered":"","protected":false},"excerpt":{"rendered":"<div class=\"ExternalClass961994E199A54613A35DFA0FD8C55BA7\">\n<h3>MAC-1 de Ritual Green<\/h3>\n<h3>Terp\u00e8nes totaux : 3,04%.<\/h3>\n<p>Faites l&rsquo;exp\u00e9rience d&rsquo;un \u00e9quilibre parfait entre concentration et relaxation avec MAC-1, un hybride puissant cr\u00e9\u00e9 par Ritual Green. N\u00e9e des g\u00e9n\u00e9tiques exceptionnelles d&rsquo;Alien Cookies et de Miracle 15, cette fleur de qualit\u00e9 sup\u00e9rieure offre une exp\u00e9rience cannabique tout \u00e0 fait remarquable. Avec sa combinaison distinctive de fromage, de notes florales et de diesel gazeux, MAC-1 se distingue comme une vari\u00e9t\u00e9 polyvalente convenant \u00e0 tout moment de la journ\u00e9e.  <\/p>\n<h4>Caract\u00e9ristiques principales<\/h4>\n<ul>\n<li>Hybride puissant avec 24-30% de THC pour les utilisateurs exp\u00e9riment\u00e9s<\/li>\n<li>Cocottes denses, recouvertes de trichomes, avec des pistils d&rsquo;un orange \u00e9clatant.<\/li>\n<li>Profil terp\u00e9nique complexe \u00e0 3,04% comprenant du D-Limon\u00e8ne, du b\u00eata-caryophyll\u00e8ne, du germacr\u00e8ne et du b\u00eata-myrc\u00e8ne.<\/li>\n<li>Effets \u00e9quilibr\u00e9s offrant \u00e0 la fois clart\u00e9 mentale et relaxation physique<\/li>\n<li>Culture de premi\u00e8re qualit\u00e9 par Ritual Green, garantissant une qualit\u00e9 constante<\/li>\n<\/ul>\n<h4>Profil aromatique et gustatif<\/h4>\n<p>MAC-1 vous accueille avec un ar\u00f4me incomparable combinant du fromage tranchant, du gaz et des nuances florales subtiles. Le profil de saveur offre une exp\u00e9rience kush unique, sombre et douce, avec des notes d&rsquo;ail et de houblon. Cette expression terp\u00e9nique complexe, domin\u00e9e par le D-Limonene et le beta-Caryophyllene, cr\u00e9e une exp\u00e9rience sensorielle compl\u00e8te que les connaisseurs du cannabis appr\u00e9cient.  <\/p>\n<h4>Pourquoi choisir All Flower<\/h4>\n<p>Les produits \u00e0 base de fleurs enti\u00e8res comme le MAC-1 offrent aux utilisateurs m\u00e9dicaux l&rsquo;exp\u00e9rience du cannabis la plus naturelle et la plus personnalisable. La fleur permet un contr\u00f4le pr\u00e9cis du dosage et des effets imm\u00e9diats, ce qui la rend id\u00e9ale pour g\u00e9rer divers sympt\u00f4mes tout au long de la journ\u00e9e. <\/p>\n<h4>Exp\u00e9dition dans tout le Canada<\/h4>\n<p>Faites livrer MAC-1 rapidement \u00e0 travers le Canada gr\u00e2ce \u00e0 notre service d&rsquo;exp\u00e9dition fiable. Profitez de la livraison gratuite pour toutes les commandes de plus de 150 $, en vous assurant que vos produits de cannabis de qualit\u00e9 sup\u00e9rieure arrivent en toute s\u00e9curit\u00e9 et en toute discr\u00e9tion \u00e0 votre porte. <\/p>\n<h4>Avantages et couverture pour les anciens combattants<\/h4>\n<p>Le MAC-1 est admissible \u00e0 la couverture d&rsquo;ACC (Anciens Combattants Canada) avec facturation directe par l&rsquo;entremise de la Croix Bleue, ce qui signifie que les anciens combattants admissibles n&rsquo;ont pas \u00e0 d\u00e9bourser d&rsquo;argent. Si vous n&rsquo;avez pas encore votre carte de cannabis m\u00e9dical, <a href=\"https:\/\/mendomedical.ca\/fr\/carte-medicale\/\">obtenez votre carte m\u00e9dicale gratuite rapidement et facilement<\/a> pour acc\u00e9der \u00e0 ces avantages. <\/p>\n<\/div>\n","protected":false},"featured_media":228204,"comment_status":"closed","ping_status":"closed","template":"","meta":{"_acf_changed":false,"site-sidebar-layout":"default","site-content-layout":"","ast-site-content-layout":"default","site-content-style":"default","site-sidebar-style":"default","ast-global-header-display":"","ast-banner-title-visibility":"","ast-main-header-display":"","ast-hfb-above-header-display":"","ast-hfb-below-header-display":"","ast-hfb-mobile-header-display":"","site-post-title":"","ast-breadcrumbs-content":"","ast-featured-img":"","footer-sml-layout":"","ast-disable-related-posts":"","theme-transparent-header-meta":"default","adv-header-id-meta":"","stick-header-meta":"","header-above-stick-meta":"","header-main-stick-meta":"","header-below-stick-meta":"","astra-migrate-meta-layouts":"set","ast-page-background-enabled":"default","ast-page-background-meta":{"desktop":{"background-color":"var(--ast-global-color-4)","background-image":"","background-repeat":"repeat","background-position":"center center","background-size":"auto","background-attachment":"scroll","background-type":"","background-media":"","overlay-type":"","overlay-color":"","overlay-opacity":"","overlay-gradient":""},"tablet":{"background-color":"","background-image":"","background-repeat":"repeat","background-position":"center center","background-size":"auto","background-attachment":"scroll","background-type":"","background-media":"","overlay-type":"","overlay-color":"","overlay-opacity":"","overlay-gradient":""},"mobile":{"background-color":"","background-image":"","background-repeat":"repeat","background-position":"center center","background-size":"auto","background-attachment":"scroll","background-type":"","background-media":"","overlay-type":"","overlay-color":"","overlay-opacity":"","overlay-gradient":""}},"ast-content-background-meta":{"desktop":{"background-color":"var(--ast-global-color-5)","background-image":"","background-repeat":"repeat","background-position":"center center","background-size":"auto","background-attachment":"scroll","background-type":"","background-media":"","overlay-type":"","overlay-color":"","overlay-opacity":"","overlay-gradient":""},"tablet":{"background-color":"var(--ast-global-color-5)","background-image":"","background-repeat":"repeat","background-position":"center center","background-size":"auto","background-attachment":"scroll","background-type":"","background-media":"","overlay-type":"","overlay-color":"","overlay-opacity":"","overlay-gradient":""},"mobile":{"background-color":"var(--ast-global-color-5)","background-image":"","background-repeat":"repeat","background-position":"center center","background-size":"auto","background-attachment":"scroll","background-type":"","background-media":"","overlay-type":"","overlay-color":"","overlay-opacity":"","overlay-gradient":""}}},"product_brand":[],"product_cat":[1137],"product_tag":[],"product_format_filter":[6373],"class_list":{"0":"post-228615","1":"product","2":"type-product","3":"status-publish","4":"has-post-thumbnail","6":"product_cat-fleur","7":"pa_flavours-gazeux-diesel","8":"pa_flavours-floral-fr","9":"pa_flavours-cheese-fr","10":"pa_intensity-thc-eleve","11":"pa_marques-rituel-vert","12":"pa_origin-nouvelle-ecosse","13":"pa_packaging-date-10-17-2025-fr","14":"pa_prix-par-gramme-8-57","15":"pa_profil-terpene-caryophyllene","16":"pa_profil-terpene-germacrene-fr","17":"pa_profil-terpene-limonene-fr","18":"pa_profil-terpene-myrcene","19":"pa_profil-terpene-selinadiene-fr","20":"pa_type-de-plante-hybride-fr","21":"product_format_filter-7g","22":"desktop-align-left","23":"tablet-align-left","24":"mobile-align-left","26":"first","27":"instock","28":"taxable","29":"shipping-taxable","30":"purchasable","31":"product-type-simple"},"group_of_quantity":0,"min_quantity":0,"max_quantity":"","exclude_order_quantity_value_rules":"no","exclude_category_quantity_rules":"no","combine_variations":"no","acf":[],"_links":{"self":[{"href":"https:\/\/mendomedical.ca\/fr\/wp-json\/wp\/v2\/product\/228615","targetHints":{"allow":["GET"]}}],"collection":[{"href":"https:\/\/mendomedical.ca\/fr\/wp-json\/wp\/v2\/product"}],"about":[{"href":"https:\/\/mendomedical.ca\/fr\/wp-json\/wp\/v2\/types\/product"}],"replies":[{"embeddable":true,"href":"https:\/\/mendomedical.ca\/fr\/wp-json\/wp\/v2\/comments?post=228615"}],"wp:featuredmedia":[{"embeddable":true,"href":"https:\/\/mendomedical.ca\/fr\/wp-json\/wp\/v2\/media\/228204"}],"wp:attachment":[{"href":"https:\/\/mendomedical.ca\/fr\/wp-json\/wp\/v2\/media?parent=228615"}],"wp:term":[{"taxonomy":"product_brand","embeddable":true,"href":"https:\/\/mendomedical.ca\/fr\/wp-json\/wp\/v2\/product_brand?post=228615"},{"taxonomy":"product_cat","embeddable":true,"href":"https:\/\/mendomedical.ca\/fr\/wp-json\/wp\/v2\/product_cat?post=228615"},{"taxonomy":"product_tag","embeddable":true,"href":"https:\/\/mendomedical.ca\/fr\/wp-json\/wp\/v2\/product_tag?post=228615"},{"taxonomy":"product_format_filter","embeddable":true,"href":"https:\/\/mendomedical.ca\/fr\/wp-json\/wp\/v2\/product_format_filter?post=228615"}],"curies":[{"name":"wp","href":"https:\/\/api.w.org\/{rel}","templated":true}]}}