{"id":228614,"date":"2025-10-06T16:00:17","date_gmt":"2025-10-06T20:00:17","guid":{"rendered":"https:\/\/mendomedical.ca\/?post_type=product&#038;p=228614"},"modified":"2026-05-01T08:53:07","modified_gmt":"2026-05-01T12:53:07","slug":"hash-presse-melange-fr","status":"publish","type":"product","link":"https:\/\/mendomedical.ca\/fr\/produit\/hash-presse-melange-fr\/","title":{"rendered":"Hash press\u00e9 - M\u00e9lange"},"content":{"rendered":"","protected":false},"excerpt":{"rendered":"<div class=\"ExternalClass757F0CF2DD63411FAC08ECD5C6AE3974\">\n<h3>Hash press\u00e9 - M\u00e9lange de Ritual Gold<\/h3>\n<h3>Terp\u00e8nes totaux : 2,39%.<\/h3>\n<p>Faites l&rsquo;exp\u00e9rience d&rsquo;un hasch sans solvant de premi\u00e8re qualit\u00e9, fabriqu\u00e9 avec une pr\u00e9cision artisanale. Le Pressed Hash - Blend de Ritual Gold utilise les meilleures techniques d&rsquo;extraction \u00e0 l&rsquo;eau glac\u00e9e, ce qui permet d&rsquo;obtenir un concentr\u00e9 d&rsquo;une puret\u00e9 et d&rsquo;une puissance exceptionnelles. Cette boule de temple roul\u00e9e \u00e0 la main pr\u00e9sente un profil terp\u00e9nique riche de 2,39%, offrant des notes terreuses et bois\u00e9es complexes que les connaisseurs du cannabis appr\u00e9cient.<\/p>\n<h4>Points forts du produit<\/h4>\n<ul>\n<li>50-60% de THC pour des effets puissants et durables<\/li>\n<li>L&rsquo;extraction de l&rsquo;eau glac\u00e9e sans solvant garantit une puret\u00e9 maximale.<\/li>\n<li>Boule de temple roul\u00e9e \u00e0 la main avec un aspect brun dor\u00e9 distinctif<\/li>\n<li>La gamme de terp\u00e8nes de 2 \u00e0 7 % offre une saveur et un ar\u00f4me robustes.<\/li>\n<li>Peut favoriser la relaxation, la concentration et la pens\u00e9e cr\u00e9ative.<\/li>\n<\/ul>\n<h4>Profil aromatique et terp\u00e9nique<\/h4>\n<p>Ce hash press\u00e9 pr\u00e9sente un profil de saveur sophistiqu\u00e9 combinant des nuances sucr\u00e9es avec des notes terreuses et bois\u00e9es pro\u00e9minentes. L&rsquo;ar\u00f4me refl\u00e8te ces caract\u00e9ristiques, offrant une exp\u00e9rience authentique et robuste du cannabis. Avec un taux de terp\u00e8nes totaux de 2,39 %, ce concentr\u00e9 offre le spectre complet des avantages associ\u00e9s aux produits de haschisch de haute qualit\u00e9. La boule de temple brun dor\u00e9 d\u00e9veloppe une coquille sombre et brillante \u00e0 mesure qu&rsquo;elle m\u00fbrit, ce qui indique que le curage et le stockage sont corrects.<\/p>\n<h4>Pourquoi choisir Hash<\/h4>\n<p>Les concentr\u00e9s de haschisch offrent aux consommateurs de cannabis m\u00e9dical une option traditionnelle et puissante avec un minimum de traitement. La m\u00e9thode d&rsquo;extraction sans solvant pr\u00e9serve les compos\u00e9s naturels tout en produisant des effets constants qui peuvent favoriser la relaxation et la concentration.<\/p>\n<h4>Exp\u00e9dition dans tout le Canada<\/h4>\n<p>Pressed Hash - Blend est exp\u00e9di\u00e9 rapidement au Canada. Nous offrons la livraison gratuite pour toutes les commandes de plus de 150 $, assurant ainsi un acc\u00e8s pratique \u00e0 des concentr\u00e9s de qualit\u00e9 dans tout le pays.<\/p>\n<h4>Avantages et couverture pour les anciens combattants<\/h4>\n<p>Pressed Hash - Blend est admissible \u00e0 la couverture d&rsquo;ACC (Anciens Combattants Canada) avec facturation directe par l&rsquo;entremise de la Croix Bleue, ce qui signifie que les anciens combattants admissibles n&rsquo;ont pas \u00e0 d\u00e9bourser d&rsquo;argent. Si vous n&rsquo;avez pas encore d&rsquo;ordonnance de cannabis m\u00e9dical, vous pouvez <a href=\"https:\/\/mendomedical.ca\/fr\/carte-medicale\/\">obtenir votre carte m\u00e9dicale gratuite rapidement et facilement<\/a>.<\/p>\n<\/div>\n","protected":false},"featured_media":228116,"comment_status":"closed","ping_status":"closed","template":"","meta":{"_acf_changed":false,"site-sidebar-layout":"default","site-content-layout":"","ast-site-content-layout":"default","site-content-style":"default","site-sidebar-style":"default","ast-global-header-display":"","ast-banner-title-visibility":"","ast-main-header-display":"","ast-hfb-above-header-display":"","ast-hfb-below-header-display":"","ast-hfb-mobile-header-display":"","site-post-title":"","ast-breadcrumbs-content":"","ast-featured-img":"","footer-sml-layout":"","ast-disable-related-posts":"","theme-transparent-header-meta":"default","adv-header-id-meta":"","stick-header-meta":"","header-above-stick-meta":"","header-main-stick-meta":"","header-below-stick-meta":"","astra-migrate-meta-layouts":"set","ast-page-background-enabled":"default","ast-page-background-meta":{"desktop":{"background-color":"var(--ast-global-color-4)","background-image":"","background-repeat":"repeat","background-position":"center center","background-size":"auto","background-attachment":"scroll","background-type":"","background-media":"","overlay-type":"","overlay-color":"","overlay-opacity":"","overlay-gradient":""},"tablet":{"background-color":"","background-image":"","background-repeat":"repeat","background-position":"center center","background-size":"auto","background-attachment":"scroll","background-type":"","background-media":"","overlay-type":"","overlay-color":"","overlay-opacity":"","overlay-gradient":""},"mobile":{"background-color":"","background-image":"","background-repeat":"repeat","background-position":"center center","background-size":"auto","background-attachment":"scroll","background-type":"","background-media":"","overlay-type":"","overlay-color":"","overlay-opacity":"","overlay-gradient":""}},"ast-content-background-meta":{"desktop":{"background-color":"var(--ast-global-color-5)","background-image":"","background-repeat":"repeat","background-position":"center center","background-size":"auto","background-attachment":"scroll","background-type":"","background-media":"","overlay-type":"","overlay-color":"","overlay-opacity":"","overlay-gradient":""},"tablet":{"background-color":"var(--ast-global-color-5)","background-image":"","background-repeat":"repeat","background-position":"center center","background-size":"auto","background-attachment":"scroll","background-type":"","background-media":"","overlay-type":"","overlay-color":"","overlay-opacity":"","overlay-gradient":""},"mobile":{"background-color":"var(--ast-global-color-5)","background-image":"","background-repeat":"repeat","background-position":"center center","background-size":"auto","background-attachment":"scroll","background-type":"","background-media":"","overlay-type":"","overlay-color":"","overlay-opacity":"","overlay-gradient":""}}},"product_brand":[],"product_cat":[1121,1118],"product_tag":[],"product_format_filter":[6448],"class_list":{"0":"post-228614","1":"product","2":"type-product","3":"status-publish","4":"has-post-thumbnail","6":"product_cat-haschisch","7":"product_cat-concentres","8":"pa_flavours-bois","9":"pa_flavours-terreux","10":"pa_format-1-5g-fr","11":"pa_intensity-thc-eleve","12":"pa_marques-or-rituel","13":"pa_origin-nouvelle-ecosse","14":"pa_profil-terpene-bisabolol-fr","15":"pa_profil-terpene-caryophyllene","16":"pa_profil-terpene-humulene-fr","17":"pa_profil-terpene-limonene-fr","18":"pa_profil-terpene-selinadiene-fr","19":"pa_thc-50-1-fr","20":"pa_type-de-plante-hybride-indica-fr","21":"product_format_filter-1-5g","22":"desktop-align-left","23":"tablet-align-left","24":"mobile-align-left","26":"first","27":"instock","28":"taxable","29":"shipping-taxable","30":"purchasable","31":"product-type-simple"},"group_of_quantity":0,"min_quantity":0,"max_quantity":"","exclude_order_quantity_value_rules":"no","exclude_category_quantity_rules":"no","combine_variations":"no","acf":[],"_links":{"self":[{"href":"https:\/\/mendomedical.ca\/fr\/wp-json\/wp\/v2\/product\/228614","targetHints":{"allow":["GET"]}}],"collection":[{"href":"https:\/\/mendomedical.ca\/fr\/wp-json\/wp\/v2\/product"}],"about":[{"href":"https:\/\/mendomedical.ca\/fr\/wp-json\/wp\/v2\/types\/product"}],"replies":[{"embeddable":true,"href":"https:\/\/mendomedical.ca\/fr\/wp-json\/wp\/v2\/comments?post=228614"}],"wp:featuredmedia":[{"embeddable":true,"href":"https:\/\/mendomedical.ca\/fr\/wp-json\/wp\/v2\/media\/228116"}],"wp:attachment":[{"href":"https:\/\/mendomedical.ca\/fr\/wp-json\/wp\/v2\/media?parent=228614"}],"wp:term":[{"taxonomy":"product_brand","embeddable":true,"href":"https:\/\/mendomedical.ca\/fr\/wp-json\/wp\/v2\/product_brand?post=228614"},{"taxonomy":"product_cat","embeddable":true,"href":"https:\/\/mendomedical.ca\/fr\/wp-json\/wp\/v2\/product_cat?post=228614"},{"taxonomy":"product_tag","embeddable":true,"href":"https:\/\/mendomedical.ca\/fr\/wp-json\/wp\/v2\/product_tag?post=228614"},{"taxonomy":"product_format_filter","embeddable":true,"href":"https:\/\/mendomedical.ca\/fr\/wp-json\/wp\/v2\/product_format_filter?post=228614"}],"curies":[{"name":"wp","href":"https:\/\/api.w.org\/{rel}","templated":true}]}}