{"id":228606,"date":"2024-07-02T09:10:57","date_gmt":"2024-07-02T13:10:57","guid":{"rendered":"https:\/\/mendomedical.ca\/?post_type=product&#038;p=228606"},"modified":"2026-04-13T08:23:51","modified_gmt":"2026-04-13T12:23:51","slug":"mini-roll-on-max-strength","status":"publish","type":"product","link":"https:\/\/mendomedical.ca\/fr\/produit\/mini-roll-on-max-strength\/","title":{"rendered":"Mini Roll-on puissance maximale"},"content":{"rendered":"","protected":false},"excerpt":{"rendered":"<div class=\"ExternalClass916EEBCFCB694620801BBF06CC3B8FD9\">\n<h3>Mini Roll-on puissance maximale<\/h3>\n<p>Faites l&rsquo;exp\u00e9rience d&rsquo;un soulagement cibl\u00e9 avec le Mini Roll-On Max Strength d&rsquo;Apothecary Labs, une solution topique de premi\u00e8re qualit\u00e9 contenant 1000 mg de CBD pur. Cet applicateur pratique \u00e0 bille d\u00e9livre des ingr\u00e9dients puissants et enti\u00e8rement naturels directement l\u00e0 o\u00f9 vous en avez le plus besoin, pour soulager la douleur en profondeur sans effets psychoactifs. Parfait pour une application en d\u00e9placement, ce compagnon de poche offre des avantages th\u00e9rapeutiques dans une formule claire et non grasse qui s&rsquo;absorbe rapidement dans la peau.  <\/p>\n<h4>Caract\u00e9ristiques principales<\/h4>\n<ul>\n<li>Formule \u00e0 puissance maximale avec 1000 mg de CBD et 0 % de THC pour un soulagement non psychoactif.<\/li>\n<li>Mini roll-on pratique pour une application pr\u00e9cise et sans d\u00e9g\u00e2ts, partout et \u00e0 tout moment.<\/li>\n<li>Ingr\u00e9dients enti\u00e8rement naturels avec un parfum rafra\u00eechissant de menthe poivr\u00e9e et de lavande.<\/li>\n<li>Consistance claire et aqueuse qui laisse peu ou pas de r\u00e9sidus sur la peau.<\/li>\n<li>Particuli\u00e8rement efficace en cas d&rsquo;arthrite et de fibromyalgie, d&rsquo;apr\u00e8s les commentaires des patients.<\/li>\n<\/ul>\n<h4>Ar\u00f4me et profil cannabique<\/h4>\n<p>Ce roll-on bien con\u00e7u pr\u00e9sente un ar\u00f4me l\u00e9ger et rafra\u00eechissant de menthe poivr\u00e9e et de lavande qui procure une exp\u00e9rience sensorielle agr\u00e9able lors de l&rsquo;application. Le profil cannabino\u00efde robuste contient 1000 mg de CBD et absolument aucun THC, ce qui vous garantit un maximum de bienfaits th\u00e9rapeutiques sans effets psychoactifs. La formule claire et aqueuse est rapidement absorb\u00e9e, laissant votre peau rafra\u00eechie plut\u00f4t que grasse ou collante.  <\/p>\n<h4>Pourquoi choisir les Roll-Ons Topiques<\/h4>\n<p>Les roll-ons topiques offrent aux consommateurs de cannabis m\u00e9dical un soulagement pr\u00e9cis et localis\u00e9, exactement l\u00e0 o\u00f9 ils en ont besoin. L&rsquo;applicateur pratique permet un dosage propre et contr\u00f4l\u00e9 sans se salir les mains, ce qui le rend id\u00e9al pour une utilisation au travail, en voyage ou \u00e0 chaque fois que la discr\u00e9tion est importante. <\/p>\n<h4>Exp\u00e9dition dans tout le Canada<\/h4>\n<p>Max Strength Mini Roll-On est exp\u00e9di\u00e9 rapidement dans tout le Canada, avec une livraison gratuite pour les commandes de plus de 150 $. Nous nous assurons que vos produits arrivent rapidement et discr\u00e8tement \u00e0 votre porte, ce qui vous permet de maintenir votre routine de bien-\u00eatre sans interruption. <\/p>\n<h4>Avantages et couverture pour les anciens combattants<\/h4>\n<p>Max Strength Mini Roll-On est admissible \u00e0 la couverture d&rsquo;ACC (Anciens Combattants Canada) et \u00e0 la facturation directe par l&rsquo;entremise de la Croix Bleue, ce qui signifie que les anciens combattants admissibles n&rsquo;ont pas \u00e0 d\u00e9bourser d&rsquo;argent. Si vous n&rsquo;avez pas encore votre carte m\u00e9dicale, vous pouvez <a href=\"https:\/\/mendomedical.ca\/fr\/carte-medicale\/\">l&rsquo;obtenir rapidement et facilement<\/a> pour acc\u00e9der \u00e0 ces avantages et commencer votre voyage vers un soulagement naturel. <\/p>\n<div><b>Ingr\u00e9dients<br \/>\n<\/b>Aqua, , Methylsulfonylmethane, Glycerin, Dicaprylyl Ether, Olive Oil, Acrylates\/C10-30 Alkyl Acrylate Crosspolymer, Peppermint Oil, Capsicum Frutescens, Sodium Hydroxide, Pepper Seed Oil, Quillaia Saponaria Molina Extract, Huile d&rsquo;eucalyptus, huile de baies de geni\u00e8vre, huile de romarin, huile de v\u00e9tiver, huile de bouleau, huile de pamplemousse, huile de cypr\u00e8s, huile de girofle, huile de camomille, huile d&rsquo;h\u00e9lichryse, CBD, huile de lavande, ph\u00e9noxy\u00e9thanol, Caprylyl Glycol, EDTA t\u00e9trasodique, huile d&rsquo;orange douce.<\/div>\n<\/div>\n","protected":false},"featured_media":228330,"comment_status":"closed","ping_status":"closed","template":"","meta":{"_acf_changed":false,"site-sidebar-layout":"default","site-content-layout":"","ast-site-content-layout":"default","site-content-style":"default","site-sidebar-style":"default","ast-global-header-display":"","ast-banner-title-visibility":"","ast-main-header-display":"","ast-hfb-above-header-display":"","ast-hfb-below-header-display":"","ast-hfb-mobile-header-display":"","site-post-title":"","ast-breadcrumbs-content":"","ast-featured-img":"","footer-sml-layout":"","ast-disable-related-posts":"","theme-transparent-header-meta":"default","adv-header-id-meta":"","stick-header-meta":"","header-above-stick-meta":"","header-main-stick-meta":"","header-below-stick-meta":"","astra-migrate-meta-layouts":"set","ast-page-background-enabled":"default","ast-page-background-meta":{"desktop":{"background-color":"var(--ast-global-color-4)","background-image":"","background-repeat":"repeat","background-position":"center center","background-size":"auto","background-attachment":"scroll","background-type":"","background-media":"","overlay-type":"","overlay-color":"","overlay-opacity":"","overlay-gradient":""},"tablet":{"background-color":"","background-image":"","background-repeat":"repeat","background-position":"center center","background-size":"auto","background-attachment":"scroll","background-type":"","background-media":"","overlay-type":"","overlay-color":"","overlay-opacity":"","overlay-gradient":""},"mobile":{"background-color":"","background-image":"","background-repeat":"repeat","background-position":"center center","background-size":"auto","background-attachment":"scroll","background-type":"","background-media":"","overlay-type":"","overlay-color":"","overlay-opacity":"","overlay-gradient":""}},"ast-content-background-meta":{"desktop":{"background-color":"var(--ast-global-color-5)","background-image":"","background-repeat":"repeat","background-position":"center center","background-size":"auto","background-attachment":"scroll","background-type":"","background-media":"","overlay-type":"","overlay-color":"","overlay-opacity":"","overlay-gradient":""},"tablet":{"background-color":"var(--ast-global-color-5)","background-image":"","background-repeat":"repeat","background-position":"center center","background-size":"auto","background-attachment":"scroll","background-type":"","background-media":"","overlay-type":"","overlay-color":"","overlay-opacity":"","overlay-gradient":""},"mobile":{"background-color":"var(--ast-global-color-5)","background-image":"","background-repeat":"repeat","background-position":"center center","background-size":"auto","background-attachment":"scroll","background-type":"","background-media":"","overlay-type":"","overlay-color":"","overlay-opacity":"","overlay-gradient":""}}},"product_brand":[],"product_cat":[1155,1150],"product_tag":[],"product_format_filter":[],"class_list":{"0":"post-228606","1":"product","2":"type-product","3":"status-publish","4":"has-post-thumbnail","6":"product_cat-rouleaux","7":"product_cat-topiques","8":"pa_cbd-1000mg-total-fr","9":"pa_format-45g-fr","10":"pa_intensity-eleve-en-cbd","11":"pa_marques-laboratoires-dapothicaire","12":"pa_origin-colombie-britannique-fr","13":"pa_type-de-plante-cbd-fr","14":"desktop-align-left","15":"tablet-align-left","16":"mobile-align-left","18":"first","19":"instock","20":"taxable","21":"shipping-taxable","22":"purchasable","23":"product-type-simple"},"group_of_quantity":0,"min_quantity":0,"max_quantity":"","exclude_order_quantity_value_rules":"no","exclude_category_quantity_rules":"no","combine_variations":"no","acf":[],"_links":{"self":[{"href":"https:\/\/mendomedical.ca\/fr\/wp-json\/wp\/v2\/product\/228606","targetHints":{"allow":["GET"]}}],"collection":[{"href":"https:\/\/mendomedical.ca\/fr\/wp-json\/wp\/v2\/product"}],"about":[{"href":"https:\/\/mendomedical.ca\/fr\/wp-json\/wp\/v2\/types\/product"}],"replies":[{"embeddable":true,"href":"https:\/\/mendomedical.ca\/fr\/wp-json\/wp\/v2\/comments?post=228606"}],"wp:featuredmedia":[{"embeddable":true,"href":"https:\/\/mendomedical.ca\/fr\/wp-json\/wp\/v2\/media\/228330"}],"wp:attachment":[{"href":"https:\/\/mendomedical.ca\/fr\/wp-json\/wp\/v2\/media?parent=228606"}],"wp:term":[{"taxonomy":"product_brand","embeddable":true,"href":"https:\/\/mendomedical.ca\/fr\/wp-json\/wp\/v2\/product_brand?post=228606"},{"taxonomy":"product_cat","embeddable":true,"href":"https:\/\/mendomedical.ca\/fr\/wp-json\/wp\/v2\/product_cat?post=228606"},{"taxonomy":"product_tag","embeddable":true,"href":"https:\/\/mendomedical.ca\/fr\/wp-json\/wp\/v2\/product_tag?post=228606"},{"taxonomy":"product_format_filter","embeddable":true,"href":"https:\/\/mendomedical.ca\/fr\/wp-json\/wp\/v2\/product_format_filter?post=228606"}],"curies":[{"name":"wp","href":"https:\/\/api.w.org\/{rel}","templated":true}]}}