{"id":228599,"date":"2025-09-22T20:35:57","date_gmt":"2025-09-23T00:35:57","guid":{"rendered":"https:\/\/mendomedical.ca\/?post_type=product&#038;p=228599"},"modified":"2026-03-29T17:51:33","modified_gmt":"2026-03-29T21:51:33","slug":"minuit-kruntz","status":"publish","type":"product","link":"https:\/\/mendomedical.ca\/fr\/produit\/minuit-kruntz\/","title":{"rendered":"Midnight Kruntz"},"content":{"rendered":"","protected":false},"excerpt":{"rendered":"<div class=\"ExternalClass1BB11857B3F8414DBFF00D3E173B66E4\">\n<h3>Midnight Kruntz de November Rain - Fleur de cannabis de qualit\u00e9 sup\u00e9rieure<\/h3>\n<h3>Terp\u00e8nes totaux : 3,54%.<\/h3>\n<p>D\u00e9couvrez la qualit\u00e9 exceptionnelle de November Rain Midnight Kruntz, une vari\u00e9t\u00e9 de Runtz m\u00e9ticuleusement cultiv\u00e9e qui offre une puissante combinaison d&rsquo;attrait visuel, d&rsquo;ar\u00f4mes complexes et de potentiel th\u00e9rapeutique. Avec des niveaux de THC d\u00e9passant les 26 % et une impressionnante teneur en terp\u00e8nes totaux de 3,54 %, cette fleur de qualit\u00e9 sup\u00e9rieure offre une exp\u00e9rience de cannabis sophistiqu\u00e9e pour les utilisateurs m\u00e9dicaux exigeants.<\/p>\n<h4>Caract\u00e9ristiques principales<\/h4>\n<ul>\n<li>Fleur tr\u00e8s puissante avec 26%+ de THC et 3,54% de Terp\u00e8nes totaux.<\/li>\n<li>Profil d&rsquo;ar\u00f4me distinctif d&rsquo;agrumes et de diesel avec des nuances de gaz.<\/li>\n<li>De belles cocottes de couleur pourpre enti\u00e8rement recouvertes de trichomes.<\/li>\n<li>Effets calmants qui peuvent contribuer \u00e0 la relaxation et \u00e0 la stimulation de l&rsquo;app\u00e9tit<\/li>\n<li>Premium Runtz genetics (LA Runtz x Crazy Runtz)<\/li>\n<\/ul>\n<h4>Profil aromatique et gustatif<\/h4>\n<p>Midnight Kruntz offre une exp\u00e9rience sensorielle complexe avec son profil distinctif d&rsquo;agrumes compl\u00e9t\u00e9 par des notes de diesel et d&rsquo;essence. La teneur en terp\u00e8nes de 3,54 % cr\u00e9e un bouquet aromatique riche qui capture l&rsquo;essence de la culture de cannabis de qualit\u00e9 sup\u00e9rieure. Chaque inhalation r\u00e9v\u00e8le des couches de saveurs qui font de cette vari\u00e9t\u00e9 un choix exceptionnel pour ceux qui appr\u00e9cient les profils nuanc\u00e9s du cannabis.<\/p>\n<h4>Pourquoi choisir Premium Flower<\/h4>\n<p>La fleur de cannabis de haute qualit\u00e9 comme celle de Midnight Kruntz offre aux utilisateurs m\u00e9dicaux un contr\u00f4le pr\u00e9cis du dosage et une apparition imm\u00e9diate des effets. Les profils \u00e9lev\u00e9s de terp\u00e8nes et de cannabino\u00efdes de la fleur de qualit\u00e9 sup\u00e9rieure peuvent offrir des avantages th\u00e9rapeutiques accrus par rapport aux alternatives de moindre qualit\u00e9.<\/p>\n<h4>Exp\u00e9dition dans tout le Canada<\/h4>\n<p>Midnight Kruntz est exp\u00e9di\u00e9 rapidement \u00e0 travers le Canada gr\u00e2ce \u00e0 notre r\u00e9seau de livraison fiable. Profitez de la livraison gratuite pour toutes les commandes de plus de 150 $, ce qui vous assure de recevoir vos produits de cannabis de qualit\u00e9 sup\u00e9rieure de fa\u00e7on pratique et abordable.<\/p>\n<h4>Avantages et couverture pour les anciens combattants<\/h4>\n<p>Midnight Kruntz est admissible \u00e0 la couverture d&rsquo;ACC (Anciens Combattants Canada) avec facturation directe par l&rsquo;entremise de la Croix Bleue, ce qui signifie que les anciens combattants admissibles n&rsquo;ont pas \u00e0 d\u00e9bourser d&rsquo;argent. Si vous n&rsquo;avez pas encore obtenu votre carte de cannabis m\u00e9dical, <a href=\"https:\/\/mendomedical.ca\/fr\/carte-medicale\/\">obtenez votre carte m\u00e9dicale gratuite rapidement et facilement<\/a> pour acc\u00e9der \u00e0 ces avantages.<\/p>\n<\/div>\n","protected":false},"featured_media":228626,"comment_status":"closed","ping_status":"closed","template":"","meta":{"_acf_changed":false,"site-sidebar-layout":"default","site-content-layout":"","ast-site-content-layout":"default","site-content-style":"default","site-sidebar-style":"default","ast-global-header-display":"","ast-banner-title-visibility":"","ast-main-header-display":"","ast-hfb-above-header-display":"","ast-hfb-below-header-display":"","ast-hfb-mobile-header-display":"","site-post-title":"","ast-breadcrumbs-content":"","ast-featured-img":"","footer-sml-layout":"","ast-disable-related-posts":"","theme-transparent-header-meta":"default","adv-header-id-meta":"","stick-header-meta":"","header-above-stick-meta":"","header-main-stick-meta":"","header-below-stick-meta":"","astra-migrate-meta-layouts":"set","ast-page-background-enabled":"default","ast-page-background-meta":{"desktop":{"background-color":"var(--ast-global-color-4)","background-image":"","background-repeat":"repeat","background-position":"center center","background-size":"auto","background-attachment":"scroll","background-type":"","background-media":"","overlay-type":"","overlay-color":"","overlay-opacity":"","overlay-gradient":""},"tablet":{"background-color":"","background-image":"","background-repeat":"repeat","background-position":"center center","background-size":"auto","background-attachment":"scroll","background-type":"","background-media":"","overlay-type":"","overlay-color":"","overlay-opacity":"","overlay-gradient":""},"mobile":{"background-color":"","background-image":"","background-repeat":"repeat","background-position":"center center","background-size":"auto","background-attachment":"scroll","background-type":"","background-media":"","overlay-type":"","overlay-color":"","overlay-opacity":"","overlay-gradient":""}},"ast-content-background-meta":{"desktop":{"background-color":"var(--ast-global-color-5)","background-image":"","background-repeat":"repeat","background-position":"center center","background-size":"auto","background-attachment":"scroll","background-type":"","background-media":"","overlay-type":"","overlay-color":"","overlay-opacity":"","overlay-gradient":""},"tablet":{"background-color":"var(--ast-global-color-5)","background-image":"","background-repeat":"repeat","background-position":"center center","background-size":"auto","background-attachment":"scroll","background-type":"","background-media":"","overlay-type":"","overlay-color":"","overlay-opacity":"","overlay-gradient":""},"mobile":{"background-color":"var(--ast-global-color-5)","background-image":"","background-repeat":"repeat","background-position":"center center","background-size":"auto","background-attachment":"scroll","background-type":"","background-media":"","overlay-type":"","overlay-color":"","overlay-opacity":"","overlay-gradient":""}}},"product_brand":[],"product_cat":[1137],"product_tag":[],"product_format_filter":[6373],"class_list":{"0":"post-228599","1":"product","2":"type-product","3":"status-publish","4":"has-post-thumbnail","6":"product_cat-fleur","7":"pa_flavours-agrume","8":"pa_flavours-gazeux-diesel","9":"pa_intensity-thc-eleve","10":"pa_marques-november-rain-fr","11":"pa_origin-colombie-britannique-fr","12":"pa_packaging-date-01-27-2026","13":"pa_prix-par-gramme-8-57-fr-2","14":"pa_type-de-plante-hybride-fr","15":"product_format_filter-7g","16":"desktop-align-left","17":"tablet-align-left","18":"mobile-align-left","20":"first","21":"outofstock","22":"taxable","23":"shipping-taxable","24":"purchasable","25":"product-type-simple"},"group_of_quantity":0,"min_quantity":0,"max_quantity":"","exclude_order_quantity_value_rules":"no","exclude_category_quantity_rules":"no","combine_variations":"no","acf":[],"_links":{"self":[{"href":"https:\/\/mendomedical.ca\/fr\/wp-json\/wp\/v2\/product\/228599","targetHints":{"allow":["GET"]}}],"collection":[{"href":"https:\/\/mendomedical.ca\/fr\/wp-json\/wp\/v2\/product"}],"about":[{"href":"https:\/\/mendomedical.ca\/fr\/wp-json\/wp\/v2\/types\/product"}],"replies":[{"embeddable":true,"href":"https:\/\/mendomedical.ca\/fr\/wp-json\/wp\/v2\/comments?post=228599"}],"wp:featuredmedia":[{"embeddable":true,"href":"https:\/\/mendomedical.ca\/fr\/wp-json\/wp\/v2\/media\/228626"}],"wp:attachment":[{"href":"https:\/\/mendomedical.ca\/fr\/wp-json\/wp\/v2\/media?parent=228599"}],"wp:term":[{"taxonomy":"product_brand","embeddable":true,"href":"https:\/\/mendomedical.ca\/fr\/wp-json\/wp\/v2\/product_brand?post=228599"},{"taxonomy":"product_cat","embeddable":true,"href":"https:\/\/mendomedical.ca\/fr\/wp-json\/wp\/v2\/product_cat?post=228599"},{"taxonomy":"product_tag","embeddable":true,"href":"https:\/\/mendomedical.ca\/fr\/wp-json\/wp\/v2\/product_tag?post=228599"},{"taxonomy":"product_format_filter","embeddable":true,"href":"https:\/\/mendomedical.ca\/fr\/wp-json\/wp\/v2\/product_format_filter?post=228599"}],"curies":[{"name":"wp","href":"https:\/\/api.w.org\/{rel}","templated":true}]}}