{"id":228598,"date":"2024-09-01T19:05:27","date_gmt":"2024-09-01T23:05:27","guid":{"rendered":"https:\/\/mendomedical.ca\/?post_type=product&#038;p=228598"},"modified":"2026-03-09T11:37:02","modified_gmt":"2026-03-09T15:37:02","slug":"pre-tirages-rosemintz","status":"publish","type":"product","link":"https:\/\/mendomedical.ca\/fr\/produit\/pre-tirages-rosemintz\/","title":{"rendered":"Pr\u00e9roul\u00e9s Rosemintz"},"content":{"rendered":"","protected":false},"excerpt":{"rendered":"<h5>Animal Mintz<\/h5>\n<p><strong>Rosemintz est l&rsquo;\u00e9quilibre parfait entre Elegant et Gassy, vous offrant le parfait 3&#215;0.5g Pre-Rolls.<\/strong><\/p>\n<p>&nbsp;<\/p>\n<h5>Aspect Visuel:<\/h5>\n<p>Papier parfum\u00e9 \u00e0 la rose.<\/p>\n<p>&nbsp;<\/p>\n<h5>Ar\u00f4me :<\/h5>\n<p>L&rsquo;ar\u00f4me est tr\u00e8s similaire dans l&rsquo;ensemble, avec des notes de caf\u00e9 noir profond et une touche de douceur de biscuit p\u00e2teux.<\/p>\n<p>&nbsp;<\/p>\n<h5>Profil de Saveur :<\/h5>\n<p>Ce bourgeon a un go\u00fbt de biscuit aux noix tr\u00e8s sucr\u00e9 avec des bouch\u00e9es de menthe et de caf\u00e9 \u00e9pic\u00e9 \u00e0 l&rsquo;expiration.<\/p>\n<p>&nbsp;<\/p>\n<h5>Profil des cannabino\u00efdes et des terp\u00e8nes :<\/h5>\n<p>Animal Mintz est une vari\u00e9t\u00e9 hybride \u00e9quilibr\u00e9e (50% indica\/50% sativa). Ce croisement \u00e0 trois voies est parfait pour les amateurs d&rsquo;hybrides exp\u00e9riment\u00e9s, avec des effets percutants et un niveau de puissance \u00e9lev\u00e9 de 29,9% de THC.3 X .5 de notre Animal Mintz \u00e0 29,9% de THC (Thin Mint X Animal Cookies X Fire OG)<\/p>\n<p>&nbsp;<\/p>\n<h5 id=\"tw-target-text\" class=\"tw-data-text tw-text-large tw-ta\" dir=\"ltr\" data-placeholder=\"Traduction\" aria-label=\"Texte traduit\" data-ved=\"2ahUKEwihm8zt7pyFAxWMN2IAHRerA8cQ3ewLegQIBRAU\"><span class=\"Y2IQFc\" lang=\"fr\">Effets :<\/span><\/h5>\n<p>Les effets sont rapides et intenses, frappant d&rsquo;abord votre esprit avec une puissante stimulation c\u00e9r\u00e9brale qui active et acc\u00e9l\u00e8re vos r\u00e9cepteurs CB1. Un l\u00e9ger soup\u00e7on de relaxation vient ensuite, se frayant lentement un chemin dans votre corps et vos r\u00e9cepteurs CB2 avant de s&rsquo;installer et de vous laisser compl\u00e8tement bloqu\u00e9 dans votre canap\u00e9 et d\u00e9sesp\u00e9r\u00e9ment sous s\u00e9datif. <\/p>\n<p>&nbsp;<\/p>\n<h5>Ce que les patients disent de ce produit :<\/h5>\n<p>Avec ces effets importants, Animal Mintz est souvent choisi pour traiter des conditions telles que l&rsquo;insomnie, le stress chronique ou le PTSD, la d\u00e9pression, l&rsquo;anxi\u00e9t\u00e9 et la fatigue chronique.<\/p>\n","protected":false},"featured_media":228348,"comment_status":"closed","ping_status":"closed","template":"","meta":{"_acf_changed":false,"site-sidebar-layout":"default","site-content-layout":"","ast-site-content-layout":"default","site-content-style":"default","site-sidebar-style":"default","ast-global-header-display":"","ast-banner-title-visibility":"","ast-main-header-display":"","ast-hfb-above-header-display":"","ast-hfb-below-header-display":"","ast-hfb-mobile-header-display":"","site-post-title":"","ast-breadcrumbs-content":"","ast-featured-img":"","footer-sml-layout":"","ast-disable-related-posts":"","theme-transparent-header-meta":"default","adv-header-id-meta":"","stick-header-meta":"","header-above-stick-meta":"","header-main-stick-meta":"","header-below-stick-meta":"","astra-migrate-meta-layouts":"set","ast-page-background-enabled":"default","ast-page-background-meta":{"desktop":{"background-color":"var(--ast-global-color-4)","background-image":"","background-repeat":"repeat","background-position":"center center","background-size":"auto","background-attachment":"scroll","background-type":"","background-media":"","overlay-type":"","overlay-color":"","overlay-opacity":"","overlay-gradient":""},"tablet":{"background-color":"","background-image":"","background-repeat":"repeat","background-position":"center center","background-size":"auto","background-attachment":"scroll","background-type":"","background-media":"","overlay-type":"","overlay-color":"","overlay-opacity":"","overlay-gradient":""},"mobile":{"background-color":"","background-image":"","background-repeat":"repeat","background-position":"center center","background-size":"auto","background-attachment":"scroll","background-type":"","background-media":"","overlay-type":"","overlay-color":"","overlay-opacity":"","overlay-gradient":""}},"ast-content-background-meta":{"desktop":{"background-color":"var(--ast-global-color-5)","background-image":"","background-repeat":"repeat","background-position":"center center","background-size":"auto","background-attachment":"scroll","background-type":"","background-media":"","overlay-type":"","overlay-color":"","overlay-opacity":"","overlay-gradient":""},"tablet":{"background-color":"var(--ast-global-color-5)","background-image":"","background-repeat":"repeat","background-position":"center center","background-size":"auto","background-attachment":"scroll","background-type":"","background-media":"","overlay-type":"","overlay-color":"","overlay-opacity":"","overlay-gradient":""},"mobile":{"background-color":"var(--ast-global-color-5)","background-image":"","background-repeat":"repeat","background-position":"center center","background-size":"auto","background-attachment":"scroll","background-type":"","background-media":"","overlay-type":"","overlay-color":"","overlay-opacity":"","overlay-gradient":""}}},"product_brand":[],"product_cat":[4803,1144],"product_tag":[],"product_format_filter":[6374],"class_list":{"0":"post-228598","1":"product","2":"type-product","3":"status-publish","4":"has-post-thumbnail","6":"product_cat-pre-rolls-non-infuses","7":"product_cat-pre-roules","8":"pa_flavours-gazeux-diesel","9":"pa_flavours-doux","10":"pa_intensity-thc-eleve","11":"pa_marques-november-rain-fr","12":"pa_origin-colombie-britannique-fr","13":"pa_type-de-plante-hybride-fr","14":"product_format_filter-0-5g","15":"desktop-align-left","16":"tablet-align-left","17":"mobile-align-left","19":"first","20":"outofstock","21":"taxable","22":"shipping-taxable","23":"purchasable","24":"product-type-simple"},"group_of_quantity":0,"min_quantity":0,"max_quantity":"","exclude_order_quantity_value_rules":"no","exclude_category_quantity_rules":"no","combine_variations":"no","acf":[],"_links":{"self":[{"href":"https:\/\/mendomedical.ca\/fr\/wp-json\/wp\/v2\/product\/228598","targetHints":{"allow":["GET"]}}],"collection":[{"href":"https:\/\/mendomedical.ca\/fr\/wp-json\/wp\/v2\/product"}],"about":[{"href":"https:\/\/mendomedical.ca\/fr\/wp-json\/wp\/v2\/types\/product"}],"replies":[{"embeddable":true,"href":"https:\/\/mendomedical.ca\/fr\/wp-json\/wp\/v2\/comments?post=228598"}],"wp:featuredmedia":[{"embeddable":true,"href":"https:\/\/mendomedical.ca\/fr\/wp-json\/wp\/v2\/media\/228348"}],"wp:attachment":[{"href":"https:\/\/mendomedical.ca\/fr\/wp-json\/wp\/v2\/media?parent=228598"}],"wp:term":[{"taxonomy":"product_brand","embeddable":true,"href":"https:\/\/mendomedical.ca\/fr\/wp-json\/wp\/v2\/product_brand?post=228598"},{"taxonomy":"product_cat","embeddable":true,"href":"https:\/\/mendomedical.ca\/fr\/wp-json\/wp\/v2\/product_cat?post=228598"},{"taxonomy":"product_tag","embeddable":true,"href":"https:\/\/mendomedical.ca\/fr\/wp-json\/wp\/v2\/product_tag?post=228598"},{"taxonomy":"product_format_filter","embeddable":true,"href":"https:\/\/mendomedical.ca\/fr\/wp-json\/wp\/v2\/product_format_filter?post=228598"}],"curies":[{"name":"wp","href":"https:\/\/api.w.org\/{rel}","templated":true}]}}