{"id":228592,"date":"2024-08-01T04:15:43","date_gmt":"2024-08-01T08:15:43","guid":{"rendered":"https:\/\/mendomedical.ca\/?post_type=product&#038;p=228592"},"modified":"2026-03-22T22:46:41","modified_gmt":"2026-03-23T02:46:41","slug":"hits-rapes-haschtag","status":"publish","type":"product","link":"https:\/\/mendomedical.ca\/fr\/produit\/hits-rapes-haschtag\/","title":{"rendered":"Haschtag Grated Hits"},"content":{"rendered":"","protected":false},"excerpt":{"rendered":"<div class=\"ExternalClass3093C6F08F984A56866464D0F6EABB47\">\n<h3>Hits r\u00e2p\u00e9s Haschtag par Exka<\/h3>\n<p>D\u00e9couvrez la commodit\u00e9 r\u00e9volutionnaire du Haschtag Grated Hits, le premier et le seul haschisch pr\u00e9-r\u00e2p\u00e9 disponible sur le march\u00e9 canadien. Ce concentr\u00e9 innovant d&rsquo;Exka transforme la consommation traditionnelle de haschisch gr\u00e2ce \u00e0 son format pr\u00eat \u00e0 l&#8217;emploi, parfaitement r\u00e2p\u00e9 pour une consommation imm\u00e9diate. Avec des niveaux puissants de THC allant de 32 \u00e0 40 %, ce haschisch de qualit\u00e9 sup\u00e9rieure offre une exp\u00e9rience cors\u00e9e tout en conservant le caract\u00e8re authentique que les amateurs de haschisch appr\u00e9cient.  <\/p>\n<h4>Caract\u00e9ristiques principales<\/h4>\n<ul>\n<li>Le premier format de hachage pr\u00e9granul\u00e9 du genre pour une commodit\u00e9 optimale<\/li>\n<li>Options de consommation polyvalentes - fumer tel quel, utiliser dans un bol ou m\u00e9langer avec de la fleur moulue<\/li>\n<li>L&#8217;emballage en verre de premi\u00e8re qualit\u00e9 avec joint en silicone garantit une fra\u00eecheur maximale.<\/li>\n<li>Concentr\u00e9 tr\u00e8s puissant avec une teneur en THC de 32-40%.<\/li>\n<li>Consistance parfaitement r\u00e2p\u00e9e convenant aussi bien aux utilisateurs exp\u00e9riment\u00e9s qu&rsquo;aux nouveaux venus dans le domaine du hachage.<\/li>\n<\/ul>\n<h4>Profil d&rsquo;ar\u00f4me et caract\u00e9ristiques<\/h4>\n<p>Haschtag Grated Hits offre une exp\u00e9rience sensorielle complexe avec des saveurs d&rsquo;essence et de diesel, compl\u00e9t\u00e9es par des ar\u00f4mes \u00e9pic\u00e9s et terreux. Ce concentr\u00e9 puissant contient 32 \u00e0 40 % de THC, procurant un high complet et cors\u00e9 que les connaisseurs de haschisch recherchent. <\/p>\n<h4>Pourquoi choisir les concentr\u00e9s de haschisch ?<\/h4>\n<p>Les concentr\u00e9s de haschisch offrent aux consommateurs de cannabis m\u00e9dical une option puissante et efficace pour la gestion des sympt\u00f4mes. Le format concentr\u00e9 signifie que de plus petites quantit\u00e9s peuvent \u00eatre n\u00e9cessaires par rapport \u00e0 la fleur, ce qui peut offrir un meilleur rapport qualit\u00e9-prix et un soulagement plus durable pour diverses affections. <\/p>\n<h4>Exp\u00e9dition dans tout le Canada<\/h4>\n<p>Haschtag Grated Hits est exp\u00e9di\u00e9 rapidement dans tout le Canada, avec une livraison gratuite pour les commandes de plus de 150 $. Nous nous assurons que votre concentr\u00e9 arrive frais et pr\u00eat \u00e0 l&#8217;emploi, en maintenant la qualit\u00e9 que vous attendez des produits de cannabis de premi\u00e8re qualit\u00e9. <\/p>\n<h4>Avantages et couverture pour les anciens combattants<\/h4>\n<p>Haschtag Grated Hits est admissible \u00e0 la couverture d&rsquo;ACC (Anciens Combattants Canada) avec facturation directe par l&rsquo;entremise de la Croix Bleue, ce qui signifie que les anciens combattants admissibles n&rsquo;ont pas \u00e0 d\u00e9bourser d&rsquo;argent. Si vous n&rsquo;avez pas encore votre carte m\u00e9dicale, vous pouvez <a href=\"https:\/\/mendomedical.ca\/fr\/carte-medicale\/\">l&rsquo;obtenir rapidement et facilement<\/a> gr\u00e2ce \u00e0 notre processus simplifi\u00e9. <\/p>\n<\/div>\n","protected":false},"featured_media":228493,"comment_status":"closed","ping_status":"closed","template":"","meta":{"_acf_changed":false,"site-sidebar-layout":"default","site-content-layout":"","ast-site-content-layout":"default","site-content-style":"default","site-sidebar-style":"default","ast-global-header-display":"","ast-banner-title-visibility":"","ast-main-header-display":"","ast-hfb-above-header-display":"","ast-hfb-below-header-display":"","ast-hfb-mobile-header-display":"","site-post-title":"","ast-breadcrumbs-content":"","ast-featured-img":"","footer-sml-layout":"","ast-disable-related-posts":"","theme-transparent-header-meta":"default","adv-header-id-meta":"","stick-header-meta":"","header-above-stick-meta":"","header-main-stick-meta":"","header-below-stick-meta":"","astra-migrate-meta-layouts":"set","ast-page-background-enabled":"default","ast-page-background-meta":{"desktop":{"background-color":"var(--ast-global-color-4)","background-image":"","background-repeat":"repeat","background-position":"center center","background-size":"auto","background-attachment":"scroll","background-type":"","background-media":"","overlay-type":"","overlay-color":"","overlay-opacity":"","overlay-gradient":""},"tablet":{"background-color":"","background-image":"","background-repeat":"repeat","background-position":"center center","background-size":"auto","background-attachment":"scroll","background-type":"","background-media":"","overlay-type":"","overlay-color":"","overlay-opacity":"","overlay-gradient":""},"mobile":{"background-color":"","background-image":"","background-repeat":"repeat","background-position":"center center","background-size":"auto","background-attachment":"scroll","background-type":"","background-media":"","overlay-type":"","overlay-color":"","overlay-opacity":"","overlay-gradient":""}},"ast-content-background-meta":{"desktop":{"background-color":"var(--ast-global-color-5)","background-image":"","background-repeat":"repeat","background-position":"center center","background-size":"auto","background-attachment":"scroll","background-type":"","background-media":"","overlay-type":"","overlay-color":"","overlay-opacity":"","overlay-gradient":""},"tablet":{"background-color":"var(--ast-global-color-5)","background-image":"","background-repeat":"repeat","background-position":"center center","background-size":"auto","background-attachment":"scroll","background-type":"","background-media":"","overlay-type":"","overlay-color":"","overlay-opacity":"","overlay-gradient":""},"mobile":{"background-color":"var(--ast-global-color-5)","background-image":"","background-repeat":"repeat","background-position":"center center","background-size":"auto","background-attachment":"scroll","background-type":"","background-media":"","overlay-type":"","overlay-color":"","overlay-opacity":"","overlay-gradient":""}}},"product_brand":[],"product_cat":[1121,1118,1119],"product_tag":[],"product_format_filter":[6391],"class_list":{"0":"post-228592","1":"product","2":"type-product","3":"status-publish","4":"has-post-thumbnail","6":"product_cat-haschisch","7":"product_cat-concentres","8":"product_cat-tout-sans-solvant","9":"pa_flavours-gazeux-diesel","10":"pa_format-2g-fr","11":"pa_intensity-thc-eleve","12":"pa_marques-exka-fr","13":"pa_origin-quebec-fr","14":"pa_thc-35-3-fr","15":"pa_type-de-plante-hybride-fr","16":"product_format_filter-2g","17":"desktop-align-left","18":"tablet-align-left","19":"mobile-align-left","21":"first","22":"instock","23":"taxable","24":"shipping-taxable","25":"purchasable","26":"product-type-simple"},"group_of_quantity":0,"min_quantity":0,"max_quantity":"","exclude_order_quantity_value_rules":"no","exclude_category_quantity_rules":"no","combine_variations":"no","acf":[],"_links":{"self":[{"href":"https:\/\/mendomedical.ca\/fr\/wp-json\/wp\/v2\/product\/228592","targetHints":{"allow":["GET"]}}],"collection":[{"href":"https:\/\/mendomedical.ca\/fr\/wp-json\/wp\/v2\/product"}],"about":[{"href":"https:\/\/mendomedical.ca\/fr\/wp-json\/wp\/v2\/types\/product"}],"replies":[{"embeddable":true,"href":"https:\/\/mendomedical.ca\/fr\/wp-json\/wp\/v2\/comments?post=228592"}],"wp:featuredmedia":[{"embeddable":true,"href":"https:\/\/mendomedical.ca\/fr\/wp-json\/wp\/v2\/media\/228493"}],"wp:attachment":[{"href":"https:\/\/mendomedical.ca\/fr\/wp-json\/wp\/v2\/media?parent=228592"}],"wp:term":[{"taxonomy":"product_brand","embeddable":true,"href":"https:\/\/mendomedical.ca\/fr\/wp-json\/wp\/v2\/product_brand?post=228592"},{"taxonomy":"product_cat","embeddable":true,"href":"https:\/\/mendomedical.ca\/fr\/wp-json\/wp\/v2\/product_cat?post=228592"},{"taxonomy":"product_tag","embeddable":true,"href":"https:\/\/mendomedical.ca\/fr\/wp-json\/wp\/v2\/product_tag?post=228592"},{"taxonomy":"product_format_filter","embeddable":true,"href":"https:\/\/mendomedical.ca\/fr\/wp-json\/wp\/v2\/product_format_filter?post=228592"}],"curies":[{"name":"wp","href":"https:\/\/api.w.org\/{rel}","templated":true}]}}