{"id":228590,"date":"2023-08-01T13:00:46","date_gmt":"2023-08-01T17:00:46","guid":{"rendered":"https:\/\/mendomedical.ca\/?post_type=product&#038;p=228590"},"modified":"2025-10-27T17:34:23","modified_gmt":"2025-10-27T21:34:23","slug":"indica-500500-spray-oral","status":"publish","type":"product","link":"https:\/\/mendomedical.ca\/fr\/produit\/indica-500500-spray-oral\/","title":{"rendered":"Indica 500:500 Spray oral"},"content":{"rendered":"","protected":false},"excerpt":{"rendered":"<p><strong>XK Indica 500:500 est une formule \u00e9quilibr\u00e9e de THC et de CBD de l&rsquo;huile de cannabis disponible dans un format pratique de spray oral. Nos techniques d&rsquo;extraction permettent d&rsquo;obtenir une puissance de 27 mg\/g de CBD et de THC. Formul\u00e9 avec de l&rsquo;huile de coco MCT dans nos installations de pointe, XK Indica 500:500 est con\u00e7u pour distribuer 0,1 ml par activation qui contient 2,5 mg de CBD et 2,5 mg de THC afin que la consommation puisse \u00eatre contr\u00f4l\u00e9e en toute s\u00e9curit\u00e9. Notre choix d&rsquo;une base concave sans d\u00e9chets garantit une consommation jusqu&rsquo;\u00e0 la derni\u00e8re goutte.<\/strong><\/p>\n<p>&nbsp;<\/p>\n<h5>Effets :<\/h5>\n<p>Calme, rire et app\u00e9tit avec un d\u00e9but en 30+ minutes.<\/p>\n<p>&nbsp;<\/p>\n<h5><b>Ce que les patients disent de ce produit : <\/b><\/h5>\n<p>A utiliser de pr\u00e9f\u00e9rence avant de dormir.<\/p>\n","protected":false},"featured_media":228534,"comment_status":"closed","ping_status":"closed","template":"","meta":{"_acf_changed":false,"site-sidebar-layout":"default","site-content-layout":"","ast-site-content-layout":"default","site-content-style":"default","site-sidebar-style":"default","ast-global-header-display":"","ast-banner-title-visibility":"","ast-main-header-display":"","ast-hfb-above-header-display":"","ast-hfb-below-header-display":"","ast-hfb-mobile-header-display":"","site-post-title":"","ast-breadcrumbs-content":"","ast-featured-img":"","footer-sml-layout":"","ast-disable-related-posts":"","theme-transparent-header-meta":"default","adv-header-id-meta":"","stick-header-meta":"","header-above-stick-meta":"","header-main-stick-meta":"","header-below-stick-meta":"","astra-migrate-meta-layouts":"set","ast-page-background-enabled":"default","ast-page-background-meta":{"desktop":{"background-color":"var(--ast-global-color-4)","background-image":"","background-repeat":"repeat","background-position":"center center","background-size":"auto","background-attachment":"scroll","background-type":"","background-media":"","overlay-type":"","overlay-color":"","overlay-opacity":"","overlay-gradient":""},"tablet":{"background-color":"","background-image":"","background-repeat":"repeat","background-position":"center center","background-size":"auto","background-attachment":"scroll","background-type":"","background-media":"","overlay-type":"","overlay-color":"","overlay-opacity":"","overlay-gradient":""},"mobile":{"background-color":"","background-image":"","background-repeat":"repeat","background-position":"center center","background-size":"auto","background-attachment":"scroll","background-type":"","background-media":"","overlay-type":"","overlay-color":"","overlay-opacity":"","overlay-gradient":""}},"ast-content-background-meta":{"desktop":{"background-color":"var(--ast-global-color-5)","background-image":"","background-repeat":"repeat","background-position":"center center","background-size":"auto","background-attachment":"scroll","background-type":"","background-media":"","overlay-type":"","overlay-color":"","overlay-opacity":"","overlay-gradient":""},"tablet":{"background-color":"var(--ast-global-color-5)","background-image":"","background-repeat":"repeat","background-position":"center center","background-size":"auto","background-attachment":"scroll","background-type":"","background-media":"","overlay-type":"","overlay-color":"","overlay-opacity":"","overlay-gradient":""},"mobile":{"background-color":"var(--ast-global-color-5)","background-image":"","background-repeat":"repeat","background-position":"center center","background-size":"auto","background-attachment":"scroll","background-type":"","background-media":"","overlay-type":"","overlay-color":"","overlay-opacity":"","overlay-gradient":""}}},"product_brand":[],"product_cat":[1143],"product_tag":[],"product_format_filter":[],"class_list":{"0":"post-228590","1":"product","2":"type-product","3":"status-publish","4":"has-post-thumbnail","6":"product_cat-huiles-et-teintures","7":"pa_cbd-25mg-activation-500mg-total","8":"pa_format-30ml-fr","9":"pa_intensity-faible-thc","10":"pa_intensity-faible-cbd","11":"pa_marques-exka-fr","12":"pa_origin-quebec-fr","13":"pa_thc-25mg-activation-500mg-total","14":"pa_type-de-plante-indica-fr","15":"desktop-align-left","16":"tablet-align-left","17":"mobile-align-left","19":"first","20":"outofstock","21":"taxable","22":"shipping-taxable","23":"purchasable","24":"product-type-simple"},"group_of_quantity":0,"min_quantity":0,"max_quantity":"","exclude_order_quantity_value_rules":"no","exclude_category_quantity_rules":"no","combine_variations":"no","acf":[],"_links":{"self":[{"href":"https:\/\/mendomedical.ca\/fr\/wp-json\/wp\/v2\/product\/228590","targetHints":{"allow":["GET"]}}],"collection":[{"href":"https:\/\/mendomedical.ca\/fr\/wp-json\/wp\/v2\/product"}],"about":[{"href":"https:\/\/mendomedical.ca\/fr\/wp-json\/wp\/v2\/types\/product"}],"replies":[{"embeddable":true,"href":"https:\/\/mendomedical.ca\/fr\/wp-json\/wp\/v2\/comments?post=228590"}],"wp:featuredmedia":[{"embeddable":true,"href":"https:\/\/mendomedical.ca\/fr\/wp-json\/wp\/v2\/media\/228534"}],"wp:attachment":[{"href":"https:\/\/mendomedical.ca\/fr\/wp-json\/wp\/v2\/media?parent=228590"}],"wp:term":[{"taxonomy":"product_brand","embeddable":true,"href":"https:\/\/mendomedical.ca\/fr\/wp-json\/wp\/v2\/product_brand?post=228590"},{"taxonomy":"product_cat","embeddable":true,"href":"https:\/\/mendomedical.ca\/fr\/wp-json\/wp\/v2\/product_cat?post=228590"},{"taxonomy":"product_tag","embeddable":true,"href":"https:\/\/mendomedical.ca\/fr\/wp-json\/wp\/v2\/product_tag?post=228590"},{"taxonomy":"product_format_filter","embeddable":true,"href":"https:\/\/mendomedical.ca\/fr\/wp-json\/wp\/v2\/product_format_filter?post=228590"}],"curies":[{"name":"wp","href":"https:\/\/api.w.org\/{rel}","templated":true}]}}