{"id":227818,"date":"2024-01-01T04:48:35","date_gmt":"2024-01-01T09:48:35","guid":{"rendered":"https:\/\/mendomedical.ca\/?post_type=product&#038;p=227818"},"modified":"2025-08-26T10:39:46","modified_gmt":"2025-08-26T14:39:46","slug":"pineapple-passion-solventless-vegan-soft-chews-copy","status":"publish","type":"product","link":"https:\/\/mendomedical.ca\/fr\/produit\/pineapple-passion-solventless-vegan-soft-chews-copy\/","title":{"rendered":"Watermelon Explosion Solventless Vegan Soft Chews"},"content":{"rendered":"","protected":false},"excerpt":{"rendered":"<h3>Vari\u00e9t\u00e9 utilis\u00e9e : Orange Kush<\/h3>\n<p>Nos produits \u00e0 m\u00e2cher v\u00e9g\u00e9taliens sans solvant \u00e0 spectre complet sont fabriqu\u00e9s \u00e0 partir d&rsquo;intrants sans solvant \u00e0 souche unique. Ils sont v\u00e9g\u00e9taliens et fabriqu\u00e9s avec des ar\u00f4mes et des colorants naturels d\u00e9riv\u00e9s de fruits et de l\u00e9gumes. 5 par paquet de 2 mg de THC par gomme.  <\/p>\n<p><em><strong>Veuillez noter que les produits contenant de la g\u00e9latine peuvent fondre pendant le transport durant les mois d&rsquo;\u00e9t\u00e9. Nous vous recommandons de tenir compte de ce probl\u00e8me potentiel lorsque vous passez votre commande.  Malheureusement, nous ne pouvons pas offrir de remboursement ou de remplacement pour les produits qui fondent pendant le transport. Merci de votre compr\u00e9hension<\/strong><\/em><\/p>\n<p>&nbsp;<\/p>\n<h4><strong>Ingr\u00e9dients :<br \/>\n<\/strong><span style=\"font-size: 0.875rem;\">Sucre (sirop de tapioca biologique, sucre de canne biologique), eau, pectine, moins de 2 % d&rsquo;ar\u00f4me naturel, de couleur naturelle (jus de l\u00e9gumes et de fruits), acide citrique biologique, citrate de sodium, extrait de cannabis : Ar\u00f4me naturel, couleur naturelle (jus de l\u00e9gumes et de fruits), acide citrique biologique, citrate de sodium, extrait de cannabis.<\/span><\/h4>\n","protected":false},"featured_media":227820,"comment_status":"closed","ping_status":"closed","template":"","meta":{"_acf_changed":false,"site-sidebar-layout":"default","site-content-layout":"","ast-site-content-layout":"default","site-content-style":"default","site-sidebar-style":"default","ast-global-header-display":"","ast-banner-title-visibility":"","ast-main-header-display":"","ast-hfb-above-header-display":"","ast-hfb-below-header-display":"","ast-hfb-mobile-header-display":"","site-post-title":"","ast-breadcrumbs-content":"","ast-featured-img":"","footer-sml-layout":"","ast-disable-related-posts":"","theme-transparent-header-meta":"default","adv-header-id-meta":"","stick-header-meta":"","header-above-stick-meta":"","header-main-stick-meta":"","header-below-stick-meta":"","astra-migrate-meta-layouts":"default","ast-page-background-enabled":"default","ast-page-background-meta":{"desktop":{"background-color":"var(--ast-global-color-4)","background-image":"","background-repeat":"repeat","background-position":"center center","background-size":"auto","background-attachment":"scroll","background-type":"","background-media":"","overlay-type":"","overlay-color":"","overlay-opacity":"","overlay-gradient":""},"tablet":{"background-color":"","background-image":"","background-repeat":"repeat","background-position":"center center","background-size":"auto","background-attachment":"scroll","background-type":"","background-media":"","overlay-type":"","overlay-color":"","overlay-opacity":"","overlay-gradient":""},"mobile":{"background-color":"","background-image":"","background-repeat":"repeat","background-position":"center center","background-size":"auto","background-attachment":"scroll","background-type":"","background-media":"","overlay-type":"","overlay-color":"","overlay-opacity":"","overlay-gradient":""}},"ast-content-background-meta":{"desktop":{"background-color":"var(--ast-global-color-5)","background-image":"","background-repeat":"repeat","background-position":"center center","background-size":"auto","background-attachment":"scroll","background-type":"","background-media":"","overlay-type":"","overlay-color":"","overlay-opacity":"","overlay-gradient":""},"tablet":{"background-color":"var(--ast-global-color-5)","background-image":"","background-repeat":"repeat","background-position":"center center","background-size":"auto","background-attachment":"scroll","background-type":"","background-media":"","overlay-type":"","overlay-color":"","overlay-opacity":"","overlay-gradient":""},"mobile":{"background-color":"var(--ast-global-color-5)","background-image":"","background-repeat":"repeat","background-position":"center center","background-size":"auto","background-attachment":"scroll","background-type":"","background-media":"","overlay-type":"","overlay-color":"","overlay-opacity":"","overlay-gradient":""}}},"product_brand":[],"product_cat":[1132,1128],"product_tag":[],"product_format_filter":[],"class_list":{"0":"post-227818","1":"product","2":"type-product","3":"status-publish","4":"has-post-thumbnail","6":"product_cat-bonbons","7":"product_cat-comestibles","8":"pa_flavours-fruite","9":"pa_flavours-watermelon-fr","10":"pa_format-5-unites","11":"pa_intensity-thc-moyen","12":"pa_marques-artisanat-de-la-cote-ouest","13":"pa_origin-colombie-britannique-fr","14":"pa_thc-10mg-fr","15":"pa_type-de-plante-thc-fr","16":"desktop-align-left","17":"tablet-align-left","18":"mobile-align-left","20":"first","21":"outofstock","22":"taxable","23":"shipping-taxable","24":"purchasable","25":"product-type-simple"},"group_of_quantity":0,"min_quantity":0,"max_quantity":"","exclude_order_quantity_value_rules":"no","exclude_category_quantity_rules":"no","combine_variations":"no","acf":[],"_links":{"self":[{"href":"https:\/\/mendomedical.ca\/fr\/wp-json\/wp\/v2\/product\/227818","targetHints":{"allow":["GET"]}}],"collection":[{"href":"https:\/\/mendomedical.ca\/fr\/wp-json\/wp\/v2\/product"}],"about":[{"href":"https:\/\/mendomedical.ca\/fr\/wp-json\/wp\/v2\/types\/product"}],"replies":[{"embeddable":true,"href":"https:\/\/mendomedical.ca\/fr\/wp-json\/wp\/v2\/comments?post=227818"}],"wp:featuredmedia":[{"embeddable":true,"href":"https:\/\/mendomedical.ca\/fr\/wp-json\/wp\/v2\/media\/227820"}],"wp:attachment":[{"href":"https:\/\/mendomedical.ca\/fr\/wp-json\/wp\/v2\/media?parent=227818"}],"wp:term":[{"taxonomy":"product_brand","embeddable":true,"href":"https:\/\/mendomedical.ca\/fr\/wp-json\/wp\/v2\/product_brand?post=227818"},{"taxonomy":"product_cat","embeddable":true,"href":"https:\/\/mendomedical.ca\/fr\/wp-json\/wp\/v2\/product_cat?post=227818"},{"taxonomy":"product_tag","embeddable":true,"href":"https:\/\/mendomedical.ca\/fr\/wp-json\/wp\/v2\/product_tag?post=227818"},{"taxonomy":"product_format_filter","embeddable":true,"href":"https:\/\/mendomedical.ca\/fr\/wp-json\/wp\/v2\/product_format_filter?post=227818"}],"curies":[{"name":"wp","href":"https:\/\/api.w.org\/{rel}","templated":true}]}}