{"id":227731,"date":"2025-08-10T13:39:11","date_gmt":"2025-08-10T17:39:11","guid":{"rendered":"https:\/\/mendomedical.ca\/?post_type=product&#038;p=227731"},"modified":"2026-01-09T22:00:05","modified_gmt":"2026-01-10T03:00:05","slug":"jerky-stix-fr","status":"publish","type":"product","link":"https:\/\/mendomedical.ca\/fr\/produit\/jerky-stix-fr\/","title":{"rendered":"Jerky Stix"},"content":{"rendered":"","protected":false},"excerpt":{"rendered":"<h3><strong>Jerky Stix <\/strong><strong>THC comestible <\/strong><strong>par OG Jerk - 10mg<\/strong><\/h3>\n<p>Vous \u00eates \u00e0 la recherche d&rsquo;un produit comestible savoureux \u00e0 base de cannabis qui ne contient pas de sucre et offre une saveur audacieuse ? Les Jerky Stix d&rsquo;OG Jerk offrent une alternative unique aux gommes et chocolats traditionnels. Ils ont \u00e9t\u00e9 con\u00e7uspour ceux qui veulent une exp\u00e9rience de cannabis \u00e0 base de viande et \u00e0 faible teneur en glucides, sans avoir la dent sucr\u00e9e. Chaque bande est <strong>infus\u00e9e de 10 mg de THC<\/strong> et fabriqu\u00e9e \u00e0 partir de morceaux de b\u0153uf de premi\u00e8re qualit\u00e9, offrant une texture douce et moelleuse et un go\u00fbt profond et satisfaisant.<\/p>\n<p>Que vous soyez en randonn\u00e9e, au travail ou \u00e0 la maison, ces <strong>b\u00e2tonnets de b\u0153uf infus\u00e9s au THC<\/strong> sont la solution comestible id\u00e9ale pour une consommation discr\u00e8te et un dosage fiable.<\/p>\n<p>&nbsp;<\/p>\n<h3><strong>Saveur audacieuse, effets \u00e9quilibr\u00e9s<\/strong><\/h3>\n<p>Infus\u00e9s avec 10 mg de THC, les <strong>Jerky Stix<\/strong> procurent un effet relaxant lent qui peut aider \u00e0 g\u00e9rer le stress quotidien, les douleurs l\u00e9g\u00e8res ou la r\u00e9cup\u00e9ration post-entra\u00eenement. Le m\u00e9lange d&rsquo;assaisonnements offre une riche saveur umami avec des notes de fum\u00e9e, d&rsquo;\u00e9pices et de douceur subtile. Contrairement aux produits comestibles sucr\u00e9s, cette option sal\u00e9e convient aux personnes qui suivent un <strong>r\u00e9gime pauvre en glucides ou c\u00e9tog\u00e8ne.<\/strong><\/p>\n<p>&nbsp;<\/p>\n<h3><strong>Pourquoi choisir Jerky Stix ?<\/strong><\/h3>\n<ul>\n<li><strong>Sans sucre et sans c\u00e9to<\/strong>: id\u00e9al pour ceux qui \u00e9vitent les aliments sucr\u00e9s ou qui surveillent leur glyc\u00e9mie.<\/li>\n<li><strong>Une alternative savoureuse<\/strong>: Oubliez les gommes et les chocolats et optez pour une option pleine de saveur et de viande.<\/li>\n<li><strong>Format \u00e0 faible dose<\/strong>: 10 mg de THC par stick pour des effets contr\u00f4l\u00e9s et constants.<\/li>\n<li><strong>Discret et portable<\/strong>: Facile \u00e0 ranger et \u00e0 consommer n&rsquo;importe o\u00f9, n&rsquo;importe quand.<\/li>\n<\/ul>\n<p>&nbsp;<\/p>\n<h3><strong>Fabriqu\u00e9 avec soin<\/strong><\/h3>\n<p>Fabriqu\u00e9 par <strong>OG Jerk<\/strong>, le Jerky Stix THC Edible est lentement marin\u00e9 pour un maximum de saveur et soigneusement dos\u00e9 pour plus de coh\u00e9rence. Le r\u00e9sultat est un produit comestible \u00e0 base de cannabis qui allie l&rsquo;artisanat culinaire \u00e0 une distribution fiable de THC.<\/p>\n<p><strong>Ar\u00f4me<\/strong>: fum\u00e9 et viandeux<br \/>\n<strong>Texture<\/strong>: Tendre et moelleux<br \/>\n<strong>Go\u00fbt<\/strong>: riche en umami avec un \u00e9quilibre sal\u00e9-\u00e9pic\u00e9.<\/p>\n<p>&nbsp;<\/p>\n<h3>Ingr\u00e9dients :<\/h3>\n<p>Porc, b\u0153uf, sel, sucres (sucre, glucose), glucono delta lactone, ail, dextrose de culture, \u00e9pices, chlorure de potassium, extraits d&rsquo;\u00e9pices, prot\u00e9ines de soja, phosphate de sodium, \u00e9rythorbate de sodium, nitrite de sodium, fum\u00e9e, sel de mer, huile de tournesol, l\u00e9cithine de tournesol, extrait de cannabis.<\/p>\n<p><strong>Contient :<\/strong><br \/>\nSoja<\/p>\n<p><strong>Peut contenir :<\/strong><br \/>\nArachides, noix, lait, bl\u00e9, s\u00e9same, moutarde, orge, sulfites.<\/p>\n<p>&nbsp;<\/p>\n<h3><strong>Id\u00e9al pour les utilisateurs m\u00e9dicaux<\/strong><\/h3>\n<p>Les <strong>Jerky Stix<\/strong> sont une excellente option pour les patients qui recherchent des alternatives sans sucre aux produits comestibles traditionnels. Que vous \u00e9vitiez les sucreries pour des raisons di\u00e9t\u00e9tiques ou que vous pr\u00e9f\u00e9riez simplement les en-cas sal\u00e9s, ces b\u00e2tonnets de b\u0153uf offrent une exp\u00e9rience satisfaisante qui peut vous aider \u00e0.. :<\/p>\n<ul>\n<li>Gestion du stress ou de l&rsquo;anxi\u00e9t\u00e9<\/li>\n<li>Douleur ou g\u00eane l\u00e9g\u00e8re<\/li>\n<li>Fin de l&rsquo;activit\u00e9<\/li>\n<li>Bien-\u00eatre g\u00e9n\u00e9ral et \u00e9quilibre de l&rsquo;humeur<\/li>\n<\/ul>\n<p>&nbsp;<\/p>\n<h3><strong>Des aliments comestibles pour les v\u00e9t\u00e9rans<\/strong><\/h3>\n<p>Comme tous les produits admissibles de Mendo Medical, <strong>Jerky Stix<\/strong> peut faire l&rsquo;objet d&rsquo;une <strong>facturation directe par l&rsquo;entremise d&rsquo;ACC<\/strong> (Anciens Combattants Canada) et de la <strong>Croix Bleue<\/strong>, offrant ainsi un acc\u00e8s pratique \u00e0 notre communaut\u00e9 d&rsquo;anciens combattants. Il est \u00e9galement possible de passer des commandes group\u00e9es et d&rsquo;obtenir des prix de compassion - communiquez avec notre \u00e9quipe de soins pour obtenir de l&rsquo;aide.<\/p>\n<p>&nbsp;<\/p>\n<h3><strong>Exp\u00e9dition rapide et discr\u00e8te dans tout le Canada<\/strong><\/h3>\n<p>Mendo Medical exp\u00e9die ses produits \u00e0 travers le Canada avec un emballage discret et une livraison rapide. Les commandes de plus de 150 $ sont admissibles \u00e0 la livraison gratuite. Votre produit arrive prot\u00e9g\u00e9 et scell\u00e9 pour en pr\u00e9server la fra\u00eecheur, afin que vous puissiez en profiter en toute confiance.<\/p>\n<p>&nbsp;<\/p>\n<h3><strong>Pourquoi des produits comestibles comme les Jerky Stix ?<\/strong><\/h3>\n<ul>\n<li>Aucune inhalation n&rsquo;est n\u00e9cessaire<\/li>\n<li>Consommation discr\u00e8te et sans odeur<\/li>\n<li>Longue dur\u00e9e, apparition progressive<\/li>\n<li>Pratique et portionn\u00e9 pour un microdosage<\/li>\n<\/ul>\n<p>&nbsp;<\/p>\n<p>Si vous \u00eates \u00e0 la recherche d&rsquo;un produit comestible \u00e0 base de THC <strong>au go\u00fbt prononc\u00e9, pauvre en sucre<\/strong> et facile \u00e0 transporter, les <strong>Jerky Stix d&rsquo;OG Jerk<\/strong> sont un choix remarquable. Parfait pour ceux qui suivent un r\u00e9gime c\u00e9to, ceux qui \u00e9vitent les sucreries ou tous ceux qui recherchent quelque chose de <em>diff\u00e9rent<\/em> dans le monde des produits comestibles.<\/p>\n<p><strong>Obtenez votre document m\u00e9dical gratuitement et commencez \u00e0 acheter d\u00e8s aujourd&rsquo;hui.<\/strong><\/p>\n<p>&nbsp;<\/p>\n","protected":false},"featured_media":229457,"comment_status":"closed","ping_status":"closed","template":"","meta":{"_acf_changed":false,"site-sidebar-layout":"default","site-content-layout":"","ast-site-content-layout":"default","site-content-style":"default","site-sidebar-style":"default","ast-global-header-display":"","ast-banner-title-visibility":"","ast-main-header-display":"","ast-hfb-above-header-display":"","ast-hfb-below-header-display":"","ast-hfb-mobile-header-display":"","site-post-title":"","ast-breadcrumbs-content":"","ast-featured-img":"","footer-sml-layout":"","ast-disable-related-posts":"","theme-transparent-header-meta":"default","adv-header-id-meta":"","stick-header-meta":"","header-above-stick-meta":"","header-main-stick-meta":"","header-below-stick-meta":"","astra-migrate-meta-layouts":"set","ast-page-background-enabled":"default","ast-page-background-meta":{"desktop":{"background-color":"var(--ast-global-color-4)","background-image":"","background-repeat":"repeat","background-position":"center center","background-size":"auto","background-attachment":"scroll","background-type":"","background-media":"","overlay-type":"","overlay-color":"","overlay-opacity":"","overlay-gradient":""},"tablet":{"background-color":"","background-image":"","background-repeat":"repeat","background-position":"center center","background-size":"auto","background-attachment":"scroll","background-type":"","background-media":"","overlay-type":"","overlay-color":"","overlay-opacity":"","overlay-gradient":""},"mobile":{"background-color":"","background-image":"","background-repeat":"repeat","background-position":"center center","background-size":"auto","background-attachment":"scroll","background-type":"","background-media":"","overlay-type":"","overlay-color":"","overlay-opacity":"","overlay-gradient":""}},"ast-content-background-meta":{"desktop":{"background-color":"var(--ast-global-color-5)","background-image":"","background-repeat":"repeat","background-position":"center center","background-size":"auto","background-attachment":"scroll","background-type":"","background-media":"","overlay-type":"","overlay-color":"","overlay-opacity":"","overlay-gradient":""},"tablet":{"background-color":"var(--ast-global-color-5)","background-image":"","background-repeat":"repeat","background-position":"center center","background-size":"auto","background-attachment":"scroll","background-type":"","background-media":"","overlay-type":"","overlay-color":"","overlay-opacity":"","overlay-gradient":""},"mobile":{"background-color":"var(--ast-global-color-5)","background-image":"","background-repeat":"repeat","background-position":"center center","background-size":"auto","background-attachment":"scroll","background-type":"","background-media":"","overlay-type":"","overlay-color":"","overlay-opacity":"","overlay-gradient":""}}},"product_brand":[4411],"product_cat":[1128],"product_tag":[4413],"product_format_filter":[],"class_list":{"0":"post-227731","1":"product","2":"type-product","3":"status-publish","4":"has-post-thumbnail","6":"product_brand-og-jerk","7":"product_cat-comestibles","8":"product_tag-og-jerk-fr","9":"pa_format-4-unites","10":"pa_intensity-faible-thc","11":"pa_marques-og-jerk-fr","12":"pa_origin-ontario-fr","13":"pa_thc-10mg-fr","14":"pa_type-de-plante-thc-fr","15":"desktop-align-left","16":"tablet-align-left","17":"mobile-align-left","19":"first","20":"outofstock","21":"taxable","22":"shipping-taxable","23":"purchasable","24":"product-type-simple"},"group_of_quantity":0,"min_quantity":0,"max_quantity":"","exclude_order_quantity_value_rules":"no","exclude_category_quantity_rules":"no","combine_variations":"no","acf":[],"_links":{"self":[{"href":"https:\/\/mendomedical.ca\/fr\/wp-json\/wp\/v2\/product\/227731","targetHints":{"allow":["GET"]}}],"collection":[{"href":"https:\/\/mendomedical.ca\/fr\/wp-json\/wp\/v2\/product"}],"about":[{"href":"https:\/\/mendomedical.ca\/fr\/wp-json\/wp\/v2\/types\/product"}],"replies":[{"embeddable":true,"href":"https:\/\/mendomedical.ca\/fr\/wp-json\/wp\/v2\/comments?post=227731"}],"wp:featuredmedia":[{"embeddable":true,"href":"https:\/\/mendomedical.ca\/fr\/wp-json\/wp\/v2\/media\/229457"}],"wp:attachment":[{"href":"https:\/\/mendomedical.ca\/fr\/wp-json\/wp\/v2\/media?parent=227731"}],"wp:term":[{"taxonomy":"product_brand","embeddable":true,"href":"https:\/\/mendomedical.ca\/fr\/wp-json\/wp\/v2\/product_brand?post=227731"},{"taxonomy":"product_cat","embeddable":true,"href":"https:\/\/mendomedical.ca\/fr\/wp-json\/wp\/v2\/product_cat?post=227731"},{"taxonomy":"product_tag","embeddable":true,"href":"https:\/\/mendomedical.ca\/fr\/wp-json\/wp\/v2\/product_tag?post=227731"},{"taxonomy":"product_format_filter","embeddable":true,"href":"https:\/\/mendomedical.ca\/fr\/wp-json\/wp\/v2\/product_format_filter?post=227731"}],"curies":[{"name":"wp","href":"https:\/\/api.w.org\/{rel}","templated":true}]}}