{"id":227584,"date":"2024-08-10T14:30:31","date_gmt":"2024-08-10T18:30:31","guid":{"rendered":"https:\/\/mendomedical.ca\/?post_type=product&#038;p=227584"},"modified":"2025-10-20T12:37:02","modified_gmt":"2025-10-20T16:37:02","slug":"purple-punch-live-rosin-vape-cart-copy","status":"publish","type":"product","link":"https:\/\/mendomedical.ca\/fr\/produit\/purple-punch-live-rosin-vape-cart-copy\/","title":{"rendered":"Sage N Sour Live Rosin Vape Cart"},"content":{"rendered":"","protected":false},"excerpt":{"rendered":"<div class=\"ExternalClass5ECFEE82B1C54AA38CC4442D2EB9FFF5\">\n<h3>TERP\u00c8NES TOTAUX 4,93%.<\/h3>\n<h3>Sage N Sour Live Rosin Vape Cart par Polar<\/h3>\n<p>Faites l&rsquo;exp\u00e9rience d&rsquo;une extraction sans solvant de premi\u00e8re qualit\u00e9 avec le chariot de vape Live Rosin Sage N Sour de Polar. Cette \u00e9dition limit\u00e9e ne comporte que 160 unit\u00e9s de Live Rosin m\u00e9ticuleusement fabriqu\u00e9es, extraites de cannabis fra\u00eechement congel\u00e9 pour pr\u00e9server le profil terp\u00e9nique et cannabino\u00efde complet de la souche. Avec 4,93 % de terp\u00e8nes totaux et une capacit\u00e9 de 1 g, cette cartouche compatible avec le filetage 510 offre une exp\u00e9rience Sage N Sour authentique \u00e0 chaque tirage.  <\/p>\n<h4>Caract\u00e9ristiques principales<\/h4>\n<ul>\n<li>Extraction de Live Rosin sans solvant \u00e0 partir de cannabis Sage N Sour (Sour Diesel x Sage Hybrid) fra\u00eechement congel\u00e9<\/li>\n<li>Une teneur \u00e9lev\u00e9e en terp\u00e8nes (4,93 %) pour une saveur et des effets renforc\u00e9s<\/li>\n<li>Cartouche de 1g compatible avec les batteries standard 510-thread<\/li>\n<li>Plage de tension optimale de 2,0 \u00e0 2,5 V pour de meilleures performances<\/li>\n<li>Edition limit\u00e9e \u00e0 160 unit\u00e9s seulement<\/li>\n<\/ul>\n<h4>Profil des terp\u00e8nes et notes d&rsquo;ar\u00f4me<\/h4>\n<p>Le profil terp\u00e9nique distinctif de Sage N Sour est domin\u00e9 par le terpinol\u00e8ne, le limon\u00e8ne et le myrc\u00e8ne, cr\u00e9ant une exp\u00e9rience gustative complexe. Cette vari\u00e9t\u00e9 \u00e0 dominante sativa offre des notes d&rsquo;agrumes prononc\u00e9es, \u00e9quilibr\u00e9es par une amertume subtile et de douces nuances de vanille. La m\u00e9thode d&rsquo;extraction par Live Rosin garantit que ces saveurs d\u00e9licates restent intactes, offrant une exp\u00e9rience de vapotage fid\u00e8le \u00e0 la plante qui capture l&rsquo;essence de la fleur fra\u00eeche de Sage N Sour.  <\/p>\n<h4>Pourquoi choisir les Vape Cart \u00e0 filetage 510 ?<\/h4>\n<p>Les cartouches de vaporisation \u00e0 filetage 510 offrent aux consommateurs de cannabis m\u00e9dical un contr\u00f4le pr\u00e9cis du dosage et une consommation pratique et discr\u00e8te. Le filetage standardis\u00e9 assure la compatibilit\u00e9 avec la plupart des batteries de vape, tandis que le format concentr\u00e9 peut aider \u00e0 obtenir des effets rapides pour ceux qui recherchent une gestion efficace des sympt\u00f4mes. <\/p>\n<h4>Exp\u00e9dition dans tout le Canada<\/h4>\n<p>Sage N Sour Live Rosin Vape Cart est exp\u00e9di\u00e9 rapidement \u00e0 travers le Canada avec une livraison gratuite pour les commandes de plus de 150 $. Nous assurons un emballage s\u00e9curis\u00e9 et une livraison rapide pour apporter cette exp\u00e9rience Live Rosin de premi\u00e8re qualit\u00e9 directement \u00e0 votre porte. <\/p>\n<h4>Avantages et couverture pour les anciens combattants<\/h4>\n<p>Sage N Sour Live Rosin Vape Cart est admissible \u00e0 la couverture d&rsquo;ACC (Anciens Combattants Canada) avec facturation directe par l&rsquo;entremise de la Croix Bleue, ce qui signifie qu&rsquo;aucun d\u00e9bours\u00e9 n&rsquo;est n\u00e9cessaire pour les anciens combattants admissibles. Si vous n&rsquo;avez pas encore votre ordonnance de cannabis m\u00e9dical, <a href=\"https:\/\/mendomedical.ca\/fr\/carte-medicale\/\">obtenez votre carte m\u00e9dicale gratuite<\/a> rapidement et facilement gr\u00e2ce \u00e0 notre processus simplifi\u00e9. <\/p>\n<\/div>\n","protected":false},"featured_media":227588,"comment_status":"closed","ping_status":"closed","template":"","meta":{"_acf_changed":false,"site-sidebar-layout":"default","site-content-layout":"","ast-site-content-layout":"default","site-content-style":"default","site-sidebar-style":"default","ast-global-header-display":"","ast-banner-title-visibility":"","ast-main-header-display":"","ast-hfb-above-header-display":"","ast-hfb-below-header-display":"","ast-hfb-mobile-header-display":"","site-post-title":"","ast-breadcrumbs-content":"","ast-featured-img":"","footer-sml-layout":"","ast-disable-related-posts":"","theme-transparent-header-meta":"default","adv-header-id-meta":"","stick-header-meta":"","header-above-stick-meta":"","header-main-stick-meta":"","header-below-stick-meta":"","astra-migrate-meta-layouts":"set","ast-page-background-enabled":"default","ast-page-background-meta":{"desktop":{"background-color":"var(--ast-global-color-4)","background-image":"","background-repeat":"repeat","background-position":"center center","background-size":"auto","background-attachment":"scroll","background-type":"","background-media":"","overlay-type":"","overlay-color":"","overlay-opacity":"","overlay-gradient":""},"tablet":{"background-color":"","background-image":"","background-repeat":"repeat","background-position":"center center","background-size":"auto","background-attachment":"scroll","background-type":"","background-media":"","overlay-type":"","overlay-color":"","overlay-opacity":"","overlay-gradient":""},"mobile":{"background-color":"","background-image":"","background-repeat":"repeat","background-position":"center center","background-size":"auto","background-attachment":"scroll","background-type":"","background-media":"","overlay-type":"","overlay-color":"","overlay-opacity":"","overlay-gradient":""}},"ast-content-background-meta":{"desktop":{"background-color":"var(--ast-global-color-5)","background-image":"","background-repeat":"repeat","background-position":"center center","background-size":"auto","background-attachment":"scroll","background-type":"","background-media":"","overlay-type":"","overlay-color":"","overlay-opacity":"","overlay-gradient":""},"tablet":{"background-color":"var(--ast-global-color-5)","background-image":"","background-repeat":"repeat","background-position":"center center","background-size":"auto","background-attachment":"scroll","background-type":"","background-media":"","overlay-type":"","overlay-color":"","overlay-opacity":"","overlay-gradient":""},"mobile":{"background-color":"var(--ast-global-color-5)","background-image":"","background-repeat":"repeat","background-position":"center center","background-size":"auto","background-attachment":"scroll","background-type":"","background-media":"","overlay-type":"","overlay-color":"","overlay-opacity":"","overlay-gradient":""}}},"product_brand":[],"product_cat":[1160,1164,1530,1159],"product_tag":[],"product_format_filter":[6369],"class_list":{"0":"post-227584","1":"product","2":"type-product","3":"status-publish","4":"has-post-thumbnail","6":"product_cat-cart-fil-510","7":"product_cat-cured-et-rosin-vivante-fr","8":"product_cat-spectre-complet1","9":"product_cat-vapoteuses","10":"pa_cbc-0-65-fr","11":"pa_cbg-3-9-fr","12":"pa_cbn-1-73-fr","13":"pa_format-1g-2-fr","14":"pa_intensity-thc-eleve","15":"pa_marques-polaire","16":"pa_origin-quebec-fr","17":"pa_thc-69-03-fr","18":"pa_type-de-plante-cbc-fr","19":"pa_type-de-plante-cbg-fr","20":"pa_type-de-plante-cbn-fr","21":"pa_type-de-plante-sativa-fr","22":"product_format_filter-1g","23":"desktop-align-left","24":"tablet-align-left","25":"mobile-align-left","27":"first","28":"outofstock","29":"taxable","30":"shipping-taxable","31":"purchasable","32":"product-type-simple"},"group_of_quantity":0,"min_quantity":0,"max_quantity":"","exclude_order_quantity_value_rules":"no","exclude_category_quantity_rules":"no","combine_variations":"no","acf":[],"_links":{"self":[{"href":"https:\/\/mendomedical.ca\/fr\/wp-json\/wp\/v2\/product\/227584","targetHints":{"allow":["GET"]}}],"collection":[{"href":"https:\/\/mendomedical.ca\/fr\/wp-json\/wp\/v2\/product"}],"about":[{"href":"https:\/\/mendomedical.ca\/fr\/wp-json\/wp\/v2\/types\/product"}],"replies":[{"embeddable":true,"href":"https:\/\/mendomedical.ca\/fr\/wp-json\/wp\/v2\/comments?post=227584"}],"wp:featuredmedia":[{"embeddable":true,"href":"https:\/\/mendomedical.ca\/fr\/wp-json\/wp\/v2\/media\/227588"}],"wp:attachment":[{"href":"https:\/\/mendomedical.ca\/fr\/wp-json\/wp\/v2\/media?parent=227584"}],"wp:term":[{"taxonomy":"product_brand","embeddable":true,"href":"https:\/\/mendomedical.ca\/fr\/wp-json\/wp\/v2\/product_brand?post=227584"},{"taxonomy":"product_cat","embeddable":true,"href":"https:\/\/mendomedical.ca\/fr\/wp-json\/wp\/v2\/product_cat?post=227584"},{"taxonomy":"product_tag","embeddable":true,"href":"https:\/\/mendomedical.ca\/fr\/wp-json\/wp\/v2\/product_tag?post=227584"},{"taxonomy":"product_format_filter","embeddable":true,"href":"https:\/\/mendomedical.ca\/fr\/wp-json\/wp\/v2\/product_format_filter?post=227584"}],"curies":[{"name":"wp","href":"https:\/\/api.w.org\/{rel}","templated":true}]}}