{"id":225606,"date":"2025-08-26T03:11:32","date_gmt":"2025-08-26T07:11:32","guid":{"rendered":"https:\/\/mendomedical.ca\/?post_type=product&#038;p=225606"},"modified":"2026-04-21T10:09:36","modified_gmt":"2026-04-21T14:09:36","slug":"roll-call-sativa-strawberry-kiwi-lemonade-gummies-copy","status":"publish","type":"product","link":"https:\/\/mendomedical.ca\/fr\/produit\/roll-call-sativa-strawberry-kiwi-lemonade-gummies-copy\/","title":{"rendered":"Fraise &amp; Hibiscus Rosin Gummies"},"content":{"rendered":"<p><strong>Ingr\u00e9dients:<\/strong>\u00a0Sucres (sucre, sirop de tapioca), eau, acide citrique, pectine, ar\u00f4me naturel, citrate de sodium, colorant naturel (jus de l\u00e9gumes), huile de graines de chanvre, l\u00e9cithine de tournesol, live rosin.<\/p>\n","protected":false},"excerpt":{"rendered":"<div class=\"ExternalClass93C7CC2128084F3FBE7E59880A080B79\">\n<h3>Gommes de Rosin \u00e0 la fraise et \u00e0 l&rsquo;hibiscus par Sauce<\/h3>\n<p>D\u00e9couvrez la qualit\u00e9 exceptionnelle des Sauce&rsquo;s Strawberry &amp; Hibiscus Rosin Gummies, \u00e9labor\u00e9s \u00e0 l&rsquo;aide de m\u00e9thodes d&rsquo;extraction sans solvant de premi\u00e8re qualit\u00e9. Ces gommes artisanales combinent la douceur naturelle de la fraise avec les notes florales d\u00e9licates de l&rsquo;hibiscus, offrant un profil de saveur sophistiqu\u00e9 avec le spectre complet des compos\u00e9s du cannabis. Chaque lot est m\u00e9ticuleusement produit en utilisant des pratiques de petits lots et de la fleur de cannabis de premi\u00e8re qualit\u00e9, garantissant une qualit\u00e9 et une puissance constantes dans chaque gomme.  <\/p>\n<h4>Caract\u00e9ristiques principales<\/h4>\n<ul>\n<li>L&rsquo;extraction de la Live Rosin sans solvant pr\u00e9serve les terp\u00e8nes et les cannabino\u00efdes naturels.<\/li>\n<li>Production en petites s\u00e9ries \u00e0 partir de fleurs de cannabis de premi\u00e8re qualit\u00e9<\/li>\n<li>Ar\u00f4mes naturels de fraise et d&rsquo;hibiscus pour une exp\u00e9rience gustative \u00e9lev\u00e9e<\/li>\n<li>La formulation \u00e0 spectre complet permet d&rsquo;obtenir l&rsquo;effet d&rsquo;entourage<\/li>\n<li>Contient de l&rsquo;huile MCT pour une meilleure biodisponibilit\u00e9<\/li>\n<\/ul>\n<h4>Profil aromatique et gustatif<\/h4>\n<p>Ces gommes pr\u00e9sentent un m\u00e9lange harmonieux d&rsquo;ar\u00f4mes de fraise sucr\u00e9e et d&rsquo;hibiscus exotique. Le processus d&rsquo;extraction de la Rosine sans solvant pr\u00e9serve le profil terp\u00e9nique naturel de la fleur de cannabis, cr\u00e9ant des notes aromatiques complexes qui compl\u00e8tent les \u00e9l\u00e9ments fruit\u00e9s et floraux. Chaque bouch\u00e9e offre une exp\u00e9rience sensorielle unique qui la distingue des edibles typiques \u00e0 base de distillat.  <\/p>\n<h4>Pourquoi choisir les gommes<\/h4>\n<p>Les gommes de cannabis offrent un dosage pr\u00e9cis et constant dans un format discret et pratique, id\u00e9al pour les utilisateurs m\u00e9dicaux. Ils procurent des effets durables et sont faciles \u00e0 int\u00e9grer dans les habitudes de bien-\u00eatre quotidiennes, ce qui en fait un excellent choix pour ceux qui recherchent un soulagement durable tout au long de la journ\u00e9e. <\/p>\n<h4>Exp\u00e9dition dans tout le Canada<\/h4>\n<p>Les gommes \u00e0 la fraise et \u00e0 l&rsquo;hibiscus Rosin sont exp\u00e9di\u00e9es rapidement dans tout le Canada, avec une livraison gratuite pour les commandes de plus de 150 $. Veuillez noter que les produits contenant de la g\u00e9latine peuvent fondre pendant l&rsquo;exp\u00e9dition durant les mois d&rsquo;\u00e9t\u00e9. Nous vous recommandons de tenir compte de ce probl\u00e8me potentiel lorsque vous passez votre commande.   Malheureusement, nous ne pouvons pas offrir de remboursement ou de remplacement pour les produits qui fondent pendant le transport. Nous vous remercions de votre compr\u00e9hension.<\/p>\n<h4>Avantages et couverture pour les anciens combattants<\/h4>\n<p>Les gommes \u00e0 m\u00e2cher \u00e0 la fraise et \u00e0 l&rsquo;hibiscus sont admissibles \u00e0 la couverture d&rsquo;ACC (Anciens Combattants Canada) avec facturation directe par l&rsquo;entremise de la Croix Bleue, ce qui signifie que les anciens combattants admissibles n&rsquo;ont pas \u00e0 d\u00e9bourser d&rsquo;argent. Si vous n&rsquo;avez pas encore de carte m\u00e9dicale, obtenez-la rapidement et facilement \u00e0 l&rsquo;<a href=\"https:\/\/mendomedical.ca\/fr\/carte-medicale\/\">adresse https:\/\/mendomedical.ca\/medical-card\/.<\/a> <\/p>\n<p><strong>Ingr\u00e9dients :<\/strong> Sirop de glucose, sucre, eau, g\u00e9latine, huile MCT, acide citrique, l\u00e9cithine de tournesol, ar\u00f4mes naturels, pectine, jus de l\u00e9gumes, concentr\u00e9 de carotte noire, b\u00eata-carot\u00e8ne, Live Rosin.<\/p>\n<\/div>\n","protected":false},"featured_media":225608,"comment_status":"closed","ping_status":"closed","template":"","meta":{"_acf_changed":false,"site-sidebar-layout":"default","site-content-layout":"","ast-site-content-layout":"default","site-content-style":"default","site-sidebar-style":"default","ast-global-header-display":"","ast-banner-title-visibility":"","ast-main-header-display":"","ast-hfb-above-header-display":"","ast-hfb-below-header-display":"","ast-hfb-mobile-header-display":"","site-post-title":"","ast-breadcrumbs-content":"","ast-featured-img":"","footer-sml-layout":"","ast-disable-related-posts":"","theme-transparent-header-meta":"default","adv-header-id-meta":"","stick-header-meta":"","header-above-stick-meta":"","header-main-stick-meta":"","header-below-stick-meta":"","astra-migrate-meta-layouts":"set","ast-page-background-enabled":"default","ast-page-background-meta":{"desktop":{"background-color":"var(--ast-global-color-4)","background-image":"","background-repeat":"repeat","background-position":"center center","background-size":"auto","background-attachment":"scroll","background-type":"","background-media":"","overlay-type":"","overlay-color":"","overlay-opacity":"","overlay-gradient":""},"tablet":{"background-color":"","background-image":"","background-repeat":"repeat","background-position":"center center","background-size":"auto","background-attachment":"scroll","background-type":"","background-media":"","overlay-type":"","overlay-color":"","overlay-opacity":"","overlay-gradient":""},"mobile":{"background-color":"","background-image":"","background-repeat":"repeat","background-position":"center center","background-size":"auto","background-attachment":"scroll","background-type":"","background-media":"","overlay-type":"","overlay-color":"","overlay-opacity":"","overlay-gradient":""}},"ast-content-background-meta":{"desktop":{"background-color":"var(--ast-global-color-5)","background-image":"","background-repeat":"repeat","background-position":"center center","background-size":"auto","background-attachment":"scroll","background-type":"","background-media":"","overlay-type":"","overlay-color":"","overlay-opacity":"","overlay-gradient":""},"tablet":{"background-color":"var(--ast-global-color-5)","background-image":"","background-repeat":"repeat","background-position":"center center","background-size":"auto","background-attachment":"scroll","background-type":"","background-media":"","overlay-type":"","overlay-color":"","overlay-opacity":"","overlay-gradient":""},"mobile":{"background-color":"var(--ast-global-color-5)","background-image":"","background-repeat":"repeat","background-position":"center center","background-size":"auto","background-attachment":"scroll","background-type":"","background-media":"","overlay-type":"","overlay-color":"","overlay-opacity":"","overlay-gradient":""}}},"product_brand":[],"product_cat":[1132,1511,1128],"product_tag":[],"product_format_filter":[],"class_list":{"0":"post-225606","1":"product","2":"type-product","3":"status-publish","4":"has-post-thumbnail","6":"product_cat-bonbons","7":"product_cat-full-spectrum-fr","8":"product_cat-comestibles","9":"pa_flavours-fraise","10":"pa_flavours-hibiscus-fr","11":"pa_format-2-unites","12":"pa_intensity-faible-thc","13":"pa_marques-sauce-rosin-labs-fr","14":"pa_origin-nouveau-brunswick","15":"pa_thc-10mg-fr","16":"pa_type-de-plante-hybride-fr","17":"desktop-align-left","18":"tablet-align-left","19":"mobile-align-left","21":"first","22":"instock","23":"taxable","24":"shipping-taxable","25":"purchasable","26":"product-type-simple"},"group_of_quantity":0,"min_quantity":0,"max_quantity":"","exclude_order_quantity_value_rules":"no","exclude_category_quantity_rules":"no","combine_variations":"no","acf":[],"_links":{"self":[{"href":"https:\/\/mendomedical.ca\/fr\/wp-json\/wp\/v2\/product\/225606","targetHints":{"allow":["GET"]}}],"collection":[{"href":"https:\/\/mendomedical.ca\/fr\/wp-json\/wp\/v2\/product"}],"about":[{"href":"https:\/\/mendomedical.ca\/fr\/wp-json\/wp\/v2\/types\/product"}],"replies":[{"embeddable":true,"href":"https:\/\/mendomedical.ca\/fr\/wp-json\/wp\/v2\/comments?post=225606"}],"wp:featuredmedia":[{"embeddable":true,"href":"https:\/\/mendomedical.ca\/fr\/wp-json\/wp\/v2\/media\/225608"}],"wp:attachment":[{"href":"https:\/\/mendomedical.ca\/fr\/wp-json\/wp\/v2\/media?parent=225606"}],"wp:term":[{"taxonomy":"product_brand","embeddable":true,"href":"https:\/\/mendomedical.ca\/fr\/wp-json\/wp\/v2\/product_brand?post=225606"},{"taxonomy":"product_cat","embeddable":true,"href":"https:\/\/mendomedical.ca\/fr\/wp-json\/wp\/v2\/product_cat?post=225606"},{"taxonomy":"product_tag","embeddable":true,"href":"https:\/\/mendomedical.ca\/fr\/wp-json\/wp\/v2\/product_tag?post=225606"},{"taxonomy":"product_format_filter","embeddable":true,"href":"https:\/\/mendomedical.ca\/fr\/wp-json\/wp\/v2\/product_format_filter?post=225606"}],"curies":[{"name":"wp","href":"https:\/\/api.w.org\/{rel}","templated":true}]}}