{"id":225591,"date":"2024-01-01T06:00:32","date_gmt":"2024-01-01T11:00:32","guid":{"rendered":"https:\/\/mendomedical.ca\/?post_type=product&#038;p=225591"},"modified":"2026-05-07T08:34:49","modified_gmt":"2026-05-07T12:34:49","slug":"indica-rapid-onset-cherry-gummies-copy","status":"publish","type":"product","link":"https:\/\/mendomedical.ca\/fr\/produit\/indica-rapid-onset-cherry-gummies-copy\/","title":{"rendered":"Sativa Rapid Onset Gummies Raisin"},"content":{"rendered":"","protected":false},"excerpt":{"rendered":"<div class=\"ExternalClass8154CAEF59194641A720B6321AED0BD3\">\n<h3>Emprise Sativa Rapid Onset Grape Gummies - 10mg THC<\/h3>\n<p>D\u00e9couvrez la formulation r\u00e9volutionnaire \u00e0 action rapide des Sativa Rapid Onset Grape Gummies d&rsquo;Emprise. Con\u00e7us avec une technologie avanc\u00e9e d&rsquo;\u00e9mulsion de nano THC, ces gommes v\u00e9g\u00e9taliennes produisent des effets en seulement 10 \u00e0 15 minutes, soit beaucoup plus rapidement que les edibles traditionnels. Chaque gomme contient le maximum autoris\u00e9 de 10 mg de THC, infus\u00e9 avec un profil terp\u00e9nique sativa soigneusement s\u00e9lectionn\u00e9 pour une exp\u00e9rience \u00e9nergisante. Le d\u00e9licieux go\u00fbt de raisin en fait une option agr\u00e9able et pratique pour les patients de cannabis m\u00e9dical \u00e0 la recherche d&rsquo;un soulagement rapide.   <\/p>\n<h4>Caract\u00e9ristiques principales<\/h4>\n<ul>\n<li>Effets rapides en seulement 10 \u00e0 15 minutes gr\u00e2ce \u00e0 la technologie de la nano-\u00e9mulsion<\/li>\n<li>Concentration maximale de 10 mg de THC par gomme pour un dosage coh\u00e9rent et fiable.<\/li>\n<li>Formule v\u00e9g\u00e9talienne \u00e0 l&rsquo;ar\u00f4me naturel de raisin<\/li>\n<li>Extrait de THC \u00e0 spectre complet avec profil terp\u00e9nique sativa<\/li>\n<li>Un seul chewing-gum par paquet pour un contr\u00f4le pr\u00e9cis des portions<\/li>\n<\/ul>\n<h4>Profil aromatique et terp\u00e9nique<\/h4>\n<p>Ces gommes offrent une authentique saveur de raisin juteux avec un aspect de gel\u00e9e de raisin. Le profil terp\u00e9nique soigneusement s\u00e9lectionn\u00e9 comprend du d-limon\u00e8ne, du b\u00eata-caryophyll\u00e8ne et du myrc\u00e8ne, qui compl\u00e8tent les effets de la sativa. Cette combinaison cr\u00e9e une exp\u00e9rience aromatique stimulante qui renforce le potentiel th\u00e9rapeutique global du produit.  <\/p>\n<h4>Pourquoi choisir les Gummies ?<\/h4>\n<p>Les gommes de cannabis offrent aux utilisateurs m\u00e9dicaux une m\u00e9thode de consommation discr\u00e8te, sans fum\u00e9e, avec un dosage pr\u00e9cis. La formulation \u00e0 action rapide r\u00e9pond au probl\u00e8me courant des effets retard\u00e9s, ce qui facilite la gestion efficace des sympt\u00f4mes tout au long de la journ\u00e9e. <\/p>\n<h4>Exp\u00e9dition dans tout le Canada<\/h4>\n<p>Les Sativa Rapid Onset Grape Gummies sont exp\u00e9di\u00e9s rapidement \u00e0 travers le Canada, avec une livraison gratuite pour les commandes de plus de 150 $. Veuillez noter que les produits contenant de la g\u00e9latine peuvent fondre pendant l&rsquo;exp\u00e9dition durant les mois d&rsquo;\u00e9t\u00e9. Nous vous recommandons de tenir compte de ce probl\u00e8me potentiel lorsque vous passez votre commande.   Malheureusement, nous ne pouvons pas offrir de remboursement ou de remplacement pour les produits qui fondent pendant le transport. Nous vous remercions de votre compr\u00e9hension.<\/p>\n<h4>Avantages et couverture pour les anciens combattants<\/h4>\n<p>Les Sativa Rapid Onset Grape Gummies sont admissibles \u00e0 la couverture d&rsquo;ACC (Anciens Combattants Canada) avec facturation directe par la Croix Bleue, ce qui signifie que les anciens combattants admissibles n&rsquo;ont pas \u00e0 d\u00e9bourser d&rsquo;argent. Si vous n&rsquo;avez pas encore de carte m\u00e9dicale, <a href=\"https:\/\/mendomedical.ca\/fr\/carte-medicale\/\">obtenez votre carte m\u00e9dicale gratuite rapidement et facilement<\/a>. <\/p>\n<h4>Ingr\u00e9dients<\/h4>\n<p>Sucre, sirop de tapioca, eau, Rapid Onset Nano (glyc\u00e9rine, eau, polysorbate 80, extraits de cannabis, huile MCT, monool\u00e9ate de sorbitan, sorbate de potassium, benzoate de sodium), pectine, ar\u00f4mes naturels, acide citrique, citrate de sodium, colorant naturel, terp\u00e8nes naturels.<\/p>\n<\/div>\n","protected":false},"featured_media":225593,"comment_status":"closed","ping_status":"closed","template":"","meta":{"_acf_changed":false,"site-sidebar-layout":"default","site-content-layout":"","ast-site-content-layout":"default","site-content-style":"default","site-sidebar-style":"default","ast-global-header-display":"","ast-banner-title-visibility":"","ast-main-header-display":"","ast-hfb-above-header-display":"","ast-hfb-below-header-display":"","ast-hfb-mobile-header-display":"","site-post-title":"","ast-breadcrumbs-content":"","ast-featured-img":"","footer-sml-layout":"","ast-disable-related-posts":"","theme-transparent-header-meta":"default","adv-header-id-meta":"","stick-header-meta":"","header-above-stick-meta":"","header-main-stick-meta":"","header-below-stick-meta":"","astra-migrate-meta-layouts":"set","ast-page-background-enabled":"default","ast-page-background-meta":{"desktop":{"background-color":"var(--ast-global-color-4)","background-image":"","background-repeat":"repeat","background-position":"center center","background-size":"auto","background-attachment":"scroll","background-type":"","background-media":"","overlay-type":"","overlay-color":"","overlay-opacity":"","overlay-gradient":""},"tablet":{"background-color":"","background-image":"","background-repeat":"repeat","background-position":"center center","background-size":"auto","background-attachment":"scroll","background-type":"","background-media":"","overlay-type":"","overlay-color":"","overlay-opacity":"","overlay-gradient":""},"mobile":{"background-color":"","background-image":"","background-repeat":"repeat","background-position":"center center","background-size":"auto","background-attachment":"scroll","background-type":"","background-media":"","overlay-type":"","overlay-color":"","overlay-opacity":"","overlay-gradient":""}},"ast-content-background-meta":{"desktop":{"background-color":"var(--ast-global-color-5)","background-image":"","background-repeat":"repeat","background-position":"center center","background-size":"auto","background-attachment":"scroll","background-type":"","background-media":"","overlay-type":"","overlay-color":"","overlay-opacity":"","overlay-gradient":""},"tablet":{"background-color":"var(--ast-global-color-5)","background-image":"","background-repeat":"repeat","background-position":"center center","background-size":"auto","background-attachment":"scroll","background-type":"","background-media":"","overlay-type":"","overlay-color":"","overlay-opacity":"","overlay-gradient":""},"mobile":{"background-color":"var(--ast-global-color-5)","background-image":"","background-repeat":"repeat","background-position":"center center","background-size":"auto","background-attachment":"scroll","background-type":"","background-media":"","overlay-type":"","overlay-color":"","overlay-opacity":"","overlay-gradient":""}}},"product_brand":[],"product_cat":[1132,1511,1128],"product_tag":[3632],"product_format_filter":[],"class_list":{"0":"post-225591","1":"product","2":"type-product","3":"status-publish","4":"has-post-thumbnail","6":"product_cat-bonbons","7":"product_cat-full-spectrum-fr","8":"product_cat-comestibles","9":"product_tag-emprise-fr","10":"pa_flavours-raisin","11":"pa_format-1-unit-fr","12":"pa_intensity-thc-moyen","13":"pa_marques-emprise-fr","14":"pa_profil-terpene-caryophyllene","15":"pa_profil-terpene-limonene-fr","16":"pa_profil-terpene-myrcene","17":"pa_thc-10mg-fr","18":"pa_type-de-plante-sativa-fr","19":"desktop-align-left","20":"tablet-align-left","21":"mobile-align-left","23":"first","24":"instock","25":"taxable","26":"shipping-taxable","27":"purchasable","28":"product-type-simple"},"group_of_quantity":0,"min_quantity":0,"max_quantity":"","exclude_order_quantity_value_rules":"no","exclude_category_quantity_rules":"no","combine_variations":"no","acf":[],"_links":{"self":[{"href":"https:\/\/mendomedical.ca\/fr\/wp-json\/wp\/v2\/product\/225591","targetHints":{"allow":["GET"]}}],"collection":[{"href":"https:\/\/mendomedical.ca\/fr\/wp-json\/wp\/v2\/product"}],"about":[{"href":"https:\/\/mendomedical.ca\/fr\/wp-json\/wp\/v2\/types\/product"}],"replies":[{"embeddable":true,"href":"https:\/\/mendomedical.ca\/fr\/wp-json\/wp\/v2\/comments?post=225591"}],"wp:featuredmedia":[{"embeddable":true,"href":"https:\/\/mendomedical.ca\/fr\/wp-json\/wp\/v2\/media\/225593"}],"wp:attachment":[{"href":"https:\/\/mendomedical.ca\/fr\/wp-json\/wp\/v2\/media?parent=225591"}],"wp:term":[{"taxonomy":"product_brand","embeddable":true,"href":"https:\/\/mendomedical.ca\/fr\/wp-json\/wp\/v2\/product_brand?post=225591"},{"taxonomy":"product_cat","embeddable":true,"href":"https:\/\/mendomedical.ca\/fr\/wp-json\/wp\/v2\/product_cat?post=225591"},{"taxonomy":"product_tag","embeddable":true,"href":"https:\/\/mendomedical.ca\/fr\/wp-json\/wp\/v2\/product_tag?post=225591"},{"taxonomy":"product_format_filter","embeddable":true,"href":"https:\/\/mendomedical.ca\/fr\/wp-json\/wp\/v2\/product_format_filter?post=225591"}],"curies":[{"name":"wp","href":"https:\/\/api.w.org\/{rel}","templated":true}]}}