{"id":225583,"date":"2024-01-01T05:58:46","date_gmt":"2024-01-01T10:58:46","guid":{"rendered":"https:\/\/mendomedical.ca\/?post_type=product&#038;p=225583"},"modified":"2026-02-11T09:32:55","modified_gmt":"2026-02-11T14:32:55","slug":"indica-rapid-onset-cherry-gummies-copy-2","status":"publish","type":"product","link":"https:\/\/mendomedical.ca\/fr\/produit\/indica-rapid-onset-cherry-gummies-copy-2\/","title":{"rendered":"Indica Rapid Onset BlueRaz Gummies"},"content":{"rendered":"","protected":false},"excerpt":{"rendered":"<div class=\"ExternalClass6F52F534B3EC4F6886C05DA4773281B8\">\n<h3>Emprise Indica Rapid Onset BlueRaz Gummies<\/h3>\n<p>Faites l&rsquo;exp\u00e9rience de la rapidit\u00e9 et de la commodit\u00e9 r\u00e9volutionnaires des Rapid Onset BlueRaz THC Indica Gummies d&rsquo;Emprise. Fabriqu\u00e9s avec des \u00e9mulsions avanc\u00e9es de nano THC, ces gommes v\u00e9g\u00e9taliennes produisent des effets en seulement 10 \u00e0 15 minutes, ce qui est nettement plus rapide que les edibles traditionnels. Chaque gomme contient la puissance maximale autoris\u00e9e de 10 mg de THC, formul\u00e9e avec un extrait de cannabis \u00e0 spectre complet et un profil terp\u00e9nique indica authentique pour une exp\u00e9rience \u00e9quilibr\u00e9e et efficace.  <\/p>\n<h3>Caract\u00e9ristiques principales<\/h3>\n<ul>\n<li>La technologie d&rsquo;action rapide permet d&rsquo;obtenir des effets en 10 \u00e0 15 minutes gr\u00e2ce \u00e0 des \u00e9mulsions de nano THC avanc\u00e9es.<\/li>\n<li>Puissance maximale de 10 mg de THC par gomme avec un extrait de cannabis \u00e0 spectre complet<\/li>\n<li>Formule v\u00e9g\u00e9talienne et naturelle au d\u00e9licieux go\u00fbt de framboise bleue<\/li>\n<li>Am\u00e9lior\u00e9 par des terp\u00e8nes sp\u00e9cifiques \u00e0 l&rsquo;Indica : Myrc\u00e8ne, B\u00eata-caryophyll\u00e8ne et Linalol<\/li>\n<li>Emballage \u00e0 portion unique pour un dosage pr\u00e9cis et constant<\/li>\n<\/ul>\n<h3>Profil aromatique et terp\u00e9nique<\/h3>\n<p>Ces gommes ont un go\u00fbt juteux de framboise bleue qui masque parfaitement le go\u00fbt du cannabis. Le profil terp\u00e9nique soigneusement s\u00e9lectionn\u00e9 comprend du myrc\u00e8ne, du b\u00eata-caryophyll\u00e8ne et du linalol, des terp\u00e8nes commun\u00e9ment associ\u00e9s aux vari\u00e9t\u00e9s indica. Cette combinaison cr\u00e9e une exp\u00e9rience authentique et \u00e9quilibr\u00e9e qui compl\u00e8te les effets du THC tout en offrant les qualit\u00e9s relaxantes classiques pour lesquelles les vari\u00e9t\u00e9s indica sont connues.  <\/p>\n<h3>Pourquoi choisir les gommes<\/h3>\n<p>Les gommes de cannabis offrent aux utilisateurs m\u00e9dicaux une option discr\u00e8te, sans fum\u00e9e, avec un dosage pr\u00e9cis et des effets durables. La technologie d&rsquo;action rapide de ces gommes r\u00e9pond au probl\u00e8me courant des temps d&rsquo;activation lents, ce qui les rend id\u00e9ales pour les patients qui ont besoin d&rsquo;un soulagement plus rapide sans inhalation. <\/p>\n<h3>Exp\u00e9dition dans tout le Canada<\/h3>\n<p>Les gommes Indica Rapid Onset BlueRaz sont exp\u00e9di\u00e9es rapidement \u00e0 travers le Canada, avec une livraison gratuite pour les commandes de plus de 150 $. Veuillez noter que les produits contenant de la g\u00e9latine peuvent fondre pendant l&rsquo;exp\u00e9dition durant les mois d&rsquo;\u00e9t\u00e9. Nous vous recommandons de tenir compte de ce probl\u00e8me potentiel lorsque vous passez votre commande.   Malheureusement, nous ne pouvons pas offrir de remboursement ou de remplacement pour les produits qui fondent pendant le transport. Nous vous remercions de votre compr\u00e9hension.<\/p>\n<h3>Avantages et couverture pour les anciens combattants<\/h3>\n<p>Les gommes BlueRaz Indica Rapid Onset sont admissibles \u00e0 la couverture d&rsquo;ACC (Anciens Combattants Canada) avec facturation directe par la Croix Bleue, ce qui signifie que les anciens combattants admissibles n&rsquo;ont pas \u00e0 d\u00e9bourser d&rsquo;argent. Si vous n&rsquo;avez pas encore de carte de cannabis m\u00e9dical, vous pouvez <a href=\"https:\/\/mendomedical.ca\/fr\/carte-medicale\/\">obtenir votre carte m\u00e9dicale gratuite rapidement et facilement<\/a> pour acc\u00e9der \u00e0 ces avantages. <\/p>\n<div><b>Ingr\u00e9dients<br \/>\n<\/b>Sucre, sirop de tapioca, eau, Rapid Onset Nano (glyc\u00e9rine, eau, polysorbate 80, extraits de cannabis, huile MCT, monool\u00e9ate de sorbitan, sorbate de potassium, benzoate de sodium), pectine, ar\u00f4mes naturels, acide citrique, citrate de sodium, colorant naturel, terp\u00e8nes naturels.<\/div>\n<\/div>\n","protected":false},"featured_media":225585,"comment_status":"closed","ping_status":"closed","template":"","meta":{"_acf_changed":false,"site-sidebar-layout":"default","site-content-layout":"","ast-site-content-layout":"default","site-content-style":"default","site-sidebar-style":"default","ast-global-header-display":"","ast-banner-title-visibility":"","ast-main-header-display":"","ast-hfb-above-header-display":"","ast-hfb-below-header-display":"","ast-hfb-mobile-header-display":"","site-post-title":"","ast-breadcrumbs-content":"","ast-featured-img":"","footer-sml-layout":"","ast-disable-related-posts":"","theme-transparent-header-meta":"default","adv-header-id-meta":"","stick-header-meta":"","header-above-stick-meta":"","header-main-stick-meta":"","header-below-stick-meta":"","astra-migrate-meta-layouts":"set","ast-page-background-enabled":"default","ast-page-background-meta":{"desktop":{"background-color":"var(--ast-global-color-4)","background-image":"","background-repeat":"repeat","background-position":"center center","background-size":"auto","background-attachment":"scroll","background-type":"","background-media":"","overlay-type":"","overlay-color":"","overlay-opacity":"","overlay-gradient":""},"tablet":{"background-color":"","background-image":"","background-repeat":"repeat","background-position":"center center","background-size":"auto","background-attachment":"scroll","background-type":"","background-media":"","overlay-type":"","overlay-color":"","overlay-opacity":"","overlay-gradient":""},"mobile":{"background-color":"","background-image":"","background-repeat":"repeat","background-position":"center center","background-size":"auto","background-attachment":"scroll","background-type":"","background-media":"","overlay-type":"","overlay-color":"","overlay-opacity":"","overlay-gradient":""}},"ast-content-background-meta":{"desktop":{"background-color":"var(--ast-global-color-5)","background-image":"","background-repeat":"repeat","background-position":"center center","background-size":"auto","background-attachment":"scroll","background-type":"","background-media":"","overlay-type":"","overlay-color":"","overlay-opacity":"","overlay-gradient":""},"tablet":{"background-color":"var(--ast-global-color-5)","background-image":"","background-repeat":"repeat","background-position":"center center","background-size":"auto","background-attachment":"scroll","background-type":"","background-media":"","overlay-type":"","overlay-color":"","overlay-opacity":"","overlay-gradient":""},"mobile":{"background-color":"var(--ast-global-color-5)","background-image":"","background-repeat":"repeat","background-position":"center center","background-size":"auto","background-attachment":"scroll","background-type":"","background-media":"","overlay-type":"","overlay-color":"","overlay-opacity":"","overlay-gradient":""}}},"product_brand":[],"product_cat":[1132,1511,1128],"product_tag":[3632],"product_format_filter":[],"class_list":{"0":"post-225583","1":"product","2":"type-product","3":"status-publish","4":"has-post-thumbnail","6":"product_cat-bonbons","7":"product_cat-full-spectrum-fr","8":"product_cat-comestibles","9":"product_tag-emprise-fr","10":"pa_flavours-framboise-bleue-fr","11":"pa_format-1-unit-fr","12":"pa_intensity-thc-moyen","13":"pa_marques-emprise-fr","14":"pa_profil-terpene-caryophyllene","15":"pa_profil-terpene-linalol-fr","16":"pa_profil-terpene-myrcene","17":"pa_thc-10mg-fr","18":"pa_type-de-plante-indica-fr","19":"desktop-align-left","20":"tablet-align-left","21":"mobile-align-left","23":"first","24":"outofstock","25":"taxable","26":"shipping-taxable","27":"purchasable","28":"product-type-simple"},"group_of_quantity":0,"min_quantity":0,"max_quantity":"","exclude_order_quantity_value_rules":"no","exclude_category_quantity_rules":"no","combine_variations":"no","acf":[],"_links":{"self":[{"href":"https:\/\/mendomedical.ca\/fr\/wp-json\/wp\/v2\/product\/225583","targetHints":{"allow":["GET"]}}],"collection":[{"href":"https:\/\/mendomedical.ca\/fr\/wp-json\/wp\/v2\/product"}],"about":[{"href":"https:\/\/mendomedical.ca\/fr\/wp-json\/wp\/v2\/types\/product"}],"replies":[{"embeddable":true,"href":"https:\/\/mendomedical.ca\/fr\/wp-json\/wp\/v2\/comments?post=225583"}],"wp:featuredmedia":[{"embeddable":true,"href":"https:\/\/mendomedical.ca\/fr\/wp-json\/wp\/v2\/media\/225585"}],"wp:attachment":[{"href":"https:\/\/mendomedical.ca\/fr\/wp-json\/wp\/v2\/media?parent=225583"}],"wp:term":[{"taxonomy":"product_brand","embeddable":true,"href":"https:\/\/mendomedical.ca\/fr\/wp-json\/wp\/v2\/product_brand?post=225583"},{"taxonomy":"product_cat","embeddable":true,"href":"https:\/\/mendomedical.ca\/fr\/wp-json\/wp\/v2\/product_cat?post=225583"},{"taxonomy":"product_tag","embeddable":true,"href":"https:\/\/mendomedical.ca\/fr\/wp-json\/wp\/v2\/product_tag?post=225583"},{"taxonomy":"product_format_filter","embeddable":true,"href":"https:\/\/mendomedical.ca\/fr\/wp-json\/wp\/v2\/product_format_filter?post=225583"}],"curies":[{"name":"wp","href":"https:\/\/api.w.org\/{rel}","templated":true}]}}