{"id":225564,"date":"2023-12-31T07:05:48","date_gmt":"2023-12-31T12:05:48","guid":{"rendered":"https:\/\/mendomedical.ca\/?post_type=product&#038;p=225564"},"modified":"2026-04-16T10:44:57","modified_gmt":"2026-04-16T14:44:57","slug":"thc-peppermint-hot-chocolate-fr","status":"publish","type":"product","link":"https:\/\/mendomedical.ca\/fr\/produit\/thc-peppermint-hot-chocolate-fr\/","title":{"rendered":"THC Peppermint Hot Chocolate"},"content":{"rendered":"<p><strong>Ingr\u00e9dients : <\/strong> Chocolat chaud en poudre (sucre de canne biologique, cacao, cacao brut, ar\u00f4me de menthe poivr\u00e9e, sel de l&rsquo;Himalaya) CBD en poudre \u00e0 absorption rapide (maltodextrine, eau, extrait de cannabis, polysorbate (80), huile MCT, monool\u00e9ate de sorbitane, acide citrique).<\/p>\n","protected":false},"excerpt":{"rendered":"<div class=\"ExternalClass9E982B65C20F456CAAF144160B31E4F9\">\n<h3>THC Peppermint Hot Chocolate<\/h3>\n<p>D\u00e9couvrez le m\u00e9lange parfait de confort et de cannabis avec le chocolat chaud \u00e0 la menthe poivr\u00e9e d&rsquo;Emprise THC. Cette boisson innovante combine le go\u00fbt riche et indulgent du chocolat chaud biologique avec de la menthe rafra\u00eechissante et 10 mg de THC \u00e0 absorption rapide. Con\u00e7u pour une consommation discr\u00e8te et pratique, ce m\u00e9lange de boissons v\u00e9g\u00e9talien transforme votre rituel quotidien de chocolat chaud en une exp\u00e9rience de cannabis pr\u00e9cis\u00e9ment dos\u00e9e. M\u00e9langez simplement \u00e0 votre lait ou substitut de lait pr\u00e9f\u00e9r\u00e9 pour obtenir un produit comestible apaisant, \u00e0 action rapide, qui produit des effets constants dans chaque tasse.   <\/p>\n<h3>Caract\u00e9ristiques principales<\/h3>\n<ul>\n<li>Formule \u00e0 dominante THC de 10 mg avec technologie d&rsquo;absorption rapide pour un effet plus rapide<\/li>\n<li>Ingr\u00e9dients biologiques et v\u00e9g\u00e9taliens, y compris cacao brut et ar\u00f4me de menthe poivr\u00e9e<\/li>\n<li>Sachets pratiques \u00e0 usage unique pour un dosage pr\u00e9cis et constant<\/li>\n<li>Pr\u00e9paration polyvalente - \u00e0 d\u00e9guster chaud ou \u00e0 mixer avec de la glace pour un plaisir estival rafra\u00eechissant.<\/li>\n<li>Ingr\u00e9dients enti\u00e8rement naturels sans additifs artificiels<\/li>\n<\/ul>\n<h3>Profil d&rsquo;ar\u00f4me<\/h3>\n<p>Ce chocolat chaud gourmet offre une riche base de cacao rehauss\u00e9e de notes rafra\u00eechissantes de menthe poivr\u00e9e. La combinaison de sucre de canne biologique, de cacao de qualit\u00e9 sup\u00e9rieure et de cacao brut cr\u00e9e une exp\u00e9rience chocolat\u00e9e profond\u00e9ment satisfaisante, tandis que l&rsquo;ar\u00f4me naturel de menthe poivr\u00e9e apporte une touche finale rafra\u00eechissante. Une touche de sel de l&rsquo;Himalaya rehausse la complexit\u00e9 de la saveur.  <\/p>\n<h3>Pourquoi choisir Drinkables ?<\/h3>\n<p>Les boissons infus\u00e9es au cannabis offrent aux utilisateurs m\u00e9dicaux une m\u00e9thode de consommation famili\u00e8re et agr\u00e9able qui peut favoriser la relaxation et le confort. Le format liquide permet de personnaliser facilement la taille des portions et constitue une alternative discr\u00e8te aux edibles traditionnels. <\/p>\n<h3>Exp\u00e9dition dans tout le Canada<\/h3>\n<p>Le chocolat chaud \u00e0 la menthe THC est exp\u00e9di\u00e9 rapidement au Canada, avec une livraison gratuite pour les commandes de plus de 150 $. Veuillez noter que les produits peuvent \u00eatre affect\u00e9s par la temp\u00e9rature pendant le transport estival. Malheureusement, nous ne pouvons pas offrir de remboursement ou de remplacement pour les produits endommag\u00e9s par la chaleur pendant le transport.   Nous vous remercions de votre compr\u00e9hension.<\/p>\n<h3>Avantages et couverture pour les anciens combattants<\/h3>\n<p>Le chocolat chaud \u00e0 la menthe THC est admissible \u00e0 la couverture d&rsquo;ACC (Anciens Combattants Canada) et \u00e0 la facturation directe par l&rsquo;entremise de la Croix Bleue, ce qui signifie que les anciens combattants admissibles n&rsquo;ont pas \u00e0 d\u00e9bourser d&rsquo;argent. Si vous n&rsquo;avez pas encore de carte de cannabis m\u00e9dical, <a href=\"https:\/\/mendomedical.ca\/fr\/carte-medicale\/\">obtenez votre carte m\u00e9dicale gratuite rapidement et facilement<\/a>. <\/p>\n<h3>Ingr\u00e9dients<\/h3>\n<p>Chocolat chaud en poudre (sucre de canne biologique, cacao, cacao brut, ar\u00f4me de menthe poivr\u00e9e, sel de l&rsquo;Himalaya) THC en poudre \u00e0 absorption rapide (maltodextrine, eau, extrait de cannabis, polysorbate (80), huile MCT, monool\u00e9ate de sorbitane, acide citrique).<\/p>\n<\/div>\n","protected":false},"featured_media":268398,"comment_status":"closed","ping_status":"closed","template":"","meta":{"_acf_changed":false,"site-sidebar-layout":"default","site-content-layout":"","ast-site-content-layout":"default","site-content-style":"default","site-sidebar-style":"default","ast-global-header-display":"","ast-banner-title-visibility":"","ast-main-header-display":"","ast-hfb-above-header-display":"","ast-hfb-below-header-display":"","ast-hfb-mobile-header-display":"","site-post-title":"","ast-breadcrumbs-content":"","ast-featured-img":"","footer-sml-layout":"","ast-disable-related-posts":"","theme-transparent-header-meta":"default","adv-header-id-meta":"","stick-header-meta":"","header-above-stick-meta":"","header-main-stick-meta":"","header-below-stick-meta":"","astra-migrate-meta-layouts":"set","ast-page-background-enabled":"default","ast-page-background-meta":{"desktop":{"background-color":"var(--ast-global-color-4)","background-image":"","background-repeat":"repeat","background-position":"center center","background-size":"auto","background-attachment":"scroll","background-type":"","background-media":"","overlay-type":"","overlay-color":"","overlay-opacity":"","overlay-gradient":""},"tablet":{"background-color":"","background-image":"","background-repeat":"repeat","background-position":"center center","background-size":"auto","background-attachment":"scroll","background-type":"","background-media":"","overlay-type":"","overlay-color":"","overlay-opacity":"","overlay-gradient":""},"mobile":{"background-color":"","background-image":"","background-repeat":"repeat","background-position":"center center","background-size":"auto","background-attachment":"scroll","background-type":"","background-media":"","overlay-type":"","overlay-color":"","overlay-opacity":"","overlay-gradient":""}},"ast-content-background-meta":{"desktop":{"background-color":"var(--ast-global-color-5)","background-image":"","background-repeat":"repeat","background-position":"center center","background-size":"auto","background-attachment":"scroll","background-type":"","background-media":"","overlay-type":"","overlay-color":"","overlay-opacity":"","overlay-gradient":""},"tablet":{"background-color":"var(--ast-global-color-5)","background-image":"","background-repeat":"repeat","background-position":"center center","background-size":"auto","background-attachment":"scroll","background-type":"","background-media":"","overlay-type":"","overlay-color":"","overlay-opacity":"","overlay-gradient":""},"mobile":{"background-color":"var(--ast-global-color-5)","background-image":"","background-repeat":"repeat","background-position":"center center","background-size":"auto","background-attachment":"scroll","background-type":"","background-media":"","overlay-type":"","overlay-color":"","overlay-opacity":"","overlay-gradient":""}}},"product_brand":[],"product_cat":[1131,1128],"product_tag":[3632],"product_format_filter":[6366],"class_list":{"0":"post-225564","1":"product","2":"type-product","3":"status-publish","4":"has-post-thumbnail","6":"product_cat-boissons","7":"product_cat-comestibles","8":"product_tag-emprise-fr","9":"pa_flavours-menthe-poive","10":"pa_format-1-unit-fr","11":"pa_marques-emprise-fr","12":"product_format_filter-1units","13":"desktop-align-left","14":"tablet-align-left","15":"mobile-align-left","17":"first","18":"instock","19":"taxable","20":"shipping-taxable","21":"purchasable","22":"product-type-simple"},"group_of_quantity":0,"min_quantity":0,"max_quantity":"","exclude_order_quantity_value_rules":"no","exclude_category_quantity_rules":"no","combine_variations":"no","acf":[],"_links":{"self":[{"href":"https:\/\/mendomedical.ca\/fr\/wp-json\/wp\/v2\/product\/225564","targetHints":{"allow":["GET"]}}],"collection":[{"href":"https:\/\/mendomedical.ca\/fr\/wp-json\/wp\/v2\/product"}],"about":[{"href":"https:\/\/mendomedical.ca\/fr\/wp-json\/wp\/v2\/types\/product"}],"replies":[{"embeddable":true,"href":"https:\/\/mendomedical.ca\/fr\/wp-json\/wp\/v2\/comments?post=225564"}],"wp:featuredmedia":[{"embeddable":true,"href":"https:\/\/mendomedical.ca\/fr\/wp-json\/wp\/v2\/media\/268398"}],"wp:attachment":[{"href":"https:\/\/mendomedical.ca\/fr\/wp-json\/wp\/v2\/media?parent=225564"}],"wp:term":[{"taxonomy":"product_brand","embeddable":true,"href":"https:\/\/mendomedical.ca\/fr\/wp-json\/wp\/v2\/product_brand?post=225564"},{"taxonomy":"product_cat","embeddable":true,"href":"https:\/\/mendomedical.ca\/fr\/wp-json\/wp\/v2\/product_cat?post=225564"},{"taxonomy":"product_tag","embeddable":true,"href":"https:\/\/mendomedical.ca\/fr\/wp-json\/wp\/v2\/product_tag?post=225564"},{"taxonomy":"product_format_filter","embeddable":true,"href":"https:\/\/mendomedical.ca\/fr\/wp-json\/wp\/v2\/product_format_filter?post=225564"}],"curies":[{"name":"wp","href":"https:\/\/api.w.org\/{rel}","templated":true}]}}