{"id":225502,"date":"2024-07-01T14:49:47","date_gmt":"2024-07-01T18:49:47","guid":{"rendered":"https:\/\/mendomedical.ca\/?post_type=product&#038;p=225502"},"modified":"2026-04-17T10:16:59","modified_gmt":"2026-04-17T14:16:59","slug":"24k-gold-cbdcbg-spray-transdermal-copy","status":"publish","type":"product","link":"https:\/\/mendomedical.ca\/fr\/produit\/24k-gold-cbdcbg-spray-transdermal-copy\/","title":{"rendered":"24K Gold CBD:CBG Facial Mist"},"content":{"rendered":"","protected":false},"excerpt":{"rendered":"<div class=\"ExternalClass073588616D444E2EA6EE1BD3BBEE6E7B\">\n<h3>24K Gold CBD:CBG Facial Mist<\/h3>\n<p>D\u00e9couvrez le nec plus ultra des soins de la peau de luxe avec la brume faciale CBD:CBG 24K Gold de Naturally Nutra. Cette formulation sophistiqu\u00e9e associe les propri\u00e9t\u00e9s opulentes de l&rsquo;or 24K aux bienfaits potentiels du CBD et du CBG, cr\u00e9ant ainsi une brume faciale haut de gamme qui peut contribuer au bien-\u00eatre de la peau. Enrichie de min\u00e9raux collo\u00efdaux, d&rsquo;acide hyaluronique et d&rsquo;huile de rose bulgare pure, cette brume polyvalente offre un compl\u00e9ment rafra\u00eechissant et indulgent \u00e0 toute routine de soins de la peau. Elle peut \u00eatre utilis\u00e9e sur le visage, le cou ou toute autre partie du corps o\u00f9 un soulagement est n\u00e9cessaire.  <\/p>\n<h4>Caract\u00e9ristiques principales<\/h4>\n<ul>\n<li>M\u00e9lange haut de gamme de CBD et CBG avec de l&rsquo;or collo\u00efdal 24K pour un soutien potentiel de la peau<\/li>\n<li>Enrichi en acide hyaluronique pour l&rsquo;hydratation et en huile de rose bulgare pour un ar\u00f4me luxueux.<\/li>\n<li>Application polyvalente - \u00e0 utiliser sur le maquillage, sur la peau nue ou pour un soulagement cibl\u00e9 des articulations et des muscles.<\/li>\n<li>La technologie avanc\u00e9e de la pompe \u00e0 vide garantit un dosage pr\u00e9cis et constant \u00e0 chaque pulv\u00e9risation.<\/li>\n<li>Contient de l&rsquo;argent et du cuivre collo\u00efdaux ainsi que des extraits botaniques, notamment d&rsquo;eucalyptus et de menthe poivr\u00e9e.<\/li>\n<\/ul>\n<h4>Profil aromatique<\/h4>\n<p>Cette brume pour le visage pr\u00e9sente un profil aromatique \u00e9l\u00e9gant centr\u00e9 sur l&rsquo;huile de rose bulgare pure, compl\u00e9t\u00e9 par des notes rafra\u00eechissantes de menthe poivr\u00e9e (Mentha Arvensis) et d&rsquo;eucalyptus. Le parfum sophistiqu\u00e9 cr\u00e9e une exp\u00e9rience de spa \u00e0 chaque application. <\/p>\n<h4>Pourquoi choisir les produits topiques ?<\/h4>\n<p>Les produits topiques \u00e0 base de CBD permettent une application cibl\u00e9e directement l\u00e0 o\u00f9 le besoin s&rsquo;en fait sentir, ce qui les rend id\u00e9aux pour les utilisateurs m\u00e9dicaux \u00e0 la recherche d&rsquo;un soutien localis\u00e9. Les r\u00e9cepteurs cannabino\u00efdes de la peau peuvent interagir avec le CBD et le CBG, ce qui peut apporter un soulagement sans effets syst\u00e9miques. <\/p>\n<h4>Exp\u00e9dition dans tout le Canada<\/h4>\n<p>Le 24K Gold CBD:CBG Facial Mist est exp\u00e9di\u00e9 rapidement \u00e0 travers le Canada, avec une livraison gratuite \u00e0 partir de 150\u20ac d&rsquo;achat. Nous assurons une livraison rapide et discr\u00e8te \u00e0 votre porte, ce qui vous permet de maintenir votre routine de bien-\u00eatre. <\/p>\n<h4>Avantages et couverture pour les anciens combattants<\/h4>\n<p>Ce produit est admissible \u00e0 la couverture d&rsquo;ACC (Anciens Combattants Canada) et \u00e0 la facturation directe par l&rsquo;entremise de la Croix Bleue, ce qui signifie que les anciens combattants admissibles n&rsquo;ont rien \u00e0 d\u00e9bourser. Si vous n&rsquo;avez pas encore de carte m\u00e9dicale, <a href=\"https:\/\/mendomedical.ca\/fr\/carte-medicale\/\">obtenez votre carte m\u00e9dicale gratuite rapidement et facilement ici.<\/a> <\/p>\n<h4>Ingr\u00e9dients<\/h4>\n<p>Aqua, triglyc\u00e9ride caprylique, isolat de CBD, isolat de CBG, hyaluronate de sodium, huile de fleur de rosa damascena, glyc\u00e9rine, alcool benzylique, acide salicylique, acide sorbique, or collo\u00efdal, argent collo\u00efdal.<\/p>\n<p><strong>Note d&rsquo;utilisation :<\/strong> Ce produit topique utilise un syst\u00e8me de pompe \u00e0 vide. Pour cr\u00e9er le sas initial, appuyez sur le bouton 15 \u00e0 40 fois. Une fois le sas cr\u00e9\u00e9, chaque pompe d\u00e9livre une dose pr\u00e9cise. N&rsquo;ouvrez pas le r\u00e9cipient car cela briserait le sas.   <\/p>\n<\/div>\n","protected":false},"featured_media":225506,"comment_status":"closed","ping_status":"closed","template":"","meta":{"_acf_changed":false,"site-sidebar-layout":"default","site-content-layout":"","ast-site-content-layout":"default","site-content-style":"default","site-sidebar-style":"default","ast-global-header-display":"","ast-banner-title-visibility":"","ast-main-header-display":"","ast-hfb-above-header-display":"","ast-hfb-below-header-display":"","ast-hfb-mobile-header-display":"","site-post-title":"","ast-breadcrumbs-content":"","ast-featured-img":"","footer-sml-layout":"","ast-disable-related-posts":"","theme-transparent-header-meta":"default","adv-header-id-meta":"","stick-header-meta":"","header-above-stick-meta":"","header-main-stick-meta":"","header-below-stick-meta":"","astra-migrate-meta-layouts":"set","ast-page-background-enabled":"default","ast-page-background-meta":{"desktop":{"background-color":"var(--ast-global-color-4)","background-image":"","background-repeat":"repeat","background-position":"center center","background-size":"auto","background-attachment":"scroll","background-type":"","background-media":"","overlay-type":"","overlay-color":"","overlay-opacity":"","overlay-gradient":""},"tablet":{"background-color":"","background-image":"","background-repeat":"repeat","background-position":"center center","background-size":"auto","background-attachment":"scroll","background-type":"","background-media":"","overlay-type":"","overlay-color":"","overlay-opacity":"","overlay-gradient":""},"mobile":{"background-color":"","background-image":"","background-repeat":"repeat","background-position":"center center","background-size":"auto","background-attachment":"scroll","background-type":"","background-media":"","overlay-type":"","overlay-color":"","overlay-opacity":"","overlay-gradient":""}},"ast-content-background-meta":{"desktop":{"background-color":"var(--ast-global-color-5)","background-image":"","background-repeat":"repeat","background-position":"center center","background-size":"auto","background-attachment":"scroll","background-type":"","background-media":"","overlay-type":"","overlay-color":"","overlay-opacity":"","overlay-gradient":""},"tablet":{"background-color":"var(--ast-global-color-5)","background-image":"","background-repeat":"repeat","background-position":"center center","background-size":"auto","background-attachment":"scroll","background-type":"","background-media":"","overlay-type":"","overlay-color":"","overlay-opacity":"","overlay-gradient":""},"mobile":{"background-color":"var(--ast-global-color-5)","background-image":"","background-repeat":"repeat","background-position":"center center","background-size":"auto","background-attachment":"scroll","background-type":"","background-media":"","overlay-type":"","overlay-color":"","overlay-opacity":"","overlay-gradient":""}}},"product_brand":[],"product_cat":[1152,1150],"product_tag":[],"product_format_filter":[],"class_list":{"0":"post-225502","1":"product","2":"type-product","3":"status-publish","4":"has-post-thumbnail","6":"product_cat-bains","7":"product_cat-topiques","8":"pa_cbd-1000mg-fr","9":"pa_cbg-100-mg","10":"pa_format-60g-fr","11":"pa_intensity-eleve-en-cbd","12":"pa_intensity-med-cbg-fr","13":"pa_marques-naturally-nutra-fr","14":"pa_origin-colombie-britannique-fr","15":"desktop-align-left","16":"tablet-align-left","17":"mobile-align-left","19":"first","20":"instock","21":"taxable","22":"shipping-taxable","23":"purchasable","24":"product-type-simple"},"group_of_quantity":0,"min_quantity":0,"max_quantity":"","exclude_order_quantity_value_rules":"no","exclude_category_quantity_rules":"no","combine_variations":"no","acf":[],"_links":{"self":[{"href":"https:\/\/mendomedical.ca\/fr\/wp-json\/wp\/v2\/product\/225502","targetHints":{"allow":["GET"]}}],"collection":[{"href":"https:\/\/mendomedical.ca\/fr\/wp-json\/wp\/v2\/product"}],"about":[{"href":"https:\/\/mendomedical.ca\/fr\/wp-json\/wp\/v2\/types\/product"}],"replies":[{"embeddable":true,"href":"https:\/\/mendomedical.ca\/fr\/wp-json\/wp\/v2\/comments?post=225502"}],"wp:featuredmedia":[{"embeddable":true,"href":"https:\/\/mendomedical.ca\/fr\/wp-json\/wp\/v2\/media\/225506"}],"wp:attachment":[{"href":"https:\/\/mendomedical.ca\/fr\/wp-json\/wp\/v2\/media?parent=225502"}],"wp:term":[{"taxonomy":"product_brand","embeddable":true,"href":"https:\/\/mendomedical.ca\/fr\/wp-json\/wp\/v2\/product_brand?post=225502"},{"taxonomy":"product_cat","embeddable":true,"href":"https:\/\/mendomedical.ca\/fr\/wp-json\/wp\/v2\/product_cat?post=225502"},{"taxonomy":"product_tag","embeddable":true,"href":"https:\/\/mendomedical.ca\/fr\/wp-json\/wp\/v2\/product_tag?post=225502"},{"taxonomy":"product_format_filter","embeddable":true,"href":"https:\/\/mendomedical.ca\/fr\/wp-json\/wp\/v2\/product_format_filter?post=225502"}],"curies":[{"name":"wp","href":"https:\/\/api.w.org\/{rel}","templated":true}]}}