{"id":225455,"date":"2024-08-01T12:00:31","date_gmt":"2024-08-01T16:00:31","guid":{"rendered":"https:\/\/mendomedical.ca\/?post_type=product&#038;p=225455"},"modified":"2026-03-09T18:37:41","modified_gmt":"2026-03-09T22:37:41","slug":"colophane-vivante-mochazilla-copy-2","status":"publish","type":"product","link":"https:\/\/mendomedical.ca\/fr\/produit\/colophane-vivante-mochazilla-copy-2\/","title":{"rendered":"Dab Collab - Space Panda - Cold Cure Live Rosin"},"content":{"rendered":"","protected":false},"excerpt":{"rendered":"<div class=\"ExternalClass02CB1A448A5D45D59E4BEDAABCF91CB6\">\n<h3>Dab Collab - Space Panda - Cold Cure Live Rosin<\/h3>\n<p>Faites l&rsquo;exp\u00e9rience de concentr\u00e9s de cannabis de qualit\u00e9 sup\u00e9rieure avec le Space Panda Cold Cure Live Rosin de Dab Collab. Cette collaboration entre Rosin Heads et Crop Circle d\u00e9livre un taux exceptionnel de 8,76 % de terp\u00e8nes totaux dans un extrait sans solvant. Fabriqu\u00e9e \u00e0 partir de la souche unique Space Panda (Oreoz x Oreoz), cette Live Rosin offre un profil de saveur riche et terreux qui met en valeur le meilleur des techniques d&rsquo;extraction modernes.  <\/p>\n<h4>Caract\u00e9ristiques principales<\/h4>\n<ul>\n<li>Rosin live premium cold cure avec 8,76% de terp\u00e8nes totaux<\/li>\n<li>G\u00e9n\u00e9tique de la souche Space Panda (Oreoz x Oreoz) pour des effets distinctifs<\/li>\n<li>L&rsquo;extraction sans solvant pr\u00e9serve les cannabino\u00efdes et les terp\u00e8nes naturels.<\/li>\n<li>Fait partie de la s\u00e9rie de collaborations de souches rotatives de Rosin Heads.<\/li>\n<li>Produit par l&rsquo;extracteur leader du secteur, Crop Circle<\/li>\n<\/ul>\n<h4>Profil aromatique et gustatif<\/h4>\n<p>Cette Live Rosin de Space Panda d\u00e9livre une saveur terreuse prononc\u00e9e qui refl\u00e8te sa lign\u00e9e Oreoz. La teneur \u00e9lev\u00e9e en terp\u00e8nes (8,76 %) garantit une exp\u00e9rience gustative cors\u00e9e avec des notes aromatiques complexes. Le processus de s\u00e9chage \u00e0 froid permet de pr\u00e9server le profil terp\u00e9nique naturel de la vari\u00e9t\u00e9, ce qui donne un concentr\u00e9 doux et savoureux qui capture l&rsquo;essence du cannabis frais.  <\/p>\n<h4>Pourquoi choisir le Live Rosin ?<\/h4>\n<p>Live Rosin repr\u00e9sente le summum des concentr\u00e9s de cannabis sans solvant, offrant aux utilisateurs m\u00e9dicaux une option pure et puissante sans solvants chimiques. Le processus de s\u00e9chage \u00e0 froid peut aider \u00e0 pr\u00e9server les compos\u00e9s b\u00e9n\u00e9fiques tout en produisant des effets constants et une saveur exceptionnelle. <\/p>\n<h4>Exp\u00e9dition dans tout le Canada<\/h4>\n<p>Dab Collab - Space Panda - Cold Cure Live Rosin est exp\u00e9di\u00e9 rapidement \u00e0 travers le Canada. Nous offrons la livraison gratuite pour les commandes de plus de 150 $, ce qui vous assure de recevoir vos concentr\u00e9s de qualit\u00e9 sup\u00e9rieure rapidement et discr\u00e8tement. <\/p>\n<h4>Avantages et couverture pour les anciens combattants<\/h4>\n<p>Dab Collab - Space Panda - Cold Cure Live Rosin est admissible \u00e0 la couverture d&rsquo;ACC (Anciens Combattants Canada) avec facturation directe par la Croix Bleue, ce qui signifie qu&rsquo;il n&rsquo;y a pas de frais \u00e0 d\u00e9bourser pour les anciens combattants admissibles. Si vous n&rsquo;avez pas encore de prescription m\u00e9dicale de cannabis, vous pouvez <a href=\"https:\/\/mendomedical.ca\/fr\/carte-medicale\/\">obtenir votre carte m\u00e9dicale gratuite rapidement et facilement<\/a> gr\u00e2ce \u00e0 notre processus simplifi\u00e9. <\/p>\n<\/div>\n","protected":false},"featured_media":225459,"comment_status":"closed","ping_status":"closed","template":"","meta":{"_acf_changed":false,"site-sidebar-layout":"default","site-content-layout":"","ast-site-content-layout":"default","site-content-style":"default","site-sidebar-style":"default","ast-global-header-display":"","ast-banner-title-visibility":"","ast-main-header-display":"","ast-hfb-above-header-display":"","ast-hfb-below-header-display":"","ast-hfb-mobile-header-display":"","site-post-title":"","ast-breadcrumbs-content":"","ast-featured-img":"","footer-sml-layout":"","ast-disable-related-posts":"","theme-transparent-header-meta":"default","adv-header-id-meta":"","stick-header-meta":"","header-above-stick-meta":"","header-main-stick-meta":"","header-below-stick-meta":"","astra-migrate-meta-layouts":"default","ast-page-background-enabled":"default","ast-page-background-meta":{"desktop":{"background-color":"var(--ast-global-color-4)","background-image":"","background-repeat":"repeat","background-position":"center center","background-size":"auto","background-attachment":"scroll","background-type":"","background-media":"","overlay-type":"","overlay-color":"","overlay-opacity":"","overlay-gradient":""},"tablet":{"background-color":"","background-image":"","background-repeat":"repeat","background-position":"center center","background-size":"auto","background-attachment":"scroll","background-type":"","background-media":"","overlay-type":"","overlay-color":"","overlay-opacity":"","overlay-gradient":""},"mobile":{"background-color":"","background-image":"","background-repeat":"repeat","background-position":"center center","background-size":"auto","background-attachment":"scroll","background-type":"","background-media":"","overlay-type":"","overlay-color":"","overlay-opacity":"","overlay-gradient":""}},"ast-content-background-meta":{"desktop":{"background-color":"var(--ast-global-color-5)","background-image":"","background-repeat":"repeat","background-position":"center center","background-size":"auto","background-attachment":"scroll","background-type":"","background-media":"","overlay-type":"","overlay-color":"","overlay-opacity":"","overlay-gradient":""},"tablet":{"background-color":"var(--ast-global-color-5)","background-image":"","background-repeat":"repeat","background-position":"center center","background-size":"auto","background-attachment":"scroll","background-type":"","background-media":"","overlay-type":"","overlay-color":"","overlay-opacity":"","overlay-gradient":""},"mobile":{"background-color":"var(--ast-global-color-5)","background-image":"","background-repeat":"repeat","background-position":"center center","background-size":"auto","background-attachment":"scroll","background-type":"","background-media":"","overlay-type":"","overlay-color":"","overlay-opacity":"","overlay-gradient":""}}},"product_brand":[],"product_cat":[1125,1118],"product_tag":[],"product_format_filter":[6369],"class_list":{"0":"post-225455","1":"product","2":"type-product","3":"status-publish","4":"has-post-thumbnail","6":"product_cat-rosin-vivante","7":"product_cat-concentres","8":"pa_flavours-terreux","9":"pa_format-1g-2-fr","10":"pa_intensity-thc-eleve","11":"pa_marques-rosin-heads-fr","12":"pa_origin-alberta-fr","13":"pa_profil-terpene-caryophyllene","14":"pa_profil-terpene-farnesene-fr","15":"pa_profil-terpene-limonene-fr","16":"pa_thc-64-2-fr","17":"pa_type-de-plante-hybride-indica-fr","18":"product_format_filter-1g","19":"desktop-align-left","20":"tablet-align-left","21":"mobile-align-left","23":"first","24":"instock","25":"taxable","26":"shipping-taxable","27":"purchasable","28":"product-type-simple"},"group_of_quantity":0,"min_quantity":0,"max_quantity":"","exclude_order_quantity_value_rules":"no","exclude_category_quantity_rules":"no","combine_variations":"no","acf":[],"_links":{"self":[{"href":"https:\/\/mendomedical.ca\/fr\/wp-json\/wp\/v2\/product\/225455","targetHints":{"allow":["GET"]}}],"collection":[{"href":"https:\/\/mendomedical.ca\/fr\/wp-json\/wp\/v2\/product"}],"about":[{"href":"https:\/\/mendomedical.ca\/fr\/wp-json\/wp\/v2\/types\/product"}],"replies":[{"embeddable":true,"href":"https:\/\/mendomedical.ca\/fr\/wp-json\/wp\/v2\/comments?post=225455"}],"wp:featuredmedia":[{"embeddable":true,"href":"https:\/\/mendomedical.ca\/fr\/wp-json\/wp\/v2\/media\/225459"}],"wp:attachment":[{"href":"https:\/\/mendomedical.ca\/fr\/wp-json\/wp\/v2\/media?parent=225455"}],"wp:term":[{"taxonomy":"product_brand","embeddable":true,"href":"https:\/\/mendomedical.ca\/fr\/wp-json\/wp\/v2\/product_brand?post=225455"},{"taxonomy":"product_cat","embeddable":true,"href":"https:\/\/mendomedical.ca\/fr\/wp-json\/wp\/v2\/product_cat?post=225455"},{"taxonomy":"product_tag","embeddable":true,"href":"https:\/\/mendomedical.ca\/fr\/wp-json\/wp\/v2\/product_tag?post=225455"},{"taxonomy":"product_format_filter","embeddable":true,"href":"https:\/\/mendomedical.ca\/fr\/wp-json\/wp\/v2\/product_format_filter?post=225455"}],"curies":[{"name":"wp","href":"https:\/\/api.w.org\/{rel}","templated":true}]}}