{"id":225362,"date":"2025-06-16T12:00:19","date_gmt":"2025-06-16T16:00:19","guid":{"rendered":"https:\/\/mendomedical.ca\/?post_type=product&#038;p=225362"},"modified":"2026-04-16T13:23:11","modified_gmt":"2026-04-16T17:23:11","slug":"honey-stix-infused-pre-rolls-fr","status":"publish","type":"product","link":"https:\/\/mendomedical.ca\/fr\/produit\/honey-stix-infused-pre-rolls-fr\/","title":{"rendered":"Honey Stix Infused Pre Rolls"},"content":{"rendered":"","protected":false},"excerpt":{"rendered":"<p><strong>Gaz x R2 Huile de miel<\/strong><\/p>\n<p>Voici nos Honey Stix - des Pr\u00e9-rolls de qualit\u00e9 sup\u00e9rieure infus\u00e9s \u00e0 l&rsquo;huile de miel, con\u00e7us pour \u00e9lever votre exp\u00e9rience. Chaque Pr\u00e9-roll est fabriqu\u00e9 avec du cannabis de qualit\u00e9 sup\u00e9rieure et infus\u00e9 avec de l&rsquo;huile de miel riche et pure pour un hit doux, savoureux et puissant. Parfaits pour une consommation nomade, ces Pr\u00e9-rolls sont un moyen pratique et agr\u00e9able de profiter des bienfaits du cannabis. Que vous vous d\u00e9tendiez apr\u00e8s une longue journ\u00e9e ou que vous partagiez avec des amis, les Honey Sticks vous offrent une exp\u00e9rience unique et satisfaisante \u00e0 chaque bouff\u00e9e.   <\/p>\n<h5>Profil de saveur :<\/h5>\n<p>Diesel\/carburant : fort, presque chimique, semblable \u00e0 l&rsquo;essence Skunky : funky et humide, avec un musc classique de cannabis Terreux\/bois\u00e9 : Profond, riche et naturel, comme la terre humide ou le pin \u00c9pic\u00e9\/Poivr\u00e9 : Chaud, l\u00e9g\u00e8rement \u00e2pre au nez (\u00e0 cause du caryophyll\u00e8ne).<\/p>\n<h5>Effets :<\/h5>\n<p>Euphorique et stimulant<br \/>\nD\u00e9tente et apaisement<br \/>\nSoulagement du stress et de l&rsquo;anxi\u00e9t\u00e9<br \/>\nSoulagement de la douleur (anti-inflammatoire)<br \/>\nStimulation de l&rsquo;app\u00e9tit<br \/>\nAide au sommeil (effets s\u00e9datifs)<br \/>\nAugmentation de la cr\u00e9ativit\u00e9 et de la concentration<\/p>\n<h5><b>Ce que les patients disent de ce produit :  <\/b><\/h5>\n<ul>\n<li>Relaxation et soulagement du stress - De nombreux utilisateurs d\u00e9clarent ressentir un fort sentiment de calme et de relaxation, ce qui est id\u00e9al pour se d\u00e9tendre apr\u00e8s une longue journ\u00e9e.<\/li>\n<li>Euphorie - Cette vari\u00e9t\u00e9 est connue pour ses effets stimulants, les patients se sentant souvent heureux et euphoriques.<\/li>\n<li>Gestion de la douleur - De nombreux patients utilisent le gaz pour son potentiel \u00e0 soulager la douleur chronique, l&rsquo;inflammation et la tension musculaire.<\/li>\n<li>Augmentation de l&rsquo;app\u00e9tit - Certains utilisateurs notent qu&rsquo;il stimule l&rsquo;app\u00e9tit, ce qui peut \u00eatre utile pour les personnes qui suivent des traitements comme la chimioth\u00e9rapie.<\/li>\n<li>Effets s\u00e9datifs - Bien qu&rsquo;il soit d&rsquo;abord stimulant, il peut entra\u00eener un sentiment de calme et de sommeil, souvent utilis\u00e9 pour favoriser l&rsquo;endormissement.<\/li>\n<li>Concentration cognitive - Quelques avis mentionnent une am\u00e9lioration de la cr\u00e9ativit\u00e9 ou de la clart\u00e9 mentale pendant les premiers effets, bien que cela puisse s&rsquo;estomper au fur et \u00e0 mesure que les effets s\u00e9datifs se font sentir.<\/li>\n<\/ul>\n","protected":false},"featured_media":225364,"comment_status":"closed","ping_status":"closed","template":"","meta":{"_acf_changed":false,"site-sidebar-layout":"default","site-content-layout":"","ast-site-content-layout":"default","site-content-style":"default","site-sidebar-style":"default","ast-global-header-display":"","ast-banner-title-visibility":"","ast-main-header-display":"","ast-hfb-above-header-display":"","ast-hfb-below-header-display":"","ast-hfb-mobile-header-display":"","site-post-title":"","ast-breadcrumbs-content":"","ast-featured-img":"","footer-sml-layout":"","ast-disable-related-posts":"","theme-transparent-header-meta":"default","adv-header-id-meta":"","stick-header-meta":"","header-above-stick-meta":"","header-main-stick-meta":"","header-below-stick-meta":"","astra-migrate-meta-layouts":"set","ast-page-background-enabled":"default","ast-page-background-meta":{"desktop":{"background-color":"var(--ast-global-color-4)","background-image":"","background-repeat":"repeat","background-position":"center center","background-size":"auto","background-attachment":"scroll","background-type":"","background-media":"","overlay-type":"","overlay-color":"","overlay-opacity":"","overlay-gradient":""},"tablet":{"background-color":"","background-image":"","background-repeat":"repeat","background-position":"center center","background-size":"auto","background-attachment":"scroll","background-type":"","background-media":"","overlay-type":"","overlay-color":"","overlay-opacity":"","overlay-gradient":""},"mobile":{"background-color":"","background-image":"","background-repeat":"repeat","background-position":"center center","background-size":"auto","background-attachment":"scroll","background-type":"","background-media":"","overlay-type":"","overlay-color":"","overlay-opacity":"","overlay-gradient":""}},"ast-content-background-meta":{"desktop":{"background-color":"var(--ast-global-color-5)","background-image":"","background-repeat":"repeat","background-position":"center center","background-size":"auto","background-attachment":"scroll","background-type":"","background-media":"","overlay-type":"","overlay-color":"","overlay-opacity":"","overlay-gradient":""},"tablet":{"background-color":"var(--ast-global-color-5)","background-image":"","background-repeat":"repeat","background-position":"center center","background-size":"auto","background-attachment":"scroll","background-type":"","background-media":"","overlay-type":"","overlay-color":"","overlay-opacity":"","overlay-gradient":""},"mobile":{"background-color":"var(--ast-global-color-5)","background-image":"","background-repeat":"repeat","background-position":"center center","background-size":"auto","background-attachment":"scroll","background-type":"","background-media":"","overlay-type":"","overlay-color":"","overlay-opacity":"","overlay-gradient":""}}},"product_brand":[],"product_cat":[1147,1144],"product_tag":[],"product_format_filter":[6374],"class_list":{"0":"post-225362","1":"product","2":"type-product","3":"status-publish","4":"has-post-thumbnail","6":"product_cat-pre-roules-infuses","7":"product_cat-pre-roules","8":"pa_flavours-agrume","9":"pa_flavours-gazeux-diesel","10":"pa_flavours-terreux","11":"pa_intensity-thc-eleve","12":"pa_marques-retro-fr","13":"pa_origin-ile-du-prince-edouard","14":"pa_type-de-plante-hybride-indica-fr","15":"product_format_filter-0-5g","16":"desktop-align-left","17":"tablet-align-left","18":"mobile-align-left","20":"first","21":"instock","22":"taxable","23":"shipping-taxable","24":"purchasable","25":"product-type-simple"},"group_of_quantity":0,"min_quantity":0,"max_quantity":"","exclude_order_quantity_value_rules":"no","exclude_category_quantity_rules":"no","combine_variations":"no","acf":[],"_links":{"self":[{"href":"https:\/\/mendomedical.ca\/fr\/wp-json\/wp\/v2\/product\/225362","targetHints":{"allow":["GET"]}}],"collection":[{"href":"https:\/\/mendomedical.ca\/fr\/wp-json\/wp\/v2\/product"}],"about":[{"href":"https:\/\/mendomedical.ca\/fr\/wp-json\/wp\/v2\/types\/product"}],"replies":[{"embeddable":true,"href":"https:\/\/mendomedical.ca\/fr\/wp-json\/wp\/v2\/comments?post=225362"}],"wp:featuredmedia":[{"embeddable":true,"href":"https:\/\/mendomedical.ca\/fr\/wp-json\/wp\/v2\/media\/225364"}],"wp:attachment":[{"href":"https:\/\/mendomedical.ca\/fr\/wp-json\/wp\/v2\/media?parent=225362"}],"wp:term":[{"taxonomy":"product_brand","embeddable":true,"href":"https:\/\/mendomedical.ca\/fr\/wp-json\/wp\/v2\/product_brand?post=225362"},{"taxonomy":"product_cat","embeddable":true,"href":"https:\/\/mendomedical.ca\/fr\/wp-json\/wp\/v2\/product_cat?post=225362"},{"taxonomy":"product_tag","embeddable":true,"href":"https:\/\/mendomedical.ca\/fr\/wp-json\/wp\/v2\/product_tag?post=225362"},{"taxonomy":"product_format_filter","embeddable":true,"href":"https:\/\/mendomedical.ca\/fr\/wp-json\/wp\/v2\/product_format_filter?post=225362"}],"curies":[{"name":"wp","href":"https:\/\/api.w.org\/{rel}","templated":true}]}}