{"id":225359,"date":"2024-08-03T05:48:29","date_gmt":"2024-08-03T09:48:29","guid":{"rendered":"https:\/\/mendomedical.ca\/?post_type=product&#038;p=225359"},"modified":"2026-05-06T19:32:57","modified_gmt":"2026-05-06T23:32:57","slug":"chariot-de-vaporisation-grape-dosi-honey-resin-copy","status":"publish","type":"product","link":"https:\/\/mendomedical.ca\/fr\/produit\/chariot-de-vaporisation-grape-dosi-honey-resin-copy\/","title":{"rendered":"Afghan Skunk Honey Oil Vape Cart"},"content":{"rendered":"","protected":false},"excerpt":{"rendered":"<div class=\"ExternalClassCFBE1B4D0B7047FC960AF3DAB8CE6072\">\n<h3>Afghan Skunk Honey Oil Vape Cart - Premium 510 Thread Cannabis Extract<\/h3>\n<h3>Terp\u00e8nes totaux : 4-8%.<\/h3>\n<p>D\u00e9couvrez la c\u00e9l\u00e8bre souche Afghan Skunk sous sa forme la plus pratique avec le Retro Afghan Skunk Honey Oil Vape Cart. Cette huile de miel premium \u00e0 spectre complet offre une exp\u00e9rience douce et puissante avec une impressionnante teneur en terp\u00e8nes totaux de 4 \u00e0 8 %. Soigneusement extraite pour pr\u00e9server les cannabino\u00efdes et les terp\u00e8nes naturels, cette cartouche \u00e0 510 fils offre un \u00e9quilibre parfait entre les saveurs de terre, de pin et d&rsquo;\u00e9pices, tout en procurant des effets profond\u00e9ment relaxants, id\u00e9aux pour une utilisation en soir\u00e9e.  <\/p>\n<h4>Caract\u00e9ristiques principales<\/h4>\n<ul>\n<li>Une teneur \u00e9lev\u00e9e en terp\u00e8nes, de 4 \u00e0 8 %, pour une saveur et des effets renforc\u00e9s.<\/li>\n<li>Huile de miel \u00e0 spectre complet pr\u00e9servant le profil cannabino\u00efde complet.<\/li>\n<li>Compatible avec les piles standard \u00e0 filetage 510 pour une commodit\u00e9 universelle<\/li>\n<li>Le processus d&rsquo;extraction de premi\u00e8re qualit\u00e9 pr\u00e9serve l&rsquo;int\u00e9grit\u00e9 de la souche Afghan Skunk.<\/li>\n<li>Id\u00e9al pour se d\u00e9tendre le soir et soulager le stress<\/li>\n<\/ul>\n<h4>Profil d&rsquo;ar\u00f4me et effets<\/h4>\n<p>L&rsquo;Afghan Skunk Honey Oil se caract\u00e9rise par une base riche et terreuse, compl\u00e9t\u00e9e par des notes distinctes de pin et un final subtil d&rsquo;\u00e9pices. Cette vari\u00e9t\u00e9 classique procure des effets relaxants complets, y compris le calme du corps entier pour soulager la tension musculaire, une douce euphorie pour am\u00e9liorer l&rsquo;humeur, et la tranquillit\u00e9 mentale pour calmer les pens\u00e9es qui s&#8217;emballent. Des doses plus \u00e9lev\u00e9es peuvent favoriser la s\u00e9dation et la stimulation de l&rsquo;app\u00e9tit, ce qui la rend particuli\u00e8rement adapt\u00e9e \u00e0 un usage nocturne.  <\/p>\n<h4>Pourquoi choisir les carts \u00e0 fils 510<\/h4>\n<p>Les vape cart \u00e0 filetage 510 offrent aux consommateurs de cannabis m\u00e9dical un contr\u00f4le pr\u00e9cis du dosage et une apparition imm\u00e9diate des effets. Leur format portable et discret les rend id\u00e9ales pour g\u00e9rer les sympt\u00f4mes tout au long de la journ\u00e9e tout en maintenant un mode de vie actif. <\/p>\n<h4>Exp\u00e9dition dans tout le Canada<\/h4>\n<p>Le chariot de vape Afghan Skunk Honey Oil est exp\u00e9di\u00e9 rapidement \u00e0 travers le Canada avec une livraison gratuite pour les commandes de plus de 150 \u00a3. Notre emballage s\u00e9curis\u00e9 garantit que votre vape cart arrive en parfait \u00e9tat, pr\u00eat \u00e0 \u00eatre utilis\u00e9 imm\u00e9diatement. <\/p>\n<h4>Avantages et couverture pour les anciens combattants<\/h4>\n<p>Afghan Skunk Honey Oil Vape Cart est admissible \u00e0 la couverture d&rsquo;ACC (Anciens Combattants Canada) avec facturation directe par la Croix Bleue, ce qui signifie qu&rsquo;il n&rsquo;y a pas de frais \u00e0 d\u00e9bourser pour les anciens combattants admissibles. Si vous n&rsquo;avez pas encore votre carte de cannabis m\u00e9dical, <a href=\"https:\/\/mendomedical.ca\/fr\/carte-medicale\/\">obtenez votre carte m\u00e9dicale gratuite rapidement et facilement<\/a> pour acc\u00e9der aux avantages et \u00e0 la couverture des anciens combattants. <\/p>\n<div>\n<p><b>Ingr\u00e9dients<\/b><\/p>\n<div>Extrait de cannabis.<\/div>\n<p>&nbsp;<\/p>\n<p>&nbsp;<\/p>\n<\/div>\n<div><\/div>\n<\/div>\n","protected":false},"featured_media":225355,"comment_status":"closed","ping_status":"closed","template":"","meta":{"_acf_changed":false,"site-sidebar-layout":"default","site-content-layout":"","ast-site-content-layout":"default","site-content-style":"default","site-sidebar-style":"default","ast-global-header-display":"","ast-banner-title-visibility":"","ast-main-header-display":"","ast-hfb-above-header-display":"","ast-hfb-below-header-display":"","ast-hfb-mobile-header-display":"","site-post-title":"","ast-breadcrumbs-content":"","ast-featured-img":"","footer-sml-layout":"","ast-disable-related-posts":"","theme-transparent-header-meta":"default","adv-header-id-meta":"","stick-header-meta":"","header-above-stick-meta":"","header-main-stick-meta":"","header-below-stick-meta":"","astra-migrate-meta-layouts":"default","ast-page-background-enabled":"default","ast-page-background-meta":{"desktop":{"background-color":"var(--ast-global-color-4)","background-image":"","background-repeat":"repeat","background-position":"center center","background-size":"auto","background-attachment":"scroll","background-type":"","background-media":"","overlay-type":"","overlay-color":"","overlay-opacity":"","overlay-gradient":""},"tablet":{"background-color":"","background-image":"","background-repeat":"repeat","background-position":"center center","background-size":"auto","background-attachment":"scroll","background-type":"","background-media":"","overlay-type":"","overlay-color":"","overlay-opacity":"","overlay-gradient":""},"mobile":{"background-color":"","background-image":"","background-repeat":"repeat","background-position":"center center","background-size":"auto","background-attachment":"scroll","background-type":"","background-media":"","overlay-type":"","overlay-color":"","overlay-opacity":"","overlay-gradient":""}},"ast-content-background-meta":{"desktop":{"background-color":"var(--ast-global-color-5)","background-image":"","background-repeat":"repeat","background-position":"center center","background-size":"auto","background-attachment":"scroll","background-type":"","background-media":"","overlay-type":"","overlay-color":"","overlay-opacity":"","overlay-gradient":""},"tablet":{"background-color":"var(--ast-global-color-5)","background-image":"","background-repeat":"repeat","background-position":"center center","background-size":"auto","background-attachment":"scroll","background-type":"","background-media":"","overlay-type":"","overlay-color":"","overlay-opacity":"","overlay-gradient":""},"mobile":{"background-color":"var(--ast-global-color-5)","background-image":"","background-repeat":"repeat","background-position":"center center","background-size":"auto","background-attachment":"scroll","background-type":"","background-media":"","overlay-type":"","overlay-color":"","overlay-opacity":"","overlay-gradient":""}}},"product_brand":[],"product_cat":[1160,1163,1530,1159],"product_tag":[],"product_format_filter":[],"class_list":{"0":"post-225359","1":"product","2":"type-product","3":"status-publish","4":"has-post-thumbnail","6":"product_cat-cart-fil-510","7":"product_cat-cured-et-resine-vivante-fr","8":"product_cat-spectre-complet1","9":"product_cat-vapoteuses","10":"pa_flavours-pimenter","11":"pa_flavours-pin","12":"pa_flavours-terreux","13":"pa_format-1g-2-fr","14":"pa_intensity-thc-eleve","15":"pa_marques-retro-fr","16":"pa_origin-ile-du-prince-edouard","17":"pa_profil-terpene-bisabolol-fr","18":"pa_profil-terpene-caryophyllene","19":"pa_profil-terpene-guaiol-fr","20":"pa_profil-terpene-humulene-fr","21":"pa_profil-terpene-linalol-fr","22":"pa_profil-terpene-myrcene","23":"pa_thc-76-1-fr","24":"pa_type-de-plante-hybride-indica-fr","25":"desktop-align-left","26":"tablet-align-left","27":"mobile-align-left","29":"first","30":"instock","31":"taxable","32":"shipping-taxable","33":"purchasable","34":"product-type-simple"},"group_of_quantity":0,"min_quantity":0,"max_quantity":"","exclude_order_quantity_value_rules":"no","exclude_category_quantity_rules":"no","combine_variations":"no","acf":[],"_links":{"self":[{"href":"https:\/\/mendomedical.ca\/fr\/wp-json\/wp\/v2\/product\/225359","targetHints":{"allow":["GET"]}}],"collection":[{"href":"https:\/\/mendomedical.ca\/fr\/wp-json\/wp\/v2\/product"}],"about":[{"href":"https:\/\/mendomedical.ca\/fr\/wp-json\/wp\/v2\/types\/product"}],"replies":[{"embeddable":true,"href":"https:\/\/mendomedical.ca\/fr\/wp-json\/wp\/v2\/comments?post=225359"}],"wp:featuredmedia":[{"embeddable":true,"href":"https:\/\/mendomedical.ca\/fr\/wp-json\/wp\/v2\/media\/225355"}],"wp:attachment":[{"href":"https:\/\/mendomedical.ca\/fr\/wp-json\/wp\/v2\/media?parent=225359"}],"wp:term":[{"taxonomy":"product_brand","embeddable":true,"href":"https:\/\/mendomedical.ca\/fr\/wp-json\/wp\/v2\/product_brand?post=225359"},{"taxonomy":"product_cat","embeddable":true,"href":"https:\/\/mendomedical.ca\/fr\/wp-json\/wp\/v2\/product_cat?post=225359"},{"taxonomy":"product_tag","embeddable":true,"href":"https:\/\/mendomedical.ca\/fr\/wp-json\/wp\/v2\/product_tag?post=225359"},{"taxonomy":"product_format_filter","embeddable":true,"href":"https:\/\/mendomedical.ca\/fr\/wp-json\/wp\/v2\/product_format_filter?post=225359"}],"curies":[{"name":"wp","href":"https:\/\/api.w.org\/{rel}","templated":true}]}}