{"id":225353,"date":"2024-08-03T05:46:47","date_gmt":"2024-08-03T09:46:47","guid":{"rendered":"https:\/\/mendomedical.ca\/?post_type=product&#038;p=225353"},"modified":"2026-04-16T13:21:07","modified_gmt":"2026-04-16T17:21:07","slug":"acapulco-gold-live-resin-vape-cart-copy","status":"publish","type":"product","link":"https:\/\/mendomedical.ca\/fr\/produit\/acapulco-gold-live-resin-vape-cart-copy\/","title":{"rendered":"Grape-Dosi Honey Resin Vape Cart"},"content":{"rendered":"","protected":false},"excerpt":{"rendered":"<div class=\"ExternalClass60856DDCEFE84CB892EEEE5F79B82D8A\">\n<h3>Grape-Dosi Honey Resin Vape Cart by Retro<\/h3>\n<h3>Terp\u00e8nes totaux : 5-7%.<\/h3>\n<p>D\u00e9couvrez l&rsquo;innovation pionni\u00e8re de la cartouche de vape Grape-Dosi Honey Resin de Retro, un produit unique en son genre au Canada. Cette cartouche \u00e0 filetage 510 m\u00e9ticuleusement fabriqu\u00e9e combine de la r\u00e9sine vivante de premi\u00e8re qualit\u00e9 sp\u00e9cifique \u00e0 la souche avec l&rsquo;huile de miel \u00e0 spectre complet de Retro, offrant une exp\u00e9rience de vape exceptionnelle avec 5 \u00e0 7 % de terp\u00e8nes totaux. Parfait pour les patients de cannabis m\u00e9dical \u00e0 la recherche d&rsquo;une relaxation puissante et de bienfaits th\u00e9rapeutiques.  <\/p>\n<h4>Caract\u00e9ristiques principales<\/h4>\n<ul>\n<li>La premi\u00e8re vape cart \u00e0 base de r\u00e9sine de miel au Canada combinant la r\u00e9sine vivante et l&rsquo;huile de miel \u00e0 spectre complet.<\/li>\n<li>Une teneur \u00e9lev\u00e9e en terp\u00e8nes, de 5 \u00e0 7 %, pour une saveur et des effets renforc\u00e9s.<\/li>\n<li>Compatibilit\u00e9 avec le filetage 510 pour une utilisation polyvalente avec des batteries standard<\/li>\n<li>Formulation sp\u00e9cifique \u00e0 la souche pour des r\u00e9sultats coh\u00e9rents et fiables<\/li>\n<li>Id\u00e9al pour le soir, avec de fortes propri\u00e9t\u00e9s s\u00e9datives et relaxantes.<\/li>\n<\/ul>\n<h4>Profil aromatique et gustatif<\/h4>\n<p>La vari\u00e9t\u00e9 Grape-Dosi offre une d\u00e9licieuse combinaison de baies sucr\u00e9es et de notes terreuses. Ce m\u00e9lange harmonieux cr\u00e9e une exp\u00e9rience de vapotage douce et agr\u00e9able qui compl\u00e8te parfaitement les effets relaxants de la vari\u00e9t\u00e9. La teneur \u00e9lev\u00e9e en terp\u00e8nes garantit une saveur robuste du premier au dernier tirage.  <\/p>\n<h4>Pourquoi choisir les carts \u00e0 fils 510<\/h4>\n<p>Les cartouches de vapotage \u00e0 filetage 510 offrent aux utilisateurs m\u00e9dicaux un contr\u00f4le pr\u00e9cis du dosage et une consommation pratique et discr\u00e8te. Le filetage standardis\u00e9 garantit la compatibilit\u00e9 avec la plupart des batteries de vape, ce qui en fait une option accessible pour les patients g\u00e9rant diverses pathologies. <\/p>\n<h4>Exp\u00e9dition dans tout le Canada<\/h4>\n<p>Grape-Dosi Honey Resin Vape Cart est exp\u00e9di\u00e9 rapidement \u00e0 travers le Canada. Nous offrons une livraison gratuite pour toutes les commandes de plus de 150 $, ce qui vous assure de recevoir vos produits de cannabis m\u00e9dical rapidement et \u00e0 un prix abordable. <\/p>\n<h4>Avantages et couverture pour les anciens combattants<\/h4>\n<p>Ce produit est admissible \u00e0 la couverture d&rsquo;ACC (Anciens Combattants Canada) avec facturation directe par l&rsquo;entremise de la Croix Bleue, ce qui signifie que les anciens combattants admissibles n&rsquo;ont pas \u00e0 d\u00e9bourser d&rsquo;argent. Si vous n&rsquo;avez pas encore d&rsquo;ordonnance de cannabis m\u00e9dical, <a href=\"https:\/\/mendomedical.ca\/fr\/carte-medicale\/\">obtenez rapidement et facilement votre carte m\u00e9dicale gratuite<\/a> pour acc\u00e9der aux avantages de la couverture. <\/p>\n<\/div>\n","protected":false},"featured_media":225355,"comment_status":"closed","ping_status":"closed","template":"","meta":{"_acf_changed":false,"site-sidebar-layout":"default","site-content-layout":"","ast-site-content-layout":"default","site-content-style":"default","site-sidebar-style":"default","ast-global-header-display":"","ast-banner-title-visibility":"","ast-main-header-display":"","ast-hfb-above-header-display":"","ast-hfb-below-header-display":"","ast-hfb-mobile-header-display":"","site-post-title":"","ast-breadcrumbs-content":"","ast-featured-img":"","footer-sml-layout":"","ast-disable-related-posts":"","theme-transparent-header-meta":"default","adv-header-id-meta":"","stick-header-meta":"","header-above-stick-meta":"","header-main-stick-meta":"","header-below-stick-meta":"","astra-migrate-meta-layouts":"default","ast-page-background-enabled":"default","ast-page-background-meta":{"desktop":{"background-color":"var(--ast-global-color-4)","background-image":"","background-repeat":"repeat","background-position":"center center","background-size":"auto","background-attachment":"scroll","background-type":"","background-media":"","overlay-type":"","overlay-color":"","overlay-opacity":"","overlay-gradient":""},"tablet":{"background-color":"","background-image":"","background-repeat":"repeat","background-position":"center center","background-size":"auto","background-attachment":"scroll","background-type":"","background-media":"","overlay-type":"","overlay-color":"","overlay-opacity":"","overlay-gradient":""},"mobile":{"background-color":"","background-image":"","background-repeat":"repeat","background-position":"center center","background-size":"auto","background-attachment":"scroll","background-type":"","background-media":"","overlay-type":"","overlay-color":"","overlay-opacity":"","overlay-gradient":""}},"ast-content-background-meta":{"desktop":{"background-color":"var(--ast-global-color-5)","background-image":"","background-repeat":"repeat","background-position":"center center","background-size":"auto","background-attachment":"scroll","background-type":"","background-media":"","overlay-type":"","overlay-color":"","overlay-opacity":"","overlay-gradient":""},"tablet":{"background-color":"var(--ast-global-color-5)","background-image":"","background-repeat":"repeat","background-position":"center center","background-size":"auto","background-attachment":"scroll","background-type":"","background-media":"","overlay-type":"","overlay-color":"","overlay-opacity":"","overlay-gradient":""},"mobile":{"background-color":"var(--ast-global-color-5)","background-image":"","background-repeat":"repeat","background-position":"center center","background-size":"auto","background-attachment":"scroll","background-type":"","background-media":"","overlay-type":"","overlay-color":"","overlay-opacity":"","overlay-gradient":""}}},"product_brand":[],"product_cat":[1160,1163,1159],"product_tag":[],"product_format_filter":[6369],"class_list":{"0":"post-225353","1":"product","2":"type-product","3":"status-publish","4":"has-post-thumbnail","6":"product_cat-cart-fil-510","7":"product_cat-cured-et-resine-vivante-fr","8":"product_cat-vapoteuses","9":"pa_flavours-baies","10":"pa_flavours-doux","11":"pa_flavours-terreux","12":"pa_format-1g-2-fr","13":"pa_intensity-thc-eleve","14":"pa_marques-retro-fr","15":"pa_origin-ile-du-prince-edouard","16":"pa_profil-terpene-caryophyllene","17":"pa_profil-terpene-farnesene-fr","18":"pa_profil-terpene-humulene-fr","19":"pa_profil-terpene-limonene-fr","20":"pa_profil-terpene-linalol-fr","21":"pa_profil-terpene-myrcene","22":"pa_thc-74-2-fr","23":"pa_type-de-plante-hybride-indica-fr","24":"product_format_filter-1g","25":"desktop-align-left","26":"tablet-align-left","27":"mobile-align-left","29":"first","30":"instock","31":"taxable","32":"shipping-taxable","33":"purchasable","34":"product-type-simple"},"group_of_quantity":0,"min_quantity":0,"max_quantity":"","exclude_order_quantity_value_rules":"no","exclude_category_quantity_rules":"no","combine_variations":"no","acf":[],"_links":{"self":[{"href":"https:\/\/mendomedical.ca\/fr\/wp-json\/wp\/v2\/product\/225353","targetHints":{"allow":["GET"]}}],"collection":[{"href":"https:\/\/mendomedical.ca\/fr\/wp-json\/wp\/v2\/product"}],"about":[{"href":"https:\/\/mendomedical.ca\/fr\/wp-json\/wp\/v2\/types\/product"}],"replies":[{"embeddable":true,"href":"https:\/\/mendomedical.ca\/fr\/wp-json\/wp\/v2\/comments?post=225353"}],"wp:featuredmedia":[{"embeddable":true,"href":"https:\/\/mendomedical.ca\/fr\/wp-json\/wp\/v2\/media\/225355"}],"wp:attachment":[{"href":"https:\/\/mendomedical.ca\/fr\/wp-json\/wp\/v2\/media?parent=225353"}],"wp:term":[{"taxonomy":"product_brand","embeddable":true,"href":"https:\/\/mendomedical.ca\/fr\/wp-json\/wp\/v2\/product_brand?post=225353"},{"taxonomy":"product_cat","embeddable":true,"href":"https:\/\/mendomedical.ca\/fr\/wp-json\/wp\/v2\/product_cat?post=225353"},{"taxonomy":"product_tag","embeddable":true,"href":"https:\/\/mendomedical.ca\/fr\/wp-json\/wp\/v2\/product_tag?post=225353"},{"taxonomy":"product_format_filter","embeddable":true,"href":"https:\/\/mendomedical.ca\/fr\/wp-json\/wp\/v2\/product_format_filter?post=225353"}],"curies":[{"name":"wp","href":"https:\/\/api.w.org\/{rel}","templated":true}]}}