{"id":225351,"date":"2024-08-02T06:08:04","date_gmt":"2024-08-02T10:08:04","guid":{"rendered":"https:\/\/mendomedical.ca\/product\/blue-widow-vape-2\/"},"modified":"2025-07-25T14:02:30","modified_gmt":"2025-07-25T18:02:30","slug":"blue-widow-vape-2","status":"publish","type":"product","link":"https:\/\/mendomedical.ca\/fr\/produit\/blue-widow-vape-2\/","title":{"rendered":"Blue Widow Vape"},"content":{"rendered":"","protected":false},"excerpt":{"rendered":"<h3><strong>Terp\u00e8nes totaux : 7,51%.<\/strong><\/h3>\n<p><strong>Les vapes DEBUNK Flavour Spectrum 1.0 g pr\u00e9sentent des m\u00e9langes personnalis\u00e9s de terps botaniques savoureux, sp\u00e9cifiques \u00e0 une souche, qui compl\u00e8tent parfaitement les saveurs naturelles des terp\u00e8nes et des flavono\u00efdes d\u00e9riv\u00e9s du cannabis. Toutes les vapes DEBUNK sont emball\u00e9es dans du mat\u00e9riel personnalis\u00e9. Cette lourde indica est un croisement entre deux grandes vari\u00e9t\u00e9s de tous les temps : White Widow et Blueberry. Une vari\u00e9t\u00e9 qui crie \u00ab\u00a0h\u00e9ritage\u00a0\u00bb, Blue Widow vous gifle avec des baies fortes et sucr\u00e9es et une finale douce de raisin. Les m\u00e9langes de saveurs exclusifs de DEBUNK vous donnent le v\u00e9ritable entourage v\u00e9g\u00e9tal que vous attendez de votre herbe sans sacrifier la puissance et la saveur.    <\/strong><\/p>\n<p>&nbsp;<\/p>\n<h5>Ar\u00f4me :<\/h5>\n<p>Baies, raisin, Kush<\/p>\n<h5>Profil de saveur :<\/h5>\n<p>White Widow x Blueberry<\/p>\n<h5>Profil des cannabino\u00efdes et des terp\u00e8nes :<\/h5>\n<p>Limon\u00e8ne, Myrc\u00e8ne, Ocim\u00e8ne, Caryophyll\u00e8ne, Pin\u00e8ne<\/p>\n","protected":false},"featured_media":104496,"comment_status":"closed","ping_status":"closed","template":"","meta":{"_acf_changed":false,"site-sidebar-layout":"default","site-content-layout":"","ast-site-content-layout":"default","site-content-style":"default","site-sidebar-style":"default","ast-global-header-display":"","ast-banner-title-visibility":"","ast-main-header-display":"","ast-hfb-above-header-display":"","ast-hfb-below-header-display":"","ast-hfb-mobile-header-display":"","site-post-title":"","ast-breadcrumbs-content":"","ast-featured-img":"","footer-sml-layout":"","ast-disable-related-posts":"","theme-transparent-header-meta":"default","adv-header-id-meta":"","stick-header-meta":"","header-above-stick-meta":"","header-main-stick-meta":"","header-below-stick-meta":"","astra-migrate-meta-layouts":"default","ast-page-background-enabled":"default","ast-page-background-meta":{"desktop":{"background-color":"var(--ast-global-color-4)","background-image":"","background-repeat":"repeat","background-position":"center center","background-size":"auto","background-attachment":"scroll","background-type":"","background-media":"","overlay-type":"","overlay-color":"","overlay-opacity":"","overlay-gradient":""},"tablet":{"background-color":"","background-image":"","background-repeat":"repeat","background-position":"center center","background-size":"auto","background-attachment":"scroll","background-type":"","background-media":"","overlay-type":"","overlay-color":"","overlay-opacity":"","overlay-gradient":""},"mobile":{"background-color":"","background-image":"","background-repeat":"repeat","background-position":"center center","background-size":"auto","background-attachment":"scroll","background-type":"","background-media":"","overlay-type":"","overlay-color":"","overlay-opacity":"","overlay-gradient":""}},"ast-content-background-meta":{"desktop":{"background-color":"var(--ast-global-color-5)","background-image":"","background-repeat":"repeat","background-position":"center center","background-size":"auto","background-attachment":"scroll","background-type":"","background-media":"","overlay-type":"","overlay-color":"","overlay-opacity":"","overlay-gradient":""},"tablet":{"background-color":"var(--ast-global-color-5)","background-image":"","background-repeat":"repeat","background-position":"center center","background-size":"auto","background-attachment":"scroll","background-type":"","background-media":"","overlay-type":"","overlay-color":"","overlay-opacity":"","overlay-gradient":""},"mobile":{"background-color":"var(--ast-global-color-5)","background-image":"","background-repeat":"repeat","background-position":"center center","background-size":"auto","background-attachment":"scroll","background-type":"","background-media":"","overlay-type":"","overlay-color":"","overlay-opacity":"","overlay-gradient":""}}},"product_brand":[],"product_cat":[1160,1162,1159],"product_tag":[3535],"product_format_filter":[],"class_list":{"0":"post-225351","1":"product","2":"type-product","3":"status-publish","4":"has-post-thumbnail","6":"product_cat-cart-fil-510","7":"product_cat-distillat","8":"product_cat-vapoteuses","9":"product_tag-debunk-fr","10":"pa_format-1g-2-fr","11":"pa_intensity-thc-eleve","12":"pa_marques-debunk-fr","13":"pa_origin-ontario-fr","14":"pa_thc-83-4","15":"pa_type-de-plante-thc-fr","16":"desktop-align-left","17":"tablet-align-left","18":"mobile-align-left","20":"first","21":"outofstock","22":"taxable","23":"shipping-taxable","24":"purchasable","25":"product-type-simple"},"group_of_quantity":0,"min_quantity":0,"max_quantity":"","exclude_order_quantity_value_rules":"no","exclude_category_quantity_rules":"no","combine_variations":"no","acf":[],"_links":{"self":[{"href":"https:\/\/mendomedical.ca\/fr\/wp-json\/wp\/v2\/product\/225351","targetHints":{"allow":["GET"]}}],"collection":[{"href":"https:\/\/mendomedical.ca\/fr\/wp-json\/wp\/v2\/product"}],"about":[{"href":"https:\/\/mendomedical.ca\/fr\/wp-json\/wp\/v2\/types\/product"}],"replies":[{"embeddable":true,"href":"https:\/\/mendomedical.ca\/fr\/wp-json\/wp\/v2\/comments?post=225351"}],"wp:featuredmedia":[{"embeddable":true,"href":"https:\/\/mendomedical.ca\/fr\/wp-json\/wp\/v2\/media\/104496"}],"wp:attachment":[{"href":"https:\/\/mendomedical.ca\/fr\/wp-json\/wp\/v2\/media?parent=225351"}],"wp:term":[{"taxonomy":"product_brand","embeddable":true,"href":"https:\/\/mendomedical.ca\/fr\/wp-json\/wp\/v2\/product_brand?post=225351"},{"taxonomy":"product_cat","embeddable":true,"href":"https:\/\/mendomedical.ca\/fr\/wp-json\/wp\/v2\/product_cat?post=225351"},{"taxonomy":"product_tag","embeddable":true,"href":"https:\/\/mendomedical.ca\/fr\/wp-json\/wp\/v2\/product_tag?post=225351"},{"taxonomy":"product_format_filter","embeddable":true,"href":"https:\/\/mendomedical.ca\/fr\/wp-json\/wp\/v2\/product_format_filter?post=225351"}],"curies":[{"name":"wp","href":"https:\/\/api.w.org\/{rel}","templated":true}]}}