{"id":222455,"date":"2024-09-01T20:25:32","date_gmt":"2024-09-02T00:25:32","guid":{"rendered":"https:\/\/mendomedical.ca\/?post_type=product&#038;p=222455"},"modified":"2025-10-14T10:48:29","modified_gmt":"2025-10-14T14:48:29","slug":"double-haleine-de-kush-copy","status":"publish","type":"product","link":"https:\/\/mendomedical.ca\/fr\/produit\/double-haleine-de-kush-copy\/","title":{"rendered":"Rainbow Twist - Pr\u00e9-rolls Biscotti"},"content":{"rendered":"","protected":false},"excerpt":{"rendered":"<div class=\"ExternalClass28679FE62FE745ABA3D53D91189BCAD1\">\n<h3>Rainbow Twist - Pr\u00e9-rolls Biscotti<\/h3>\n<p>D\u00e9couvrez la valeur exceptionnelle des Pr\u00e9-rolls Rainbow Twist Biscotti de Twist Cannabis. Ces Pr\u00e9-rolls soigneusement s\u00e9lectionn\u00e9s offrent une exp\u00e9rience de cannabis satisfaisante avec 2,3% de terp\u00e8nes totaux, offrant qualit\u00e9 et prix abordable \u00e0 chaque session. Provenant de producteurs canadiens de confiance et s\u00e9lectionn\u00e9s de mani\u00e8re experte par l&rsquo;\u00e9quipe de Twist Cannabis, ces Pr\u00e9-rolls constituent une option accessible pour les consommateurs de cannabis m\u00e9dical soucieux de leur valeur et \u00e0 la recherche de produits fiables et coh\u00e9rents.  <\/p>\n<h4>Caract\u00e9ristiques principales<\/h4>\n<ul>\n<li>Pr\u00e9-rolls ultra rentables de la toute nouvelle marque de cannabis ax\u00e9e sur la valeur au Canada.<\/li>\n<li>2,3 % de terp\u00e8nes totaux pour une saveur accrue et des effets th\u00e9rapeutiques potentiels<\/li>\n<li>Provenant de producteurs de cannabis canadiens r\u00e9put\u00e9s, pour une garantie de qualit\u00e9<\/li>\n<li>S\u00e9lectionn\u00e9s par les professionnels de Twist Cannabis pour leur coh\u00e9rence.<\/li>\n<li>Format pr\u00eat \u00e0 l&#8217;emploi id\u00e9al pour un dosage pratique et mesur\u00e9<\/li>\n<\/ul>\n<h4>Profil des terp\u00e8nes<\/h4>\n<p>Avec une solide teneur en terp\u00e8nes totaux de 2,3 %, les Pr\u00e9-rolls Rainbow Twist Biscotti offrent un profil aromatique complexe. Ce pourcentage \u00e9lev\u00e9 de terp\u00e8nes peut contribuer \u00e0 am\u00e9liorer le potentiel th\u00e9rapeutique gr\u00e2ce \u00e0 l&rsquo;effet d&rsquo;entourage, o\u00f9 les cannabino\u00efdes et les terp\u00e8nes agissent en synergie pour r\u00e9pondre \u00e0 divers besoins de bien-\u00eatre. <\/p>\n<h4>Pourquoi choisir les pr\u00e9-rolls ?<\/h4>\n<p>Les Pr\u00e9-rolls offrent aux consommateurs de cannabis m\u00e9dical un dosage pr\u00e9cis et coh\u00e9rent dans un format pratique. Ils n&rsquo;ont pas besoin d&rsquo;\u00eatre broy\u00e9s ou roul\u00e9s, ce qui les rend id\u00e9aux pour les patients ayant des probl\u00e8mes de mobilit\u00e9 ou pour ceux qui recherchent un soulagement rapide et fiable. <\/p>\n<h4>Exp\u00e9dition dans tout le Canada<\/h4>\n<p>Rainbow Twist - Biscotti Pr\u00e9-rolls est exp\u00e9di\u00e9 rapidement \u00e0 travers le Canada avec la livraison gratuite pour les commandes de plus de 150 $. Nous assurons un emballage discret et s\u00e9curis\u00e9 afin de pr\u00e9server l&rsquo;int\u00e9grit\u00e9 et la confidentialit\u00e9 du produit tout au long de la livraison. <\/p>\n<h4>Avantages et couverture pour les anciens combattants<\/h4>\n<p>Rainbow Twist - Biscotti Pr\u00e9-rolls sont admissibles \u00e0 la couverture d&rsquo;ACC (Anciens Combattants Canada) avec facturation directe par la Croix Bleue, ce qui signifie qu&rsquo;il n&rsquo;y a pas de frais \u00e0 d\u00e9bourser pour les anciens combattants admissibles. Si vous n&rsquo;avez pas encore de carte de cannabis m\u00e9dical, obtenez la v\u00f4tre gratuitement, rapidement et facilement sur <a href=\"https:\/\/mendomedical.ca\/fr\/carte-medicale\/\">https:\/\/mendomedical.ca\/medical-card\/.<\/a> <\/p>\n<\/div>\n","protected":false},"featured_media":225479,"comment_status":"closed","ping_status":"closed","template":"","meta":{"_acf_changed":false,"site-sidebar-layout":"default","site-content-layout":"","ast-site-content-layout":"default","site-content-style":"default","site-sidebar-style":"default","ast-global-header-display":"","ast-banner-title-visibility":"","ast-main-header-display":"","ast-hfb-above-header-display":"","ast-hfb-below-header-display":"","ast-hfb-mobile-header-display":"","site-post-title":"","ast-breadcrumbs-content":"","ast-featured-img":"","footer-sml-layout":"","ast-disable-related-posts":"","theme-transparent-header-meta":"default","adv-header-id-meta":"","stick-header-meta":"","header-above-stick-meta":"","header-main-stick-meta":"","header-below-stick-meta":"","astra-migrate-meta-layouts":"set","ast-page-background-enabled":"default","ast-page-background-meta":{"desktop":{"background-color":"var(--ast-global-color-4)","background-image":"","background-repeat":"repeat","background-position":"center center","background-size":"auto","background-attachment":"scroll","background-type":"","background-media":"","overlay-type":"","overlay-color":"","overlay-opacity":"","overlay-gradient":""},"tablet":{"background-color":"","background-image":"","background-repeat":"repeat","background-position":"center center","background-size":"auto","background-attachment":"scroll","background-type":"","background-media":"","overlay-type":"","overlay-color":"","overlay-opacity":"","overlay-gradient":""},"mobile":{"background-color":"","background-image":"","background-repeat":"repeat","background-position":"center center","background-size":"auto","background-attachment":"scroll","background-type":"","background-media":"","overlay-type":"","overlay-color":"","overlay-opacity":"","overlay-gradient":""}},"ast-content-background-meta":{"desktop":{"background-color":"var(--ast-global-color-5)","background-image":"","background-repeat":"repeat","background-position":"center center","background-size":"auto","background-attachment":"scroll","background-type":"","background-media":"","overlay-type":"","overlay-color":"","overlay-opacity":"","overlay-gradient":""},"tablet":{"background-color":"var(--ast-global-color-5)","background-image":"","background-repeat":"repeat","background-position":"center center","background-size":"auto","background-attachment":"scroll","background-type":"","background-media":"","overlay-type":"","overlay-color":"","overlay-opacity":"","overlay-gradient":""},"mobile":{"background-color":"var(--ast-global-color-5)","background-image":"","background-repeat":"repeat","background-position":"center center","background-size":"auto","background-attachment":"scroll","background-type":"","background-media":"","overlay-type":"","overlay-color":"","overlay-opacity":"","overlay-gradient":""}}},"product_brand":[],"product_cat":[4803,1144],"product_tag":[],"product_format_filter":[6374],"class_list":{"0":"post-222455","1":"product","2":"type-product","3":"status-publish","4":"has-post-thumbnail","6":"product_cat-pre-rolls-non-infuses","7":"product_cat-pre-roules","8":"pa_format-0-5g-x-14-fr","9":"pa_intensity-thc-eleve","10":"pa_marques-twist-cannabis-fr","11":"pa_origin-alberta-fr","12":"pa_prix-par-gramme-8-57-fr-2","13":"pa_thc-28-5-fr","14":"pa_type-de-plante-indica-fr","15":"product_format_filter-0-5g","16":"desktop-align-left","17":"tablet-align-left","18":"mobile-align-left","20":"first","21":"outofstock","22":"taxable","23":"shipping-taxable","24":"purchasable","25":"product-type-simple"},"group_of_quantity":0,"min_quantity":0,"max_quantity":"","exclude_order_quantity_value_rules":"no","exclude_category_quantity_rules":"no","combine_variations":"no","acf":[],"_links":{"self":[{"href":"https:\/\/mendomedical.ca\/fr\/wp-json\/wp\/v2\/product\/222455","targetHints":{"allow":["GET"]}}],"collection":[{"href":"https:\/\/mendomedical.ca\/fr\/wp-json\/wp\/v2\/product"}],"about":[{"href":"https:\/\/mendomedical.ca\/fr\/wp-json\/wp\/v2\/types\/product"}],"replies":[{"embeddable":true,"href":"https:\/\/mendomedical.ca\/fr\/wp-json\/wp\/v2\/comments?post=222455"}],"wp:featuredmedia":[{"embeddable":true,"href":"https:\/\/mendomedical.ca\/fr\/wp-json\/wp\/v2\/media\/225479"}],"wp:attachment":[{"href":"https:\/\/mendomedical.ca\/fr\/wp-json\/wp\/v2\/media?parent=222455"}],"wp:term":[{"taxonomy":"product_brand","embeddable":true,"href":"https:\/\/mendomedical.ca\/fr\/wp-json\/wp\/v2\/product_brand?post=222455"},{"taxonomy":"product_cat","embeddable":true,"href":"https:\/\/mendomedical.ca\/fr\/wp-json\/wp\/v2\/product_cat?post=222455"},{"taxonomy":"product_tag","embeddable":true,"href":"https:\/\/mendomedical.ca\/fr\/wp-json\/wp\/v2\/product_tag?post=222455"},{"taxonomy":"product_format_filter","embeddable":true,"href":"https:\/\/mendomedical.ca\/fr\/wp-json\/wp\/v2\/product_format_filter?post=222455"}],"curies":[{"name":"wp","href":"https:\/\/api.w.org\/{rel}","templated":true}]}}