{"id":221517,"date":"2025-07-16T08:00:55","date_gmt":"2025-07-16T12:00:55","guid":{"rendered":"https:\/\/mendomedical.ca\/?post_type=product&#038;p=221517"},"modified":"2025-09-26T18:01:52","modified_gmt":"2025-09-26T22:01:52","slug":"menthe-a-leau-copy","status":"publish","type":"product","link":"https:\/\/mendomedical.ca\/fr\/produit\/menthe-a-leau-copy\/","title":{"rendered":"Watermelon Sugar"},"content":{"rendered":"","protected":false},"excerpt":{"rendered":"<div class=\"ExternalClassD7C16B3340814FB4891743AD3054845F\">\n<h3>Watermelon Sugar par Palm Gardens<\/h3>\n<h4>Total des terp\u00e8nes : 2.5%<\/h4>\n<p>D\u00e9couvrez l&rsquo;\u00e9quilibre parfait entre la relaxation et l&rsquo;euphorie avec Watermelon Sugar, un hybride exceptionnel \u00e0 dominance indica de Palm Gardens. Cette fleur de qualit\u00e9 sup\u00e9rieure combine les g\u00e9n\u00e9tiques bien-aim\u00e9es de Watermelon et de Tahoe OG pour vous offrir une exp\u00e9rience cannabique vraiment unique. Avec son impressionnant profil terp\u00e9nique total de 2,5 % et sa teneur en cannabino\u00efdes soigneusement cultiv\u00e9e, Watermelon Sugar offre aux patients de cannabis m\u00e9dical une option fiable pour la gestion du stress et le soutien de l&rsquo;humeur.  <\/p>\n<h3>Caract\u00e9ristiques principales<\/h3>\n<ul>\n<li>Hybride \u00e0 dominance indica avec lign\u00e9e Watermelon x Tahoe OG<\/li>\n<li>2,5 % de terp\u00e8nes totaux, dont l&rsquo;alpha-pin\u00e8ne, le terpinol\u00e8ne et le limon\u00e8ne<\/li>\n<li>Effets euphorisants, calmes et profond\u00e9ment relaxants<\/li>\n<li>Saveurs sucr\u00e9es de past\u00e8que compl\u00e9t\u00e9es par des notes rafra\u00eechissantes de menthe.<\/li>\n<li>Id\u00e9al pour le soir et pour soulager le stress<\/li>\n<\/ul>\n<h3>Profil aromatique et analyse des terp\u00e8nes<\/h3>\n<p>La Watermelon Sugar offre une exp\u00e9rience sensorielle d\u00e9licieuse avec ses saveurs sucr\u00e9es et fruit\u00e9es de past\u00e8que, rehauss\u00e9es par des nuances subtiles de menthe. Le profil terp\u00e9nique robuste de cette vari\u00e9t\u00e9 comprend de l&rsquo;alpha-pin\u00e8ne pour la vigilance et le soutien respiratoire, du terpinol\u00e8ne contribuant \u00e0 ses propri\u00e9t\u00e9s s\u00e9datives et du limon\u00e8ne pour l&rsquo;am\u00e9lioration de l&rsquo;humeur. Cette combinaison unique cr\u00e9e un ar\u00f4me bien \u00e9quilibr\u00e9 qui est \u00e0 la fois invitant et th\u00e9rapeutique, faisant de chaque session une exp\u00e9rience agr\u00e9able pour les utilisateurs m\u00e9dicaux.  <\/p>\n<h3>Pourquoi choisir la fleur enti\u00e8re<\/h3>\n<p>Les produits sous forme de fleurs enti\u00e8res comme Watermelon Sugar offrent aux patients du cannabis m\u00e9dical le spectre complet des cannabino\u00efdes et des terp\u00e8nes \u00e0 l&rsquo;\u00e9tat naturel. Ce format permet un contr\u00f4le pr\u00e9cis du dosage et des m\u00e9thodes de consommation polyvalentes, que vous pr\u00e9f\u00e9riez vaporiser, rouler ou utiliser une pipe. <\/p>\n<h3>Exp\u00e9dition dans tout le Canada<\/h3>\n<p>Sucre de melon d&rsquo;eau est exp\u00e9di\u00e9 rapidement \u00e0 travers le Canada gr\u00e2ce \u00e0 notre r\u00e9seau de livraison fiable. Profitez de la livraison gratuite pour toutes les commandes de plus de 150 $. Nous assurons un emballage discret et un traitement rapide pour que votre cannabis m\u00e9dical soit livr\u00e9 en toute s\u00e9curit\u00e9 \u00e0 votre porte.  <\/p>\n<h3>Avantages et couverture pour les anciens combattants<\/h3>\n<p>Watermelon Sugar est admissible \u00e0 la couverture d&rsquo;Anciens Combattants Canada (ACC) et \u00e0 la facturation directe par l&rsquo;entremise de la Croix Bleue, ce qui fait en sorte que les anciens combattants admissibles n&rsquo;ont pas \u00e0 d\u00e9bourser d&rsquo;argent. Si vous n&rsquo;avez pas encore obtenu votre carte de cannabis m\u00e9dical, vous pouvez <a href=\"https:\/\/mendomedical.ca\/fr\/carte-medicale\/\">obtenir votre carte m\u00e9dicale gratuite rapidement et facilement<\/a> gr\u00e2ce \u00e0 notre processus de demande simplifi\u00e9. <\/p>\n<\/div>\n","protected":false},"featured_media":225378,"comment_status":"closed","ping_status":"closed","template":"","meta":{"_acf_changed":false,"site-sidebar-layout":"default","site-content-layout":"","ast-site-content-layout":"default","site-content-style":"default","site-sidebar-style":"default","ast-global-header-display":"","ast-banner-title-visibility":"","ast-main-header-display":"","ast-hfb-above-header-display":"","ast-hfb-below-header-display":"","ast-hfb-mobile-header-display":"","site-post-title":"","ast-breadcrumbs-content":"","ast-featured-img":"","footer-sml-layout":"","ast-disable-related-posts":"","theme-transparent-header-meta":"default","adv-header-id-meta":"","stick-header-meta":"","header-above-stick-meta":"","header-main-stick-meta":"","header-below-stick-meta":"","astra-migrate-meta-layouts":"set","ast-page-background-enabled":"default","ast-page-background-meta":{"desktop":{"background-color":"var(--ast-global-color-4)","background-image":"","background-repeat":"repeat","background-position":"center center","background-size":"auto","background-attachment":"scroll","background-type":"","background-media":"","overlay-type":"","overlay-color":"","overlay-opacity":"","overlay-gradient":""},"tablet":{"background-color":"","background-image":"","background-repeat":"repeat","background-position":"center center","background-size":"auto","background-attachment":"scroll","background-type":"","background-media":"","overlay-type":"","overlay-color":"","overlay-opacity":"","overlay-gradient":""},"mobile":{"background-color":"","background-image":"","background-repeat":"repeat","background-position":"center center","background-size":"auto","background-attachment":"scroll","background-type":"","background-media":"","overlay-type":"","overlay-color":"","overlay-opacity":"","overlay-gradient":""}},"ast-content-background-meta":{"desktop":{"background-color":"var(--ast-global-color-5)","background-image":"","background-repeat":"repeat","background-position":"center center","background-size":"auto","background-attachment":"scroll","background-type":"","background-media":"","overlay-type":"","overlay-color":"","overlay-opacity":"","overlay-gradient":""},"tablet":{"background-color":"var(--ast-global-color-5)","background-image":"","background-repeat":"repeat","background-position":"center center","background-size":"auto","background-attachment":"scroll","background-type":"","background-media":"","overlay-type":"","overlay-color":"","overlay-opacity":"","overlay-gradient":""},"mobile":{"background-color":"var(--ast-global-color-5)","background-image":"","background-repeat":"repeat","background-position":"center center","background-size":"auto","background-attachment":"scroll","background-type":"","background-media":"","overlay-type":"","overlay-color":"","overlay-opacity":"","overlay-gradient":""}}},"product_brand":[],"product_cat":[1137],"product_tag":[],"product_format_filter":[6373],"class_list":{"0":"post-221517","1":"product","2":"type-product","3":"status-publish","4":"has-post-thumbnail","6":"product_cat-fleur","7":"pa_flavours-fruite","8":"pa_flavours-watermelon-fr","9":"pa_flavours-doux","10":"pa_intensity-thc-eleve","11":"pa_marques-palm-gardens-fr","12":"pa_origin-alberta-fr","13":"pa_packaging-date-08-06-2025-fr","14":"pa_prix-par-gramme-8-57-fr-2","15":"pa_profil-terpene-caryophyllene","16":"pa_profil-terpene-humulene-fr","17":"pa_profil-terpene-limonene-fr","18":"pa_profil-terpene-myrcene","19":"pa_profil-terpene-ocimene-fr","20":"pa_profil-terpene-selinadiene-fr","21":"pa_profil-terpene-terpinolene-fr","22":"pa_type-de-plante-indica-fr","23":"product_format_filter-7g","24":"desktop-align-left","25":"tablet-align-left","26":"mobile-align-left","28":"first","29":"outofstock","30":"taxable","31":"shipping-taxable","32":"purchasable","33":"product-type-simple"},"group_of_quantity":0,"min_quantity":0,"max_quantity":"","exclude_order_quantity_value_rules":"no","exclude_category_quantity_rules":"no","combine_variations":"no","acf":[],"_links":{"self":[{"href":"https:\/\/mendomedical.ca\/fr\/wp-json\/wp\/v2\/product\/221517","targetHints":{"allow":["GET"]}}],"collection":[{"href":"https:\/\/mendomedical.ca\/fr\/wp-json\/wp\/v2\/product"}],"about":[{"href":"https:\/\/mendomedical.ca\/fr\/wp-json\/wp\/v2\/types\/product"}],"replies":[{"embeddable":true,"href":"https:\/\/mendomedical.ca\/fr\/wp-json\/wp\/v2\/comments?post=221517"}],"wp:featuredmedia":[{"embeddable":true,"href":"https:\/\/mendomedical.ca\/fr\/wp-json\/wp\/v2\/media\/225378"}],"wp:attachment":[{"href":"https:\/\/mendomedical.ca\/fr\/wp-json\/wp\/v2\/media?parent=221517"}],"wp:term":[{"taxonomy":"product_brand","embeddable":true,"href":"https:\/\/mendomedical.ca\/fr\/wp-json\/wp\/v2\/product_brand?post=221517"},{"taxonomy":"product_cat","embeddable":true,"href":"https:\/\/mendomedical.ca\/fr\/wp-json\/wp\/v2\/product_cat?post=221517"},{"taxonomy":"product_tag","embeddable":true,"href":"https:\/\/mendomedical.ca\/fr\/wp-json\/wp\/v2\/product_tag?post=221517"},{"taxonomy":"product_format_filter","embeddable":true,"href":"https:\/\/mendomedical.ca\/fr\/wp-json\/wp\/v2\/product_format_filter?post=221517"}],"curies":[{"name":"wp","href":"https:\/\/api.w.org\/{rel}","templated":true}]}}